{"id":9748,"date":"2026-03-25T02:54:13","date_gmt":"2026-03-25T02:54:13","guid":{"rendered":"https:\/\/stage.jrfer.com\/product\/happ-bar-gr100k-pro-100-000-puffar-56ml-mesh-coil-15-smaker-bulk-engangsvape\/"},"modified":"2026-04-07T10:46:46","modified_gmt":"2026-04-07T10:46:46","slug":"happ-bar-gr100k-pro-100000-puffs-56ml-mesh-coil-15-flavors-bulk-disposable-vape","status":"publish","type":"product","link":"https:\/\/ricovape.com\/sv\/produkt\/happ-bar-gr100k-pro-100000-puffs-56ml-mesh-coil-15-flavors-bulk-disposable-vape\/","title":{"rendered":"Happ Bar GR100K Pro | 100 000 puffar, 56ml, mesh coil, 15 smaker, bulk eng\u00e5ngsvape"},"content":{"rendered":"<h2>M\u00f6t Happ Bar GR100K Pro \ud83d\udd25<\/h2>\n<p>Letar du efter en eng\u00e5ngsvape som bara forts\u00e4tter? <strong>Happ Bar GR100K Pro<\/strong> ger upp till <strong>100 000 bloss<\/strong> med en enorm kapacitet f\u00f6r <strong>56 ml<\/strong> e-v\u00e4tska, allt f\u00f6rpackat i en elegant, i\u00f6gonfallande design. Det \u00e4r den senaste och mest kraftfulla enheten i Happ Bar GR-serien \u2013 byggd f\u00f6r vapers som inte vill forts\u00e4tta byta ut sin enhet, och ett smart till\u00e4gg f\u00f6r butiker och grossistk\u00f6pare som letar efter en produkt med h\u00f6g efterfr\u00e5gan.<\/p>\n<h2>Varf\u00f6r v\u00e4lja Happ Bar GR100K Pro? \u2705<\/h2>\n<ul>\n<li><strong>Upp till 100 000 bloss<\/strong> f\u00f6r ultral\u00e5ngvarig vaping \u2013 f\u00e4rre utbyten, mer njutning \ud83d\udd25<\/li>\n<li><strong>56 ml e-v\u00e4tskekapacitet<\/strong> s\u00e5 att du kan vape i veckor utan att ta slut<\/li>\n<li><strong>1,0\u03a9 mesh spole<\/strong> f\u00f6r j\u00e4mn, konsekvent och smakrik \u00e5nga varje g\u00e5ng \u2601\ufe0f<\/li>\n<li><strong>650mAh uppladdningsbart batteri<\/strong> med Type-C-laddning f\u00f6r snabb uppstart \u26a1<\/li>\n<li><strong>15 l\u00e4ckra smaker<\/strong> allt fr\u00e5n fruktiga till isiga till klassiska blandningar \ud83c\udf53<\/li>\n<li><strong>Nikotinalternativ: 2 % och 5 %<\/strong> f\u00f6r att passa olika marknader och preferenser<\/li>\n<li><strong>Ikonisk design i GR-serien<\/strong>\u2014uppgraderad fr\u00e5n de popul\u00e4ra modellerna GR30K och GR50K<\/li>\n<li><strong>Utm\u00e4rkt f\u00f6r butiker och grossister<\/strong>\u2014h\u00f6g efterfr\u00e5gan 100K puff kategori som r\u00f6r sig snabbt \ud83d\udce6<\/li>\n<\/ul>\n<h2>Happ Bar GR100K Pro-specifikationer \ud83d\udccc<\/h2>\n<tbody>\n<tr>\n<td><strong>Produktnamn<\/strong><\/td>\n<td>Happ Bar GR100K Pro Disposable Vape<\/td>\n<\/tr>\n<tr>\n<td><strong>Max Puffs<\/strong><\/td>\n<td>Upp till 100 000 bloss<\/td>\n<\/tr>\n<tr>\n<td><strong>E-v\u00e4tskekapacitet<\/strong><\/td>\n<td>56 ml<\/td>\n<\/tr>\n<tr>\n<td><strong>Spole<\/strong><\/td>\n<td>Mesh Coil 1.0\u03a9<\/td>\n<\/tr>\n<tr>\n<td><strong>Nikotinstyrka<\/strong><\/td>\n<td>2 % \/ 5 %<\/td>\n<\/tr>\n<tr>\n<td><strong>Batteri<\/strong><\/td>\n<td>650mAh<\/td>\n<\/tr>\n<tr>\n<td><strong>Laddning<\/strong><\/td>\n<td>Uppladdningsbar USB Type-C<\/td>\n<\/tr>\n<\/tbody>\n<\/table>\n<h2>Happ Bar GR100K Pro Flavor List \ud83c\udf53\ud83c\udf49\ud83e\uddca<\/h2>\n<p>GR100K Pro kommer i <strong>15 fantastiska smaker<\/strong>\u2014fr\u00e5n uppfriskande isiga frukter till s\u00f6ta godisinspirerade blandningar. Det finns n\u00e5got f\u00f6r alla smaker!<\/p>\n<ul>\n<li><strong>Kokos-Melon Is<\/strong> \u2014 kr\u00e4mig kokosn\u00f6t m\u00f6ter s\u00f6t melon med en cool finish \ud83e\udd65\ud83c\udf48<\/li>\n<li><strong>Rosa lemonad<\/strong> \u2014 s\u00f6t och syrlig rosa lemonad, ljus och uppfriskande \ud83c\udf4b\ud83d\udc97<\/li>\n<li><strong>Citronhagel<\/strong> \u2014 saftig citron med en isig k\u00e4nsla \ud83c\udf4b\ud83e\uddca<\/li>\n<li><strong>San Francisco<\/strong> \u2014 en unik blandning av apelsin, citron och persika \ud83c\udf4a\ud83c\udf51<\/li>\n<li><strong>Tropisk fruktis<\/strong> \u2014 exotiska tropiska frukter med en kylig kick \ud83c\udf34\u2744\ufe0f<\/li>\n<li><strong>Bl\u00e5 berg<\/strong> \u2014 cool mynta blandad med r\u00f6da b\u00e4r \ud83e\uded0\ud83e\uddca<\/li>\n<li><strong>K\u00e4rlek 66<\/strong> \u2014 en s\u00f6t, mystisk godisinspirerad smak \ud83d\udc9c<\/li>\n<li><strong>Jordgubbskiwi<\/strong> \u2014 klassisk jordgubbs- och kiwikombination, fr\u00e4sch och fruktig \ud83c\udf53\ud83e\udd5d<\/li>\n<li><strong>Vattenmelon is<\/strong> \u2014 saftig vattenmelon med en frostig finish \ud83c\udf49\u2744\ufe0f<\/li>\n<li><strong>Svart Drake Jordgubbe Is<\/strong> \u2014 dj\u00e4rv drakfrukt m\u00f6ter s\u00f6t jordgubb med is \ud83d\udc09\ud83c\udf53<\/li>\n<li><strong>Jordgubbsvattenmelon<\/strong> \u2014 s\u00f6t jordgubbs- och vattenmelonduo \ud83c\udf53\ud83c\udf49<\/li>\n<li><strong>Herr Bl\u00e5<\/strong> \u2013 en cool, bl\u00e5 hallonklassiker \ud83d\udc99<\/li>\n<li><strong>Persika Hagel<\/strong> \u2014 mogen persika med en isig storm \ud83c\udf51\ud83e\uddca<\/li>\n<li><strong>Sommardr\u00f6m<\/strong> \u2014 en sl\u00e4t, fruktig sommarblandning \ud83c\udf1e<\/li>\n<li><strong>Bl\u00e5 jordgubbis<\/strong> \u2014 bl\u00e5b\u00e4r och jordgubb med en cool twist \ud83e\uded0\ud83c\udf53\u2744\ufe0f<\/li>\n<\/ul>\n<h2>Gjord f\u00f6r detaljhandel + framg\u00e5ng i grossistledet \ud83c\udfea\ud83d\udce6<\/h2>\n<p><strong>Happ Bar GR100K Pro<\/strong> passar perfekt f\u00f6r <strong>tunga vapers<\/strong> som vill ha en enhet som h\u00e5ller, <strong>smak\u00e4lskare<\/strong> som gillar variation med 15 alternativ och <strong>vapebutiker<\/strong> som letar efter premiumhyllor med den ikoniska GR-seriens design. F\u00f6r <strong>distribut\u00f6rer och grossister<\/strong> \u00e4r kategorin 100K-puffar ett av de snabbast v\u00e4xande segmenten \u2013 den h\u00e4r enheten kontrollerar alla rutorna med sitt h\u00f6ga blossantal, gener\u00f6sa e-v\u00e4tskekapacitet och breda smaksortiment.<\/p>\n<h2>Happ Bar GR100K Pro FAQ \u2753<\/h2>\n<h3>Hur m\u00e5nga bloss ger Happ Bar GR100K Pro?<\/h3>\n<p>Den ger upp till <strong>100 000 puffar<\/strong>, vilket g\u00f6r den till en av de mest h\u00e5llbara eng\u00e5ngsvapen som finns tillg\u00e4ngliga. \ud83d\udd25<\/p>\n<h3>\u00c4r Happ Bar GR100K Pro uppladdningsbar?<\/h3>\n<p>Ja! Den har ett <strong>650mAh<\/strong>-batteri med <strong>USB Type-C<\/strong>-laddning f\u00f6r snabb och enkel laddning. \u26a1<\/p>\n<h3>Vilka nikotinstyrkor finns tillg\u00e4ngliga?<\/h3>\n<p>Det finns i <strong>2 %<\/strong> och <strong>5 %<\/strong> nikotinstyrkor f\u00f6r att passa olika preferenser och marknadsregleringar.<\/p>\n<h3>Vilken spole anv\u00e4nder GR100K Pro?<\/h3>\n<p>Den anv\u00e4nder en <strong>1,0 \u03a9 mesh spole<\/strong> f\u00f6r smidig, konsekvent och smakrik \u00e5ngproduktion. \u2601\ufe0f<\/p>\n<h3>Hur mycket e-v\u00e4tska \u00e4r det inuti?<\/h3>\n<p>Den \u00e4r f\u00f6rfylld med <strong>56 ml<\/strong> premium e-v\u00e4tska f\u00f6r l\u00e4ngre vapingtid.<\/p>\n<h3>Hur m\u00e5nga smaker finns tillg\u00e4ngliga?<\/h3>\n<p>Det finns <strong>15 smaker<\/strong> att v\u00e4lja mellan, inklusive fruktiga, isiga, godis och tropiska alternativ. \ud83c\udf53<\/p>\n<h3>\u00c4r det bra f\u00f6r vapebutiker och grossistbest\u00e4llningar?<\/h3>\n<p>Absolut. 100K-puffkategorin \u00e4r enormt popul\u00e4r, och GR-serien har ett starkt varum\u00e4rkesk\u00e4nnedom \u2013 vilket g\u00f6r den till ett utm\u00e4rkt val f\u00f6r <strong>detaljhandelshyllor<\/strong> och <strong>bulkdistribution<\/strong>. \ud83d\udce6<\/p>\n","protected":false},"excerpt":{"rendered":"<p>Happ Bar GR100K Pro eng\u00e5ngsvape med 100 000 bloss, 56 ml e-v\u00e4tska, mesh-spole och Type-C-laddning. 15 dj\u00e4rva smaker att v\u00e4lja mellan \u2013 perfekt f\u00f6r detalj- och grossistk\u00f6pare. \u2728<\/p>\n","protected":false},"featured_media":8493,"comment_status":"open","ping_status":"closed","template":"","meta":[],"product_brand":[],"product_cat":[784,1175,886,1212,1247,1986,2003,1932,932],"product_tag":[838,629,868,1645,1747,1774,1801,1829],"class_list":{"0":"post-9748","1":"product","2":"type-product","3":"status-publish","4":"has-post-thumbnail","6":"product_cat-100k-puffs-disposable-vape","7":"product_cat-basta-engangsvapor","8":"product_cat-big-puffs-vapes","9":"product_cat-billiga-uppladdningsbara-engangsvapes","10":"product_cat-engangsvapor-i-europa","11":"product_cat-finns-i-lager-engangsvapor-pa-eu-lager","12":"product_cat-happ-bar","13":"product_cat-ny","14":"product_cat-uppladdningsbara-vapes","15":"product_tag-100-000-puffar-vape-grossist","16":"product_tag-100-000-puffs-disposable-vape","17":"product_tag-100k-engangsvape","18":"product_tag-100k-puffar-vape","19":"product_tag-happ-bar","20":"product_tag-happ-bar-engangsvape","21":"product_tag-happ-bar-gr100k-pro","22":"product_tag-laddningsbar-100-000-puff-engangsvape","24":"first","25":"instock","26":"shipping-taxable","27":"purchasable","28":"product-type-variable","29":"has-default-attributes"},"jetpack_sharing_enabled":true,"tiered_pricing_type":"fixed","tiered_pricing_fixed_rules":{"100":7.38999999999999968025576890795491635799407958984375,"200":6.87000000000000010658141036401502788066864013671875,"400":6.61000000000000031974423109204508364200592041015625},"tiered_pricing_product_settings":{"layout":"default","base_unit_name":{"singular":null,"plural":null},"default_variation":null},"tiered_pricing_minimum_quantity":50,"tiered_pricing_roles_data":[],"tiered_pricing_percentage_rules":[],"tiered_pricing_maximum_quantity":null,"tiered_pricing_quantity_step":"10","_links":{"self":[{"href":"https:\/\/ricovape.com\/sv\/wp-json\/wp\/v2\/product\/9748","targetHints":{"allow":["GET"]}}],"collection":[{"href":"https:\/\/ricovape.com\/sv\/wp-json\/wp\/v2\/product"}],"about":[{"href":"https:\/\/ricovape.com\/sv\/wp-json\/wp\/v2\/types\/product"}],"replies":[{"embeddable":true,"href":"https:\/\/ricovape.com\/sv\/wp-json\/wp\/v2\/comments?post=9748"}],"wp:featuredmedia":[{"embeddable":true,"href":"https:\/\/ricovape.com\/sv\/wp-json\/wp\/v2\/media\/8493"}],"wp:attachment":[{"href":"https:\/\/ricovape.com\/sv\/wp-json\/wp\/v2\/media?parent=9748"}],"wp:term":[{"taxonomy":"product_brand","embeddable":true,"href":"https:\/\/ricovape.com\/sv\/wp-json\/wp\/v2\/product_brand?post=9748"},{"taxonomy":"product_cat","embeddable":true,"href":"https:\/\/ricovape.com\/sv\/wp-json\/wp\/v2\/product_cat?post=9748"},{"taxonomy":"product_tag","embeddable":true,"href":"https:\/\/ricovape.com\/sv\/wp-json\/wp\/v2\/product_tag?post=9748"}],"curies":[{"name":"wp","href":"https:\/\/api.w.org\/{rel}","templated":true}]}}