{"id":6520,"date":"2025-11-03T07:33:55","date_gmt":"2025-11-03T07:33:55","guid":{"rendered":"https:\/\/ricovape.com\/?post_type=product&#038;p=6520"},"modified":"2025-11-11T05:04:40","modified_gmt":"2025-11-11T05:04:40","slug":"jnr-rage-gorilla-55k-dual-mesh-55000-puffs-smart-disposable-vape","status":"publish","type":"product","link":"https:\/\/ricovape.com\/sv\/product\/jnr-rage-gorilla-55k-dual-mesh-55000-puffs-smart-disposable-vape\/","title":{"rendered":"JNR Rage Gorilla 55K | dual mesh 55000 puffar smart eng\u00e5ngs vape"},"content":{"rendered":"<h2>JNR Rage Gorilla 55K | dubbel mesh 55000 puffar smart sk\u00e4rm eng\u00e5ngsvape<\/h2>\n<h3>Varf\u00f6r v\u00e4lja JNR Rage Gorilla 55K?<\/h3>\n<ul>\n<li>\ud83d\udcaa <strong>Massiva 55 000 bloss<\/strong> \u2013 Tillverkad f\u00f6r uth\u00e5llighet och j\u00e4mn smak \u00e4nda till sista blosset.<\/li>\n<li>\u26a1 <strong>Spole med dubbla n\u00e4t<\/strong> \u2013 Njut av rikare smak, mjukare \u00e5nga och snabbare uppv\u00e4rmning.<\/li>\n<li>\ud83d\udd0b <strong>Uppladdningsbart batteri p\u00e5 950 mAh<\/strong> \u2013 Forts\u00e4tt vapea l\u00e4ngre med snabb laddning via Type-C.<\/li>\n<li>\ud83d\udcf1 <strong>Smart LED-sk\u00e4rm<\/strong> \u2013 Realtidsvisning av antal bloss och batteriniv\u00e5.<\/li>\n<li>\ud83c\udf08 <strong>Brett utbud av smaker<\/strong> \u2013 20 l\u00e4ckra alternativ fr\u00e5n fruktiga till isiga blandningar.<\/li>\n<li>\ud83d\udca7 <strong>Enorm kapacitet p\u00e5 42 ml e-v\u00e4tska<\/strong> \u2013 Ingen p\u00e5fyllning beh\u00f6vs, bara ren tillfredsst\u00e4llelse.<\/li>\n<li>\ud83d\udcbc Perfekt f\u00f6r <strong>grossistdistribution, vape-butiker eller B2B-bulkbest\u00e4llningar<\/strong>.<\/li>\n<\/ul>\n<p><img data-recalc-dims=\"1\" decoding=\"async\" style=\"max-width: 100%; height: auto; display: block; margin: 0 auto;\" src=\"https:\/\/i0.wp.com\/ricovape.com\/wp-content\/uploads\/2025\/11\/JNR-RAGE-GORILLA-55000-Puffs-Dual-Mesh-Authentic-Disposable-Vape-Low-Nicotine-Bulk-Buy-Wholesale-10-scaled-1.webp?ssl=1\" alt=\"JNR Rage Gorilla 55K \" title=\"\"><\/p>\n<h3>Specifikationer<\/h3>\n<table border=\"1\" cellpadding=\"6\">\n<tbody>\n<tr>\n<td><strong>Ungef\u00e4rligt antal bloss<\/strong><\/td>\n<td>55,000<\/td>\n<\/tr>\n<tr>\n<td><strong>Kapacitet f\u00f6r e-v\u00e4tska<\/strong><\/td>\n<td>42 ml<\/td>\n<\/tr>\n<tr>\n<td><strong>Batteri<\/strong><\/td>\n<td>950 mAh (uppladdningsbar via typ C)<\/td>\n<\/tr>\n<tr>\n<td><strong>Spolsystem<\/strong><\/td>\n<td>Spole med dubbla n\u00e4t<\/td>\n<\/tr>\n<tr>\n<td><strong>Nikotinstyrka<\/strong><\/td>\n<td>0%, 2%, 5%<\/td>\n<\/tr>\n<tr>\n<td><strong>Sk\u00e4rmvisning<\/strong><\/td>\n<td>Smart LED (batteri och antal bloss)<\/td>\n<\/tr>\n<tr>\n<td><strong>Port f\u00f6r laddning<\/strong><\/td>\n<td>Typ-C snabbladdning<\/td>\n<\/tr>\n<\/tbody>\n<\/table>\n<h3>Tillg\u00e4ngliga smaker \ud83c\udf53\ud83c\udf4d\ud83c\udf49<\/h3>\n<p>Uppt\u00e4ck dj\u00e4rva och saftiga smaker f\u00f6r alla smaker:<\/p>\n<ul>\n<li><strong>Jordgubbsis<\/strong> \u2013 Klassisk b\u00e4rig s\u00f6tma med en frostig twist.<\/li>\n<li><strong>Cherry Cola<\/strong> \u2013 En sprudlande och syrlig colakick med en k\u00f6rsb\u00e4rssmak. \ud83e\udd64<\/li>\n<li><strong>Vattenmelon-is<\/strong> \u2013 Uppfriskande sommarvibbar med iskall svalka. \ud83c\udf49<\/li>\n<li><strong>Bl\u00e5 Razz K\u00f6rsb\u00e4r<\/strong> \u2013 S\u00f6t, syrlig och saftig explosion i varje bloss.<\/li>\n<li><strong>Jordgubb Kiwi<\/strong> \u2013 Tropisk fruktharmoni f\u00f6r mjuk tillfredsst\u00e4llelse. \ud83c\udf53\ud83e\udd5d<\/li>\n<li><strong>Saftiga persikor<\/strong> \u2013 Mogen, sammetslen persikosmak som dr\u00f6jer kvar. \ud83c\udf51<\/li>\n<li><strong>Bl\u00e5b\u00e4rsis<\/strong> \u2013 Kraftfull bl\u00e5b\u00e4rssmak balanserad av isig friskhet. \u2744\ufe0f<\/li>\n<li><strong>Blandade b\u00e4r<\/strong> \u2013 En s\u00f6t b\u00e4rblandning med syrliga undertoner.<\/li>\n<li><strong>Dubbla \u00e4pplen<\/strong> \u2013 Krispiga r\u00f6da och gr\u00f6na \u00e4pplen med s\u00f6ta toner. \ud83c\udf4f\ud83c\udf4e<\/li>\n<li><strong>K\u00f6rsb\u00e4rsb\u00e4r<\/strong> \u2013 Fruktig och s\u00f6t blandning av k\u00f6rsb\u00e4r och skogsb\u00e4r.<\/li>\n<li><strong>Bl\u00e5b\u00e4r Hallon K\u00f6rsb\u00e4r<\/strong> \u2013 Trippelb\u00e4rfusion f\u00f6r fans av djup smak.<\/li>\n<li><strong>Jordgubbs- och vattenmelonis<\/strong> \u2013 Saftig s\u00f6tma m\u00f6ter iskall uppfriskning. \u2744\ufe0f<\/li>\n<li><strong>Kiwi-vattenmelon-glass<\/strong> \u2013 Syrlig kiwi p\u00e5 en sval melonbas.<\/li>\n<li><strong>Bl\u00e5b\u00e4r Sura Hallon<\/strong> \u2013 Surhet m\u00f6ter s\u00f6tma i denna friska blandning.<\/li>\n<li><strong>White Peach Razz<\/strong> \u2013 Mjuk och kr\u00e4mig persika med en avslutning av hallon.<\/li>\n<li><strong>Mango Passionsfrukt<\/strong> \u2013 Exotisk tropisk explosion med en syrlig twist. \ud83e\udd6d<\/li>\n<li><strong>Persika Mango Vattenmelon<\/strong> \u2013 Flerlagrad fruktig njutning i varje bloss.<\/li>\n<li><strong>Vattenmelon Bubblegum<\/strong> \u2013 Rolig, s\u00f6t och nostalgisk smak. \ud83c\udf6c<\/li>\n<li><strong>Jordgubbar Bananer<\/strong> \u2013 Kr\u00e4mig banan m\u00f6ter s\u00f6t jordgubbe. \ud83c\udf53\ud83c\udf4c<\/li>\n<li><strong>Kiwi Passion Guava<\/strong> \u2013 Dj\u00e4rv, tropisk och livfull \u2013 en smakj\u00e4gares dr\u00f6m!<\/li>\n<\/ul>\n<h3>Perfekt f\u00f6r<\/h3>\n<p>Den <strong>JNR Rage Gorilla 55K<\/strong> \u00e4r perfekt f\u00f6r flitiga anv\u00e4ndare, smakj\u00e4gare och moln\u00e4lskare som vill ha l\u00e5ngvarig kraft och f\u00f6rstklassig smak. \ud83d\udca8 Vape-butiker och distribut\u00f6rer kommer att \u00e4lska dess p\u00e5litliga prestanda, l\u00e5nga livsl\u00e4ngd och fantastiska utbud av smaker \u2013 ett idealiskt val f\u00f6r <strong>grossistbest\u00e4llningar i bulk<\/strong>.<\/p>\n<h3>Vanliga fr\u00e5gor \ud83e\uddd0<\/h3>\n<ul>\n<li><strong>F: \u00c4r JNR Rage Gorilla uppladdningsbar?<\/strong><br \/>\nA: Ja! Den har ett 950 mAh-batteri med st\u00f6d f\u00f6r snabb laddning via Type-C.<\/li>\n<li><strong>F: Kan jag kontrollera antalet bloss och batteriniv\u00e5n?<\/strong><br \/>\nA: Absolut. Den smarta LED-sk\u00e4rmen visar information om puffar och batteri i realtid.<\/li>\n<li><strong>F: Hur m\u00e5nga smaker finns det?<\/strong><br \/>\nA: \u00d6ver 15 alternativ med b\u00e5de fruktiga och isiga blandningar f\u00f6r alla smaker.<\/li>\n<li><strong>F: Vem \u00e4r denna vape idealisk f\u00f6r?<\/strong><br \/>\nS: Perfekt f\u00f6r privat bruk, vape-butiker, distribut\u00f6rer och B2B-grossister.<\/li>\n<li><strong>F: \u00c4r nikotin valfritt?<\/strong><br \/>\nS: Ja, finns i nikotinstyrkorna 0%, 2% och 5%.<\/li>\n<\/ul>\n<p>\ud83d\ude80 F\u00e5 <strong>JNR Rage Gorilla 55000 puffar eng\u00e5ngsvape<\/strong> Idag kan du uppleva o\u00f6vertr\u00e4ffad kraft, smak och bekv\u00e4mlighet \u2013 perfekt f\u00f6r b\u00e5de moderna vapers och f\u00f6retagsk\u00f6pare!<\/p>","protected":false},"excerpt":{"rendered":"<p>\ud83d\udd25 Kraft m\u00f6ter smak! Den <strong>JNR Rage Gorilla 55000 puffar eng\u00e5ngsvape<\/strong> ger massiva moln, ultraj\u00e4mna dragningar och l\u00e5ngvarig prestanda - perfekt f\u00f6r b\u00e5de vape-\u00e4lskare och grossistk\u00f6pare. \ud83d\udca8<\/p>","protected":false},"featured_media":6550,"comment_status":"open","ping_status":"closed","template":"","meta":[],"product_brand":[100],"product_cat":[97,139,78,89],"product_tag":[153,154,130,155,156,157],"class_list":{"0":"post-6520","1":"product","2":"type-product","3":"status-publish","4":"has-post-thumbnail","6":"product_brand-jnr","7":"product_cat-60000-puffs-disposable-vape","8":"product_cat-cheap-rechargeable-disposable-vapes","9":"product_cat-dual-mesh-vapes","10":"product_cat-jnr","11":"product_tag-55000-puffs-disposable-vape","12":"product_tag-best-disposable-vapes","13":"product_tag-dual-mesh-coil-vape","14":"product_tag-jnr-rage-gorilla-55k","15":"product_tag-rechargeable-long-lasting-vape","16":"product_tag-smart-screen-vape-device","18":"first","19":"instock","20":"shipping-taxable","21":"purchasable","22":"product-type-variable","23":"has-default-attributes"},"jetpack_sharing_enabled":true,"tiered_pricing_type":"fixed","tiered_pricing_fixed_rules":{"30":9.6899999999999995026200849679298698902130126953125,"50":7.95999999999999996447286321199499070644378662109375,"100":7.3499999999999996447286321199499070644378662109375,"200":6.980000000000000426325641456060111522674560546875,"400":6.480000000000000426325641456060111522674560546875},"tiered_pricing_product_settings":{"layout":"default","base_unit_name":{"singular":null,"plural":null},"default_variation":null},"tiered_pricing_minimum_quantity":10,"tiered_pricing_roles_data":[],"tiered_pricing_percentage_rules":[],"tiered_pricing_maximum_quantity":null,"tiered_pricing_quantity_step":"10","_links":{"self":[{"href":"https:\/\/ricovape.com\/sv\/wp-json\/wp\/v2\/product\/6520","targetHints":{"allow":["GET"]}}],"collection":[{"href":"https:\/\/ricovape.com\/sv\/wp-json\/wp\/v2\/product"}],"about":[{"href":"https:\/\/ricovape.com\/sv\/wp-json\/wp\/v2\/types\/product"}],"replies":[{"embeddable":true,"href":"https:\/\/ricovape.com\/sv\/wp-json\/wp\/v2\/comments?post=6520"}],"wp:featuredmedia":[{"embeddable":true,"href":"https:\/\/ricovape.com\/sv\/wp-json\/wp\/v2\/media\/6550"}],"wp:attachment":[{"href":"https:\/\/ricovape.com\/sv\/wp-json\/wp\/v2\/media?parent=6520"}],"wp:term":[{"taxonomy":"product_brand","embeddable":true,"href":"https:\/\/ricovape.com\/sv\/wp-json\/wp\/v2\/product_brand?post=6520"},{"taxonomy":"product_cat","embeddable":true,"href":"https:\/\/ricovape.com\/sv\/wp-json\/wp\/v2\/product_cat?post=6520"},{"taxonomy":"product_tag","embeddable":true,"href":"https:\/\/ricovape.com\/sv\/wp-json\/wp\/v2\/product_tag?post=6520"}],"curies":[{"name":"wp","href":"https:\/\/api.w.org\/{rel}","templated":true}]}}