{"id":46777,"date":"2025-07-07T09:20:27","date_gmt":"2025-07-07T09:20:27","guid":{"rendered":"https:\/\/stage.jrfer.com\/product\/mrvi-25k-dual-coil-25000-puffar-30ml-bulk-engangsvape-for-partihandel\/"},"modified":"2026-04-07T13:25:43","modified_gmt":"2026-04-07T13:25:43","slug":"mrvi-25000-puffs","status":"publish","type":"product","link":"https:\/\/ricovape.com\/sv\/produkt\/mrvi-25000-puffs\/","title":{"rendered":"MRVI 25K Dual Coil 25000 Puffar | 30ml bulk eng\u00e5ngsvape f\u00f6r partihandel"},"content":{"rendered":"<h2>Varf\u00f6r v\u00e4lja MRVI 25000 Puffs?<\/h2>\n<ul>\n<li><strong>Ultra-h\u00f6gt bloss:<\/strong> Ger upp till 25 000 bloss f\u00f6r l\u00e5ngsiktig tillfredsst\u00e4llelse \ud83d\udd25<\/li>\n<li><strong>Massiv E-v\u00e4tsketank:<\/strong> 30 ml f\u00f6rfylld juice f\u00f6r f\u00e4rre p\u00e5fyllningar och f\u00f6rl\u00e4ngd vaping \ud83d\udca7<\/li>\n<li><strong>Dual Coil Flexibility:<\/strong> St\u00f6der b\u00e5de MTL (mun-till-lung) och DTL (direkt-till-lung) stilar \ud83c\udf2c\ufe0f<\/li>\n<li><strong>Uppladdningsbar str\u00f6m:<\/strong> 1 000 mAh batteri med snabb typ C-laddning \u26a1<\/li>\n<li><strong>Nikotinalternativ:<\/strong> V\u00e4lj mellan 2 % och 5 % styrka f\u00f6r att matcha dina \u00f6nskem\u00e5l \u2705<\/li>\n<li><strong>Rik smakutg\u00e5ng:<\/strong> Design med dubbla spole s\u00e4kerst\u00e4ller mjuka moln och dj\u00e4rv smak \ud83c\udf53\ud83c\udf4d<\/li>\n<li><strong>Grossistf\u00e4rdigt:<\/strong> Ett p\u00e5litligt val f\u00f6r B2B-k\u00f6pare och vapeshop-bulkbest\u00e4llningar \ud83d\udce6<\/li>\n<\/ul>\n<h3>Specifikationer<\/h3>\n<tbody>\n<tr>\n<td><strong>Puffkapacitet:<\/strong><\/td>\n<td>Upp till 25 000 bloss<\/td>\n<\/tr>\n<tr>\n<td><strong>E-v\u00e4tskekapacitet:<\/strong><\/td>\n<td>30 ml<\/td>\n<\/tr>\n<tr>\n<td><strong>Batteri:<\/strong><\/td>\n<td>1000mAh uppladdningsbar<\/td>\n<\/tr>\n<tr>\n<td><strong>Laddning:<\/strong><\/td>\n<td>Snabbladdning av typ C<\/td>\n<\/tr>\n<tr>\n<td><strong>Spoltyp:<\/strong><\/td>\n<td>Dubbel spole (MTL &amp; DTL)<\/td>\n<\/tr>\n<tr>\n<td><strong>Nikotinstyrkor:<\/strong><\/td>\n<td>2 % och 5 %<\/td>\n<\/tr>\n<\/tbody>\n<\/table>\n<h3>Smakval<\/h3>\n<p><strong>MRVI 25000<\/strong> finns i <strong>10 dj\u00e4rva smaker<\/strong>, tillverkade f\u00f6r att tillfredsst\u00e4lla alla vapers smakl\u00f6kar \ud83c\udf08:<\/p>\n<ul>\n<li><strong>Banan Ice:<\/strong> S\u00f6t mogen banan med en isig sval finish \ud83c\udf4c\u2744\ufe0f<\/li>\n<li><strong>Jordgubbsk\u00f6rsb\u00e4r:<\/strong> En perfekt blandning av saftiga jordgubbar och syrliga k\u00f6rsb\u00e4r \ud83c\udf53\ud83c\udf52<\/li>\n<li><strong>Persika Is:<\/strong> J\u00e4mn persikasmak med en frostig kick \ud83c\udf51\u2744\ufe0f<\/li>\n<li><strong>Tranb\u00e4rs\u00e4pple:<\/strong> Syrliga tranb\u00e4r balanserade med skarpa \u00e4pple \ud83c\udf4f\ud83c\udf47<\/li>\n<li><strong>Vattenmelon is:<\/strong> Uppfriskande vattenmelon med svalka mentol \ud83c\udf49\u2744\ufe0f<\/li>\n<li><strong>Ananasis:<\/strong> Tropisk ananas blandad med en isig finish \ud83c\udf4d\u2744\ufe0f<\/li>\n<li><strong>Apelsinjuice av passionsfrukt:<\/strong> Exotisk passionsfrukt blandad med citrusapelsinjuice \ud83e\udd6d\ud83c\udf4a<\/li>\n<li><strong>Blandade b\u00e4r:<\/strong> En s\u00f6t blandning av b\u00e4rsmaker i varje puff \ud83c\udf53\ud83e\uded0\ud83c\udf52<\/li>\n<li><strong>Bl\u00e5 Razz Is:<\/strong> Dj\u00e4rv bl\u00e5 hallonsmak med svalkande fr\u00e4sch\u00f6r \ud83e\uded0\u2744\ufe0f<\/li>\n<li><strong>Jordgubbe Milkshake:<\/strong> Kr\u00e4mig jordgubbsdessert f\u00f6r en sl\u00e4t, s\u00f6t vape \ud83c\udf53\ud83e\udd64<\/li>\n<\/ul>\n<h3>Perfekt f\u00f6r tunga anv\u00e4ndare och partihandel<\/h3>\n<p><strong>MRVI 25000<\/strong> \u00e4r designad f\u00f6r <strong>tunga vapers, smakentusiaster, vapebutiker och distribut\u00f6rer<\/strong>. Med sitt <strong>25 000 blossantal, 30 ml kapacitet och m\u00e5ngsidighet med dubbla spoler<\/strong>, \u00e4r det en eng\u00e5ngsvape av h\u00f6gsta klass som levererar konsekvent prestanda och stora vinster f\u00f6r \u00e5terf\u00f6rs\u00e4ljare \ud83d\udce6\ud83d\udca8.<\/p>\n<h3>Vanliga fr\u00e5gor<\/h3>\n<ul>\n<li><strong>Hur m\u00e5nga bloss per enhet?<\/strong><br \/>\nVarje MRVI ger upp till 25 000 bloss.<\/li>\n<li><strong>\u00c4r den uppladdningsbar?<\/strong><br \/>\nJa, med ett 1000mAh batteri och Type-C snabbladdning.<\/li>\n<li><strong>St\u00f6der den olika vapingstilar?<\/strong><br \/>\nJa, tack vare dess dubbla spoleupps\u00e4ttning f\u00f6r b\u00e5de MTL- och DTL-vaping.<\/li>\n<li><strong>Vilka nikotinalternativ finns tillg\u00e4ngliga?<\/strong><br \/>\nFinns i styrkorna 2 % (20 mg) och 5 % (50 mg).<\/li>\n<li><strong>Vem ska k\u00f6pa den h\u00e4r enheten?<\/strong><br \/>\nPerfekt f\u00f6r <strong>anv\u00e4ndare med l\u00e5nga sessioner, smakjagare, vapebutiker och grossistk\u00f6pare<\/strong>.<\/li>\n<\/ul>\n","protected":false},"excerpt":{"rendered":"<p><strong>MRVI 25000 Puffs<\/strong> \ud83d\udca8 \u00e4r en f\u00f6rstklassig eng\u00e5ngsvape med <strong>30 ml e-v\u00e4tska, dubbel spoleprestanda och upp till 25 000 bloss<\/strong>. Perfekt f\u00f6r vapebutiker, distribut\u00f6rer och tunga vapers som kr\u00e4ver h\u00e5llbarhet, rik smak och maximalt v\u00e4rde.<\/p>\n","protected":false},"featured_media":1398,"comment_status":"open","ping_status":"closed","template":"","meta":[],"product_brand":[],"product_cat":[554,886,1036,1110,1316,1247,1351,1533,1284,1564,1584,1697,1623,1660,1391,1429,1002,1728,410,1069,932,1460,1493,850],"product_tag":[],"class_list":{"0":"post-46777","1":"product","2":"type-product","3":"status-publish","4":"has-post-thumbnail","6":"product_cat-25-000-puffs-disposable-vape","7":"product_cat-big-puffs-vapes","8":"product_cat-digital-box-vapes","9":"product_cat-dual-mesh-vapes","10":"product_cat-engangsvapor-i-belgien","11":"product_cat-engangsvapor-i-europa","12":"product_cat-engangsvapor-i-frankrike","13":"product_cat-engangsvapor-i-norge","14":"product_cat-engangsvapor-i-osterrike","15":"product_cat-engangsvapor-i-polen","16":"product_cat-engangsvapor-i-portugal","17":"product_cat-engangsvapor-i-schweiz","18":"product_cat-engangsvapor-i-spanien","19":"product_cat-engangsvapor-i-sverige","20":"product_cat-engangsvapor-i-tyskland","21":"product_cat-engangsvapor-i-ungern","22":"product_cat-kristall-vapes","23":"product_cat-mrvi","24":"product_cat-olika-puffar-av-engangsvapor","25":"product_cat-smart-screen-vapes","26":"product_cat-uppladdningsbara-vapes","27":"product_cat-vapes-for-engangsbruk-i-italien","28":"product_cat-vapes-for-engangsbruk-i-nederlanderna","29":"product_cat-vapetyper-for-engangsbruk","31":"first","32":"instock","33":"shipping-taxable","34":"purchasable","35":"product-type-variable","36":"has-default-attributes"},"jetpack_sharing_enabled":true,"tiered_pricing_type":"fixed","tiered_pricing_fixed_rules":{"100":5.7400000000000002131628207280300557613372802734375,"200":5.12000000000000010658141036401502788066864013671875,"400":4.80999999999999960920149533194489777088165283203125},"tiered_pricing_product_settings":{"layout":"default","base_unit_name":{"singular":null,"plural":null},"default_variation":null},"tiered_pricing_minimum_quantity":50,"tiered_pricing_roles_data":[],"tiered_pricing_percentage_rules":[],"tiered_pricing_maximum_quantity":null,"tiered_pricing_quantity_step":"10","_links":{"self":[{"href":"https:\/\/ricovape.com\/sv\/wp-json\/wp\/v2\/product\/46777","targetHints":{"allow":["GET"]}}],"collection":[{"href":"https:\/\/ricovape.com\/sv\/wp-json\/wp\/v2\/product"}],"about":[{"href":"https:\/\/ricovape.com\/sv\/wp-json\/wp\/v2\/types\/product"}],"replies":[{"embeddable":true,"href":"https:\/\/ricovape.com\/sv\/wp-json\/wp\/v2\/comments?post=46777"}],"wp:featuredmedia":[{"embeddable":true,"href":"https:\/\/ricovape.com\/sv\/wp-json\/wp\/v2\/media\/1398"}],"wp:attachment":[{"href":"https:\/\/ricovape.com\/sv\/wp-json\/wp\/v2\/media?parent=46777"}],"wp:term":[{"taxonomy":"product_brand","embeddable":true,"href":"https:\/\/ricovape.com\/sv\/wp-json\/wp\/v2\/product_brand?post=46777"},{"taxonomy":"product_cat","embeddable":true,"href":"https:\/\/ricovape.com\/sv\/wp-json\/wp\/v2\/product_cat?post=46777"},{"taxonomy":"product_tag","embeddable":true,"href":"https:\/\/ricovape.com\/sv\/wp-json\/wp\/v2\/product_tag?post=46777"}],"curies":[{"name":"wp","href":"https:\/\/api.w.org\/{rel}","templated":true}]}}