{"id":44224,"date":"2025-07-07T09:20:50","date_gmt":"2025-07-07T09:20:50","guid":{"rendered":"https:\/\/stage.jrfer.com\/product\/fizzy-nova-20000-puffar-dual-mesh-spole-engangsvape-med-lcd-skarm\/"},"modified":"2026-04-07T13:17:43","modified_gmt":"2026-04-07T13:17:43","slug":"fizzy-nova-20000-puffs","status":"publish","type":"product","link":"https:\/\/ricovape.com\/sv\/produkt\/fizzy-nova-20000-puffs\/","title":{"rendered":"Fizzy Nova 20000 Puffar | dual mesh spole eng\u00e5ngsvape med lcd-sk\u00e4rm"},"content":{"rendered":"<h2>Varf\u00f6r v\u00e4lja Fizzy Nova 20000 Puffs?<\/h2>\n<ul>\n<li><strong>20 000 puffar:<\/strong> Ultral\u00e5ngvarig, designad f\u00f6r tunga vapers och bulkk\u00f6pare \ud83d\udd25<\/li>\n<li><strong>Dual Mesh Coil:<\/strong> Rik, len smak med varje bloss \ud83c\udf2c\ufe0f<\/li>\n<li><strong>Uppladdningsbart batteri:<\/strong> 850mAh str\u00f6m med Type-C snabbladdning \u26a1<\/li>\n<li><strong>Smart LCD-sk\u00e4rm:<\/strong> Kontrollera e-v\u00e4tska och batteriniv\u00e5er direkt \ud83d\udcca<\/li>\n<li><strong>Eko- och turbol\u00e4gen:<\/strong> V\u00e4xla mellan energibesparande eller intensiva smakf\u00f6rst\u00e4rkningar \ud83d\udd04<\/li>\n<li><strong>Nikotinalternativ:<\/strong> 2 % eller 5 % f\u00f6r att matcha olika preferenser \ud83d\udcaf<\/li>\n<li><strong>Premiummetalldesign:<\/strong> Snygg, h\u00e5llbar och snygg \u2728<\/li>\n<li><strong>Omfattande smakutbud:<\/strong> Fr\u00e5n fruktiga till brusiga blandningar \ud83c\udf53\ud83c\udf4b\ud83e\udd6d<\/li>\n<\/ul>\n<h3>Specifikationer<\/h3>\n<tbody>\n<tr>\n<td><strong>Puffkapacitet:<\/strong><\/td>\n<td>Upp till 20 000 bloss<\/td>\n<\/tr>\n<tr>\n<td><strong>Batteri:<\/strong><\/td>\n<td>850mAh uppladdningsbar, Type-C snabbladdning<\/td>\n<\/tr>\n<tr>\n<td><strong>Spoltyp:<\/strong><\/td>\n<td>Dual Mesh Coil<\/td>\n<\/tr>\n<tr>\n<td><strong>Visa:<\/strong><\/td>\n<td>LCD smart sk\u00e4rm (batteri + e-v\u00e4tskeniv\u00e5er)<\/td>\n<\/tr>\n<tr>\n<td><strong>Str\u00f6ml\u00e4gen:<\/strong><\/td>\n<td>Eco Mode &amp; Turbo Mode<\/td>\n<\/tr>\n<tr>\n<td><strong>Nikotinstyrkor:<\/strong><\/td>\n<td>2 % \/ 5 %<\/td>\n<\/tr>\n<tr>\n<td><strong>Bygg:<\/strong><\/td>\n<td>Premiummetallfinish, elegant design<\/td>\n<\/tr>\n<\/tbody>\n<\/table>\n<h3>Smakval<\/h3>\n<p><strong>Fizzy Nova 20000 Puffs<\/strong> finns i ett brett utbud av l\u00e4ckra, noggrant framst\u00e4llda smaker f\u00f6r att passa alla smaker \ud83c\udf1f:<\/p>\n<ul>\n<li><strong>Citronlime:<\/strong> Snygg citrusduo f\u00f6r uppfriskande vibbar \ud83c\udf4b<\/li>\n<li><strong>Kolsyrat K\u00f6rsb\u00e4r:<\/strong> S\u00f6t, syrlig och l\u00e4skinspirerad \ud83c\udf52\ud83e\udd64<\/li>\n<li><strong>Blandade b\u00e4r:<\/strong> Ett saftigt b\u00e4rmedley \ud83e\uded0\ud83c\udf53<\/li>\n<li><strong>Jordgubbskiwi:<\/strong> S\u00f6t m\u00f6ter t\u00e5rta i perfekt harmoni \ud83c\udf53\ud83e\udd5d<\/li>\n<li><strong>Vattenmelon:<\/strong> Klassisk, uppfriskande och saftig \ud83c\udf49<\/li>\n<li><strong>Rosa lemonad:<\/strong> S\u00f6t, syrlig och kolsyrad \ud83c\udf38\ud83c\udf4b<\/li>\n<li><strong>Jordgubbe:<\/strong> Enkelt, s\u00f6tt och tidl\u00f6st \ud83c\udf53<\/li>\n<li><strong>Perika:<\/strong> Sl\u00e4t, fyllig och fruktig \ud83c\udf51<\/li>\n<li><strong>Halloncitron:<\/strong> Syrlig, syrlig och perfekt balanserad \ud83c\udf4b\ud83c\udf47<\/li>\n<li><strong>Surt \u00e4pple:<\/strong> Skarpt, syrligt och energigivande \ud83c\udf4f<\/li>\n<li><strong>Ananas Persika Passionsfrukt:<\/strong> Exotisk tropisk trio \ud83c\udf4d\ud83c\udf51\ud83e\udd6d<\/li>\n<li><strong>Kiwi Passionsfrukt Guava:<\/strong> Livlig tropisk blandning \ud83e\udd5d\ud83c\udf48<\/li>\n<\/ul>\n<h3>Perfekt f\u00f6r grossist- och tunga vapers<\/h3>\n<p><strong>Fizzy Nova 20000 Puffs<\/strong> \u00e4r byggd f\u00f6r <strong>tunga anv\u00e4ndare, smak\u00e4lskare och vapebutiker<\/strong> som vill ha en p\u00e5litlig, l\u00e5ngvarig eng\u00e5ngsprodukt. Med <strong>premiumdesign, smart display och dj\u00e4rva smakalternativ<\/strong> \u00e4r det ett m\u00e5ste f\u00f6r \u00e5terf\u00f6rs\u00e4ljare och bulkdistribut\u00f6rer. \ud83d\udce6\ud83d\udd25<\/p>\n<h3>Vanliga fr\u00e5gor<\/h3>\n<ul>\n<li><strong>Hur m\u00e5nga bloss ger den?<\/strong><br \/>\nUpp till 20 000 bloss per enhet, beroende p\u00e5 anv\u00e4ndningss\u00e4tt.<\/li>\n<li><strong>\u00c4r den uppladdningsbar?<\/strong><br \/>\nJa, med ett kraftfullt 850mAh Type-C uppladdningsbart batteri.<\/li>\n<li><strong>Har den olika l\u00e4gen?<\/strong><br \/>\nJa, Eco Mode f\u00f6r l\u00e4ngre livsl\u00e4ngd och Turbo Mode f\u00f6r starkare slag.<\/li>\n<li><strong>Vilka nikotinniv\u00e5er finns tillg\u00e4ngliga?<\/strong><br \/>\nV\u00e4lj mellan 2 % eller 5 % nikotinstyrka.<\/li>\n<li><strong>\u00c4r den l\u00e4mplig f\u00f6r grossisthandel?<\/strong><br \/>\nAbsolut! Dess f\u00f6rstklassiga konstruktion och h\u00f6ga puff-antal g\u00f6r den idealisk f\u00f6r massbest\u00e4llningar och detaljhandel.<\/li>\n<\/ul>\n","protected":false},"excerpt":{"rendered":"<p><strong>Fizzy Nova 20000 Puffs<\/strong> \ud83d\udca8 levererar massiv puffkapacitet, dj\u00e4rva smaker och smart teknik \u2013 perfekt f\u00f6r vapedistribut\u00f6rer, grossister och tunga anv\u00e4ndare som s\u00f6ker f\u00f6rstklassiga eng\u00e5ngsvapes.<\/p>\n","protected":false},"featured_media":1533,"comment_status":"open","ping_status":"closed","template":"","meta":[],"product_brand":[],"product_cat":[528,1834],"product_tag":[],"class_list":{"0":"post-44224","1":"product","2":"type-product","3":"status-publish","4":"has-post-thumbnail","6":"product_cat-20000-puffs-disposable-vape","7":"product_cat-kolsyrat","9":"first","10":"instock","11":"shipping-taxable","12":"purchasable","13":"product-type-variable","14":"has-default-attributes"},"jetpack_sharing_enabled":true,"tiered_pricing_type":"fixed","tiered_pricing_fixed_rules":{"200":6.5999999999999996447286321199499070644378662109375,"500":5.9000000000000003552713678800500929355621337890625},"tiered_pricing_product_settings":{"layout":"default","base_unit_name":{"singular":null,"plural":null},"default_variation":null},"tiered_pricing_minimum_quantity":100,"tiered_pricing_roles_data":[],"tiered_pricing_percentage_rules":[],"tiered_pricing_maximum_quantity":null,"tiered_pricing_quantity_step":"10","_links":{"self":[{"href":"https:\/\/ricovape.com\/sv\/wp-json\/wp\/v2\/product\/44224","targetHints":{"allow":["GET"]}}],"collection":[{"href":"https:\/\/ricovape.com\/sv\/wp-json\/wp\/v2\/product"}],"about":[{"href":"https:\/\/ricovape.com\/sv\/wp-json\/wp\/v2\/types\/product"}],"replies":[{"embeddable":true,"href":"https:\/\/ricovape.com\/sv\/wp-json\/wp\/v2\/comments?post=44224"}],"wp:featuredmedia":[{"embeddable":true,"href":"https:\/\/ricovape.com\/sv\/wp-json\/wp\/v2\/media\/1533"}],"wp:attachment":[{"href":"https:\/\/ricovape.com\/sv\/wp-json\/wp\/v2\/media?parent=44224"}],"wp:term":[{"taxonomy":"product_brand","embeddable":true,"href":"https:\/\/ricovape.com\/sv\/wp-json\/wp\/v2\/product_brand?post=44224"},{"taxonomy":"product_cat","embeddable":true,"href":"https:\/\/ricovape.com\/sv\/wp-json\/wp\/v2\/product_cat?post=44224"},{"taxonomy":"product_tag","embeddable":true,"href":"https:\/\/ricovape.com\/sv\/wp-json\/wp\/v2\/product_tag?post=44224"}],"curies":[{"name":"wp","href":"https:\/\/api.w.org\/{rel}","templated":true}]}}