{"id":43070,"date":"2025-07-07T09:21:14","date_gmt":"2025-07-07T09:21:14","guid":{"rendered":"https:\/\/stage.jrfer.com\/product\/bang-e-shisha-head-42k-42000-puffar-guld-shisha-engangsvape-med-led-typ-c-laddning\/"},"modified":"2026-04-07T13:16:03","modified_gmt":"2026-04-07T13:16:03","slug":"bang-e-shisha-head-42000-puffs","status":"publish","type":"product","link":"https:\/\/ricovape.com\/sv\/produkt\/bang-e-shisha-head-42000-puffs\/","title":{"rendered":"Bang E-Shisha Head 42K | 42000 puffar guld shisha eng\u00e5ngsvape med led &amp; typ-c laddning"},"content":{"rendered":"<h2>Varf\u00f6r v\u00e4lja Bang E-Shisha Head 42K?<\/h2>\n<ul>\n<li><strong>Massiva 42 000 puffar:<\/strong> Ultral\u00e5ng livsl\u00e4ngd f\u00f6r maximalt v\u00e4rde \ud83d\udd25<\/li>\n<li><strong>Uppladdningsbart batteri:<\/strong> 1000mAh med Type-C snabbladdning \u26a1<\/li>\n<li><strong>Triple Mesh Coil:<\/strong> J\u00e4mn \u00e5nga, rik smak och konsekvent prestanda \ud83c\udf2c\ufe0f<\/li>\n<li><strong>Design med guldfinish:<\/strong> Snygg, elegant och f\u00f6rstklassig \u2728<\/li>\n<li><strong>LED-sk\u00e4rm:<\/strong> Puff- och batteri\u00f6vervakning i realtid \ud83d\udcca<\/li>\n<li><strong>Kompakt och b\u00e4rbar:<\/strong> L\u00e4tt att b\u00e4ra f\u00f6r resor eller dagligt bruk \ud83c\udf92<\/li>\n<li><strong>Big E-Liquid Tank:<\/strong> 30mL premiumjuice f\u00f6r l\u00e4ngre njutning \ud83c\udf79<\/li>\n<li><strong>Grossistv\u00e4nlig:<\/strong> Produkt med h\u00f6g efterfr\u00e5gan f\u00f6r vapebutiker och distribut\u00f6rer \ud83d\udce6<\/li>\n<\/ul>\n<h3>Specifikationer<\/h3>\n<tbody>\n<tr>\n<td><strong>Puff Count:<\/strong><\/td>\n<td>Upp till 42 000 bloss<\/td>\n<\/tr>\n<tr>\n<td><strong>Batteri:<\/strong><\/td>\n<td>1000mAh uppladdningsbar (Typ-C-laddning)<\/td>\n<\/tr>\n<tr>\n<td><strong>E-v\u00e4tskekapacitet:<\/strong><\/td>\n<td>30mL f\u00f6rfylld<\/td>\n<\/tr>\n<tr>\n<td><strong>Spoltyp:<\/strong><\/td>\n<td>Tridubbla avancerade mesh-spolar<\/td>\n<\/tr>\n<tr>\n<td><strong>Visa:<\/strong><\/td>\n<td>LED-sk\u00e4rm f\u00f6r puff och batteriniv\u00e5<\/td>\n<\/tr>\n<tr>\n<td><strong>Design:<\/strong><\/td>\n<td>Guldbehandlad, kompakt, b\u00e4rbar<\/td>\n<\/tr>\n<tr>\n<td><strong>Typ:<\/strong><\/td>\n<td>Eng\u00e5ngsbruk, inget underh\u00e5ll<\/td>\n<\/tr>\n<tr>\n<td><strong>Smaker:<\/strong><\/td>\n<td>Brett utbud av fruktiga och Myntaiga blandningar<\/td>\n<\/tr>\n<\/tbody>\n<\/table>\n<h3>Smakalternativ<\/h3>\n<p>Njut av ett dj\u00e4rvt urval av <strong>Bang E-Shisha Head 42K-smaker<\/strong>\u2014tillverkade f\u00f6r alla smakpreferenser:<\/p>\n<ul>\n<li><strong>Mynta:<\/strong> Klassisk iskall fr\u00e4sch\u00f6r \u2744\ufe0f\ud83c\udf3f<\/li>\n<li><strong>Bl\u00e5b\u00e4rsmynta:<\/strong> S\u00f6ta bl\u00e5b\u00e4r med uppfriskande mynta \ud83e\uded0\ud83c\udf3f<\/li>\n<li><strong>Dubbel\u00e4pplen:<\/strong> En skarp blandning av r\u00f6da och gr\u00f6na \u00e4pplen \ud83c\udf4f\ud83c\udf4e<\/li>\n<li><strong>Persika Is:<\/strong> Saftig persika med en frostig kick \ud83c\udf51\u2744\ufe0f<\/li>\n<li><strong>Bl\u00e5b\u00e4rshallon:<\/strong> En syrlig-s\u00f6t b\u00e4rfusion \ud83e\uded0\ud83c\udf53<\/li>\n<li><strong>Bl\u00e5b\u00e4rsis:<\/strong> Frozen bl\u00e5b\u00e4rsgl\u00e4dje \ud83e\uded0\u2744\ufe0f<\/li>\n<li><strong>Bl\u00e5b\u00e4rspersika:<\/strong> Juicy persika m\u00f6ter s\u00f6ta bl\u00e5b\u00e4r \ud83e\uded0\ud83c\udf51<\/li>\n<li><strong>Vattenmelon:<\/strong> Uppfriskande och saftig vattenmelon \ud83c\udf49<\/li>\n<li><strong>Jordgubbsvattenmelon:<\/strong> Perfekt blandning av jordgubb och melon \ud83c\udf53\ud83c\udf49<\/li>\n<li><strong>Jordgubbslychee:<\/strong> Exotisk litchi med s\u00f6ta jordgubbar \ud83c\udf53\ud83e\udd6d<\/li>\n<li><strong>Druvmynta:<\/strong> Dj\u00e4rv druvsmak med en svalkande Mynta-twist \ud83c\udf47\ud83c\udf3f<\/li>\n<li><strong>Blandad frukt:<\/strong> En tropisk cocktail av fruktig godhet \ud83c\udf4d\ud83c\udf4a\ud83c\udf53<\/li>\n<\/ul>\n<h3>Perfekt f\u00f6r tunga anv\u00e4ndare och grossistk\u00f6pare<\/h3>\n<p><strong>Bang E-Shisha Head 42K<\/strong> \u00e4r gjord f\u00f6r <strong>shisha\u00e4lskare, smakjagare och vapebutiker<\/strong> som beh\u00f6ver en <strong>l\u00e5ngvarig, snygg och p\u00e5litlig eng\u00e5ngsprodukt<\/strong>. Med sin <strong>premiumkonstruktion, trippeln\u00e4tspiral och breda smaksortiment<\/strong> \u00e4r det ett utm\u00e4rkt val f\u00f6r <strong>bulkdistribution och B2B-k\u00f6pare<\/strong>. \ud83d\ude80<\/p>\n<h3>Vanliga fr\u00e5gor<\/h3>\n<ul>\n<li><strong>Hur l\u00e4nge varar det?<\/strong><br \/>\nUpp till 42 000 bloss \u2013 varar i veckor beroende p\u00e5 anv\u00e4ndning.<\/li>\n<li><strong>\u00c4r den uppladdningsbar?<\/strong><br \/>\nJa, den har ett 1000mAh batteri med Type-C-laddning.<\/li>\n<li><strong>Beh\u00f6ver jag fylla p\u00e5 eller underh\u00e5lla det?<\/strong><br \/>\nNej, det \u00e4r helt eng\u00e5ngsf\u00f6rbrukat med en stor f\u00f6rfylld tank.<\/li>\n<li><strong>Vad g\u00f6r den unik?<\/strong><br \/>\nDesignen med guldfinish, LED-puffdisplay och trippeln\u00e4tspolen skiljer den fr\u00e5n vanliga eng\u00e5ngsartiklar.<\/li>\n<li><strong>\u00c4r det bra f\u00f6r grossisthandel?<\/strong><br \/>\nJa! Med sitt enorma puffantal, premiumdesign och smakalternativ efterfr\u00e5gas den mycket av vapebutiker och distribut\u00f6rer.<\/li>\n<\/ul>\n","protected":false},"excerpt":{"rendered":"<p><strong>Bang E-Shisha Head 42K<\/strong> \ud83d\udca8 ger upp till <strong>42 000 puffar<\/strong>, en premium <strong>design med guldfinish<\/strong>, LED-puff-display och ett kraftfullt uppladdningsbart batteri \u2013 perfekt f\u00f6r <strong>distribut\u00f6rer, grossister och \u00e4lskare av tunga shisha<\/strong>.<\/p>\n","protected":false},"featured_media":1550,"comment_status":"open","ping_status":"closed","template":"","meta":[],"product_brand":[],"product_cat":[642,350],"product_tag":[],"class_list":{"0":"post-43070","1":"product","2":"type-product","3":"status-publish","4":"has-post-thumbnail","6":"product_cat-40000-puffar-engangsvape","7":"product_cat-bang","9":"first","10":"instock","11":"shipping-taxable","12":"purchasable","13":"product-type-variable","14":"has-default-attributes"},"jetpack_sharing_enabled":true,"tiered_pricing_type":"fixed","tiered_pricing_fixed_rules":{"30":8.3900000000000005684341886080801486968994140625,"50":7.53000000000000024868995751603506505489349365234375,"100":6.79000000000000003552713678800500929355621337890625,"200":6.4199999999999999289457264239899814128875732421875,"400":5.86000000000000031974423109204508364200592041015625},"tiered_pricing_product_settings":{"layout":"default","base_unit_name":{"singular":null,"plural":null},"default_variation":null},"tiered_pricing_minimum_quantity":10,"tiered_pricing_roles_data":[],"tiered_pricing_percentage_rules":[],"tiered_pricing_maximum_quantity":null,"tiered_pricing_quantity_step":"10","_links":{"self":[{"href":"https:\/\/ricovape.com\/sv\/wp-json\/wp\/v2\/product\/43070","targetHints":{"allow":["GET"]}}],"collection":[{"href":"https:\/\/ricovape.com\/sv\/wp-json\/wp\/v2\/product"}],"about":[{"href":"https:\/\/ricovape.com\/sv\/wp-json\/wp\/v2\/types\/product"}],"replies":[{"embeddable":true,"href":"https:\/\/ricovape.com\/sv\/wp-json\/wp\/v2\/comments?post=43070"}],"wp:featuredmedia":[{"embeddable":true,"href":"https:\/\/ricovape.com\/sv\/wp-json\/wp\/v2\/media\/1550"}],"wp:attachment":[{"href":"https:\/\/ricovape.com\/sv\/wp-json\/wp\/v2\/media?parent=43070"}],"wp:term":[{"taxonomy":"product_brand","embeddable":true,"href":"https:\/\/ricovape.com\/sv\/wp-json\/wp\/v2\/product_brand?post=43070"},{"taxonomy":"product_cat","embeddable":true,"href":"https:\/\/ricovape.com\/sv\/wp-json\/wp\/v2\/product_cat?post=43070"},{"taxonomy":"product_tag","embeddable":true,"href":"https:\/\/ricovape.com\/sv\/wp-json\/wp\/v2\/product_tag?post=43070"}],"curies":[{"name":"wp","href":"https:\/\/api.w.org\/{rel}","templated":true}]}}