{"id":41854,"date":"2026-04-06T14:35:00","date_gmt":"2026-04-06T14:35:00","guid":{"rendered":"https:\/\/stage.jrfer.com\/product\/poco-fr80k-vaporizzatore-monouso-ricaricabile-con-bobina-quad-mesh-80000-puffs-4-in-1-2\/"},"modified":"2026-04-07T10:44:20","modified_gmt":"2026-04-07T10:44:20","slug":"poco-fr80k-vaporizzatore-monouso-ricaricabile-con-bobina-quad-mesh-80000-puffs-4-in-1-2","status":"publish","type":"product","link":"https:\/\/ricovape.com\/sv\/produkt\/poco-fr80k-vaporizzatore-monouso-ricaricabile-con-bobina-quad-mesh-80000-puffs-4-in-1-2\/","title":{"rendered":"POCO FR80K | Vaporizzatore monouso ricaricabile con bobina quad mesh 80000 Puffs 4 in 1"},"content":{"rendered":"<h2>\ud83d\udd25 Perch\u00e9 scegliere i puff POCO FR 80000?<\/h2>\n<ul>\n<li>\ud83d\udca8 <strong>Enormi 80 000 boccate:<\/strong> progettate per un uso a lungo termine, ideali per vapers e rivenditori pesanti.<\/li>\n<li>\ud83c\udfa8 <strong>4 gusti i 1 vaporizzazione:<\/strong> cambia facilmente tra quattro gusti premium per una variet\u00e0 infinita.<\/li>\n<li>\u26a1 <strong>Sistema di bobine a quattro maglie:<\/strong> 4 bobine a maglie che migliorano il sapore forniscono un vapore morbido e un gusto ricco.<\/li>\n<li>\ud83d\udd0b <strong>Batteria ricaricabile da 650 mAh:<\/strong> la ricarica rapida di tipo C garantisce una potenza costante fino all&#8217;ultimo tiro.<\/li>\n<li>\ud83e\uddc3 <strong>Capacit\u00e0 dell&#8217;e-liquid p\u00e5 60 ml:<\/strong> volym liquido generoso per un divertimento ultra lungo.<\/li>\n<li>\ud83d\udda5\ufe0f <strong>Design compatto e durevole:<\/strong> si adatta perfettamente alla mano e costruito per durare con una struttura solida.<\/li>\n<li>\ud83c\udff7\ufe0f <strong>Adatto alla vendita all&#8217;ingrosso:<\/strong> confezionati con 10 pezzi per scatola, ideali per negozi di svapo e distributori.<\/li>\n<\/ul>\n<p><img data-recalc-dims=\"1\" decoding=\"async\" style=\"max-width: 100%;display: blocco\" src=\"https:\/\/i0.wp.com\/aiviouvapes.com\/wp-content\/uploads\/2025\/11\/1111.jpg?ssl=1\" alt=\"POCO FR 80K\" title=\"\"><br \/>\n<img data-recalc-dims=\"1\" decoding=\"async\" src=\"https:\/\/i0.wp.com\/aiviouvapes.com\/wp-content\/uploads\/2025\/11\/2222.jpg?ssl=1\" alt=\"POCO FR 80K\" title=\"\"><\/p>\n<p>\u00a0<\/p>\n<h2>\u2699\ufe0f Specifikt<\/h2>\n<tr>\n<td><strong>Conteggio dei soffi<\/strong><\/td>\n<td>80 000 boccate<\/td>\n<\/tr>\n<tr>\n<td><strong>Capacit\u00e0 dell&#8217;e-liquid<\/strong><\/td>\n<td>60 ml<\/td>\n<\/tr>\n<tr>\n<td><strong>Potenza della nicotina<\/strong><\/td>\n<td>5 %<\/td>\n<\/tr>\n<tr>\n<td><strong>Batteri<\/strong><\/td>\n<td>650mAh ricaricabile<\/td>\n<\/tr>\n<tr>\n<td><strong>Porta di ricarica<\/strong><\/td>\n<td>Digitare C<\/td>\n<\/tr>\n<tr>\n<td><strong>Tipo di bobina<\/strong><\/td>\n<td>Bobina a quattro maglie (x4)<\/td>\n<\/tr>\n<tr>\n<td><strong>Dimensioni del dispositivo<\/strong><\/td>\n<td>100,5 \u00d7 42 \u00d7 44 mm<\/td>\n<\/tr>\n<tr>\n<td><strong>Imballaggio<\/strong><\/td>\n<td>10 pezzi per scatola da esposizione<\/td>\n<\/tr>\n<h2>\ud83c\udf53 Collezione di sapori<\/h2>\n<p>Prova il <strong>sistema di aromi 4 in 1<\/strong> di POCO FR, realizzato per transizioni fluide e gusto equilibrato. Ogni combinazione ofre una fusione unica di toni fruttati, ghiacciati e dolci per soddisfare ogni palato. \ud83d\ude0b\ud83d\udc47<\/p>\n<ul>\n<li><b>1.<\/b>Fragola Lampone Ciliegia \u2013 Litchi All&#8217;anguria \u2013 Fragola Mirtillo \u2013 Torta Alla Banana<\/li>\n<li><b>2.<\/b>Fragola Anguria \u2013 Fragola Lampone Kiwi \u2013 Ananas Mela \u2013 Ciliegia Mirtillo Rosso<\/li>\n<li><b>3.<\/b>Mirtillo Fragola \u2013 Uva Mirtillo Rosso Pesca \u2013 Bevanda Energetica \u2013 Mirtillo Anguria<\/li>\n<li><b>4.<\/b>Limonata al lampone e mirtillo \u2013 Kiwi alla fragola \u2013 Mango alla fragola \u2013 Frutti di bosco<\/li>\n<li><b>5.<\/b>Fragola Ciliegia \u2013 Lampone Anguria \u2013 Mirtillo Ciliegia Cola \u2013 Mango Ananas<\/li>\n<li><b>6.<\/b>Ciliegia Pesca Limone \u2013 Menta fresca \u2013 Gomma da masticare all&#8217;anguria \u2013 Ghiaccio all&#8217;uva<\/li>\n<li><b>7.<\/b>Mirtillo rosso \u2013 Fragola banan \u2013 Mirtillo lampone ciliegia \u2013 Mirtillo Kiwi<\/li>\n<li><b>8.<\/b>Ghiaccio di anguria \u2013 Ananas Cocco \u2013 Pesca Mango Anguria \u2013 Ciliegia Pesca Limone<\/li>\n<li><b>9.<\/b>Uva Fragola \u2013 Mela Pesca \u2013 Fragola Anguria \u2013 Fragola Black Ice Dragon Fruit<\/li>\n<li><b>10.<\/b>Lampone acido al mirtillo \u2013 Ghiaccio all&#8217;ananas al kiwi \u2013 Ciliegia all&#8217;uva \u2013 Uva all&#8217;aloe<\/li>\n<li><strong>11.<\/strong>Fragola Lampone \u2013 Limone Lime \u2013 Mirtillo Black Ice \u2013 Frutto della passione Kiwi Guava<\/li>\n<li><strong>12.<\/strong>B\u00e4rk\u00f6rsb\u00e4rslime \u2013 Mela acida \u2013 Caramella morbida alla pesca e mirtillo \u2013 Cola alla fragola<\/li>\n<li><strong>13.<\/strong>Fragola al frutto del drago di ghiaccio nero \u2013 Ghiaccio all&#8217;anguria \u2013 Ghiaccio al mirtillo \u2013 Ghiaccio alla pesca<\/li>\n<li><strong>14.<\/strong>Mela acida \u2013 Lime di anguria \u2013 Litchi di anguria e lampone \u2013 Cola alla fragola<\/li>\n<li><strong>15.<\/strong>Aloe Uva \u2013 Lampone Pesca Lime \u2013 Pesca Mango Anguria \u2013 Coca Cola<\/li>\n<\/ul>\n<h2>\ud83d\udcac Domande frequenti (FAQ)<\/h2>\n<p><strong>D:<\/strong> Hur mycket dura un POCO FR 80000?<br \/>\n<strong>R:<\/strong> Con un massimo di 80 000 boccate, pu\u00f2 durare diverse settimane a seconda delle tue abitudini di svapo.<\/p>\n<p><strong>D:<\/strong> Posso ricaricarlo?<br \/>\n<strong>R:<\/strong> S\u00ec! La batteria da 650 mAh \u00e8 ricaricabile di tipo C, garantendo una ricarica efficiente per un uso a lungo termine.<\/p>\n<p><strong>D:<\/strong> Inkludera pi\u00f9 gusti?<br \/>\n<strong>R:<\/strong> Assolutamente: ogni dispositivo include quattro gusti distinti tra cui puoi passare in qualsiasi momento!<\/p>\n<p><strong>D:<\/strong> Per chi \u00e8 pi\u00f9 adatto questo dispositivo?<br \/>\n<strong>R:<\/strong> Perfetto per <strong>vapers accaniti, amanti degli aromi<\/strong> e <strong>distributori all&#8217;ingrosso<\/strong> che cercano prestazioni premium e soddisfazione duratura.<\/p>\n<h2>\ud83d\ude80 Perfetto per<\/h2>\n<p>Il <strong>vape usa e getta 4 in 1 POCO FR 80K<\/strong> \u00e8 una scelta di alto livello per <strong>rivenditori, negozi di vaporizzatori<\/strong> e <strong>distributori<\/strong> che apprezzano la variet\u00e0 di sapori, le praticit\u00e0 e la praticit\u00e0 e. Ideale per i <strong>mercati europei<\/strong> e per chiunque desideri cloud potenti con una manutenzione minima. \ud83c\udf2c\ufe0f\ud83d\udc8e<\/p>\n","protected":false},"excerpt":{"rendered":"<p>Scopri il <strong>Vape usa e getta POCO FR 80000 Puffs<\/strong>, dotato di <strong>4 gusti in 1 dispositivo<\/strong>, una <strong>batteria ricaricabile di tipo C da 650 mAh<\/strong> e la unpererinologia a <strong> di svapo definitiva e di lunga durata. Perfetto per i mercati al dettaglio e all\u2019ingrosso in tutta Europa! \ud83c\udf0d\ud83d\udca8<\/p>\n","protected":false},"featured_media":6675,"comment_status":"open","ping_status":"closed","template":"","meta":[],"product_brand":[],"product_cat":[1564,1623,1391,1429,1756,1460],"product_tag":[],"class_list":{"0":"post-41854","1":"product","2":"type-product","3":"status-publish","4":"has-post-thumbnail","6":"product_cat-engangsvapor-i-polen","7":"product_cat-engangsvapor-i-spanien","8":"product_cat-engangsvapor-i-tyskland","9":"product_cat-engangsvapor-i-ungern","10":"product_cat-poco","11":"product_cat-vapes-for-engangsbruk-i-italien","13":"first","14":"outofstock","15":"shipping-taxable","16":"product-type-variable","17":"has-default-attributes"},"jetpack_sharing_enabled":true,"tiered_pricing_type":"fixed","tiered_pricing_fixed_rules":[],"tiered_pricing_product_settings":{"layout":"default","base_unit_name":{"singular":null,"plural":null},"default_variation":null},"tiered_pricing_minimum_quantity":null,"tiered_pricing_roles_data":[],"tiered_pricing_percentage_rules":[],"tiered_pricing_maximum_quantity":null,"tiered_pricing_quantity_step":null,"_links":{"self":[{"href":"https:\/\/ricovape.com\/sv\/wp-json\/wp\/v2\/product\/41854","targetHints":{"allow":["GET"]}}],"collection":[{"href":"https:\/\/ricovape.com\/sv\/wp-json\/wp\/v2\/product"}],"about":[{"href":"https:\/\/ricovape.com\/sv\/wp-json\/wp\/v2\/types\/product"}],"replies":[{"embeddable":true,"href":"https:\/\/ricovape.com\/sv\/wp-json\/wp\/v2\/comments?post=41854"}],"wp:featuredmedia":[{"embeddable":true,"href":"https:\/\/ricovape.com\/sv\/wp-json\/wp\/v2\/media\/6675"}],"wp:attachment":[{"href":"https:\/\/ricovape.com\/sv\/wp-json\/wp\/v2\/media?parent=41854"}],"wp:term":[{"taxonomy":"product_brand","embeddable":true,"href":"https:\/\/ricovape.com\/sv\/wp-json\/wp\/v2\/product_brand?post=41854"},{"taxonomy":"product_cat","embeddable":true,"href":"https:\/\/ricovape.com\/sv\/wp-json\/wp\/v2\/product_cat?post=41854"},{"taxonomy":"product_tag","embeddable":true,"href":"https:\/\/ricovape.com\/sv\/wp-json\/wp\/v2\/product_tag?post=41854"}],"curies":[{"name":"wp","href":"https:\/\/api.w.org\/{rel}","templated":true}]}}