{"id":40648,"date":"2025-07-07T09:20:26","date_gmt":"2025-07-07T09:20:26","guid":{"rendered":"https:\/\/stage.jrfer.com\/product\/jnr-falcon-x-18k-18000-puffar-dual-mesh-coil-smart-disponibel-vape-grossist\/"},"modified":"2026-04-07T14:17:26","modified_gmt":"2026-04-07T14:17:26","slug":"jnr-falcon-x-18000-puffs","status":"publish","type":"product","link":"https:\/\/ricovape.com\/sv\/produkt\/jnr-falcon-x-18000-puffs\/","title":{"rendered":"JNR Falcon X 18K 18000 Puffar | dual mesh coil smart disponibel vape grossist"},"content":{"rendered":"<h2>Varf\u00f6r v\u00e4lja JNR Falcon X 18000 Puffs?<\/h2>\n<ul>\n<li><strong>Massivt bloss:<\/strong> Upp till 18 000 bloss per enhet f\u00f6r l\u00e4ngre njutning \ud83d\udca8<\/li>\n<li><strong>Stor juicetank:<\/strong> 24 ml e-v\u00e4tskekapacitet minskar p\u00e5fyllning, perfekt f\u00f6r tunga vapers \ud83d\udca7<\/li>\n<li><strong>Smart LED-sk\u00e4rm:<\/strong> Sp\u00e5rar antalet bloss, batteritid och niv\u00e5er av e-v\u00e4tskor \ud83d\udcca<\/li>\n<li><strong>Dual Mesh + Dual Core:<\/strong> 0,6\u03a9-teknik f\u00f6r rik \u00e5nga och starkare smak \ud83c\udf2c\ufe0f<\/li>\n<li><strong>Uppladdningsbart batteri:<\/strong> 950mAh med snabb Type-C-laddning \u26a1<\/li>\n<li><strong>Nikotinstyrka:<\/strong> Smidigt 2 % alternativ f\u00f6r balanserad tillfredsst\u00e4llelse \u2705<\/li>\n<li><strong>Grossistf\u00f6rberedd:<\/strong> Produkt med h\u00f6g efterfr\u00e5gan med attraktiva \u00e5terf\u00f6rs\u00e4ljningsmarginaler \ud83d\udce6<\/li>\n<\/ul>\n<h3>Specifikationer<\/h3>\n<tbody>\n<tr>\n<td><strong>Puffkapacitet:<\/strong><\/td>\n<td>Upp till 18 000 bloss<\/td>\n<\/tr>\n<tr>\n<td><strong>E-v\u00e4tskekapacitet:<\/strong><\/td>\n<td>24 ml f\u00f6rfylld<\/td>\n<\/tr>\n<tr>\n<td><strong>Batteri:<\/strong><\/td>\n<td>950mAh uppladdningsbar<\/td>\n<\/tr>\n<tr>\n<td><strong>Laddning:<\/strong><\/td>\n<td>Snabbladdning av typ C<\/td>\n<\/tr>\n<tr>\n<td><strong>Spole:<\/strong><\/td>\n<td>Dubbel mesh + dubbel k\u00e4rna, 0,6\u03a9<\/td>\n<\/tr>\n<tr>\n<td><strong>Nikotinstyrka:<\/strong><\/td>\n<td>2 %<\/td>\n<\/tr>\n<tr>\n<td><strong>Visa:<\/strong><\/td>\n<td>Digital LED (batteri, puffar, v\u00e4tska)<\/td>\n<\/tr>\n<tr>\n<td><strong>Luftfl\u00f6de:<\/strong><\/td>\n<td>Justerbar<\/td>\n<\/tr>\n<\/tbody>\n<\/table>\n<h3>Smakval<\/h3>\n<p><strong>JNR Falcon X 18000<\/strong> erbjuder <strong>otroliga 29 smaker<\/strong> f\u00f6r att tillfredsst\u00e4lla alla beg\u00e4r \ud83c\udf08:<\/p>\n<ul>\n<li><strong>Blue Razz Ice:<\/strong> S\u00f6ta bl\u00e5 hallon med isande svalka \ud83e\uded0\u2744\ufe0f<\/li>\n<li><strong>Bl\u00e5b\u00e4rshallon:<\/strong> Saftig bl\u00e5b\u00e4rs- och syrlig hallonblandning \ud83e\uded0\ud83c\udf53<\/li>\n<li><strong>Sval mynta:<\/strong> Uppfriskande mentolkyla \u2744\ufe0f<\/li>\n<li><strong>Kiwi Watermelon Ice:<\/strong> Tropisk kiwi blandad med isig vattenmelon \ud83e\udd5d\ud83c\udf49<\/li>\n<li><strong>Druvis:<\/strong> Dj\u00e4rv druva med frostig finish \ud83c\udf47\u2744\ufe0f<\/li>\n<li><strong>Jordgubbskiwi:<\/strong> Klassisk s\u00f6t och syrlig blandning \ud83c\udf53\ud83e\udd5d<\/li>\n<li><strong>Strawberry Watermelon Ice:<\/strong> Fruktig s\u00f6tma med en frostig kant \ud83c\udf53\ud83c\udf49\u2744\ufe0f<\/li>\n<li><strong>Watermelon Ice:<\/strong> Spr\u00f6d vattenmelon med mentol twist \ud83c\udf49\u2744\ufe0f<\/li>\n<li><strong>Strawberry Ice:<\/strong> Mogen jordgubb kyld med mentol \ud83c\udf53\u2744\ufe0f<\/li>\n<li><strong>Blandade b\u00e4r:<\/strong> En blandning av saftiga b\u00e4rsmaker \ud83c\udf47\ud83c\udf53\ud83e\uded0<\/li>\n<li><strong>Watermelon Bubblegum:<\/strong> S\u00f6t godisbubbelgum med vattenmelon \ud83c\udf49\ud83c\udf6c<\/li>\n<li><strong>Sur \u00e4ppelis:<\/strong> Syrligt \u00e4pple med en isig sval finish \ud83c\udf4f\u2744\ufe0f<\/li>\n<li><strong>Peach Ice:<\/strong> Saftig persika med mentol \ud83c\udf51\u2744\ufe0f<\/li>\n<li><strong>Berry Burst:<\/strong> S\u00f6tb\u00e4rsexplosion av smak \ud83c\udf53\ud83e\uded0<\/li>\n<li><strong>Bl\u00e5b\u00e4rshallonk\u00f6rsb\u00e4r:<\/strong> Trippelfruktsgl\u00e4dje \ud83e\uded0\ud83c\udf53\ud83c\udf52<\/li>\n<li><strong>K\u00f6rsb\u00e4rsb\u00e4r:<\/strong> Fet k\u00f6rsb\u00e4r blandat med s\u00f6ta b\u00e4r \ud83c\udf52\ud83c\udf53<\/li>\n<li><strong>Jordgubbsbanan:<\/strong> Kr\u00e4mig banan med f\u00e4rsk jordgubb \ud83c\udf53\ud83c\udf4c<\/li>\n<li><strong>Bl\u00e5b\u00e4rskiwi:<\/strong> Exotisk kiwi i kombination med bl\u00e5b\u00e4r \ud83e\udd5d\ud83e\uded0<\/li>\n<li><strong>Passionsfruktkiwi:<\/strong> Tropisk passionsfrukt med saftig kiwi \ud83e\udd5d\ud83c\udf4a<\/li>\n<li><strong>White Peach Razz:<\/strong> S\u00f6t vit persika blandad med hallon \ud83c\udf51\ud83c\udf53<\/li>\n<li><strong>Blue Razz Cherry:<\/strong> Bl\u00e5 hallon blandat med k\u00f6rsb\u00e4r \ud83e\uded0\ud83c\udf52<\/li>\n<li><strong>K\u00f6rsb\u00e4rsvattenmelonfrysning:<\/strong> Fruktig kombo med isig bl\u00e5st \ud83c\udf52\ud83c\udf49\u2744\ufe0f<\/li>\n<li><strong>Cherry Cola:<\/strong> Klassisk l\u00e4sk med k\u00f6rsb\u00e4rstvist \ud83e\udd64\ud83c\udf52<\/li>\n<li><strong>Banan Ice:<\/strong> Sl\u00e4t banan i lager med mentol \ud83c\udf4c\u2744\ufe0f<\/li>\n<li><strong>K\u00e4glor:<\/strong> Godisinspirerad regnb\u00e5gss\u00f6tma \ud83c\udf6c\ud83c\udf08<\/li>\n<li><strong>Triple Melon:<\/strong> En trio av melongodhet \ud83c\udf48\ud83c\udf49\ud83c\udf48<\/li>\n<li><strong>Mr. Bl\u00e5:<\/strong> Mystisk b\u00e4rblandning \ud83e\uded0\ud83c\udf53<\/li>\n<li><strong>Cherry Ice:<\/strong> Fet k\u00f6rsb\u00e4r med mentol \ud83c\udf52\u2744\ufe0f<\/li>\n<li><strong>Vattenmelon litchi:<\/strong> S\u00f6t vattenmelon med exotisk litchi \ud83c\udf49\ud83e\udd6d<\/li>\n<\/ul>\n<h3>Perfekt f\u00f6r tunga anv\u00e4ndare och partihandel<\/h3>\n<p><strong>JNR Falcon X 18000 Puffs<\/strong> \u00e4r idealisk f\u00f6r <strong>tunga anv\u00e4ndare, smakentusiaster, vapebutiker och distribut\u00f6rer<\/strong>. Med sina <strong>29 smaker, avancerade spolsystem, LED-display och h\u00f6ga puffkapacitet<\/strong>, ger den utm\u00e4rkt v\u00e4rde f\u00f6r b\u00e5de detalj- och grossistmarknader \ud83d\udce6\ud83d\udd25.<\/p>\n<h3>Vanliga fr\u00e5gor<\/h3>\n<ul>\n<li><strong>Hur m\u00e5nga bloss ger den?<\/strong><br \/>\nUpp till 18 000 bloss per enhet.<\/li>\n<li><strong>\u00c4r den uppladdningsbar?<\/strong><br \/>\nJa, med ett 950mAh batteri och Type-C snabbladdning.<\/li>\n<li><strong>Har den luftfl\u00f6deskontroll?<\/strong><br \/>\nJa, justerbart luftfl\u00f6de f\u00f6r anpassad vaping.<\/li>\n<li><strong>Vilken nikotinstyrka finns tillg\u00e4nglig?<\/strong><br \/>\nFinns f\u00f6r n\u00e4rvarande med 2 % nikotinstyrka.<\/li>\n<li><strong>Vem ska k\u00f6pa den h\u00e4r enheten?<\/strong><br \/>\nPerfekt f\u00f6r <strong>vapers med l\u00e5nga sessioner, flavor chasers, vapebutiker och bulkdistribut\u00f6rer<\/strong>.<\/li>\n<\/ul>\n","protected":false},"excerpt":{"rendered":"<p><strong>JNR Falcon X 18000 Puffs<\/strong> \ud83e\udd85 \u00e4r en eng\u00e5ngsvape med h\u00f6g kapacitet med <strong>dubbla mesh-spolar<\/strong>, <strong>LED-sk\u00e4rm<\/strong> och <strong>justerbart luftfl\u00f6de<\/strong>, designad f\u00f6r grossister, vapebutiker och seri\u00f6sa anv\u00e4ndare som kr\u00e4ver prestanda och smak.<\/p>\n","protected":false},"featured_media":1445,"comment_status":"open","ping_status":"closed","template":"","meta":[],"product_brand":[],"product_cat":[484,886,1036,1110,1316,1247,1351,1533,1284,1564,1584,1697,1623,1660,1391,1429,1811,1002,410,1069,932,1460,1493,850],"product_tag":[],"class_list":{"0":"post-40648","1":"product","2":"type-product","3":"status-publish","4":"has-post-thumbnail","6":"product_cat-18000-puffs-disposable-vape","7":"product_cat-big-puffs-vapes","8":"product_cat-digital-box-vapes","9":"product_cat-dual-mesh-vapes","10":"product_cat-engangsvapor-i-belgien","11":"product_cat-engangsvapor-i-europa","12":"product_cat-engangsvapor-i-frankrike","13":"product_cat-engangsvapor-i-norge","14":"product_cat-engangsvapor-i-osterrike","15":"product_cat-engangsvapor-i-polen","16":"product_cat-engangsvapor-i-portugal","17":"product_cat-engangsvapor-i-schweiz","18":"product_cat-engangsvapor-i-spanien","19":"product_cat-engangsvapor-i-sverige","20":"product_cat-engangsvapor-i-tyskland","21":"product_cat-engangsvapor-i-ungern","22":"product_cat-jnr","23":"product_cat-kristall-vapes","24":"product_cat-olika-puffar-av-engangsvapor","25":"product_cat-smart-screen-vapes","26":"product_cat-uppladdningsbara-vapes","27":"product_cat-vapes-for-engangsbruk-i-italien","28":"product_cat-vapes-for-engangsbruk-i-nederlanderna","29":"product_cat-vapetyper-for-engangsbruk","31":"first","32":"instock","33":"shipping-taxable","34":"purchasable","35":"product-type-variable","36":"has-default-attributes"},"jetpack_sharing_enabled":true,"tiered_pricing_type":"fixed","tiered_pricing_fixed_rules":{"30":8.269999999999999573674358543939888477325439453125,"50":7.160000000000000142108547152020037174224853515625,"100":6.4199999999999999289457264239899814128875732421875,"200":6.04999999999999982236431605997495353221893310546875,"400":5.4900000000000002131628207280300557613372802734375},"tiered_pricing_product_settings":{"layout":"default","base_unit_name":{"singular":null,"plural":null},"default_variation":null},"tiered_pricing_minimum_quantity":10,"tiered_pricing_roles_data":[],"tiered_pricing_percentage_rules":[],"tiered_pricing_maximum_quantity":null,"tiered_pricing_quantity_step":"10","_links":{"self":[{"href":"https:\/\/ricovape.com\/sv\/wp-json\/wp\/v2\/product\/40648","targetHints":{"allow":["GET"]}}],"collection":[{"href":"https:\/\/ricovape.com\/sv\/wp-json\/wp\/v2\/product"}],"about":[{"href":"https:\/\/ricovape.com\/sv\/wp-json\/wp\/v2\/types\/product"}],"replies":[{"embeddable":true,"href":"https:\/\/ricovape.com\/sv\/wp-json\/wp\/v2\/comments?post=40648"}],"wp:featuredmedia":[{"embeddable":true,"href":"https:\/\/ricovape.com\/sv\/wp-json\/wp\/v2\/media\/1445"}],"wp:attachment":[{"href":"https:\/\/ricovape.com\/sv\/wp-json\/wp\/v2\/media?parent=40648"}],"wp:term":[{"taxonomy":"product_brand","embeddable":true,"href":"https:\/\/ricovape.com\/sv\/wp-json\/wp\/v2\/product_brand?post=40648"},{"taxonomy":"product_cat","embeddable":true,"href":"https:\/\/ricovape.com\/sv\/wp-json\/wp\/v2\/product_cat?post=40648"},{"taxonomy":"product_tag","embeddable":true,"href":"https:\/\/ricovape.com\/sv\/wp-json\/wp\/v2\/product_tag?post=40648"}],"curies":[{"name":"wp","href":"https:\/\/api.w.org\/{rel}","templated":true}]}}