{"id":36993,"date":"2025-09-05T08:06:20","date_gmt":"2025-09-05T08:06:20","guid":{"rendered":"https:\/\/stage.jrfer.com\/product\/waspe-100k-4-i-1-100000-puffar-quad-flavor-bulk-engangsvape\/"},"modified":"2026-04-07T12:09:18","modified_gmt":"2026-04-07T12:09:18","slug":"waspe-100k-4-in-1-100000-puffs-quad-flavor-bulk-disposable-vape","status":"publish","type":"product","link":"https:\/\/ricovape.com\/sv\/produkt\/waspe-100k-4-in-1-100000-puffs-quad-flavor-bulk-disposable-vape\/","title":{"rendered":"WASPE 100K 4-i-1 100000 puffar | quad flavor bulk eng\u00e5ngsvape"},"content":{"rendered":"<h2>Varf\u00f6r v\u00e4lja WASPE 100K 4-i-1?<\/h2>\n<ul>\n<li><strong>O\u00f6vertr\u00e4ffat antal bloss:<\/strong> En massiv <strong>100 000 bloss<\/strong> f\u00f6r ultral\u00e5ng anv\u00e4ndning \ud83d\udd25<\/li>\n<li><strong>4-i-1 smaksystem:<\/strong> Rotera omedelbart mellan <strong>4 smaker<\/strong> utan att byta enhet \ud83c\udf49\ud83c\udf53\ud83e\udd6d\ud83c\udf52<\/li>\n<li><strong>Quad Mesh Coil (1,0\u03a9):<\/strong> J\u00e4mn \u00e5nga, dj\u00e4rv smak och konsekventa tr\u00e4ffar varje g\u00e5ng \ud83d\udca8<\/li>\n<li><strong>Uppladdningsbart 650mAh batteri:<\/strong> P\u00e5litlig kraft med <strong>Typ-C snabbladdning<\/strong> \u26a1<\/li>\n<li><strong>Enorm 56mL E-Liquid:<\/strong> F\u00f6rfylld f\u00f6r l\u00e5ngvarig njutning \u2714\ufe0f<\/li>\n<li><strong>Nikotinalternativ:<\/strong> V\u00e4lj 0 %, 2 % eller 5 % f\u00f6r att matcha alla preferenser \ud83d\udeac\u27a1\ufe0f\ud83d\udca8<\/li>\n<li><strong>Kompakt och b\u00e4rbar:<\/strong> Fickv\u00e4nlig storlek med <strong>142 g l\u00e4ttviktsuppbyggnad<\/strong> \ud83d\udcf1<\/li>\n<li><strong>Grosshandelsklar:<\/strong> En het-s\u00e4ljare f\u00f6r \u00e5terf\u00f6rs\u00e4ljare och distribut\u00f6rer som vill ha bulkprodukter i lager \ud83d\udce6<\/li>\n<\/ul>\n<h3>Specifikationer<\/h3>\n<p><tabell><\/p>\n<tbody>\n<tr>\n<td><strong>Puff Count:<\/strong><\/td>\n<td>Upp till 100 000<\/td>\n<\/tr>\n<tr>\n<td><strong>Smaker:<\/strong><\/td>\n<td>4-i-1 ombytbara smaker<\/td>\n<\/tr>\n<tr>\n<td><strong>Spole:<\/strong><\/td>\n<td>1.0\u03a9 Quad Mesh Coil<\/td>\n<\/tr>\n<tr>\n<td><strong>E-v\u00e4tskekapacitet:<\/strong><\/td>\n<td>56 ml<\/td>\n<\/tr>\n<tr>\n<td><strong>Batteri:<\/strong><\/td>\n<td>650mAh uppladdningsbar<\/td>\n<\/tr>\n<tr>\n<td><strong>Laddning:<\/strong><\/td>\n<td>Snabbladdning av typ C<\/td>\n<\/tr>\n<tr>\n<td><strong>Nikotinstyrkor:<\/strong><\/td>\n<td>0 %, 2 %, 5 %<\/td>\n<\/tr>\n<tr>\n<td><strong>M\u00e5tt:<\/strong><\/td>\n<td>47 \u00d7 47 \u00d7 118 mm<\/td>\n<\/tr>\n<tr>\n<td><strong>Vikt:<\/strong><\/td>\n<td>142 g<\/td>\n<\/tr>\n<tr>\n<td><strong>Grossistf\u00f6rpackningar:<\/strong><\/td>\n<td>Anpassat f\u00f6r massbest\u00e4llningar<\/td>\n<\/tr>\n<\/tbody>\n<\/table>\n<h3>Smakval<\/h3>\n<p><strong>WASPE 100K 4-i-1<\/strong> erbjuder ett sp\u00e4nnande <strong>quad-flavor-system<\/strong> som ger dig fyra unika smakupplevelser i en enhet \ud83c\udf08. Popul\u00e4ra blandningar inkluderar:<\/p>\n<ul>\n<li><strong>Watermelon Ice, Strawberry Kiwi, Hallon Watermelon, Citron Lime<\/strong> \u2013 Uppfriskande fruktig kombination med en saftig finish.<\/li>\n<li><strong>Jordgubbsvattenmelon, MR.Blue, Grape Ice, Rainbow Candy<\/strong> \u2013 S\u00f6t, isig och godisinspirerad mix.<\/li>\n<li><strong>Red Bull Ice, Banana Ice, Pineapple Coconut Ice, Triple Mango Ice<\/strong> \u2013 Tropiska och energigivande fusioner.<\/li>\n<li><strong>Jordgubbshallonk\u00f6rsb\u00e4r, Crazy Cherry Ice, Blue Cherry Ice, Cola Ice<\/strong> \u2013 Fruktig brus med en k\u00f6rsb\u00e4rsblast.<\/li>\n<li><strong>Jordgubbsbanan, Strawberry Red Bull, Strawberry Mango, Pink Lemonade<\/strong> \u2013 Jordgubbs\u00e4lskares paradis.<\/li>\n<li><strong>Bl\u00e5b\u00e4rsis, Black Knight, Strawberry Ice, Strawberry Watermelon<\/strong> \u2013 S\u00f6ta, dj\u00e4rva och isiga fruktlager.<\/li>\n<li><strong>Cherry Cola Ice, Strawberry Cherry Ice, Strawberry Cola Ice, Strawberry Watermelon Bubblegum<\/strong> \u2013 Kolsyrade och godis-s\u00f6ta blandningar.<\/li>\n<li><strong>Juicy Peach Ice, Tropical Fruit, Fruit Blast, Peach Berry<\/strong> \u2013 Juicy och exotisk fruktig explosion.<\/li>\n<li><strong>Druvais, jordgubbskiwi, jordgubbshallonk\u00f6rsb\u00e4r, svart riddare<\/strong> \u2013 Dj\u00e4rvt druv- och b\u00e4rmedley.<\/li>\n<li><strong>Blandade b\u00e4r, dubbel \u00e4ppelis, bl\u00e5b\u00e4rshallon, bl\u00e5b\u00e4rshonung<\/strong> \u2013 s\u00f6tt, syrligt och honungslen.<\/li>\n<li><strong>Strawberry Red Bull, Strawberry Watermelon Bubblegum, Red Bull Ice, Cherry Cola Ice<\/strong> \u2013 Energidryck med fruktiga s\u00f6tsaker.<\/li>\n<li><strong>Bl\u00e5b\u00e4rshallon, bl\u00e5b\u00e4rslemonad, blandade b\u00e4r, druvhonungsis<\/strong> \u2013 B\u00e4rrik med en uppfriskande lemonadfinish.<\/li>\n<\/ul>\n<h3>Perfekt f\u00f6r detaljhandel och grossisthandel<\/h3>\n<p><strong>WASPE 100K 4-i-1<\/strong> \u00e4r byggd f\u00f6r <strong>tunga vapers, smak\u00e4lskare, vapebutiker och distribut\u00f6rer<\/strong>. Med sin <strong>v\u00e4xling med fyrsmak<\/strong>, massiva <strong>100 000 bloss<\/strong> och <strong>grossistf\u00f6rpackning<\/strong>, \u00e4r den designad f\u00f6r att tillfredsst\u00e4lla enskilda anv\u00e4ndare samtidigt som den maximerar \u00e5terf\u00f6rs\u00e4ljningsv\u00e4rdet.<\/p>\n<h3>Vanliga fr\u00e5gor<\/h3>\n<ul>\n<li><strong>Hur m\u00e5nga smaker finns i en enhet?<\/strong><br \/>\nVarje enhet inneh\u00e5ller 4 omkopplingsbara smaker.<\/li>\n<li><strong>\u00c4r den uppladdningsbar?<\/strong><br \/>\nJa, den har ett 650mAh uppladdningsbart batteri med Type-C-laddning.<\/li>\n<li><strong>Hur m\u00e5nga bloss per enhet?<\/strong><br \/>\nUpp till 100 000 bloss beroende p\u00e5 anv\u00e4ndning.<\/li>\n<li><strong>Vilka nikotinstyrkor finns tillg\u00e4ngliga?<\/strong><br \/>\n0 %, 2 % och 5 % f\u00f6r att passa alla preferenser.<\/li>\n<li><strong>\u00c4r det grossistv\u00e4nligt?<\/strong><br \/>\nJa, den \u00e4r f\u00f6rpackad och prissatt perfekt f\u00f6r distribut\u00f6rer och vapebutiker.<\/li>\n<li><strong>Vem ska k\u00f6pa den?<\/strong><br \/>\nPerfekt f\u00f6r tunga anv\u00e4ndare, smakjagare, \u00e5terf\u00f6rs\u00e4ljare och grossister som letar efter en eng\u00e5ngsvape i toppklass.<\/li>\n<\/ul>\n","protected":false},"excerpt":{"rendered":"<p>Varf\u00f6r v\u00e4lja WASPE 100K 4-i-1? O\u00f6vertr\u00e4ffat antal bloss: En massiv 100 000 bloss f\u00f6r ultral\u00e5ng anv\u00e4ndning \ud83d\udd25 4-i-1 smaksystem: Rotera omedelbart mellan 4 smaker utan att byta enhet \ud83c\udf49\ud83c\udf53\ud83e\udd6d\ud83c\udf52 Quad Mesh Coil (1,0\u03a9): J\u00e4mn \u00e5nga, dj\u00e4rv smak och konsekventa tr\u00e4ffar varje g\u00e5ng \ud83d\udca8 Uppladdningsbart 650mAh batteri: P\u00e5litlig kraft med Typ-C snabbladdning \u26a1 Enorm 56mL E-Liquid: [&hellip;]<\/p>\n","protected":false},"featured_media":5636,"comment_status":"open","ping_status":"closed","template":"","meta":[],"product_brand":[],"product_cat":[397],"product_tag":[],"class_list":{"0":"post-36993","1":"product","2":"type-product","3":"status-publish","4":"has-post-thumbnail","6":"product_cat-waspe","8":"first","9":"instock","10":"shipping-taxable","11":"purchasable","12":"product-type-variable","13":"has-default-attributes"},"jetpack_sharing_enabled":true,"tiered_pricing_type":"fixed","tiered_pricing_fixed_rules":{"30":9.6300000000000007815970093361102044582366943359375,"50":7.9000000000000003552713678800500929355621337890625,"100":7.6500000000000003552713678800500929355621337890625,"200":6.9900000000000002131628207280300557613372802734375,"400":6.54000000000000003552713678800500929355621337890625},"tiered_pricing_product_settings":{"layout":"default","base_unit_name":{"singular":null,"plural":null},"default_variation":null},"tiered_pricing_minimum_quantity":10,"tiered_pricing_roles_data":[],"tiered_pricing_percentage_rules":[],"tiered_pricing_maximum_quantity":null,"tiered_pricing_quantity_step":"10","_links":{"self":[{"href":"https:\/\/ricovape.com\/sv\/wp-json\/wp\/v2\/product\/36993","targetHints":{"allow":["GET"]}}],"collection":[{"href":"https:\/\/ricovape.com\/sv\/wp-json\/wp\/v2\/product"}],"about":[{"href":"https:\/\/ricovape.com\/sv\/wp-json\/wp\/v2\/types\/product"}],"replies":[{"embeddable":true,"href":"https:\/\/ricovape.com\/sv\/wp-json\/wp\/v2\/comments?post=36993"}],"wp:featuredmedia":[{"embeddable":true,"href":"https:\/\/ricovape.com\/sv\/wp-json\/wp\/v2\/media\/5636"}],"wp:attachment":[{"href":"https:\/\/ricovape.com\/sv\/wp-json\/wp\/v2\/media?parent=36993"}],"wp:term":[{"taxonomy":"product_brand","embeddable":true,"href":"https:\/\/ricovape.com\/sv\/wp-json\/wp\/v2\/product_brand?post=36993"},{"taxonomy":"product_cat","embeddable":true,"href":"https:\/\/ricovape.com\/sv\/wp-json\/wp\/v2\/product_cat?post=36993"},{"taxonomy":"product_tag","embeddable":true,"href":"https:\/\/ricovape.com\/sv\/wp-json\/wp\/v2\/product_tag?post=36993"}],"curies":[{"name":"wp","href":"https:\/\/api.w.org\/{rel}","templated":true}]}}