{"id":33020,"date":"2026-03-12T04:24:30","date_gmt":"2026-03-12T04:24:30","guid":{"rendered":"https:\/\/stage.jrfer.com\/product\/uzy-tornado-30k-dubbelsmak-rgb-skarm-30000-puffar-40ml-mega-tank-bulk-engangsvape\/"},"modified":"2026-04-07T10:54:32","modified_gmt":"2026-04-07T10:54:32","slug":"uzy-tornado-30k-dual-flavor-rgb-display-30000-puffs-40ml-mega-tank-bulk-disposable-vape","status":"publish","type":"product","link":"https:\/\/ricovape.com\/sv\/produkt\/uzy-tornado-30k-dual-flavor-rgb-display-30000-puffs-40ml-mega-tank-bulk-disposable-vape\/","title":{"rendered":"UZY Tornado 30K | dubbelsmak RGB-sk\u00e4rm 30000 puffar 40ml mega tank bulk eng\u00e5ngsvape"},"content":{"rendered":"<p><strong>UZY Tornado 30000 puffar<\/strong> ger dig massiva moln, kraftfull prestanda och tv\u00e5 smaker i en enhet. Med en <strong>oljetank med tv\u00e5 fack<\/strong>, <strong>justerbar effekt<\/strong>, <strong>1,0\u03a9 mesh-spole<\/strong> och en fantastisk <strong>RGD-sk\u00e4rm<\/strong>, kombinerar denna enhet stil, teknik och l\u00e5ngvarig tillfredsst\u00e4llelse. Idealisk f\u00f6r b\u00e5de detaljhandelskunder och grossist bulkk\u00f6pare. \ud83d\udd25<\/p>\n<h2>Varf\u00f6r v\u00e4lja UZY Tornado 30000? \ud83c\udf2a\ufe0f<\/h2>\n<ul>\n<li>\ud83c\udf6d <strong>Dual-Flavor System<\/strong> \u2013 V\u00e4xla mellan tv\u00e5 smaker direkt med hj\u00e4lp av tanken med tv\u00e5 fack.<\/li>\n<li>\ud83d\udcfa <strong>Dynamisk RGD-sk\u00e4rm<\/strong> \u2013 Visar separata oljeniv\u00e5er + batteriindikator tydligt.<\/li>\n<li>\ud83d\udca8 <strong>Upp till 30 000 puffar<\/strong> \u2013 L\u00e5ngvarig design f\u00f6r vaping hela dagen.<\/li>\n<li>\u26a1 <strong>Justerbara effektinst\u00e4llningar<\/strong> \u2013 Anpassa intensiteten f\u00f6r varje dragning.<\/li>\n<li>\ud83d\udd0c <strong>Snabb Type-C-laddning<\/strong> \u2013 Drivs av ett 850mAh uppladdningsbart batteri.<\/li>\n<li>\ud83c\udf2c\ufe0f <strong>Enkel och dubbla ritl\u00e4gen<\/strong> \u2013 V\u00e4lj j\u00e4mn eller f\u00f6rst\u00e4rkt \u00e5nga.<\/li>\n<li>\ud83e\uddca <strong>1,0\u03a9 Mesh Coil<\/strong> \u2013 rikare \u00e5nga, mjukare smak och starkare smaktillf\u00f6rsel.<\/li>\n<li>\ud83e\uddc3 <strong>40mL E-Liquid Capacity<\/strong> \u2013 F\u00f6rl\u00e4ngda sessioner med f\u00e4rre p\u00e5fyllningar.<\/li>\n<li>\ud83d\udc8e <strong>Premiumbyggd<\/strong> \u2013 h\u00f6gteknologiskt utseende och ergonomiskt grepp.<\/li>\n<li>\ud83c\udf0d <strong>Nikotinalternativ: 2 %, 3 %, 5 %<\/strong> \u2013 L\u00e4mplig f\u00f6r olika marknadsbehov.<\/li>\n<\/ul>\n<h3>UZY Tornado 30K-specifikationer \ud83d\udcd8<\/h3>\n<\/p>\n<tbody>\n<tr>\n<td><strong>Puff Count<\/strong><\/td>\n<td>Upp till 30 000 bloss<\/td>\n<\/tr>\n<tr>\n<td><strong>E-v\u00e4tskekapacitet<\/strong><\/td>\n<td>40mL (dubbelt fack)<\/td>\n<\/tr>\n<tr>\n<td><strong>Batteri<\/strong><\/td>\n<td>850mAh uppladdningsbar<\/td>\n<\/tr>\n<tr>\n<td><strong>Laddningsport<\/strong><\/td>\n<td>Snabbladdning av typ C<\/td>\n<\/tr>\n<tr>\n<td><strong>Spoltyp<\/strong><\/td>\n<td>1.0\u03a9 Mesh Coil<\/td>\n<\/tr>\n<tr>\n<td><strong>Str\u00f6minst\u00e4llningar<\/strong><\/td>\n<td>Justerbar effekt<\/td>\n<\/tr>\n<tr>\n<td><strong>L\u00e4gen<\/strong><\/td>\n<td>Enkel och dubbla ritl\u00e4gen<\/td>\n<\/tr>\n<tr>\n<td><strong>Nikotinstyrka<\/strong><\/td>\n<td>2 %, 3 %, 5 %<\/td>\n<\/tr>\n<tr>\n<td><strong>Sk\u00e4rmvisning<\/strong><\/td>\n<td>Dynamisk RGD-sk\u00e4rm (olje- och batteriniv\u00e5er)<\/td>\n<\/tr>\n<tr>\n<td><strong>Smakalternativ<\/strong><\/td>\n<td>10 kombinationer med dubbla smaker<\/td>\n<\/tr>\n<\/tbody>\n<\/table>\n<h3>UZY Tornado 30K tillg\u00e4ngliga smaker \ud83c\udf6c\ud83c\udf49\u2744\ufe0f<\/h3>\n<p>Varje smakpar ger en fr\u00e4sch smakupplevelse i lager:<\/p>\n<ul>\n<li>\ud83c\udf49\u2744\ufe0f <strong>Vattenmelon Is &amp; Citron Kalk<\/strong> \u2013 Cool melon med citrusglitter.<\/li>\n<li>\ud83c\udf52\u2728 <strong>Kolsyrat K\u00f6rsb\u00e4r Is &amp; Bl\u00e5b\u00e4r Sockervadd<\/strong> \u2013 S\u00f6t godis twist med isig k\u00f6rsb\u00e4rsbrus.<\/li>\n<li>\ud83c\udf53\ud83d\udc99 <strong>Jordgubbsvattenmelon &amp; bl\u00e5b\u00e4rshallon<\/strong> \u2013 Fruktig dubbel fr\u00f6jd.<\/li>\n<li>\u26a1\ud83e\udd6d <strong>Red Bull Is &amp; Jordgubbe Mango<\/strong> \u2013 Energisk isig blandning m\u00f6ter tropisk mango.<\/li>\n<li>\ud83c\udf51\ud83c\udf4d <strong>Persika Is &amp; Ananas Mango Persika<\/strong> \u2013 Sl\u00e4t persika m\u00f6ter tropisk s\u00f6tma.<\/li>\n<li>\ud83c\udf47\u2744\ufe0f <strong>Druvis och jordgubbskiwi<\/strong> \u2013 Isig druva med en syrlig twist.<\/li>\n<li>\ud83c\udf53\ud83c\udf4f <strong>Blandade b\u00e4r och dubbel \u00e4ppelis<\/strong> \u2013 B\u00e4r med uppfriskande \u00e4ppelis.<\/li>\n<li>\ud83d\udc99\ud83c\udf4b <strong>Bl\u00e5 Razz Lemonad &amp; Vattenmelon Bubblegum<\/strong> \u2013 s\u00f6tt, syrligt och roligt.<\/li>\n<li>\ud83c\udf51\ud83c\udf49 <strong>Persika B\u00e4r &amp; Vattenmelon Mango Persika<\/strong> \u2013 Fruktig explosion i lager.<\/li>\n<li>\ud83e\uded0\ud83d\udc09 <strong>Bl\u00e5b\u00e4r Is &amp; Svart Drake Is<\/strong> \u2013 Djup isig intensitet.<\/li>\n<\/ul>\n<h3>Perfekt f\u00f6r \u2714\ufe0f<\/h3>\n<p>Tunga vapers, flavor chasers, vapebutiks\u00e4gare, online-\u00e5terf\u00f6rs\u00e4ljare och grossistdistribut\u00f6rer som beh\u00f6ver en p\u00e5litlig, h\u00f6gpresterande eng\u00e5ngsenhet med dubbla smaker med enormt antal bloss och stark kundtilltal.<\/p>\n<p>Sammantaget \u00e4r <strong>UZY Tornado 30000<\/strong> en f\u00f6rstklassig eng\u00e5ngsvape med dubbla smaker designad f\u00f6r anv\u00e4ndare som kr\u00e4ver l\u00e5ngvarig prestanda, justerbar kraft och dj\u00e4rv smak. Med sin avancerade RGD-sk\u00e4rm, stora 40 ml kapacitet, mesh-spole och enorma 30K puff-livsl\u00e4ngd \u00e4r det ett perfekt val f\u00f6r tunga anv\u00e4ndare, vapebutiker och grossister som letar efter en b\u00e4sts\u00e4ljande enhet.<\/p>\n<h3>Vanliga fr\u00e5gor \u2753<\/h3>\n<p><strong>F: Hur l\u00e4nge h\u00e5ller UZY Tornado 30000?<\/strong><br \/>\nS: Beroende p\u00e5 anv\u00e4ndningss\u00e4tt, upp till 30 000 bloss \u2014 tillr\u00e4ckligt f\u00f6r m\u00e5nga dagars regelbunden vaping.<\/p>\n<p><strong>F: Kan jag v\u00e4xla mellan de tv\u00e5 smakerna?<\/strong><br \/>\nA: Ja! Tanken med tv\u00e5 fack l\u00e5ter dig njuta av tv\u00e5 smaker i en enhet.<\/p>\n<p><strong>F: \u00c4r den uppladdningsbar?<\/strong><br \/>\nS: Ja, den anv\u00e4nder Type-C snabbladdning f\u00f6r stabil kraftprestanda.<\/p>\n<p><strong>F: \u00c4r sk\u00e4rmen i realtid?<\/strong><br \/>\nS: Den dynamiska RGD-displayen visar oljeniv\u00e5er i realtid f\u00f6r b\u00e5da tankarna plus batteristatus.<\/p>\n<p><strong>F: \u00c4r den l\u00e4mplig f\u00f6r grossisthandel?<\/strong><br \/>\nS: Absolut \u2013 h\u00f6gt antal bloss, f\u00f6rstklassig design och stark efterfr\u00e5gan p\u00e5 marknaden g\u00f6r den perfekt f\u00f6r bulkbest\u00e4llningar.<\/p>\n<p><strong>F: Vilka nikotinstyrkor finns tillg\u00e4ngliga?<\/strong><br \/>\nS: 2 %, 3 % och 5 % f\u00f6r att passa olika marknader och regler.<\/p>\n","protected":false},"excerpt":{"rendered":"<p>UZY Tornado 30000 puffar ger dig massiva moln, kraftfull prestanda och tv\u00e5 smaker i en enhet. Med en oljetank med tv\u00e5 fack, justerbar effekt, 1,0\u03a9 mesh-spole och en fantastisk RGD-sk\u00e4rm, kombinerar denna enhet stil, teknik och l\u00e5ngvarig tillfredsst\u00e4llelse. Idealisk f\u00f6r b\u00e5de detaljhandelskunder och grossist bulkk\u00f6pare. \ud83d\udd25 Varf\u00f6r v\u00e4lja UZY Tornado 30000? \ud83c\udf2a\ufe0f \ud83c\udf6d Dual-Flavor System [&hellip;]<\/p>\n","protected":false},"featured_media":6687,"comment_status":"open","ping_status":"closed","template":"","meta":[],"product_brand":[],"product_cat":[584,1564,1623,1391,1429,1898,1460],"product_tag":[1626,1662,1694,1752,1727],"class_list":{"0":"post-33020","1":"product","2":"type-product","3":"status-publish","4":"has-post-thumbnail","6":"product_cat-30000-puffar-engangsvape","7":"product_cat-engangsvapor-i-polen","8":"product_cat-engangsvapor-i-spanien","9":"product_cat-engangsvapor-i-tyskland","10":"product_cat-engangsvapor-i-ungern","11":"product_cat-uzy","12":"product_cat-vapes-for-engangsbruk-i-italien","13":"product_tag-30000-puffar-rgd-skarm-vape","14":"product_tag-bulk-vape-leverantor","15":"product_tag-engangsvape-med-dubbla-smaker","16":"product_tag-grossist-engangs-vape","17":"product_tag-uzy-tornado-30000-vape","19":"first","20":"instock","21":"shipping-taxable","22":"purchasable","23":"product-type-variable","24":"has-default-attributes"},"jetpack_sharing_enabled":true,"tiered_pricing_type":"fixed","tiered_pricing_fixed_rules":{"1000":5.37000000000000010658141036401502788066864013671875},"tiered_pricing_product_settings":{"layout":"default","base_unit_name":{"singular":null,"plural":null},"default_variation":null},"tiered_pricing_minimum_quantity":1000,"tiered_pricing_roles_data":[],"tiered_pricing_percentage_rules":[],"tiered_pricing_maximum_quantity":null,"tiered_pricing_quantity_step":"10","_links":{"self":[{"href":"https:\/\/ricovape.com\/sv\/wp-json\/wp\/v2\/product\/33020","targetHints":{"allow":["GET"]}}],"collection":[{"href":"https:\/\/ricovape.com\/sv\/wp-json\/wp\/v2\/product"}],"about":[{"href":"https:\/\/ricovape.com\/sv\/wp-json\/wp\/v2\/types\/product"}],"replies":[{"embeddable":true,"href":"https:\/\/ricovape.com\/sv\/wp-json\/wp\/v2\/comments?post=33020"}],"wp:featuredmedia":[{"embeddable":true,"href":"https:\/\/ricovape.com\/sv\/wp-json\/wp\/v2\/media\/6687"}],"wp:attachment":[{"href":"https:\/\/ricovape.com\/sv\/wp-json\/wp\/v2\/media?parent=33020"}],"wp:term":[{"taxonomy":"product_brand","embeddable":true,"href":"https:\/\/ricovape.com\/sv\/wp-json\/wp\/v2\/product_brand?post=33020"},{"taxonomy":"product_cat","embeddable":true,"href":"https:\/\/ricovape.com\/sv\/wp-json\/wp\/v2\/product_cat?post=33020"},{"taxonomy":"product_tag","embeddable":true,"href":"https:\/\/ricovape.com\/sv\/wp-json\/wp\/v2\/product_tag?post=33020"}],"curies":[{"name":"wp","href":"https:\/\/api.w.org\/{rel}","templated":true}]}}