{"id":32867,"date":"2025-07-07T09:21:41","date_gmt":"2025-07-07T09:21:41","guid":{"rendered":"https:\/\/stage.jrfer.com\/product\/okso-shisha-hookah-mega-50k-50000-puffar-triple-mesh-coil-bulk-engangsvape\/"},"modified":"2026-04-07T13:02:47","modified_gmt":"2026-04-07T13:02:47","slug":"okso-shisha-hookah-mega-50000","status":"publish","type":"product","link":"https:\/\/ricovape.com\/sv\/produkt\/okso-shisha-hookah-mega-50000\/","title":{"rendered":"OKSO Shisha Hookah Mega 50K | 50000 puffar triple mesh coil bulk eng\u00e5ngsvape"},"content":{"rendered":"<h2>Varf\u00f6r v\u00e4lja OKSO Shisha Hookah Mega 50000?<\/h2>\n<ul>\n<li><strong>Massiv puffkapacitet:<\/strong> Upp till 50 000 bloss f\u00f6r ultral\u00e5nga sessioner \ud83d\ude80<\/li>\n<li><strong>Triple Mesh Coil:<\/strong> T\u00e4t \u00e5nga och dj\u00e4rva smaker i varje puff \ud83c\udf2c\ufe0f<\/li>\n<li><strong>Enorm 40 ml E-v\u00e4tsketank:<\/strong> F\u00f6rfylld f\u00f6r veckor av oavbruten vaping \ud83d\udce6<\/li>\n<li><strong>Flexibla nikotinalternativ:<\/strong> Finns i 0 %, 2 %, 3 % och 5 % f\u00f6r alla preferenser \ud83d\udca7<\/li>\n<li><strong>Uppladdningsbart 1100mAh batteri:<\/strong> Typ-C-laddning f\u00f6r snabb och p\u00e5litlig str\u00f6m \ud83d\udd0b\u26a1<\/li>\n<li><strong>LED Smart Screen:<\/strong> Sp\u00e5ra dina batteri- och e-v\u00e4tskeniv\u00e5er i realtid \ud83d\udcca<\/li>\n<li><strong>Justerbart luftfl\u00f6de:<\/strong> Anpassa ditt dragmotst\u00e5nd f\u00f6r en shisha-liknande upplevelse \ud83c\udfaf<\/li>\n<li><strong>Premiumdesign:<\/strong> Kompakt kropp p\u00e5 141 g, bekv\u00e4m att b\u00e4ra och anv\u00e4nda var som helst \ud83d\udc5c<\/li>\n<li><strong>Grossf\u00f6rberedd:<\/strong> Bulkf\u00f6rpackningar g\u00f6r den perfekt f\u00f6r distribut\u00f6rer och \u00e5terf\u00f6rs\u00e4ljare \ud83c\udfea<\/li>\n<\/ul>\n<h3>Specifikationer<\/h3>\n<tbody>\n<tr>\n<td><strong>Puffkapacitet:<\/strong><\/td>\n<td>Upp till 50 000 bloss<\/td>\n<\/tr>\n<tr>\n<td><strong>E-v\u00e4tskekapacitet:<\/strong><\/td>\n<td>40 ml<\/td>\n<\/tr>\n<tr>\n<td><strong>Spoltyp:<\/strong><\/td>\n<td>Triple mesh spole<\/td>\n<\/tr>\n<tr>\n<td><strong>Batteri:<\/strong><\/td>\n<td>1100mAh uppladdningsbar, Type-C-laddning<\/td>\n<\/tr>\n<tr>\n<td><strong>Nikotinalternativ:<\/strong><\/td>\n<td>0 %, 2 %, 3 %, 5 %<\/td>\n<\/tr>\n<tr>\n<td><strong>Visa:<\/strong><\/td>\n<td>Smart LED-sk\u00e4rm (batteri- och e-v\u00e4tskeniv\u00e5)<\/td>\n<\/tr>\n<tr>\n<td><strong>Luftfl\u00f6de:<\/strong><\/td>\n<td>Justerbart dragmotst\u00e5nd<\/td>\n<\/tr>\n<tr>\n<td><strong>Vikt och storlek:<\/strong><\/td>\n<td>141g | 43\u00d743\u00d7135 mm<\/td>\n<\/tr>\n<\/tbody>\n<\/table>\n<h3>Smakval<\/h3>\n<p><strong>OKSO Shisha Hookah Mega 50K<\/strong> ger smaker i shisha-stil i dj\u00e4rva, uppfriskande blandningar. H\u00e4r \u00e4r h\u00f6jdpunkterna:<\/p>\n<ul>\n<li><strong>Frodig Is:<\/strong> S\u00f6t vattenmelon med en isande cool twist \ud83c\udf49\u2744\ufe0f<\/li>\n<li><strong>Tv\u00e5 \u00e4pplen:<\/strong> Klassisk dubbel \u00e4ppelshishasmak \ud83c\udf4f\ud83c\udf4e<\/li>\n<li><strong>Jordgubbe Vattenmelon Bubblegum:<\/strong> Fruktig, saftig och s\u00f6t med en godisst\u00e4mning \ud83c\udf53\ud83c\udf49\ud83c\udf6c<\/li>\n<li><strong>Persika Is:<\/strong> Saftig persika balanserad med uppfriskande is \ud83c\udf51\u2744\ufe0f<\/li>\n<li><strong>Bl\u00e5b\u00e4rshallonk\u00f6rsb\u00e4r:<\/strong> En trippelb\u00e4rsexplosion \ud83e\uded0\ud83c\udf47\ud83c\udf52<\/li>\n<li><strong>K\u00e4rlek 66:<\/strong> Exotisk shisha-inspirerad blandning med en fruktig kick \ud83d\udc95\ud83c\udf4d<\/li>\n<li><strong>Mango is:<\/strong> Tropisk mango tillsammans med en isig finish \ud83e\udd6d\u2744\ufe0f<\/li>\n<li><strong>Jordgubbskiwi:<\/strong> S\u00f6t och syrlig, en uppfriskande duo \ud83c\udf53\ud83e\udd5d<\/li>\n<li><strong>Lady Killa:<\/strong> Dj\u00e4rv, tropisk fusion med mjuk s\u00f6tma \ud83c\udf34\ud83c\udf53<\/li>\n<li><strong>Druvis:<\/strong> Klassisk druvsmak med en frostig kant \ud83c\udf47\u2744\ufe0f<\/li>\n<\/ul>\n<h3>Perfekt f\u00f6r vapers och distribut\u00f6rer<\/h3>\n<p><strong>OKSO Shisha Hookah Mega 50K<\/strong> \u00e4r designad f\u00f6r <strong>tunga anv\u00e4ndare, smakentusiaster och shisha-fans<\/strong>. Med sina 50 000 puffar, trippeln\u00e4tspiral och breda nikotinalternativ \u00e4r det ett perfekt val f\u00f6r vapebutiker, distribut\u00f6rer och grossister som vill ha produkter med h\u00f6g efterfr\u00e5gan. \ud83d\udce6\ud83d\udcaf<\/p>\n<h3>Vanliga fr\u00e5gor<\/h3>\n<ul>\n<li><strong>Hur l\u00e4nge h\u00e5ller OKSO 50K?<\/strong><br \/>\nMed upp till 50 000 bloss och 40 ml e-v\u00e4tska kan den h\u00e5lla i veckor beroende p\u00e5 anv\u00e4ndning.<\/li>\n<li><strong>Har den nikotinfria alternativ?<\/strong><br \/>\nJa, det finns i nikotinniv\u00e5er p\u00e5 0 %, 2 %, 3 % och 5 %.<\/li>\n<li><strong>\u00c4r den uppladdningsbar?<\/strong><br \/>\nJa, den har ett kraftfullt 1100mAh uppladdningsbart batteri med Type-C-laddning.<\/li>\n<li><strong>Vad skiljer den fr\u00e5n andra eng\u00e5ngsartiklar?<\/strong><br \/>\nDen tredubbla mesh-spolen, luftfl\u00f6deskontrollen, LED-sk\u00e4rmen och det enorma antalet bloss g\u00f6r det till ett premiumalternativ.<\/li>\n<li><strong>\u00c4r det bra f\u00f6r grossisthandel?<\/strong><br \/>\nAbsolut! Bulk-f\u00e4rdig och popul\u00e4r bland shisha-liknande smak\u00e4lskare, den \u00e4r idealisk f\u00f6r detaljhandelshyllor och distribut\u00f6rer.<\/li>\n<\/ul>\n","protected":false},"excerpt":{"rendered":"<p><strong>OKSO Shisha Hookah Mega 50000<\/strong> \ud83d\udca8 \u00e4r en kraftfull eng\u00e5ngsvape med massivt blossantal, trippeln\u00e4tspolprestanda och f\u00f6rstklassiga shisha-inspirerade smaker. Perfekt f\u00f6r tunga vapers, vapebutiker och grossistk\u00f6pare.<\/p>\n","protected":false},"featured_media":1612,"comment_status":"open","ping_status":"closed","template":"","meta":[],"product_brand":[],"product_cat":[642,1860],"product_tag":[],"class_list":{"0":"post-32867","1":"product","2":"type-product","3":"status-publish","4":"has-post-thumbnail","6":"product_cat-40000-puffar-engangsvape","7":"product_cat-okso","9":"first","10":"instock","11":"shipping-taxable","12":"purchasable","13":"product-type-variable","14":"has-default-attributes"},"jetpack_sharing_enabled":true,"tiered_pricing_type":"fixed","tiered_pricing_fixed_rules":{"30":9.5,"50":8.9000000000000003552713678800500929355621337890625,"100":7.9000000000000003552713678800500929355621337890625,"200":7.20000000000000017763568394002504646778106689453125},"tiered_pricing_product_settings":{"layout":"default","base_unit_name":{"singular":null,"plural":null},"default_variation":null},"tiered_pricing_minimum_quantity":10,"tiered_pricing_roles_data":[],"tiered_pricing_percentage_rules":[],"tiered_pricing_maximum_quantity":null,"tiered_pricing_quantity_step":"10","_links":{"self":[{"href":"https:\/\/ricovape.com\/sv\/wp-json\/wp\/v2\/product\/32867","targetHints":{"allow":["GET"]}}],"collection":[{"href":"https:\/\/ricovape.com\/sv\/wp-json\/wp\/v2\/product"}],"about":[{"href":"https:\/\/ricovape.com\/sv\/wp-json\/wp\/v2\/types\/product"}],"replies":[{"embeddable":true,"href":"https:\/\/ricovape.com\/sv\/wp-json\/wp\/v2\/comments?post=32867"}],"wp:featuredmedia":[{"embeddable":true,"href":"https:\/\/ricovape.com\/sv\/wp-json\/wp\/v2\/media\/1612"}],"wp:attachment":[{"href":"https:\/\/ricovape.com\/sv\/wp-json\/wp\/v2\/media?parent=32867"}],"wp:term":[{"taxonomy":"product_brand","embeddable":true,"href":"https:\/\/ricovape.com\/sv\/wp-json\/wp\/v2\/product_brand?post=32867"},{"taxonomy":"product_cat","embeddable":true,"href":"https:\/\/ricovape.com\/sv\/wp-json\/wp\/v2\/product_cat?post=32867"},{"taxonomy":"product_tag","embeddable":true,"href":"https:\/\/ricovape.com\/sv\/wp-json\/wp\/v2\/product_tag?post=32867"}],"curies":[{"name":"wp","href":"https:\/\/api.w.org\/{rel}","templated":true}]}}