{"id":30213,"date":"2025-07-07T09:21:41","date_gmt":"2025-07-07T09:21:41","guid":{"rendered":"https:\/\/stage.jrfer.com\/product\/okso-crystal-bar-800-puffar-kompakt-mesh-spole-engangsvape\/"},"modified":"2026-04-07T13:01:20","modified_gmt":"2026-04-07T13:01:20","slug":"okso-crystal-bar-800","status":"publish","type":"product","link":"https:\/\/ricovape.com\/sv\/produkt\/okso-crystal-bar-800\/","title":{"rendered":"OKSO Crystal Bar 800 Puffar | kompakt mesh spole eng\u00e5ngsvape"},"content":{"rendered":"<h2>Varf\u00f6r v\u00e4lja OKSO Crystal Bar 800?<\/h2>\n<ul>\n<li><strong>800 puffar:<\/strong> L\u00e5ngvarig prestanda f\u00f6r sin storlek \ud83d\udd25<\/li>\n<li><strong>Mesh Coil Technology:<\/strong> Rik, konsekvent smak fr\u00e5n det f\u00f6rsta blosset till det sista \ud83c\udf2c\ufe0f<\/li>\n<li><strong>2mL f\u00f6rfylld e-v\u00e4tska:<\/strong> Inga p\u00e5fyllningar, inget kr\u00e5ngel \u2705<\/li>\n<li><strong>Nikotinflexibilitet:<\/strong> Finns i 0 %, 2 %, 3 % och 5 % f\u00f6r alla typer av vapers \ud83d\udca7<\/li>\n<li><strong>400mAh batteri:<\/strong> P\u00e5litlig kraft som h\u00e5ller genom alla 800 bloss \ud83d\udd0b<\/li>\n<li><strong>RGB LED-belysning:<\/strong> Snygg ljuseffekt med varje bloss \ud83c\udf08<\/li>\n<li><strong>Ultral\u00e4tt design:<\/strong> Endast 36 g \u2013 l\u00e4tt att b\u00e4ra, diskret och resev\u00e4nlig \ud83c\udf92<\/li>\n<li><strong>Grossf\u00f6rberedd:<\/strong> Perfekt f\u00f6r vapebutiker, distribut\u00f6rer och B2B-k\u00f6pare \ud83c\udfea<\/li>\n<\/ul>\n<h3>Specifikationer<\/h3>\n<tbody>\n<tr>\n<td><strong>Puffkapacitet:<\/strong><\/td>\n<td>800 bloss<\/td>\n<\/tr>\n<tr>\n<td><strong>E-v\u00e4tskekapacitet:<\/strong><\/td>\n<td>2mL<\/td>\n<\/tr>\n<tr>\n<td><strong>Spoltyp:<\/strong><\/td>\n<td>Mesh-spole<\/td>\n<\/tr>\n<tr>\n<td><strong>Batteri:<\/strong><\/td>\n<td>400mAh<\/td>\n<\/tr>\n<tr>\n<td><strong>Nikotinalternativ:<\/strong><\/td>\n<td>0 %, 2 %, 3 %, 5 %<\/td>\n<\/tr>\n<tr>\n<td><strong>Belysning:<\/strong><\/td>\n<td>RGB LED-effekt<\/td>\n<\/tr>\n<tr>\n<td><strong>Vikt:<\/strong><\/td>\n<td>36g (ultra-l\u00e4tt)<\/td>\n<\/tr>\n<\/tbody>\n<\/table>\n<h3>Smakval<\/h3>\n<p><strong>OKSO Crystal Bar 800<\/strong> kommer i ett brett utbud av uppfriskande och dj\u00e4rva smaker f\u00f6r att passa alla preferenser:<\/p>\n<ul>\n<li><strong>Mynta:<\/strong> Skarp och uppfriskande mentolblast \u2744\ufe0f<\/li>\n<li><strong>Persika Is:<\/strong> Saftig persika med en frostig finish \ud83c\udf51\u2744\ufe0f<\/li>\n<li><strong>Rosa citron:<\/strong> S\u00f6t och syrlig citrusblandning \ud83c\udf4b\u2728<\/li>\n<li><strong>Tigerblod:<\/strong> Exotisk fruktig fusion med en dj\u00e4rv punch \ud83d\udc05\ud83c\udf53\ud83c\udf49<\/li>\n<li><strong>Druvis:<\/strong> Klassisk druva med en isig kick \ud83c\udf47\u2744\ufe0f<\/li>\n<li><strong>Vattenmelon is:<\/strong> Cool och saftig vattenmelon \ud83c\udf49\u2744\ufe0f<\/li>\n<li><strong>Bl\u00e5 Razz Is:<\/strong> Syrliga bl\u00e5 hallon med uppfriskande kyla \ud83e\uded0\u2744\ufe0f<\/li>\n<li><strong>Persika Mango Vattenmelon:<\/strong> Tropisk fruktmedley f\u00f6r en s\u00f6t vape \ud83c\udf51\ud83e\udd6d\ud83c\udf49<\/li>\n<li><strong>K\u00f6rsb\u00e4rsis:<\/strong> S\u00f6ta k\u00f6rsb\u00e4r blandade med kall is \ud83c\udf52\u2744\ufe0f<\/li>\n<li><strong>Jordgubbis:<\/strong> F\u00e4rska jordgubbar med en kylig kant \ud83c\udf53\u2744\ufe0f<\/li>\n<\/ul>\n<h3>Perfekt f\u00f6r daglig anv\u00e4ndning och grossistf\u00f6rs\u00e4ljning<\/h3>\n<p><strong>OKSO Crystal Bar 800<\/strong> \u00e4r ett idealiskt val f\u00f6r <strong>avslappnade anv\u00e4ndare, nyb\u00f6rjare och vapers p\u00e5 spr\u00e5ng<\/strong>. Med sin l\u00e4tta design och snygga RGB-belysning \u00e4r den b\u00e5de funktionell och rolig. F\u00f6r <strong>grossister och vapebutiker<\/strong> g\u00f6r 800-puff-formatet med flera nikotinstyrkor det till en popul\u00e4r, snabbs\u00e4ljande eng\u00e5ngsprodukt. \ud83d\udce6\ud83d\udcaf<\/p>\n<h3>Vanliga fr\u00e5gor<\/h3>\n<ul>\n<li><strong>Hur l\u00e4nge h\u00e5ller OKSO Crystal Bar 800?<\/strong><br \/>\nDen ger upp till 800 bloss, vanligtvis flera dagar beroende p\u00e5 anv\u00e4ndning.<\/li>\n<li><strong>\u00c4r den uppladdningsbar?<\/strong><br \/>\nNej, den \u00e4r f\u00f6rladdad och \u00e4r designad f\u00f6r bekv\u00e4m eng\u00e5ngsbruk.<\/li>\n<li><strong>Finns det i nikotinfria alternativ?<\/strong><br \/>\nJa, den erbjuder 0 %, 2 %, 3 % och 5 % nikotinstyrkor.<\/li>\n<li><strong>\u00c4r det bra f\u00f6r grossisthandel?<\/strong><br \/>\nJa, dess kompakta design, flera smaker och popul\u00e4ra bloss g\u00f6r den perfekt f\u00f6r B2B-k\u00f6pare och butiker.<\/li>\n<li><strong>Vad g\u00f6r den unik?<\/strong><br \/>\nDen l\u00e4tta kristallklara designen, mesh-spolen f\u00f6r smak och snygg RGB-belysning skiljer den fr\u00e5n andra eng\u00e5ngsartiklar.<\/li>\n<\/ul>\n","protected":false},"excerpt":{"rendered":"<p>OKSO Crystal Bar 800<\/strong> \ud83d\udca8 \u00e4r en l\u00e4tt, smakrik eng\u00e5ngsvape designad f\u00f6r tillf\u00e4lliga och m\u00e5ttliga anv\u00e4ndare. Med <strong>mesh coil-teknologi<\/strong> och upp till <strong>800 puffar<\/strong>, ger den mjuka tr\u00e4ffar och dj\u00e4rv smak i en elegant fickv\u00e4nlig design.<\/p>\n","protected":false},"featured_media":1656,"comment_status":"open","ping_status":"closed","template":"","meta":[],"product_brand":[],"product_cat":[747,1860],"product_tag":[],"class_list":{"0":"post-30213","1":"product","2":"type-product","3":"status-publish","4":"has-post-thumbnail","6":"product_cat-800-puffar-engangsvape","7":"product_cat-okso","9":"first","10":"instock","11":"shipping-taxable","12":"purchasable","13":"product-type-variable","14":"has-default-attributes"},"jetpack_sharing_enabled":true,"tiered_pricing_type":"fixed","tiered_pricing_fixed_rules":{"30":4.57000000000000028421709430404007434844970703125,"50":2.839999999999999857891452847979962825775146484375,"100":2.279999999999999804600747665972448885440826416015625,"200":2.100000000000000088817841970012523233890533447265625,"400":1.729999999999999982236431605997495353221893310546875},"tiered_pricing_product_settings":{"layout":"default","base_unit_name":{"singular":null,"plural":null},"default_variation":null},"tiered_pricing_minimum_quantity":10,"tiered_pricing_roles_data":[],"tiered_pricing_percentage_rules":[],"tiered_pricing_maximum_quantity":null,"tiered_pricing_quantity_step":"10","_links":{"self":[{"href":"https:\/\/ricovape.com\/sv\/wp-json\/wp\/v2\/product\/30213","targetHints":{"allow":["GET"]}}],"collection":[{"href":"https:\/\/ricovape.com\/sv\/wp-json\/wp\/v2\/product"}],"about":[{"href":"https:\/\/ricovape.com\/sv\/wp-json\/wp\/v2\/types\/product"}],"replies":[{"embeddable":true,"href":"https:\/\/ricovape.com\/sv\/wp-json\/wp\/v2\/comments?post=30213"}],"wp:featuredmedia":[{"embeddable":true,"href":"https:\/\/ricovape.com\/sv\/wp-json\/wp\/v2\/media\/1656"}],"wp:attachment":[{"href":"https:\/\/ricovape.com\/sv\/wp-json\/wp\/v2\/media?parent=30213"}],"wp:term":[{"taxonomy":"product_brand","embeddable":true,"href":"https:\/\/ricovape.com\/sv\/wp-json\/wp\/v2\/product_brand?post=30213"},{"taxonomy":"product_cat","embeddable":true,"href":"https:\/\/ricovape.com\/sv\/wp-json\/wp\/v2\/product_cat?post=30213"},{"taxonomy":"product_tag","embeddable":true,"href":"https:\/\/ricovape.com\/sv\/wp-json\/wp\/v2\/product_tag?post=30213"}],"curies":[{"name":"wp","href":"https:\/\/api.w.org\/{rel}","templated":true}]}}