{"id":28141,"date":"2025-07-07T09:21:41","date_gmt":"2025-07-07T09:21:41","guid":{"rendered":"https:\/\/stage.jrfer.com\/product\/okso-magic-mirror-50k-50000-puffar-rgb-spegelfinish-engangsvape\/"},"modified":"2026-04-07T12:59:29","modified_gmt":"2026-04-07T12:59:29","slug":"okso-magic-mirror-50000","status":"publish","type":"product","link":"https:\/\/ricovape.com\/sv\/produkt\/okso-magic-mirror-50000\/","title":{"rendered":"OKSO Magic Mirror 50K | 50000 puffar rgb spegelfinish eng\u00e5ngsvape"},"content":{"rendered":"<h2>Varf\u00f6r v\u00e4lja OKSO Magic Mirror 50K?<\/h2>\n<ul>\n<li><strong>Enorma 50 000 puffar:<\/strong> L\u00e5ngvariga sessioner med f\u00e4rre utbyten \ud83d\udd25<\/li>\n<li><strong>Dual Mesh Coil:<\/strong> J\u00e4mn \u00e5nga, rik smak och t\u00e4ta moln \ud83c\udf2c\ufe0f<\/li>\n<li><strong>40mL f\u00f6rfylld e-v\u00e4tska:<\/strong> P\u00e5litlig, l\u00e5ngvarig anv\u00e4ndning \ud83d\udca7<\/li>\n<li><strong>Nikotinalternativ:<\/strong> 0 %, 2 %, 3 % och 5 % f\u00f6r olika behov \ud83d\udc4d<\/li>\n<li><strong>850mAh uppladdningsbart batteri:<\/strong> Med Type-C snabbladdning \ud83d\udd0b<\/li>\n<li><strong>Spegelfinish + RGB-belysning:<\/strong> Snygg och i\u00f6gonfallande \ud83c\udf08<\/li>\n<li><strong>LED-sk\u00e4rm:<\/strong> Puff- och batterisp\u00e5rning i realtid \ud83d\udcca<\/li>\n<li><strong>Barnl\u00e5s:<\/strong> S\u00e4krare design f\u00f6r sinnesfrid \ud83d\udd12<\/li>\n<li><strong>F\u00f6rberedd f\u00f6r grossisthandel:<\/strong> Bulkf\u00f6rpackning idealisk f\u00f6r B2B-k\u00f6pare \ud83d\udce6<\/li>\n<\/ul>\n<h3>Specifikationer<\/h3>\n<tbody>\n<tr>\n<td><strong>Puffkapacitet:<\/strong><\/td>\n<td>Upp till 50 000 bloss<\/td>\n<\/tr>\n<tr>\n<td><strong>E-v\u00e4tskekapacitet:<\/strong><\/td>\n<td>40 ml<\/td>\n<\/tr>\n<tr>\n<td><strong>Batteri:<\/strong><\/td>\n<td>850mAh uppladdningsbar, Type-C-laddning<\/td>\n<\/tr>\n<tr>\n<td><strong>Spoltyp:<\/strong><\/td>\n<td>Dual Mesh Coil<\/td>\n<\/tr>\n<tr>\n<td><strong>Nikotinalternativ:<\/strong><\/td>\n<td>0 %, 2 %, 3 %, 5 %<\/td>\n<\/tr>\n<tr>\n<td><strong>Design:<\/strong><\/td>\n<td>Spegelfinish med RGB LED-effekter<\/td>\n<\/tr>\n<tr>\n<td><strong>Visa:<\/strong><\/td>\n<td>LED-batteri &amp; puff tracker<\/td>\n<\/tr>\n<tr>\n<td><strong>S\u00e4kerhet:<\/strong><\/td>\n<td>Inbyggt barnl\u00e5s<\/td>\n<\/tr>\n<\/tbody>\n<\/table>\n<h3>Smakval<\/h3>\n<p><strong>OKSO Magic Mirror 50K<\/strong> kommer i 10 sp\u00e4nnande smaker, var och en designad f\u00f6r att tillfredsst\u00e4lla olika smakpreferenser:<\/p>\n<ul>\n<li><strong>Bl\u00e5 Razz is:<\/strong> Tangy bl\u00e5 hallon med isig fr\u00e4sch\u00f6r \ud83e\uded0\u2744\ufe0f<\/li>\n<li><strong>Frodig is:<\/strong> Klassisk vattenmelon med en frostig kick \ud83c\udf49\u2744\ufe0f<\/li>\n<li><strong>Jordgubbs is:<\/strong> S\u00f6ta jordgubbar blandade med mentol \ud83c\udf53\u2744\ufe0f<\/li>\n<li><strong>Druvis:<\/strong> Dj\u00e4rv druvsmak med en kylande finish \ud83c\udf47\u2744\ufe0f<\/li>\n<li><strong>K\u00c4RLEK 66:<\/strong> Exotisk fruktig blandning med en twist i shisha-stil \ud83d\udc95<\/li>\n<li><strong>Lady Killa:<\/strong> Tropisk cocktailinspirerad smak \ud83c\udf79<\/li>\n<li><strong>Mynta is:<\/strong> Ren, uppfriskande mynta med en svalkande touch \ud83c\udf3f\u2744\ufe0f<\/li>\n<li><strong>Jordgubbsvattenmelon:<\/strong> Saftig kombination av jordgubb och melon \ud83c\udf53\ud83c\udf49<\/li>\n<li><strong>Kiwi passionsfrukt:<\/strong> S\u00f6t, syrlig tropisk duo \ud83e\udd5d\ud83e\udd6d<\/li>\n<li><strong>Blandade b\u00e4r:<\/strong> En medley av dj\u00e4rv b\u00e4rs\u00f6tma \ud83c\udf53\ud83e\uded0\ud83c\udf52<\/li>\n<\/ul>\n<h3>Perfekt f\u00f6r tunga anv\u00e4ndare och grossistk\u00f6pare<\/h3>\n<p><strong>OKSO Magic Mirror 50K<\/strong> \u00e4r ett toppval f\u00f6r <strong>tunga vapers, smak\u00e4lskare och vapebutiksdistribut\u00f6rer<\/strong>. Dess l\u00e5ngvariga puffantal, premiumdesign och m\u00e5ngsidiga nikotinalternativ g\u00f6r den till ett utm\u00e4rkt tillskott f\u00f6r <strong>grossistdistribution<\/strong>. \ud83d\udcaf\ud83d\ude80<\/p>\n<h3>Vanliga fr\u00e5gor<\/h3>\n<ul>\n<li><strong>Hur l\u00e4nge varar det?<\/strong><br \/>\nMed upp till 50 000 bloss kan den h\u00e5lla i veckor beroende p\u00e5 anv\u00e4ndning.<\/li>\n<li><strong>\u00c4r den uppladdningsbar?<\/strong><br \/>\nJa, den har ett 850mAh batteri med Type-C snabbladdning.<\/li>\n<li><strong>St\u00f6der den nikotinfri vaping?<\/strong><br \/>\nJa, 0 % nikotin \u00e4r tillg\u00e4ngligt tillsammans med styrkorna 2 %, 3 % och 5 %.<\/li>\n<li><strong>Vad g\u00f6r den unik?<\/strong><br \/>\nSpegelfinishen, RGB-belysningen och den dubbla mesh-spolen skiljer den \u00e5t.<\/li>\n<li><strong>\u00c4r det bra f\u00f6r grossisthandel?<\/strong><br \/>\nAbsolut. Dess h\u00f6ga puffantal och smakvariation g\u00f6r den till en stark s\u00e4ljare i vapebutiker och B2B-marknader.<\/li>\n<\/ul>\n","protected":false},"excerpt":{"rendered":"<p><strong>OKSO Magic Mirror 50K<\/strong> \u2728 ger <strong>upp till 50 000 bloss<\/strong> med en premium <strong>dual mesh-spole<\/strong>, massiv 40 ml e-v\u00e4tska och en elegant spegelfinish med RGB-belysning. Perfekt f\u00f6r <strong>grossistk\u00f6pare, distribut\u00f6rer och tunga anv\u00e4ndare<\/strong> som s\u00f6ker l\u00e5ngvarig prestanda och dj\u00e4rva smaker.<\/p>\n","protected":false},"featured_media":1667,"comment_status":"open","ping_status":"closed","template":"","meta":[],"product_brand":[],"product_cat":[642,1860],"product_tag":[],"class_list":{"0":"post-28141","1":"product","2":"type-product","3":"status-publish","4":"has-post-thumbnail","6":"product_cat-40000-puffar-engangsvape","7":"product_cat-okso","9":"first","10":"instock","11":"shipping-taxable","12":"purchasable","13":"product-type-variable","14":"has-default-attributes"},"jetpack_sharing_enabled":true,"tiered_pricing_type":"fixed","tiered_pricing_fixed_rules":{"30":9.5,"60":8.9000000000000003552713678800500929355621337890625,"100":8.300000000000000710542735760100185871124267578125,"200":7.9000000000000003552713678800500929355621337890625},"tiered_pricing_product_settings":{"layout":"default","base_unit_name":{"singular":null,"plural":null},"default_variation":null},"tiered_pricing_minimum_quantity":10,"tiered_pricing_roles_data":[],"tiered_pricing_percentage_rules":[],"tiered_pricing_maximum_quantity":null,"tiered_pricing_quantity_step":"10","_links":{"self":[{"href":"https:\/\/ricovape.com\/sv\/wp-json\/wp\/v2\/product\/28141","targetHints":{"allow":["GET"]}}],"collection":[{"href":"https:\/\/ricovape.com\/sv\/wp-json\/wp\/v2\/product"}],"about":[{"href":"https:\/\/ricovape.com\/sv\/wp-json\/wp\/v2\/types\/product"}],"replies":[{"embeddable":true,"href":"https:\/\/ricovape.com\/sv\/wp-json\/wp\/v2\/comments?post=28141"}],"wp:featuredmedia":[{"embeddable":true,"href":"https:\/\/ricovape.com\/sv\/wp-json\/wp\/v2\/media\/1667"}],"wp:attachment":[{"href":"https:\/\/ricovape.com\/sv\/wp-json\/wp\/v2\/media?parent=28141"}],"wp:term":[{"taxonomy":"product_brand","embeddable":true,"href":"https:\/\/ricovape.com\/sv\/wp-json\/wp\/v2\/product_brand?post=28141"},{"taxonomy":"product_cat","embeddable":true,"href":"https:\/\/ricovape.com\/sv\/wp-json\/wp\/v2\/product_cat?post=28141"},{"taxonomy":"product_tag","embeddable":true,"href":"https:\/\/ricovape.com\/sv\/wp-json\/wp\/v2\/product_tag?post=28141"}],"curies":[{"name":"wp","href":"https:\/\/api.w.org\/{rel}","templated":true}]}}