{"id":26698,"date":"2025-10-21T03:02:23","date_gmt":"2025-10-21T03:02:23","guid":{"rendered":"https:\/\/stage.jrfer.com\/product\/waspe-aiviou-6-i-1-150000-puffar-langsta-hallbara-engangsvape-med-led-display\/"},"modified":"2026-04-07T11:47:29","modified_gmt":"2026-04-07T11:47:29","slug":"waspe-aiviou-6-in-1-150000-puffs-longest-lasting-disposable-vape-with-led-display","status":"publish","type":"product","link":"https:\/\/ricovape.com\/sv\/produkt\/waspe-aiviou-6-in-1-150000-puffs-longest-lasting-disposable-vape-with-led-display\/","title":{"rendered":"WASPE AIVIOU 6-i-1 150000 Puffar | l\u00e4ngsta h\u00e5llbara eng\u00e5ngsvape med led display"},"content":{"rendered":"<h2>WASPE AIVIOU 6-i-1 150000 puffar \ud83d\udca8 | l\u00e4ngsta h\u00e5llbara eng\u00e5ngsvape med led-display<\/h2>\n<h3>\ud83d\udd25 Varf\u00f6r v\u00e4lja WASPE 150k 6-i-1?<\/h3>\n<ul>\n<li style=\"list-style-type: none\">\n<ul>\n<li>\ud83d\udda5\ufe0f <strong>Smart LED-sk\u00e4rm:<\/strong> Visar b\u00e5de batteri- och e-v\u00e4tskeniv\u00e5er tydligt.<\/li>\n<li>\ud83c\udf0d <strong>Nikotinalternativ:<\/strong> Finns i styrkor p\u00e5 0 %, 2 % eller 5 %.<\/li>\n<li>\ud83d\udca8 <strong>150 000 puffar:<\/strong> Ut\u00f6kad vapingkraft f\u00f6r l\u00e5ngvarig njutning.<\/li>\n<li>\ud83c\udf08 <strong>6-i-1 smaksystem:<\/strong> V\u00e4xla s\u00f6ml\u00f6st mellan sex f\u00f6rfyllda smaker i en enhet.<\/li>\n<li>\u2699\ufe0f <strong>Triple Mesh Coil (1,0\u03a9):<\/strong> Ger mjukare \u00e5nga och starkare smak.<\/li>\n<li>\ud83d\udd0b <strong>650mAh uppladdningsbart batteri:<\/strong> Typ-C-laddning f\u00f6r p\u00e5litlig prestanda.<\/li>\n<li>\ud83e\uddc3 <strong>Massiv 64 ml E-v\u00e4tskekapacitet:<\/strong> Designad f\u00f6r uth\u00e5llighet och smakkonsistens.<\/li>\n<\/ul>\n<\/li>\n<\/ul>\n<h3>\u2699\ufe0f Specifikationer<\/h3>\n<tbody>\n<tr>\n<td><strong>Puff Count<\/strong><\/td>\n<td>150 000<\/td>\n<\/tr>\n<tr>\n<td><strong>Spole<\/strong><\/td>\n<td>Mesh Coil 1,0\u03a9 x 3<\/td>\n<\/tr>\n<tr>\n<td><strong>E-v\u00e4tskekapacitet<\/strong><\/td>\n<td>64 ml<\/td>\n<\/tr>\n<tr>\n<td><strong>Batteri<\/strong><\/td>\n<td>650mAh uppladdningsbar<\/td>\n<\/tr>\n<tr>\n<td><strong>Laddning<\/strong><\/td>\n<td>Snabbladdning av typ C<\/td>\n<\/tr>\n<tr>\n<td><strong>Sk\u00e4rm<\/strong><\/td>\n<td>LED-batteri- och e-v\u00e4tskeindikator<\/td>\n<\/tr>\n<tr>\n<td><strong>Nikotinstyrka<\/strong><\/td>\n<td>0 % \/ 2 % \/ 5 %<\/td>\n<\/tr>\n<\/tbody>\n<\/table>\n<h3>\ud83c\udf53 Smakkombinationer<\/h3>\n<ol>\n<li>Vattenmelon Is \u2022 Citron Lime \u2022 Citron Persika<\/li>\n<li>Bl\u00e5b\u00e4ris \u2022 Jordgubbskiwi \u2022 K\u00f6rsb\u00e4rsjordgubbis<\/li>\n<li>Red Bull Ice \u2022 Raspberry Pomp \u2022 Sur Mango Strawberry<\/li>\n<li>Jordgubbsvattenmelon \u2022 Juicy Peach Ice \u2022 Triple Berry Ice<\/li>\n<li>Cherry Cola Ice \u2022 Strawberry Red Bull Ice \u2022 Vattenmelon Hallon<\/li>\n<li>Druvis \u2022 Blue Razz Cherry \u2022 Strawberry Ice<\/li>\n<li>Blandade b\u00e4r \u2022 Black Dragon Ice \u2022 Strawberry Cherry Cola<\/li>\n<li>Fizzy Cola Ice \u2022 Energidryck \u2022 Cherry Ice<\/li>\n<li>Jordgubbsbanan \u2022 Kiwi Vattenmelon \u2022 Kokosjordgubbe<\/li>\n<li>Red Bull Cola Ice \u2022 Jordgubbshallonk\u00f6rsb\u00e4r \u2022 Blackberry Dragon Fruit<\/li>\n<li>Jordgubbsvattenmelon Bubblegum \u2022 Syrlig mangois \u2022 Jordgubbsdruvais<\/li>\n<li>Melon passionsfrukt \u2022 Blackberry Ice \u2022 Apple Kiwi<\/li>\n<\/ol>\n<h3>\ud83d\udcac Vanliga fr\u00e5gor<\/h3>\n<p><strong>F:<\/strong> Kan jag enkelt byta smak?<br \/>\n<strong>S:<\/strong> Ja! Den inbyggda v\u00e4ljaren till\u00e5ter snabba smakbyten utan l\u00e4ckage eller blandning.<\/p>\n<p><strong>F:<\/strong> Hur laddar jag det?<br \/>\n<strong>S:<\/strong> Anv\u00e4nd valfri typ-C-kabel \u2013 LED-indikatorn visar laddningsf\u00f6rloppet.<\/p>\n<p>\u00a0<\/p>\n<p><strong>WASPE AIVIOU 6-i-1 150000 puffar<\/strong> \u00e4r den ultimata eng\u00e5ngsvapen f\u00f6r avancerade anv\u00e4ndare, smakjagare och B2B-\u00e5terf\u00f6rs\u00e4ljare. Njut av den mest h\u00e5llbara prestandan och variationen i en kompakt, kristallklar enhet.<\/p>\n<p><img data-recalc-dims=\"1\" decoding=\"async\" style=\"max-width: 100%;height: auto;display: block;margin: 0 auto\" src=\"https:\/\/i0.wp.com\/ricovape.com\/wp-content\/uploads\/2025\/10\/%E5%9C%BA%E6%99%AF080000-%E6%8B%B7%E8%B4%9D.jpg?ssl=1\" alt=\"WASPE AIVIOU 6-i-1 150000 puffar\" title=\"\"><\/p>\n","protected":false},"excerpt":{"rendered":"<p>Uppt\u00e4ck <strong>WASPE AIVIOU 6-in-1<\/strong> \u2013 en n\u00e4sta generations eng\u00e5ngsvape som erbjuder <strong>150 000 puffar<\/strong>, sex l\u00e4ckra smaker i en enhet och en tydlig LED-sk\u00e4rm f\u00f6r sp\u00e5rning av batteri och e-v\u00e4tska. Perfekt f\u00f6r vape-entusiaster och l\u00e5ngvariga anv\u00e4ndare!<\/p>\n","protected":false},"featured_media":6306,"comment_status":"open","ping_status":"closed","template":"","meta":[],"product_brand":[],"product_cat":[397,784,1175,1212,1932],"product_tag":[742,706,776,889,2192,920,817,1060,952,986,1021],"class_list":{"0":"post-26698","1":"product","2":"type-product","3":"status-publish","4":"has-post-thumbnail","6":"product_cat-waspe","7":"product_cat-100k-puffs-disposable-vape","8":"product_cat-basta-engangsvapor","9":"product_cat-billiga-uppladdningsbara-engangsvapes","10":"product_cat-ny","11":"product_tag-150-000-puffar-disponibel-vape-grossist","12":"product_tag-150-000-puffar-engangsvape-uppladdningsbar","13":"product_tag-6-i-1-engangsvape-med-flera-smaker","14":"product_tag-e-cigg-for-engangsbruk-med-hog-kapacitet","15":"product_tag-engangsvape-i-flera-smaker","16":"product_tag-engangsvape-med-hogsta-bloss","17":"product_tag-engangsvape-med-led-display","18":"product_tag-grossist-disposable-vape-leverantor-europa","19":"product_tag-langsta-hallbara-engangsvape-150000-puffar","20":"product_tag-multi-flavor-disponibel-vape-grossist-europa","21":"product_tag-ultralangvarig-vape","23":"first","24":"instock","25":"shipping-taxable","26":"purchasable","27":"product-type-variable","28":"has-default-attributes"},"jetpack_sharing_enabled":true,"tiered_pricing_type":"fixed","tiered_pricing_fixed_rules":{"30":9.3800000000000007815970093361102044582366943359375,"50":7.6500000000000003552713678800500929355621337890625,"100":7.30999999999999960920149533194489777088165283203125,"200":6.519999999999999573674358543939888477325439453125,"400":6.230000000000000426325641456060111522674560546875},"tiered_pricing_product_settings":{"layout":"default","base_unit_name":{"singular":null,"plural":null},"default_variation":null},"tiered_pricing_minimum_quantity":10,"tiered_pricing_roles_data":[],"tiered_pricing_percentage_rules":[],"tiered_pricing_maximum_quantity":null,"tiered_pricing_quantity_step":"10","_links":{"self":[{"href":"https:\/\/ricovape.com\/sv\/wp-json\/wp\/v2\/product\/26698","targetHints":{"allow":["GET"]}}],"collection":[{"href":"https:\/\/ricovape.com\/sv\/wp-json\/wp\/v2\/product"}],"about":[{"href":"https:\/\/ricovape.com\/sv\/wp-json\/wp\/v2\/types\/product"}],"replies":[{"embeddable":true,"href":"https:\/\/ricovape.com\/sv\/wp-json\/wp\/v2\/comments?post=26698"}],"wp:featuredmedia":[{"embeddable":true,"href":"https:\/\/ricovape.com\/sv\/wp-json\/wp\/v2\/media\/6306"}],"wp:attachment":[{"href":"https:\/\/ricovape.com\/sv\/wp-json\/wp\/v2\/media?parent=26698"}],"wp:term":[{"taxonomy":"product_brand","embeddable":true,"href":"https:\/\/ricovape.com\/sv\/wp-json\/wp\/v2\/product_brand?post=26698"},{"taxonomy":"product_cat","embeddable":true,"href":"https:\/\/ricovape.com\/sv\/wp-json\/wp\/v2\/product_cat?post=26698"},{"taxonomy":"product_tag","embeddable":true,"href":"https:\/\/ricovape.com\/sv\/wp-json\/wp\/v2\/product_tag?post=26698"}],"curies":[{"name":"wp","href":"https:\/\/api.w.org\/{rel}","templated":true}]}}