{"id":25550,"date":"2025-07-07T09:21:41","date_gmt":"2025-07-07T09:21:41","guid":{"rendered":"https:\/\/stage.jrfer.com\/product\/okso-shisha-max-40k-40000-puffar-mesh-coil-engangsvape-med-justerbar-effekt\/"},"modified":"2026-04-07T12:56:03","modified_gmt":"2026-04-07T12:56:03","slug":"okso-shisha-max-40000","status":"publish","type":"product","link":"https:\/\/ricovape.com\/sv\/produkt\/okso-shisha-max-40000\/","title":{"rendered":"OKSO Shisha Max 40K | 40000 puffar mesh coil eng\u00e5ngsvape med justerbar effekt"},"content":{"rendered":"<h2>Varf\u00f6r v\u00e4lja OKSO Shisha Max 40K?<\/h2>\n<ul>\n<li><strong>40 000 puffar:<\/strong> Extra l\u00e5ng livsl\u00e4ngd f\u00f6r oavbruten vaping \ud83d\udd25<\/li>\n<li><strong>0,6\u03a9 Mesh Coil:<\/strong> Konsekventa, rika och smakrika hits \ud83c\udf2c\ufe0f<\/li>\n<li><strong>36mL E-v\u00e4tska:<\/strong> Stor tank f\u00f6r varaktig njutning \ud83d\udca7<\/li>\n<li><strong>Nikotinflexibilitet:<\/strong> V\u00e4lj mellan 0 %, 2 %, 3 % eller 5 % \ud83d\udc4d<\/li>\n<li><strong>Uppladdningsbart 800mAh batteri:<\/strong> P\u00e5litlig str\u00f6m med Type-C-laddning \ud83d\udd0b<\/li>\n<li><strong>LED-sk\u00e4rm:<\/strong> Tydlig puff- och batteri\u00f6vervakning \ud83d\udcca<\/li>\n<li><strong>Justerbar kraft och luftfl\u00f6de:<\/strong> Anpassa din vape p\u00e5 ditt s\u00e4tt \u2699\ufe0f<\/li>\n<li><strong>Barnl\u00e5s:<\/strong> S\u00e4krare anv\u00e4ndning med inbyggt skydd \ud83d\udd12<\/li>\n<li><strong>Grossf\u00f6rberedd:<\/strong> Perfekt f\u00f6r B2B-k\u00f6pare och vapebutiker \ud83d\udce6<\/li>\n<\/ul>\n<h3>Specifikationer<\/h3>\n<tbody>\n<tr>\n<td><strong>Puffkapacitet:<\/strong><\/td>\n<td>40 000 bloss<\/td>\n<\/tr>\n<tr>\n<td><strong>E-v\u00e4tskevolym:<\/strong><\/td>\n<td>36mL f\u00f6rfylld<\/td>\n<\/tr>\n<tr>\n<td><strong>Spoltyp:<\/strong><\/td>\n<td>0,6\u03a9 Mesh Coil<\/td>\n<\/tr>\n<tr>\n<td><strong>Batteri:<\/strong><\/td>\n<td>800mAh uppladdningsbar, Type-C-laddning<\/td>\n<\/tr>\n<tr>\n<td><strong>Nikotinalternativ:<\/strong><\/td>\n<td>0 %, 2 %, 3 %, 5 %<\/td>\n<\/tr>\n<tr>\n<td><strong>Visa:<\/strong><\/td>\n<td>LED-sk\u00e4rm f\u00f6r batteri- och puffinformation<\/td>\n<\/tr>\n<tr>\n<td><strong>Luftfl\u00f6de och kraft:<\/strong><\/td>\n<td>Fullt justerbara inst\u00e4llningar<\/td>\n<\/tr>\n<tr>\n<td><strong>S\u00e4kerhet:<\/strong><\/td>\n<td>Barnl\u00e5sfunktion<\/td>\n<\/tr>\n<\/tbody>\n<\/table>\n<h3>Smakval<\/h3>\n<p><strong>OKSO Shisha Max 40K<\/strong> kommer i en dj\u00e4rv blandning av klassiska och exotiska smaker f\u00f6r att tillfredsst\u00e4lla alla smakpreferenser:<\/p>\n<ul>\n<li><strong>Tv\u00e5 \u00e4pplen:<\/strong> En shishaklassiker med skarp \u00e4ppels\u00f6tma \ud83c\udf4f\ud83c\udf4e<\/li>\n<li><strong>Druvmynta:<\/strong> Saftiga druvor balanserade med sval mynta \ud83c\udf47\ud83c\udf3f<\/li>\n<li><strong>K\u00f6rsb\u00e4r Fiesta:<\/strong> S\u00f6t och syrlig k\u00f6rsb\u00e4rsblast \ud83c\udf52<\/li>\n<li><strong>Persika Is:<\/strong> Saftig persika med isig f\u00f6rfriskning \ud83c\udf51\u2744\ufe0f<\/li>\n<li><strong>Magisk k\u00e4rlek:<\/strong> Exotisk fruktig mix med en twist i shisha-stil \ud83d\udc95<\/li>\n<li><strong>Jordgubbe Stansa:<\/strong> S\u00f6t jordgubb med en kraftfull finish \ud83c\udf53\ud83e\udd4a<\/li>\n<li><strong>Bl\u00e5 Razz Is:<\/strong> Tangy bl\u00e5 hallon med en isig kick \ud83e\uded0\u2744\ufe0f<\/li>\n<li><strong>Frodig Is:<\/strong> Vattenmelons\u00f6tma med svalkande mentol \ud83c\udf49\u2744\ufe0f<\/li>\n<li><strong>Jordgubbsvattenmelon:<\/strong> Juicy jordgubbsmelonkombination \ud83c\udf53\ud83c\udf49<\/li>\n<li><strong>B\u00e4rmynta:<\/strong> Blandade b\u00e4r med frisk myntabalans \ud83c\udf53\ud83e\uded0\ud83c\udf3f<\/li>\n<\/ul>\n<h3>Perfekt f\u00f6r tunga anv\u00e4ndare och grossistdistribution<\/h3>\n<p><strong>OKSO Shisha Max 40K<\/strong> \u00e4r designad f\u00f6r <strong>tunga vapers, flavour chasers och vape shop-\u00e5terf\u00f6rs\u00e4ljare<\/strong>. Med sitt <strong>h\u00f6ga blossantal, f\u00f6rstklassig spoleteknologi och m\u00e5ngsidiga nikotinalternativ<\/strong> passar den utm\u00e4rkt f\u00f6r <strong>bulkorder och grossistdistribution<\/strong>. \ud83d\ude80\ud83d\udcaf<\/p>\n<h3>Vanliga fr\u00e5gor<\/h3>\n<ul>\n<li><strong>Hur l\u00e4nge h\u00e5ller en enhet?<\/strong><br \/>\nUpp till 40 000 bloss beroende p\u00e5 anv\u00e4ndningsvanor.<\/li>\n<li><strong>\u00c4r den uppladdningsbar?<\/strong><br \/>\nJa, det kommer med ett 800mAh uppladdningsbart batteri och Type-C-laddning.<\/li>\n<li><strong>Kan jag vape utan nikotin?<\/strong><br \/>\nJa, den finns i 0 % nikotin tillsammans med alternativen 2 %, 3 % och 5 %.<\/li>\n<li><strong>Har den justerbart luftfl\u00f6de?<\/strong><br \/>\nJa, du kan justera b\u00e5de luftfl\u00f6de och effekt f\u00f6r en anpassad upplevelse.<\/li>\n<li><strong>\u00c4r det bra f\u00f6r grossistk\u00f6pare?<\/strong><br \/>\nAbsolut, dess h\u00f6ga puffantal och smakvariation g\u00f6r den idealisk f\u00f6r vapebutiker och distribut\u00f6rer.<\/li>\n<\/ul>\n","protected":false},"excerpt":{"rendered":"<p><strong>OKSO Shisha Max 40K<\/strong> \ud83d\udca8 ger <strong>40 000 puffar<\/strong> av mjuk smak med en <strong>0,6\u03a9 mesh-spiral<\/strong>, 36 ml premiumjuice och justerbara inst\u00e4llningar. Perfekt f\u00f6r <strong>grossistdistribut\u00f6rer, vapebutiker och tunga anv\u00e4ndare<\/strong> som letar efter p\u00e5litlig l\u00e5ngsiktig prestanda.<\/p>\n","protected":false},"featured_media":1737,"comment_status":"open","ping_status":"closed","template":"","meta":[],"product_brand":[],"product_cat":[642,1860],"product_tag":[],"class_list":{"0":"post-25550","1":"product","2":"type-product","3":"status-publish","4":"has-post-thumbnail","6":"product_cat-40000-puffar-engangsvape","7":"product_cat-okso","9":"first","10":"instock","11":"shipping-taxable","12":"purchasable","13":"product-type-variable","14":"has-default-attributes"},"jetpack_sharing_enabled":true,"tiered_pricing_type":"fixed","tiered_pricing_fixed_rules":{"30":7.62999999999999989341858963598497211933135986328125,"50":5.9000000000000003552713678800500929355621337890625,"100":5.28000000000000024868995751603506505489349365234375,"200":4.910000000000000142108547152020037174224853515625,"400":4.480000000000000426325641456060111522674560546875},"tiered_pricing_product_settings":{"layout":"default","base_unit_name":{"singular":null,"plural":null},"default_variation":null},"tiered_pricing_minimum_quantity":10,"tiered_pricing_roles_data":[],"tiered_pricing_percentage_rules":[],"tiered_pricing_maximum_quantity":null,"tiered_pricing_quantity_step":"10","_links":{"self":[{"href":"https:\/\/ricovape.com\/sv\/wp-json\/wp\/v2\/product\/25550","targetHints":{"allow":["GET"]}}],"collection":[{"href":"https:\/\/ricovape.com\/sv\/wp-json\/wp\/v2\/product"}],"about":[{"href":"https:\/\/ricovape.com\/sv\/wp-json\/wp\/v2\/types\/product"}],"replies":[{"embeddable":true,"href":"https:\/\/ricovape.com\/sv\/wp-json\/wp\/v2\/comments?post=25550"}],"wp:featuredmedia":[{"embeddable":true,"href":"https:\/\/ricovape.com\/sv\/wp-json\/wp\/v2\/media\/1737"}],"wp:attachment":[{"href":"https:\/\/ricovape.com\/sv\/wp-json\/wp\/v2\/media?parent=25550"}],"wp:term":[{"taxonomy":"product_brand","embeddable":true,"href":"https:\/\/ricovape.com\/sv\/wp-json\/wp\/v2\/product_brand?post=25550"},{"taxonomy":"product_cat","embeddable":true,"href":"https:\/\/ricovape.com\/sv\/wp-json\/wp\/v2\/product_cat?post=25550"},{"taxonomy":"product_tag","embeddable":true,"href":"https:\/\/ricovape.com\/sv\/wp-json\/wp\/v2\/product_tag?post=25550"}],"curies":[{"name":"wp","href":"https:\/\/api.w.org\/{rel}","templated":true}]}}