{"id":24204,"date":"2025-10-21T03:02:24","date_gmt":"2025-10-21T03:02:24","guid":{"rendered":"https:\/\/stage.jrfer.com\/product\/uzy-crystal-100k-puffs-4-in-1-vape-quad-mesh-spole-grossist-engangs-vape\/"},"modified":"2026-04-07T11:42:33","modified_gmt":"2026-04-07T11:42:33","slug":"uzy-crystal-100k-puffs-4-in-1-vape-quad-mesh-coil-wholesale-disposable-vape","status":"publish","type":"product","link":"https:\/\/ricovape.com\/sv\/produkt\/uzy-crystal-100k-puffs-4-in-1-vape-quad-mesh-coil-wholesale-disposable-vape\/","title":{"rendered":"UZY Crystal 100K Puffs 4-in-1 Vape | quad mesh spole grossist eng\u00e5ngs vape"},"content":{"rendered":"<h2>UZY Crystal 100K Puffs 4-in-1 Vape | quad mesh spole grossist eng\u00e5ngs vape<\/h2>\n<h3>\ud83d\udc8e Varf\u00f6r v\u00e4lja UZY Crystal Four Flavors 100000 puffar?<\/h3>\n<ul>\n<li>\ud83c\udf08 <strong>4 inbyggda smaker<\/strong> \u2013 Njut av fyra olika smaker i en enhet, byt n\u00e4r du vill.<\/li>\n<li>\ud83d\udca8 <strong>Quad Mesh Coil (1,0\u03a9)<\/strong> \u2013 Producerar mjuk \u00e5nga och ren smak med varje bloss.<\/li>\n<li>\ud83d\udd0b <strong>Upp till 100 000 puffar<\/strong> \u2013 enorm kapacitet f\u00f6r l\u00e5ngvarig njutning.<\/li>\n<li>\u26a1 <strong>Laddningsbar via Type-C<\/strong> \u2013 Snabb och bekv\u00e4m laddning h\u00e5ller dig laddad.<\/li>\n<li>\ud83d\udca1 <strong>LED Smart Display<\/strong> \u2013 Visar batteri- och e-v\u00e4tskeniv\u00e5er tydligt.<\/li>\n<li>\ud83d\udca7 <strong>Enorm 56 ml E-v\u00e4tskekapacitet<\/strong> \u2013 Perfekt f\u00f6r l\u00e5ngvarig anv\u00e4ndning utan p\u00e5fyllning.<\/li>\n<li>\ud83d\udc8e <strong>Crystal Transparent Shell<\/strong> \u2013 Snygg design som sticker ut p\u00e5 hyllorna.<\/li>\n<li>\ud83c\udf0d <strong>Perfekt f\u00f6r detalj- och grossisthandel<\/strong> \u2013 popul\u00e4rt i hela EU (Spanien, Tyskland, Frankrike, Italien, Nederl\u00e4nderna).<\/li>\n<\/ul>\n<h3>\u2699\ufe0f Specifikationer<\/h3>\n<tbody>\n<tr>\n<td><strong>Puff Count<\/strong><\/td>\n<td>100 000 bloss per enhet<\/td>\n<\/tr>\n<tr>\n<td><strong>Smaker<\/strong><\/td>\n<td>4 distinkta inbyggda smaker<\/td>\n<\/tr>\n<tr>\n<td><strong>Spole<\/strong><\/td>\n<td>Quad mesh spole, 1,0\u03a9<\/td>\n<\/tr>\n<tr>\n<td><strong>E-v\u00e4tskekapacitet<\/strong><\/td>\n<td>56 ml<\/td>\n<\/tr>\n<tr>\n<td><strong>Nikotinstyrkor<\/strong><\/td>\n<td>0 %, 2 %, 3 %, 5 %<\/td>\n<\/tr>\n<tr>\n<td><strong>Batteri<\/strong><\/td>\n<td>650 mAh, laddningsbar typ C<\/td>\n<\/tr>\n<tr>\n<td><strong>Sk\u00e4rm<\/strong><\/td>\n<td>Smart LED-sk\u00e4rm (batteri- och e-v\u00e4tskeindikatorer)<\/td>\n<\/tr>\n<tr>\n<td><strong>Design<\/strong><\/td>\n<td>Genomskinligt skal i kristallstil<\/td>\n<\/tr>\n<tr>\n<td><strong>Vikt<\/strong><\/td>\n<td>Ca. 140 g per enhet<\/td>\n<\/tr>\n<tr>\n<td><strong>F\u00f6rpackning<\/strong><\/td>\n<td>10 st\/kartong, 120 st\/kartong (bruttovikt ~18 kg)<\/td>\n<\/tr>\n<\/tbody>\n<\/table>\n<p><img style=\"max-width: 100%;height: auto;display: block;margin: 0 auto\" \/><\/p>\n<h3>\ud83c\udf53 Smakkombinationer (alla 10 set)<\/h3>\n<ol>\n<li><strong>Strawberry Watermelon<\/strong> &amp; <strong>Blue Razz Ice<\/strong> &amp; <strong>Blueberry Raspberry Cherry<\/strong> &amp; <strong>Fizzy Cherry Ice<\/strong><\/li>\n<li><strong>Peach Ice<\/strong> &amp; <strong>Bl\u00e5b\u00e4rsk\u00f6rsb\u00e4r<\/strong> &amp; <strong>Energy Drink<\/strong> &amp; <strong>Watermelon Lychee<\/strong><\/li>\n<li><strong>Bl\u00e5b\u00e4rsis<\/strong> &amp; <strong>Jordgubbsbanan<\/strong> &amp; <strong>Tv\u00e5 \u00e4pplen<\/strong> &amp; <strong>Skittles<\/strong><\/li>\n<li><strong>Cherry Ice<\/strong> &amp; <strong>Grape Ice<\/strong> &amp; <strong>Passion Fruit Mango<\/strong> &amp; <strong>Love 66<\/strong><\/li>\n<li><strong>Bl\u00e5b\u00e4rsis<\/strong> &amp; <strong>Mango Persika Aprikos<\/strong> &amp; <strong>Kiwi Passionsfrukt Guava<\/strong> &amp; <strong>White Peach Razz<\/strong><\/li>\n<li><strong>Peach Mango Ananas<\/strong> &amp; <strong>Bl\u00e5b\u00e4rshallon<\/strong> &amp; <strong>Citronlime<\/strong> &amp; <strong>Watermelon Bubblegum<\/strong><\/li>\n<li><strong>Blandade b\u00e4r<\/strong> &amp; <strong>Passionsfrukt Kiwi Lime<\/strong> &amp; <strong>Tranb\u00e4rsdruvor<\/strong> &amp; <strong>Jordgubbskiwi<\/strong><\/li>\n<li><strong>Strawberry Ice<\/strong> &amp; <strong>Gummy Bear<\/strong> &amp; <strong>Watermelon Dragon Fruit<\/strong> &amp; <strong>Blueberry Kiwi<\/strong><\/li>\n<li><strong>Watermelon Ice<\/strong> &amp; <strong>Blue Razz Cherry<\/strong> &amp; <strong>Watermelon Sour Peach<\/strong> &amp; <strong>Passion Fruit Kiwi<\/strong><\/li>\n<li><strong>Strawberry Mango<\/strong> &amp; <strong>MR Blue<\/strong> &amp; <strong>Summer Peach Ice<\/strong> &amp; <strong>Black Ice<\/strong><\/li>\n<\/ol>\n<h3>\ud83d\udcac Vem \u00e4r det till f\u00f6r?<\/h3>\n<p>Denna vape \u00e4r perfekt f\u00f6r <strong>tunga anv\u00e4ndare<\/strong>, <strong>smak\u00e4lskare<\/strong>, <strong>vapebutiker<\/strong> och <strong>europeiska distribut\u00f6rer<\/strong> som vill ha en l\u00e5ngvarig och elegant vape som levererar konsekvent prestanda.<\/p>\n<h3>\u2753 Vanliga fr\u00e5gor<\/h3>\n<p><strong>F: Hur l\u00e4nge h\u00e5ller UZY Crystal 100K?<\/strong><br \/>\nS: Varje enhet kan ge upp till <strong>100 000 bloss<\/strong> \u2013 Beroende p\u00e5 din anv\u00e4ndning kan den h\u00e5lla i flera m\u00e5nader.<\/p>\n<p><strong>F: \u00c4r UZY Crystal uppladdningsbar?<\/strong><br \/>\nS: Ja, den har ett <strong>650mAh Type-C uppladdningsbart batteri<\/strong> som garanterar l\u00e5ng och p\u00e5litlig prestanda.<\/p>\n<p><strong>F: Kan jag enkelt v\u00e4xla mellan de fyra smakerna?<\/strong><br \/>\nA: Absolut! Du kan \u00e4ndra smaker n\u00e4r som helst inom samma enhet, ingen p\u00e5fyllning beh\u00f6vs.<\/p>\n<p><strong>F: Vilka nikotinstyrkor finns tillg\u00e4ngliga?<\/strong><br \/>\nS: V\u00e4lj mellan <strong>0 %, 2 %, 3 % eller 5 %<\/strong> f\u00f6r att matcha dina \u00f6nskem\u00e5l.<\/p>\n<p>\u00a0<\/p>\n<p><strong>UZY Crystal Four Flavours 100000 Puffs<\/strong> erbjuder f\u00f6rstklassig kvalitet, f\u00f6rl\u00e4ngd pufflivsl\u00e4ngd och flera smakupplevelser i en enda, elegant design. Oavsett om du \u00e4r en vape-entusiast eller en butiks\u00e4gare som letar efter produkter med h\u00f6g efterfr\u00e5gan, \u00e4r detta en vape som verkligen sticker ut.<\/p>\n","protected":false},"excerpt":{"rendered":"<p>Upplev n\u00e4sta generations eng\u00e5ngsvaping med <strong>UZY Crystal Four Flavours 100000 Puffs<\/strong> \u2013 ett 4-i-1 kraftpaket med quad mesh-spolar, l\u00e5ng batteritid och fyra inbyggda smaker f\u00f6r o\u00e4ndlig tillfredsst\u00e4llelse. Perfekt f\u00f6r smakjagare, tunga anv\u00e4ndare och vapebutiks\u00e4gare \u00f6ver hela Europa.<\/p>\n","protected":false},"featured_media":6486,"comment_status":"open","ping_status":"closed","template":"","meta":[],"product_brand":[],"product_cat":[1898,1932],"product_tag":[],"class_list":{"0":"post-24204","1":"product","2":"type-product","3":"status-publish","4":"has-post-thumbnail","6":"product_cat-uzy","7":"product_cat-ny","9":"first","10":"instock","11":"shipping-taxable","12":"purchasable","13":"product-type-variable","14":"has-default-attributes"},"jetpack_sharing_enabled":true,"tiered_pricing_type":"fixed","tiered_pricing_fixed_rules":{"30":9.5099999999999997868371792719699442386627197265625,"50":7.78000000000000024868995751603506505489349365234375,"100":7.339999999999999857891452847979962825775146484375,"200":6.79999999999999982236431605997495353221893310546875,"400":6.29999999999999982236431605997495353221893310546875},"tiered_pricing_product_settings":{"layout":"default","base_unit_name":{"singular":null,"plural":null},"default_variation":null},"tiered_pricing_minimum_quantity":10,"tiered_pricing_roles_data":[],"tiered_pricing_percentage_rules":[],"tiered_pricing_maximum_quantity":null,"tiered_pricing_quantity_step":"10","_links":{"self":[{"href":"https:\/\/ricovape.com\/sv\/wp-json\/wp\/v2\/product\/24204","targetHints":{"allow":["GET"]}}],"collection":[{"href":"https:\/\/ricovape.com\/sv\/wp-json\/wp\/v2\/product"}],"about":[{"href":"https:\/\/ricovape.com\/sv\/wp-json\/wp\/v2\/types\/product"}],"replies":[{"embeddable":true,"href":"https:\/\/ricovape.com\/sv\/wp-json\/wp\/v2\/comments?post=24204"}],"wp:featuredmedia":[{"embeddable":true,"href":"https:\/\/ricovape.com\/sv\/wp-json\/wp\/v2\/media\/6486"}],"wp:attachment":[{"href":"https:\/\/ricovape.com\/sv\/wp-json\/wp\/v2\/media?parent=24204"}],"wp:term":[{"taxonomy":"product_brand","embeddable":true,"href":"https:\/\/ricovape.com\/sv\/wp-json\/wp\/v2\/product_brand?post=24204"},{"taxonomy":"product_cat","embeddable":true,"href":"https:\/\/ricovape.com\/sv\/wp-json\/wp\/v2\/product_cat?post=24204"},{"taxonomy":"product_tag","embeddable":true,"href":"https:\/\/ricovape.com\/sv\/wp-json\/wp\/v2\/product_tag?post=24204"}],"curies":[{"name":"wp","href":"https:\/\/api.w.org\/{rel}","templated":true}]}}