{"id":23882,"date":"2026-03-12T04:24:32","date_gmt":"2026-03-12T04:24:32","guid":{"rendered":"https:\/\/stage.jrfer.com\/product\/bang-leader-85k-3-i-1-trippelsmak-85-000-puffar-70-ml-bulk-engangsvape\/"},"modified":"2026-04-07T10:27:09","modified_gmt":"2026-04-07T10:27:09","slug":"bang-leader-85k-3-in-1-triple-flavor-85000-puffs-70ml-bulk-disposable-vape","status":"publish","type":"product","link":"https:\/\/ricovape.com\/sv\/produkt\/bang-leader-85k-3-in-1-triple-flavor-85000-puffs-70ml-bulk-disposable-vape\/","title":{"rendered":"Bang Leader 85K | 3-i-1 trippelsmak, 85 000 puffar, 70 ml, bulk eng\u00e5ngsvape"},"content":{"rendered":"<p>Vi presenterar <strong>Bang Leader 85000 Puffs<\/strong>, en eng\u00e5ngsvape som f\u00f6r\u00e4ndrar spelet designad f\u00f6r dem som kr\u00e4ver mer. Det h\u00e4r \u00e4r inte bara en vanlig vape; det \u00e4r ett kraftpaket med h\u00f6g kapacitet byggt f\u00f6r l\u00e5ng livsl\u00e4ngd och tillfredsst\u00e4llelse. Med en h\u00e4pnadsv\u00e4ckande <strong>70mL e-v\u00e4tskebeh\u00e5llare<\/strong> och ett robust <strong>850mAh uppladdningsbart batteri<\/strong>, s\u00e4kerst\u00e4ller den h\u00e4r enheten att du spenderar mer tid p\u00e5 att vaping och mindre tid p\u00e5 att oroa dig f\u00f6r att ta slut. \ud83d\udd0b\u2728<\/p>\n<p>Den utm\u00e4rkande funktionen \u00e4r det innovativa <strong>3-i-1 Flavor System<\/strong>. Tr\u00f6tt p\u00e5 samma smak? Byt bara inst\u00e4llningar f\u00f6r att njuta av tre olika premiumsmaker i en enda enhet! Konstruerad med en <strong>1,0\u03a9 Mesh Coil<\/strong>, levererar den konsekvent, j\u00e4mn och rik \u00e5nga fr\u00e5n f\u00f6rsta bloss till sista. Perfekt f\u00f6r <strong>vapebutiks\u00e4gare<\/strong> som letar efter ett hett-s\u00e4ljande f\u00f6rem\u00e5l eller tunga vapers som s\u00f6ker v\u00e4rde. \ud83c\udfc6\ud83d\udce6<\/p>\n<h3>\ud83c\udf1f Varf\u00f6r v\u00e4lja Bang Leader 85000?<\/h3>\n<ul>\n<li><strong>\ud83d\udd04 3-i-1 Flavor Technology:<\/strong> Njut av tre distinkta smaker i en kompakt enhet. Byt omedelbart f\u00f6r att passa ditt hum\u00f6r!<\/li>\n<li><strong>\ud83d\udca7 Massiv kapacitet p\u00e5 70 ml:<\/strong> En av de st\u00f6rsta kapaciteterna p\u00e5 marknaden, som st\u00f6der otroliga 85 000 bloss.<\/li>\n<li><strong>\u26a1 Laddningsbar typ-C:<\/strong> Snabbladdning via Type-C-porten s\u00e4kerst\u00e4ller att ditt 850mAh-batteri alltid \u00e4r redo att anv\u00e4ndas.<\/li>\n<li><strong>\u2601\ufe0f Advanced Mesh Coil:<\/strong> Mesh-spolen med 1,0 \u03a9 motst\u00e5nd garanterar f\u00f6rb\u00e4ttrad smakrenhet och produktion av tjocka moln.<\/li>\n<li><strong>\ud83c\udf9a\ufe0f Flexibla nikotinalternativ:<\/strong> Finns i 0 %, 2 %, 3 % och 5 % f\u00f6r att tillgodose varje kunds \u00f6nskem\u00e5l.<\/li>\n<\/ul>\n<h3>\ud83d\udcca Bang Leader 85K-specifikationer<\/h3>\n<tr>\n<th align=\"left\">Funktion<\/th>\n<th align=\"left\">Detaljer<\/th>\n<\/tr>\n<\/thead>\n<tbody>\n<tr>\n<td><strong>Puff Count<\/strong><\/td>\n<td>Upp till 85 000 bloss<\/td>\n<\/tr>\n<tr>\n<td><strong>E-v\u00e4tskekapacitet<\/strong><\/td>\n<td>70 ml<\/td>\n<\/tr>\n<tr>\n<td><strong>Smaksystem<\/strong><\/td>\n<td>3-i-1 Trippel Flavor Switch<\/td>\n<\/tr>\n<tr>\n<td><strong>Batteri<\/strong><\/td>\n<td>850mAh (uppladdningsbar)<\/td>\n<\/tr>\n<tr>\n<td><strong>Laddning<\/strong><\/td>\n<td>Typ-C-port<\/td>\n<\/tr>\n<tr>\n<td><strong>Spole<\/strong><\/td>\n<td>1,0\u03a9 Mesh Coil<\/td>\n<\/tr>\n<tr>\n<td><strong>Nikotinstyrka<\/strong><\/td>\n<td>0 % (0 mg), 2 % (20 mg), 3 % (30 mg), 5 % (50 mg)<\/td>\n<\/tr>\n<\/tbody>\n<\/table>\n<h3>\ud83c\udf6d Bang Leader 85K smakkombinationer (3 smaker per enhet)<\/h3>\n<p>Varje Bang Leader-enhet \u00e4r packad med en trio av aptitretande smaker. V\u00e4lj din favoritmix:<\/p>\n<ul>\n<li>\ud83c\udf4c <strong>Mix 1:<\/strong> Banan Ice \/ jordgubbsvattenmelon \/ bj\u00f6rn gummiaktig<\/li>\n<li>\ud83d\udc09 <strong>Mix 2:<\/strong> svart drakis \/ marshmallow \/ sommardr\u00f6m<\/li>\n<li>\ud83e\uded0 <strong>Mix 3:<\/strong> bl\u00e5b\u00e4rsis \/ bl\u00e5 raz \/ Doftp\u00e4ron<\/li>\n<li>\ud83c\udf4d <strong>Mix 4:<\/strong> K\u00f6rsb\u00e4rstranb\u00e4r \/ Persika Mango \/ Ananas<\/li>\n<li>\ud83e\udd64 <strong>Mix 5:<\/strong> Cola Ice \/ \u00e4pple persika \/ rosa lemonad<\/li>\n<li>\ud83e\udd5d <strong>Mix 6:<\/strong> druvis \/ jordgubbskiwi \/ Passionsfrukt Guava<\/li>\n<li>\ud83d\udc9c <strong>Mix 7:<\/strong> \u00e4lskar 666 \/ bl\u00e5b\u00e4rshallon \/ vimto<\/li>\n<li>\ud83c\udf79 <strong>Mix 8:<\/strong> blandad frukt \/ mojito persika \/ bl\u00e5b\u00e4rshallon<\/li>\n<li>\ud83c\udf53 <strong>Mix 9:<\/strong> Ananasis \/ Jordgubbe Red Bull \/ Blandade b\u00e4r<\/li>\n<li>\ud83c\udf4e <strong>Blanda 10:<\/strong> R\u00f6d \u00e4ppelis \/ Hallon vattenmelon \/ Aloe druva<\/li>\n<li>\ud83c\udf66 <strong>Mix 11:<\/strong> red bull \/ bl\u00e5b\u00e4r vattenmelon \/ jordgubbsglass<\/li>\n<li>\ud83c\udf4a <strong>Blanda 12:<\/strong> Jordgubbis \/ Citronapelsin \/ Vattenmelon bubbelgum<\/li>\n<li>\ud83c\udf4c <strong>Mix 13:<\/strong> Jordgubbshallon \/ Svarta vinb\u00e4r \/ Jordgubbsbanan<\/li>\n<li>\ud83c\udf52 <strong>Mix 14:<\/strong> Jordgubbsvattenmelon \/ Cherry Cola \/ jordgubbsgr\u00e4dde<\/li>\n<li>\ud83e\udd6d <strong>Mix 15:<\/strong> vattenmelon is \/ mango persika \/ apelsin l\u00e4sk<\/li>\n<\/ul>\n<p><strong>Bang Leader 85000 Puffs<\/strong> s\u00e4tter en ny standard f\u00f6r eng\u00e5ngsvapor. Den \u00e4r perfekt l\u00e4mpad f\u00f6r <strong>tunga anv\u00e4ndare<\/strong> som vill ha bekv\u00e4mlighet utan kompromisser, och <strong>smakjagare<\/strong> som \u00e4lskar variation. F\u00f6r <strong>\u00e5terf\u00f6rs\u00e4ljare och grossister<\/strong> \u00e4r denna h\u00f6gpresterande enhet med flera smaker ett m\u00e5ste i lager som lockar kunder som letar efter det b\u00e4sta v\u00e4rdet och den senaste tekniken. Uppgradera ditt lager idag! \ud83d\ude80\ud83d\uded2<\/p>\n<h3>\u2753 Vanliga fr\u00e5gor (FAQ)<\/h3>\n<p><strong>F: Hur byter jag smak p\u00e5 Bang Leader 85K?<\/strong><br \/>\nS: Enheten har en enkel omkopplingsmekanism som g\u00f6r att du kan v\u00e4xla mellan de tre separata v\u00e4tsketankarna inuti. \ud83d\udd00<\/p>\n<p><strong>F: \u00c4r batteriet uppladdningsbart?<\/strong><br \/>\nA: Ja! Den levereras med ett 850mAh batteri som enkelt kan laddas med en standard Type-C laddningskabel. \ud83d\udd0c<\/p>\n<p><strong>F: \u00c4r den h\u00e4r produkten bra f\u00f6r grossistdistribution?<\/strong><br \/>\nA: Absolut. Det unika 3-i-1 f\u00f6rs\u00e4ljningsargumentet och det h\u00f6ga antalet bloss g\u00f6r den till en mycket attraktiv produkt f\u00f6r B2B-k\u00f6pare och vapebutiker. \ud83c\udfed<\/p>\n<p><strong>F: Hur l\u00e4nge h\u00e5ller 85 000 bloss?<\/strong><br \/>\nS: Med 70 ml v\u00e4tska kan den h\u00e4r enheten h\u00e5lla i flera veckor beroende p\u00e5 dina anv\u00e4ndningsvanor, vilket g\u00f6r den extremt kostnadseffektiv. \ud83d\uddd3\ufe0f<\/p>\n","protected":false},"excerpt":{"rendered":"<p>Massiva 85 000 bloss, 3-i-1 smakv\u00e4xling och 70 ml kapacitet! Bang Leader 85K \u00e4r den ultimata l\u00e5ngvariga uppladdningsbara vapen f\u00f6r grossister och smakjagare. \ud83c\udf2c\ufe0f\ud83d\udca8<\/p>\n","protected":false},"featured_media":6804,"comment_status":"open","ping_status":"closed","template":"","meta":[],"product_brand":[],"product_cat":[784,714,350],"product_tag":[512,537,564,592,2175],"class_list":{"0":"post-23882","1":"product","2":"type-product","3":"status-publish","4":"has-post-thumbnail","6":"product_cat-100k-puffs-disposable-vape","7":"product_cat-60000-puffar-engangsvape","8":"product_cat-bang","9":"product_tag-3-i-1-flavor-vape","10":"product_tag-85-000-engangspuffar","11":"product_tag-bang-leader-85000-puffar","12":"product_tag-bang-vape-grossist","13":"product_tag-uppladdningsbar-vape","15":"first","16":"instock","17":"shipping-taxable","18":"purchasable","19":"product-type-variable","20":"has-default-attributes"},"jetpack_sharing_enabled":true,"tiered_pricing_type":"fixed","tiered_pricing_fixed_rules":{"30":9.07000000000000028421709430404007434844970703125,"50":7.519999999999999573674358543939888477325439453125,"100":7,"200":6.61000000000000031974423109204508364200592041015625,"400":5.8300000000000000710542735760100185871124267578125},"tiered_pricing_product_settings":{"layout":"default","base_unit_name":{"singular":null,"plural":null},"default_variation":null},"tiered_pricing_minimum_quantity":10,"tiered_pricing_roles_data":[],"tiered_pricing_percentage_rules":[],"tiered_pricing_maximum_quantity":null,"tiered_pricing_quantity_step":"10","_links":{"self":[{"href":"https:\/\/ricovape.com\/sv\/wp-json\/wp\/v2\/product\/23882","targetHints":{"allow":["GET"]}}],"collection":[{"href":"https:\/\/ricovape.com\/sv\/wp-json\/wp\/v2\/product"}],"about":[{"href":"https:\/\/ricovape.com\/sv\/wp-json\/wp\/v2\/types\/product"}],"replies":[{"embeddable":true,"href":"https:\/\/ricovape.com\/sv\/wp-json\/wp\/v2\/comments?post=23882"}],"wp:featuredmedia":[{"embeddable":true,"href":"https:\/\/ricovape.com\/sv\/wp-json\/wp\/v2\/media\/6804"}],"wp:attachment":[{"href":"https:\/\/ricovape.com\/sv\/wp-json\/wp\/v2\/media?parent=23882"}],"wp:term":[{"taxonomy":"product_brand","embeddable":true,"href":"https:\/\/ricovape.com\/sv\/wp-json\/wp\/v2\/product_brand?post=23882"},{"taxonomy":"product_cat","embeddable":true,"href":"https:\/\/ricovape.com\/sv\/wp-json\/wp\/v2\/product_cat?post=23882"},{"taxonomy":"product_tag","embeddable":true,"href":"https:\/\/ricovape.com\/sv\/wp-json\/wp\/v2\/product_tag?post=23882"}],"curies":[{"name":"wp","href":"https:\/\/api.w.org\/{rel}","templated":true}]}}