{"id":20399,"date":"2025-10-21T03:02:24","date_gmt":"2025-10-21T03:02:24","guid":{"rendered":"https:\/\/stage.jrfer.com\/product\/vopk-fyra-smaker-80k-puffar-4-i-1-uppladdningsbar-vape-med-justerbar-smak\/"},"modified":"2026-04-07T11:34:07","modified_gmt":"2026-04-07T11:34:07","slug":"vopk-four-flavors-80k-puffs-4-in-1-adjustable-flavor-rechargeable-vape","status":"publish","type":"product","link":"https:\/\/ricovape.com\/sv\/produkt\/vopk-four-flavors-80k-puffs-4-in-1-adjustable-flavor-rechargeable-vape\/","title":{"rendered":"Vopk fyra smaker 80K puffar | 4-i-1 uppladdningsbar vape med justerbar smak"},"content":{"rendered":"<h2>Vopk Four Flavours 80K Puffs \ud83d\udca8 | 4-i-1 justerbar smakuppladdningsbar vape<\/h2>\n<h3>\ud83d\udd25 Varf\u00f6r v\u00e4lja Vopk Four Flavors 80K?<\/h3>\n<ul>\n<li>\ud83c\udf08 <strong>4 justerbara smaker<\/strong> \u2014 V\u00e4xla enkelt mellan fyra inbyggda tankar f\u00f6r nonstop variation.<\/li>\n<li>\ud83d\udca8 <strong>Massiva 80 000 puffar<\/strong> \u2014 Byggd f\u00f6r att senast i veckor av vaping tillfredsst\u00e4llelse.<\/li>\n<li>\u26a1 <strong>0,9\u03a9 Mesh Coil<\/strong> \u2014 Ger ultrasmidig \u00e5nga och autentisk smakutg\u00e5ng.<\/li>\n<li>\ud83d\udd0b <strong>Uppladdningsbart 650mAh batteri<\/strong> \u2014 Snabbladdning via Type-C s\u00e4kerst\u00e4ller konstant prestanda.<\/li>\n<li>\ud83d\udda5\ufe0f <strong>LED-sk\u00e4rm<\/strong> \u2014 Str\u00f6m- och e-v\u00e4tskeniv\u00e5indikatorer i realtid.<\/li>\n<li>\ud83d\udc8e <strong>Premiumbyggd<\/strong> \u2014 Snygg design, kraftfullt luftfl\u00f6de och h\u00e5llbara material.<\/li>\n<li>\ud83c\udf0d <strong>Nikotinalternativ<\/strong> \u2014 Finns i 2 % och 5 %, perfekt f\u00f6r EU och Storbritannien.<\/li>\n<\/ul>\n<h3>\u2699\ufe0f Specifikationer<\/h3>\n<tbody>\n<tr>\n<td><strong>Puff Count<\/strong><\/td>\n<td>Upp till 80 000<\/td>\n<\/tr>\n<tr>\n<td><strong>Nikotinstyrka<\/strong><\/td>\n<td>2 % \/ 5 %<\/td>\n<\/tr>\n<tr>\n<td><strong>Smakl\u00e4gen<\/strong><\/td>\n<td>4 justerbara<\/td>\n<\/tr>\n<tr>\n<td><strong>Batteri<\/strong><\/td>\n<td>650mAh uppladdningsbar<\/td>\n<\/tr>\n<tr>\n<td><strong>Spole<\/strong><\/td>\n<td>0,9\u03a9 mesh spole<\/td>\n<\/tr>\n<tr>\n<td><strong>LED-sk\u00e4rm<\/strong><\/td>\n<td>Ja<\/td>\n<\/tr>\n<tr>\n<td><strong>Laddningsport<\/strong><\/td>\n<td>USB Type-C<\/td>\n<\/tr>\n<tr>\n<td><strong>F\u00f6rpackning<\/strong><\/td>\n<td>10 st\/f\u00f6rpackning<\/td>\n<\/tr>\n<\/tbody>\n<\/table>\n<h3>\ud83c\udf6d Smakkombinationer<\/h3>\n<ol>\n<li>Vattenmelonglass \u2022 Trippel melonis \u2022 Bl\u00e5 Razz Is \u2022 Jordgubbsglass<\/li>\n<li>Bl\u00e5b\u00e4rshallon \u2022 Fuji Is \u2022 Blandade b\u00e4r \u2022 Bl\u00e5b\u00e4rskokosgodis<\/li>\n<li>Jordgubbsvattenmelon \u2022 Tranb\u00e4rsdruva \u2022 Mangois \u2022 Jordgubbshallongodis<\/li>\n<li>Red Bull Is \u2022 Passionsfrukt Kiwi Kalk \u2022 Syrligt \u00e4pple Hallon \u2022 Jordgubbsvattenmelon Bubblegum<\/li>\n<li>Bl\u00e5b\u00e4rsis \u2022 Persika Mango Vattenmelon \u2022 Melon\u00e4pple \u2022 Kolsyrad k\u00f6rsb\u00e4rsis<\/li>\n<li>Jordgubbsmango \u2022 Jordgubbskiwi \u2022 Vattenmelon Dragon Fruit \u2022 Klibbig Bj\u00f6rn<\/li>\n<li>K\u00e4rlek 66 \u2022 Hallonvattenmelon \u2022 Jordgubbshallonk\u00f6rsb\u00e4r \u2022 K\u00f6rsb\u00e4rsgodisis<\/li>\n<li>Jordgubbsbanan \u2022 Ananas Kokosglass \u2022 Mango Persika Aprikos \u2022 Aloe Mango Melon<\/li>\n<li>Regnb\u00e5gsgodis \u2022 Persikais \u2022 Citronsur apelsin \u2022 Tranb\u00e4rscitron<\/li>\n<li>Kiwi Passionsfrukt Guava \u2022 Jordgubbsk\u00f6rsb\u00e4r \u2022 Druva Is \u2022 Jordgubbsgodis<\/li>\n<\/ol>\n<h3>\ud83d\udcac Vanliga fr\u00e5gor<\/h3>\n<p><strong>F:<\/strong> Hur byter jag smak?<br \/>\n<strong>S:<\/strong> Du kan v\u00e4xla mellan fyra olika smaker genom att rotera munstycket.<\/p>\n<p><strong>F:<\/strong> \u00c4r Vopk 80K uppladdningsbar?<br \/>\n<strong>S:<\/strong> Ja, den har en Type-C-laddningsport f\u00f6r snabb och bekv\u00e4m laddning.<\/p>\n<p><strong>F:<\/strong> Vem \u00e4r detta till f\u00f6r?<br \/>\n<strong>S:<\/strong> Perfekt f\u00f6r smak\u00e4lskare, tillf\u00e4lliga vapers och alla som vill ha fyra upplevelser i en enhet.<\/p>\n<p>\u00a0<\/p>\n<p><strong>Vopk Four Flavours 80K<\/strong> \u00e4r ditt ultimata 4-i-1 vape-system \u2013 l\u00e5ngvarigt, smakrikt och perfekt f\u00f6r b\u00e5de personligt bruk och detaljhandel. Njut av oavbruten smaktillfredsst\u00e4llelse med denna f\u00f6rstklassiga eng\u00e5ngsvape med h\u00f6g kapacitet.<\/p>\n","protected":false},"excerpt":{"rendered":"<p>Upplev smakens kraft med <strong>Vopk 80K 4-i-1 disposable vape<\/strong> \u2014 upp till 80 000 puffar, 4 omkopplingsbara smaker, mesh-spole och uppladdningsbart batteri. Designad f\u00f6r j\u00e4mna tr\u00e4ffar, stark smak och l\u00e5ngvarigt vaping-kul!<\/p>\n","protected":false},"featured_media":6333,"comment_status":"open","ping_status":"closed","template":"","meta":[],"product_brand":[],"product_cat":[370,1932],"product_tag":[],"class_list":{"0":"post-20399","1":"product","2":"type-product","3":"status-publish","4":"has-post-thumbnail","6":"product_cat-vopk","7":"product_cat-ny","9":"first","10":"instock","11":"shipping-taxable","12":"purchasable","13":"product-type-variable","14":"has-default-attributes"},"jetpack_sharing_enabled":true,"tiered_pricing_type":"fixed","tiered_pricing_fixed_rules":{"30":9.5099999999999997868371792719699442386627197265625,"50":7.78000000000000024868995751603506505489349365234375,"100":7.160000000000000142108547152020037174224853515625,"200":6.6699999999999999289457264239899814128875732421875,"400":5.9900000000000002131628207280300557613372802734375},"tiered_pricing_product_settings":{"layout":"default","base_unit_name":{"singular":null,"plural":null},"default_variation":null},"tiered_pricing_minimum_quantity":10,"tiered_pricing_roles_data":[],"tiered_pricing_percentage_rules":[],"tiered_pricing_maximum_quantity":null,"tiered_pricing_quantity_step":"10","_links":{"self":[{"href":"https:\/\/ricovape.com\/sv\/wp-json\/wp\/v2\/product\/20399","targetHints":{"allow":["GET"]}}],"collection":[{"href":"https:\/\/ricovape.com\/sv\/wp-json\/wp\/v2\/product"}],"about":[{"href":"https:\/\/ricovape.com\/sv\/wp-json\/wp\/v2\/types\/product"}],"replies":[{"embeddable":true,"href":"https:\/\/ricovape.com\/sv\/wp-json\/wp\/v2\/comments?post=20399"}],"wp:featuredmedia":[{"embeddable":true,"href":"https:\/\/ricovape.com\/sv\/wp-json\/wp\/v2\/media\/6333"}],"wp:attachment":[{"href":"https:\/\/ricovape.com\/sv\/wp-json\/wp\/v2\/media?parent=20399"}],"wp:term":[{"taxonomy":"product_brand","embeddable":true,"href":"https:\/\/ricovape.com\/sv\/wp-json\/wp\/v2\/product_brand?post=20399"},{"taxonomy":"product_cat","embeddable":true,"href":"https:\/\/ricovape.com\/sv\/wp-json\/wp\/v2\/product_cat?post=20399"},{"taxonomy":"product_tag","embeddable":true,"href":"https:\/\/ricovape.com\/sv\/wp-json\/wp\/v2\/product_tag?post=20399"}],"curies":[{"name":"wp","href":"https:\/\/api.w.org\/{rel}","templated":true}]}}