{"id":20019,"date":"2025-07-07T09:20:26","date_gmt":"2025-07-07T09:20:26","guid":{"rendered":"https:\/\/stage.jrfer.com\/product\/poco-sl-15000-puffar-25-ml-justerbart-luftflode-bulk-engangsvape\/"},"modified":"2026-04-07T13:53:44","modified_gmt":"2026-04-07T13:53:44","slug":"poco-sl-15000-puffs","status":"publish","type":"product","link":"https:\/\/ricovape.com\/sv\/produkt\/poco-sl-15000-puffs\/","title":{"rendered":"Poco SL 15000 Puffar | 25 ml justerbart luftfl\u00f6de bulk eng\u00e5ngsvape"},"content":{"rendered":"<h2>Varf\u00f6r v\u00e4lja Poco SL 15000?<\/h2>\n<ul>\n<li><strong>Massivt bloss:<\/strong> Njut av upp till 15 000 bloss f\u00f6r l\u00e4ngre anv\u00e4ndning \ud83d\udd25<\/li>\n<li><strong>Stor juicetank:<\/strong> 25 ml e-v\u00e4tskekapacitet f\u00f6r f\u00e4rre p\u00e5fyllningar \ud83d\udca7<\/li>\n<li><strong>Anpassningsbart luftfl\u00f6de:<\/strong> Anpassa till \u00f6nskad ritstil \ud83c\udf2c\ufe0f<\/li>\n<li><strong>Nikotinalternativ:<\/strong> Finns i 0 %, 2 %, 3 % och 5 % f\u00f6r att passa alla \u00f6nskem\u00e5l \u2705<\/li>\n<li><strong>Snabbladdning:<\/strong> 650 mAh batteri med Type-C-laddning g\u00f6r att du kan vapa l\u00e4ngre \ud83d\udd0b<\/li>\n<li><strong>B\u00e4rbar och kraftfull:<\/strong> Kompakt design f\u00f6r bekv\u00e4mlighet n\u00e4r du \u00e4r p\u00e5 spr\u00e5ng \ud83d\ude80<\/li>\n<li><strong>Grossf\u00f6rberedd:<\/strong> Idealiskt val f\u00f6r \u00e5terf\u00f6rs\u00e4ljare och distribut\u00f6rer \ud83d\udce6<\/li>\n<\/ul>\n<h3>Specifikationer<\/h3>\n<tbody>\n<tr>\n<td><strong>Puff Count:<\/strong><\/td>\n<td>Upp till 15 000 bloss<\/td>\n<\/tr>\n<tr>\n<td><strong>E-v\u00e4tskekapacitet:<\/strong><\/td>\n<td>25 ml<\/td>\n<\/tr>\n<tr>\n<td><strong>Batteri:<\/strong><\/td>\n<td>650mAh uppladdningsbar<\/td>\n<\/tr>\n<tr>\n<td><strong>Laddning:<\/strong><\/td>\n<td>Snabbladdning av typ C<\/td>\n<\/tr>\n<tr>\n<td><strong>Nikotinalternativ:<\/strong><\/td>\n<td>0 %, 2 %, 3 %, 5 %<\/td>\n<\/tr>\n<tr>\n<td><strong>Luftfl\u00f6de:<\/strong><\/td>\n<td>Justerbar f\u00f6r personlig vaping<\/td>\n<\/tr>\n<\/tbody>\n<\/table>\n<h3>Smakval<\/h3>\n<p>Poco SL 15000 finns i <strong>12 sp\u00e4nnande smaker<\/strong> f\u00f6r att matcha alla hum\u00f6r och smaker \ud83c\udf08:<\/p>\n<ul>\n<li><strong>Aloe druva:<\/strong> Sl\u00e4t druva med en uppfriskande aloe twist \ud83c\udf47\ud83c\udf3f<\/li>\n<li><strong>Bl\u00e5b\u00e4rshallonlemonad:<\/strong> S\u00f6ta b\u00e4r med syrlig lemonad \ud83e\uded0\ud83c\udf4b<\/li>\n<li><strong>Jordgubbsvattenmelon:<\/strong> Saftig sommarblandning \ud83c\udf53\ud83c\udf49<\/li>\n<li><strong>Svart Is Drake Frukt Jordgubbe:<\/strong> Exotisk och isig tropisk blandning \ud83d\udc09\u2744\ufe0f\ud83c\udf53<\/li>\n<li><strong>Energidryck:<\/strong> Dj\u00e4rv och uppfriskande boost \u26a1\ud83e\udd64<\/li>\n<li><strong>Jordgubbar Hallon Kiwi:<\/strong> Fruktig trio med en s\u00f6t-syrlig balans \ud83c\udf53\ud83c\udf47\ud83e\udd5d<\/li>\n<li><strong>Ananas\u00e4pple:<\/strong> Skarp och tropisk duo \ud83c\udf4d\ud83c\udf4f<\/li>\n<li><strong>Ananas Jordgubbsbanan:<\/strong> Kr\u00e4mig tropisk fruktblandning \ud83c\udf4d\ud83c\udf53\ud83c\udf4c<\/li>\n<li><strong>Vattenmelon Lychee:<\/strong> Uppfriskande melon med blommig s\u00f6tma \ud83c\udf49\ud83e\udd6d<\/li>\n<li><strong>Jordgubbsk\u00f6rsb\u00e4r:<\/strong> Klassisk kombination av r\u00f6d frukt \ud83c\udf53\ud83c\udf52<\/li>\n<li><strong>Blackberry Tranberry:<\/strong> Syrlig och saftig b\u00e4rpunch \ud83c\udf47\ud83e\uded0<\/li>\n<li><strong>Druva tranb\u00e4rspersika:<\/strong> Smidig, syrlig och s\u00f6t fusion \ud83c\udf47\ud83c\udf51<\/li>\n<\/ul>\n<h3>Perfekt f\u00f6r tunga anv\u00e4ndare och partihandel<\/h3>\n<p><strong>Poco SL 15000<\/strong> \u00e4r byggd f\u00f6r <strong>tunga vapers, flavor chasers och vapebutiks\u00e4gare<\/strong>. Med sitt h\u00f6ga blossantal, stora tank, flexibla nikotinniv\u00e5er och breda smakomf\u00e5ng \u00e4r det ett utm\u00e4rkt alternativ f\u00f6r b\u00e5de personligt bruk och bulkdistribution.<\/p>\n<h3>Vanliga fr\u00e5gor<\/h3>\n<ul>\n<li><strong>Hur m\u00e5nga bloss per enhet?<\/strong><br \/>\nUpp till 15 000 bloss per enhet.<\/li>\n<li><strong>\u00c4r den uppladdningsbar?<\/strong><br \/>\nJa, den har ett 650mAh uppladdningsbart batteri med Type-C-port.<\/li>\n<li><strong>Vilka nikotinstyrkor finns tillg\u00e4ngliga?<\/strong><br \/>\nV\u00e4lj mellan 0 %, 2 %, 3 % eller 5 % nikotinalternativ.<\/li>\n<li><strong>Har den justerbart luftfl\u00f6de?<\/strong><br \/>\nJa, du kan anpassa luftfl\u00f6det f\u00f6r din ideala vape.<\/li>\n<li><strong>Vem \u00e4r det b\u00e4st f\u00f6r?<\/strong><br \/>\nPerfekt f\u00f6r <strong>smakentusiaster, storanv\u00e4ndare, vapebutiker och bulkk\u00f6pare<\/strong>.<\/li>\n<\/ul>\n","protected":false},"excerpt":{"rendered":"<p><strong>Poco SL 15000<\/strong> \ud83d\udca8 ger <strong>15 000 bloss<\/strong>, en massiv <strong>25 ml e-v\u00e4tsketank<\/strong> och <strong>justerbart luftfl\u00f6de<\/strong> f\u00f6r en f\u00f6rstklassig vapingupplevelse. Perfekt f\u00f6r vape\u00e4lskare, butiker och grossistdistribut\u00f6rer.<\/p>\n","protected":false},"featured_media":1206,"comment_status":"open","ping_status":"closed","template":"","meta":[],"product_brand":[],"product_cat":[427,886,1036,1316,1247,1351,1533,1284,1564,1584,1697,1623,1660,1391,1429,410,1756,1069,932,1460,1493,850],"product_tag":[],"class_list":{"0":"post-20019","1":"product","2":"type-product","3":"status-publish","4":"has-post-thumbnail","6":"product_cat-15000-puffs-disposable-vape","7":"product_cat-big-puffs-vapes","8":"product_cat-digital-box-vapes","9":"product_cat-engangsvapor-i-belgien","10":"product_cat-engangsvapor-i-europa","11":"product_cat-engangsvapor-i-frankrike","12":"product_cat-engangsvapor-i-norge","13":"product_cat-engangsvapor-i-osterrike","14":"product_cat-engangsvapor-i-polen","15":"product_cat-engangsvapor-i-portugal","16":"product_cat-engangsvapor-i-schweiz","17":"product_cat-engangsvapor-i-spanien","18":"product_cat-engangsvapor-i-sverige","19":"product_cat-engangsvapor-i-tyskland","20":"product_cat-engangsvapor-i-ungern","21":"product_cat-olika-puffar-av-engangsvapor","22":"product_cat-poco","23":"product_cat-smart-screen-vapes","24":"product_cat-uppladdningsbara-vapes","25":"product_cat-vapes-for-engangsbruk-i-italien","26":"product_cat-vapes-for-engangsbruk-i-nederlanderna","27":"product_cat-vapetyper-for-engangsbruk","29":"first","30":"instock","31":"shipping-taxable","32":"purchasable","33":"product-type-variable","34":"has-default-attributes"},"jetpack_sharing_enabled":true,"tiered_pricing_type":"fixed","tiered_pricing_fixed_rules":{"100":7.88999999999999968025576890795491635799407958984375,"400":7.4900000000000002131628207280300557613372802734375,"1000":7.29000000000000003552713678800500929355621337890625},"tiered_pricing_product_settings":{"layout":"default","base_unit_name":{"singular":null,"plural":null},"default_variation":null},"tiered_pricing_minimum_quantity":50,"tiered_pricing_roles_data":[],"tiered_pricing_percentage_rules":[],"tiered_pricing_maximum_quantity":null,"tiered_pricing_quantity_step":"10","_links":{"self":[{"href":"https:\/\/ricovape.com\/sv\/wp-json\/wp\/v2\/product\/20019","targetHints":{"allow":["GET"]}}],"collection":[{"href":"https:\/\/ricovape.com\/sv\/wp-json\/wp\/v2\/product"}],"about":[{"href":"https:\/\/ricovape.com\/sv\/wp-json\/wp\/v2\/types\/product"}],"replies":[{"embeddable":true,"href":"https:\/\/ricovape.com\/sv\/wp-json\/wp\/v2\/comments?post=20019"}],"wp:featuredmedia":[{"embeddable":true,"href":"https:\/\/ricovape.com\/sv\/wp-json\/wp\/v2\/media\/1206"}],"wp:attachment":[{"href":"https:\/\/ricovape.com\/sv\/wp-json\/wp\/v2\/media?parent=20019"}],"wp:term":[{"taxonomy":"product_brand","embeddable":true,"href":"https:\/\/ricovape.com\/sv\/wp-json\/wp\/v2\/product_brand?post=20019"},{"taxonomy":"product_cat","embeddable":true,"href":"https:\/\/ricovape.com\/sv\/wp-json\/wp\/v2\/product_cat?post=20019"},{"taxonomy":"product_tag","embeddable":true,"href":"https:\/\/ricovape.com\/sv\/wp-json\/wp\/v2\/product_tag?post=20019"}],"curies":[{"name":"wp","href":"https:\/\/api.w.org\/{rel}","templated":true}]}}