{"id":19821,"date":"2026-03-12T04:24:34","date_gmt":"2026-03-12T04:24:34","guid":{"rendered":"https:\/\/stage.jrfer.com\/product\/poco-sc30000-30-000-puffar-30-ml-hogkapacitets-uppladdningsbar-bulk-engangsvape\/"},"modified":"2026-04-07T09:34:51","modified_gmt":"2026-04-07T09:34:51","slug":"poco-sc30000-30000-puffs-30ml-high-capacity-rechargeable-bulk-disposable-vape","status":"publish","type":"product","link":"https:\/\/ricovape.com\/sv\/produkt\/poco-sc30000-30000-puffs-30ml-high-capacity-rechargeable-bulk-disposable-vape\/","title":{"rendered":"POCO SC30000 | 30 000 puffar, 30 ml, h\u00f6gkapacitets, uppladdningsbar, bulk eng\u00e5ngsvape"},"content":{"rendered":"<h2>POCO SC30000 eng\u00e5ngsvape p\u00e5 rea<\/h2>\n<p>POCO SC30000 eng\u00e5ngsvape \u00e4r byggd f\u00f6r vapers som vill ha <strong>maximalt antal bloss, rik smak och p\u00e5litlig prestanda<\/strong>. Med upp till <strong>30 000 bloss<\/strong> och en <strong>stor kapacitet p\u00e5 30 ml f\u00f6r e-v\u00e4tska<\/strong> \u00e4r den h\u00e4r enheten perfekt f\u00f6r b\u00e5de tunga anv\u00e4ndare och vapebutiker som letar efter en efterfr\u00e5gad produkt.<br \/>\nSkickas direkt fr\u00e5n ett <strong>lokalt EU-lager<\/strong>, det s\u00e4kerst\u00e4ller snabb leverans (3\u20135 arbetsdagar) i de flesta EU-l\u00e4nder.<\/p>\n<h3>Varf\u00f6r v\u00e4lja POCO SC30000?<\/h3>\n<ul>\n<li>\ud83d\udd25 Upp till 30 000 bloss f\u00f6r ultral\u00e5ng anv\u00e4ndning<\/li>\n<li>\ud83d\udca7 Stor 30 ml e-v\u00e4tsketank f\u00f6r f\u00e4rre byten<\/li>\n<li>\ud83d\udd0b Uppladdningsbart batteri f\u00f6r fullt utnyttjande av e-v\u00e4tska<\/li>\n<li>\ud83c\udf08 15 popul\u00e4ra smaker f\u00f6r att tillfredsst\u00e4lla olika smakpreferenser<\/li>\n<li>\ud83d\udc41\ufe0f Synlig e-v\u00e4tskedesign f\u00f6r enkel niv\u00e5kontroll<\/li>\n<li>\ud83d\udce6 Bulkv\u00e4nlig f\u00f6rpackning f\u00f6r vapebutiker och distribut\u00f6rer<\/li>\n<li>\ud83d\ude9a EU-lagerfrakt med snabb 3\u20135 dagars leverans<\/li>\n<\/ul>\n<h3>POCO SC30000-specifikationer<\/h3>\n<\/p>\n<tbody>\n<tr>\n<td>Modell<\/td>\n<td>POCO SC30000<\/td>\n<\/tr>\n<tr>\n<td>Puff Count<\/td>\n<td>Upp till 30 000 bloss<\/td>\n<\/tr>\n<tr>\n<td>E-v\u00e4tskekapacitet<\/td>\n<td>30 ml<\/td>\n<\/tr>\n<tr>\n<td>Nikotinstyrka<\/td>\n<td>5 %<\/td>\n<\/tr>\n<tr>\n<td>Batteri<\/td>\n<td>Laddningsbar<\/td>\n<\/tr>\n<tr>\n<td>Smaker<\/td>\n<td>15 tillg\u00e4ngliga alternativ<\/td>\n<\/tr>\n<tr>\n<td>Storlek<\/td>\n<td>23,3 \u00d7 131,3 mm<\/td>\n<\/tr>\n<tr>\n<td>OEM-support<\/td>\n<td>Ja<\/td>\n<\/tr>\n<tr>\n<td>Packning<\/td>\n<td>1 st\/f\u00f6rpackning, 10 st\/displayl\u00e5da<\/td>\n<\/tr>\n<\/tbody>\n<\/table>\n<h3>POCO SC30K tillg\u00e4ngliga smaker \ud83c\udf53\ud83c\udf49\ud83c\udf4d<\/h3>\n<ul>\n<li><strong>Aloe druva<\/strong> \u2013 Sl\u00e4t druva med en fr\u00e4sch aloe finish<\/li>\n<li><strong>Jordgubbsvattenmelon<\/strong> \u2013 S\u00f6t och saftig sommarblandning<\/li>\n<li><strong>Surt \u00e4pple<\/strong> \u2013 Syrligt \u00e4pple med skarpt bett<\/li>\n<li><strong>Trippel melon<\/strong> \u2013 Blandade melonsmaker, sval och uppfriskande<\/li>\n<li><strong>Ananas Kokos<\/strong> \u2013 Tropisk och kr\u00e4mig \u00f6-smak<\/li>\n<li><strong>Jordgubbar Hallon Kiwi<\/strong> \u2013 Balanserad s\u00f6tsur fruktblandning<\/li>\n<li><strong>Sval mynta<\/strong> \u2013 Ren, isig och uppfriskande<\/li>\n<li><strong>Bl\u00e5b\u00e4rshalloncitron<\/strong> \u2013 B\u00e4rs\u00f6tma med citruskick<\/li>\n<li><strong>K\u00f6rsb\u00e4r Cola<\/strong> \u2013 Klassisk l\u00e4skinspirerad smak<\/li>\n<li><strong>Bananmj\u00f6lk<\/strong> \u2013 Smidig och kr\u00e4mig dessertvape<\/li>\n<li><strong>Vattenmelon Bubbla Gum<\/strong> \u2013 Vattenmelon i s\u00f6t godisstil<\/li>\n<li><strong>K\u00f6rsb\u00e4r Persika Lemonad<\/strong> \u2013 Fruktig lemonadblandning<\/li>\n<li><strong>Bl\u00e5b\u00e4r Drake Frukt<\/strong> \u2013 Exotisk fruktfusion<\/li>\n<li><strong>Svart Is Drake Frukt Jordgubbe<\/strong> \u2013 Isig fruktexplosion<\/li>\n<li><strong>Jordgubbshallonk\u00f6rsb\u00e4r<\/strong> \u2013 Trefaldig b\u00e4rs\u00f6tma<\/li>\n<\/ul>\n<h3>Perfekt f\u00f6r anv\u00e4ndare och grossistk\u00f6pare<\/h3>\n<p>POCO SC30000 \u00e4r ett utm\u00e4rkt val f\u00f6r <strong>tunga vapers<\/strong> som vill ha l\u00e5ngvarig prestanda, <strong>smakchasers<\/strong> som \u00e4lskar variation och <strong>vapebutiker eller distribut\u00f6rer<\/strong> som letar efter en p\u00e5litlig bulk eng\u00e5ngsvape. Varje parti inneh\u00e5ller <strong>10 stycken av samma smak<\/strong>, vilket g\u00f6r lagerhanteringen enkel och effektiv f\u00f6r grossistdistribution.<\/p>\n<h3>POCO SC30000 FAQ \u2753<\/h3>\n<ul>\n<li><strong>Hur m\u00e5nga enheter ing\u00e5r i ett parti?<\/strong><br \/>\nEtt parti inneh\u00e5ller 10 stycken av samma smak och samma f\u00e4rg.<\/li>\n<li><strong>Kan jag blanda smaker i ett parti?<\/strong><br \/>\nNej. Ett parti kan bara v\u00e4lja en smak. Genom att best\u00e4lla flera partier kan du v\u00e4lja flera smaker.<\/li>\n<li><strong>Vilka l\u00e4nder st\u00f6der EU-lagers\u00e4ndning?<\/strong><br \/>\nGratis eller snabb frakt \u00e4r tillg\u00e4nglig f\u00f6r de flesta EU-l\u00e4nder, inklusive Tyskland, Frankrike, Italien, Spanien, Nederl\u00e4nderna, Polen, Sverige och mer.<\/li>\n<li><strong>Hur l\u00e5ng \u00e4r leveranstiden?<\/strong><br \/>\nFrakt fr\u00e5n lokalt EU-lager tar cirka 3\u20135 arbetsdagar.<\/li>\n<li><strong>St\u00f6ds OEM eller varum\u00e4rke?<\/strong><br \/>\nJa, OEM-tj\u00e4nster \u00e4r tillg\u00e4ngliga f\u00f6r bulk- och grossistbest\u00e4llningar.<\/li>\n<\/ul>\n","protected":false},"excerpt":{"rendered":"<p>POCO SC30000 eng\u00e5ngsvape p\u00e5 rea POCO SC30000 eng\u00e5ngsvape \u00e4r byggd f\u00f6r vapers som vill ha maximalt antal bloss, rik smak och p\u00e5litlig prestanda. Med upp till 30 000 bloss och en stor kapacitet p\u00e5 30 ml f\u00f6r e-v\u00e4tska \u00e4r den h\u00e4r enheten perfekt f\u00f6r b\u00e5de tunga anv\u00e4ndare och vapebutiker som letar efter en efterfr\u00e5gad produkt. [&hellip;]<\/p>\n","protected":false},"featured_media":6920,"comment_status":"open","ping_status":"closed","template":"","meta":[],"product_brand":[],"product_cat":[584,1756],"product_tag":[1720,643,681,723,640],"class_list":{"0":"post-19821","1":"product","2":"type-product","3":"status-publish","4":"has-post-thumbnail","6":"product_cat-30000-puffar-engangsvape","7":"product_cat-poco","8":"product_tag-30000-puffar-vape","9":"product_tag-engangs-vape-bulk","10":"product_tag-eu-lager-vape","11":"product_tag-grossist-vape-penna","12":"product_tag-uppladdningsbar-engangsvape","14":"first","15":"instock","16":"shipping-taxable","17":"purchasable","18":"product-type-variable","19":"has-default-attributes"},"jetpack_sharing_enabled":true,"tiered_pricing_type":"fixed","tiered_pricing_fixed_rules":{"100":8.42999999999999971578290569595992565155029296875,"200":8.28999999999999914734871708787977695465087890625,"500":7.78000000000000024868995751603506505489349365234375},"tiered_pricing_product_settings":{"layout":"default","base_unit_name":{"singular":null,"plural":null},"default_variation":null},"tiered_pricing_minimum_quantity":50,"tiered_pricing_roles_data":[],"tiered_pricing_percentage_rules":[],"tiered_pricing_maximum_quantity":null,"tiered_pricing_quantity_step":"10","_links":{"self":[{"href":"https:\/\/ricovape.com\/sv\/wp-json\/wp\/v2\/product\/19821","targetHints":{"allow":["GET"]}}],"collection":[{"href":"https:\/\/ricovape.com\/sv\/wp-json\/wp\/v2\/product"}],"about":[{"href":"https:\/\/ricovape.com\/sv\/wp-json\/wp\/v2\/types\/product"}],"replies":[{"embeddable":true,"href":"https:\/\/ricovape.com\/sv\/wp-json\/wp\/v2\/comments?post=19821"}],"wp:featuredmedia":[{"embeddable":true,"href":"https:\/\/ricovape.com\/sv\/wp-json\/wp\/v2\/media\/6920"}],"wp:attachment":[{"href":"https:\/\/ricovape.com\/sv\/wp-json\/wp\/v2\/media?parent=19821"}],"wp:term":[{"taxonomy":"product_brand","embeddable":true,"href":"https:\/\/ricovape.com\/sv\/wp-json\/wp\/v2\/product_brand?post=19821"},{"taxonomy":"product_cat","embeddable":true,"href":"https:\/\/ricovape.com\/sv\/wp-json\/wp\/v2\/product_cat?post=19821"},{"taxonomy":"product_tag","embeddable":true,"href":"https:\/\/ricovape.com\/sv\/wp-json\/wp\/v2\/product_tag?post=19821"}],"curies":[{"name":"wp","href":"https:\/\/api.w.org\/{rel}","templated":true}]}}