{"id":18097,"date":"2026-03-12T04:24:33","date_gmt":"2026-03-12T04:24:33","guid":{"rendered":"https:\/\/stage.jrfer.com\/product\/bang-leader-120k-2-i-1-120000-puffar-60-ml-magnetisk-dubbelsmak-engangsvape-grossist\/"},"modified":"2026-04-07T10:10:14","modified_gmt":"2026-04-07T10:10:14","slug":"bang-leader-120k-2-in-1-120000-puffs-60-ml-magnetic-dual-flavor-disposable-vape-wholesale","status":"publish","type":"product","link":"https:\/\/ricovape.com\/sv\/produkt\/bang-leader-120k-2-in-1-120000-puffs-60-ml-magnetic-dual-flavor-disposable-vape-wholesale\/","title":{"rendered":"Bang Leader 120K | 2-i-1 120000 puffar, 60 ml, magnetisk, dubbelsmak, eng\u00e5ngsvape, grossist"},"content":{"rendered":"<h2>Varf\u00f6r v\u00e4lja Bang Leader 120K? \ud83e\udd29<\/h2>\n<ul>\n<li>\ud83d\udd04 <strong>2-i-1 magnetisk Dual-Flavor Switch<\/strong> \u2014 Skjut f\u00f6r att byta smaker direkt utan f\u00f6rdr\u00f6jning.<\/li>\n<li>\ud83d\udca8 <strong>120 000 puffar<\/strong> \u2014 enorm kapacitet utformad f\u00f6r l\u00e5ngvarig daglig anv\u00e4ndning.<\/li>\n<li>\ud83d\udd25 <strong>Next-Gen Mesh Coil<\/strong> \u2014 T\u00e4t \u00e5nga, rikare smak, mjukare tr\u00e4ffar.<\/li>\n<li>\ud83d\udd0b <strong>H\u00f6geffektivt batteri<\/strong> \u2014 Stabil uteffekt f\u00f6r konsekvent smak.<\/li>\n<li>\ud83e\uddca <strong>L\u00e4cks\u00e4ker oljekammare<\/strong> \u2014 Ren, s\u00e4ker och resev\u00e4nlig.<\/li>\n<li>\u26a1 <strong>Typ-C Uppladdningsbar<\/strong> \u2014 Snabbladdning f\u00f6r minimal stillest\u00e5ndstid.<\/li>\n<li>\ud83d\udc4c <strong>Anv\u00e4ndarv\u00e4nlig design<\/strong> \u2014 Perfekt grepp, ljus sk\u00e4rm och enkel hantering.<\/li>\n<\/ul>\n<h2>Bang Leader 120K-specifikationer \ud83d\udcca<\/h2>\n<tbody>\n<tr>\n<td>Puff Count<\/td>\n<td>120 000 bloss<\/td>\n<\/tr>\n<tr>\n<td>Batterikapacitet<\/td>\n<td>650 mAh (h\u00f6g effektivitet)<\/td>\n<\/tr>\n<tr>\n<td>V\u00e4rmslinga<\/td>\n<td>Mesh-spole, 1,0\u03a9<\/td>\n<\/tr>\n<tr>\n<td>Smaksystem<\/td>\n<td>2-i-1 magnetisk skjutreglage<\/td>\n<\/tr>\n<tr>\n<td>Laddningsport<\/td>\n<td>Snabbladdning av typ C<\/td>\n<\/tr>\n<tr>\n<td>Nikotinstyrka<\/td>\n<td>0 % \/ 2 % \/ 3 % \/ 5 %<\/td>\n<\/tr>\n<\/tbody>\n<\/table>\n<h2>Bang Leader 120K smakguide \ud83d\ude0b<\/h2>\n<p data-start=\"120\" data-end=\"246\"><strong data-start=\"120\" data-end=\"145\">1. Blue Razz &amp; Love66<\/strong><br data-start=\"145\" data-end=\"148\" \/>\ud83c\udf6c <strong data-start=\"151\" data-end=\"165\">Blue Razz:<\/strong> S\u00f6t och syrlig godishallon<br data-start=\"195\" data-end=\"198\" \/>&#8221;-start=&#8221;2 data data-end=&#8221;212&#8221;&gt;Love66:<\/strong> Tropiskt, uppfriskande, l\u00e4tt isigt<\/p>\n<p data-start=\"248\" data-end=\"394\"><strong data-start=\"248\" data-end=\"299\">2. Strawberry Cherry &amp; Kiwi Passion Fruit Guava<\/strong><br data-start=\"299\" data-end=\"302\" \/>\ud83c\udf53\ud83c\udf52 <strong data-start=\"307\" data-end=\"329\">Strawberry Cherry:<\/strong> Juicy red-fruit mix<br data-start=\"349\">KPG:<\/strong> Tangy, tropisk, kr\u00e4mig trio<\/p>\n<p data-start=\"396\" data-end=\"542\"><strong data-start=\"396\" data-end=\"438\">3. Vattenmelon tuggummi och blandad frukt<\/strong><br data-start=\"438\" data-end=\"441\" \/>\ud83c\udf49\ud83c\udf6c <strong data-start=\"446\" data-end=\"472\">Vattenmelon bubbelgum:<\/strong> S\u00f6t tuggummi + melon<br data-start=\"490\" data-end=\"49\">Blandfrukt:<\/strong> F\u00e4rgstark, saftig fruktblandning<\/p>\n<p data-start=\"544\" data-end=\"697\"><strong data-start=\"544\" data-end=\"584\">4. Strawberry Banana &amp; Cherry Piesta<\/strong><br data-start=\"584\" data-end=\"587\" \/>\ud83c\udf53\ud83c\udf4c <strong data-start=\"592\" data-end=\"614\">Strawberry Banana:<\/strong> J\u00e4mn, kr\u00e4mig dessertst\u00e4mning<br data-start=\"642\" \/> data-end=&#8221;667&#8243;&gt;Cherry Piesta:<\/strong> S\u00f6ta k\u00f6rsb\u00e4r med kolsyrad twist<\/p>\n<p data-start=\"699\" data-end=\"830\"><strong data-start=\"699\" data-end=\"734\">5. Watermelon Ice &amp; Peach Mango<\/strong><br data-start=\"734\" data-end=\"737\" \/>\u2744\ufe0f\ud83c\udf49 <strong data-start=\"742\" data-end=\"761\">Watermelon Ice:<\/strong> Spr\u00f6d, cool melon<br data-start=\"779\" data-end=\"782\" \/>\ud83c\udf51 data data-end=&#8221;803&#8243;&gt;Peach Mango:<\/strong> Tropisk, len, aromatisk<\/p>\n<p data-start=\"832\" data-end=\"978\"><strong data-start=\"832\" data-end=\"870\">6. Bl\u00e5b\u00e4rsis och halloncitron<\/strong><br data-start=\"870\" data-end=\"873\" \/>\ud83e\uded0\u2744\ufe0f <strong data-start=\"878\" data-end=\"896\">Bl\u00e5b\u00e4rsis:<\/strong> S\u00f6ta b\u00e4r med isig finish&lt;br data-start=&quot;926&quot; data-end=&quot;929&quot;\ud83c\udf53 9 &lt;strong&quot;\ud83c\udf53 9 <strong data-end=\"954\">Halloncitron:<\/strong> Skallig, syrlig, fruktig pop<\/p>\n<p data-start=\"980\" data-end=\"1111\"><strong data-start=\"980\" data-end=\"1013\">7. Red Energy Ice &amp; Grape Ice<\/strong><br data-start=\"1013\" data-end=\"1016\" \/>\u26a1\u2744\ufe0f <strong data-start=\"1020\" data-end=\"1035\">Red Energy:<\/strong> S\u00f6ta, kolsyrade energivibbar<br data-start=\"1061\" \/> data-end=&#8221;1083&#8243;&gt;Druvis:<\/strong> Fet druva med sval utandning<\/p>\n<p data-start=\"1113\" data-end=\"1254\"><strong data-start=\"1113\" data-end=\"1155\">8. Jordgubbsvattenmelon och apelsinl\u00e4sk<\/strong><br data-start=\"1155\" data-end=\"1158\" \/>\ud83c\udf53\ud83c\udf49 <strong data-start=\"1163\" data-end=\"1189\">Jordgubbsvattenmelon:<\/strong> Mjuk, saftig klassiker<br data-start=\"1209\" data-end=\"1212\">Apelsinl\u00e4sk:<\/strong> Kolsyrat citrusglans<\/p>\n<p data-start=\"1256\" data-end=\"1383\"><strong data-start=\"1256\" data-end=\"1290\">9. Cola Ice &amp; Cherry Cranberry<\/strong><br data-start=\"1290\" data-end=\"1293\" \/>\ud83e\udd64\u2744\ufe0f <strong data-start=\"1298\" data-end=\"1311\">Cola Ice:<\/strong> Cool, uppfriskande cola<br data-start=\"1333\" \/> data-end=&#8221;1362&#8243;&gt;Cherry Cranberry:<\/strong> S\u00f6t\u2013syrlig b\u00e4rblandning<\/p>\n<p data-start=\"1385\" data-end=\"1524\"><strong data-start=\"1385\" data-end=\"1422\">10. Blueberry Ice &amp; Black Currant<\/strong><br data-start=\"1422\" data-end=\"1425\" \/>\ud83e\uded0\u2744\ufe0f <strong data-start=\"1430\" data-end=\"1448\">Blueberry Ice:<\/strong> S\u00f6t kyld bl\u00e5b\u00e4r<br data-start=\"1472\" \/> data-end=&#8221;1498&#8243;&gt;Svarta vinb\u00e4r:<\/strong> Djup, rik, n\u00e5got syrlig<\/p>\n<p data-start=\"1526\" data-end=\"1693\"><strong data-start=\"1526\" data-end=\"1574\">11. Raspberry Mojito Peach Ice &amp; Lady Killer<\/strong><br data-start=\"1574\" data-end=\"1577\" \/>\ud83c\udf51\ud83c\udf43 <strong data-start=\"1582\" data-end=\"1613\">Raspberry Mojito Peach Ice:<\/strong> Mintig, fruktig, kyld&lt;br data-start=&quot;1636&quot; \/=&quot;1636&quot; data <strong data-start=\"1644\" data-end=\"1660\">Lady Killer:<\/strong> J\u00e4mn, f\u00f6rstklassig shisha-stilsmix<\/p>\n<p data-start=\"1695\" data-end=\"1844\"><strong data-start=\"1695\" data-end=\"1736\">12. Watermelon Ice &amp; Strawberry Mamba<\/strong><br data-start=\"1736\" data-end=\"1739\" \/>\ud83c\udf49\u2744\ufe0f <strong data-start=\"1744\" data-end=\"1763\">Watermelon Ice:<\/strong> F\u00e4rsk, isig melon<br data-start=\"1780\" data-end=\"\ud83c\udf53\">1783&#8243; data-start=&#8221;1788&#8243; data-end=&#8221;1809&#8243;&gt;Strawberry Mamba:<\/strong> S\u00f6t, dj\u00e4rv, godisliknande jordgubbe<\/p>\n<h2>Vanliga fr\u00e5gor \u2753<\/h2>\n<h3>1. Hur fungerar omkopplaren med tv\u00e5 smaker?<\/h3>\n<p>Enheten anv\u00e4nder en magnetisk glidmekanism. Tryck och dra f\u00f6r att byta smak direkt \u2013 inga knappar, ingen f\u00f6rdr\u00f6jning.<\/p>\n<h3>2. Hur l\u00e4nge h\u00e5ller 120 000 bloss?<\/h3>\n<p>Det varierar beroende p\u00e5 anv\u00e4ndare, men de flesta tunga vapers \u00e5tnjuter veckors anv\u00e4ndning per enhet.<\/p>\n<h3>3. Skadar spolen att byta smak?<\/h3>\n<p>Nej. Bang Leader 120K har oberoende oljev\u00e4gar f\u00f6r stabil spoleprestanda.<\/p>\n<h3>4. \u00c4r den uppladdningsbar?<\/h3>\n<p>Ja, den anv\u00e4nder en Type-C snabbladdningsport f\u00f6r snabb laddning.<\/p>\n<h3>5. Vilka nikotinniv\u00e5er finns tillg\u00e4ngliga?<\/h3>\n<p>Du kan v\u00e4lja 0 %, 2 %, 3 % eller 5 % beroende p\u00e5 din region och preferenser.<\/p>\n<h3>6. \u00c4r detta l\u00e4mpligt f\u00f6r nyb\u00f6rjare?<\/h3>\n<p>Ja! Den \u00e4r dragaktiverad, enkel att anv\u00e4nda och underh\u00e5llsfri.<\/p>\n<h3>7. Hur kontrollerar jag batteri och e-v\u00e4tska?<\/h3>\n<p>Den inbyggda sk\u00e4rmen visar batteriniv\u00e5, e-v\u00e4tska, antal bloss och aktiv smakkanal.<\/p>\n<h3>8. Vad ska jag g\u00f6ra om det smakar br\u00e4nt?<\/h3>\n<p>L\u00e5t enheten vila i n\u00e5gra sekunder eller justera luftfl\u00f6det. Kontakta kundsupport om problemet kvarst\u00e5r.<\/p>\n<h2>Perfekt f\u00f6r&#8230; \ud83d\udcbc<\/h2>\n<p>Bang Leader 120K \u00e4r idealisk f\u00f6r tunga anv\u00e4ndare, smakjagare, resande vapers, vapebutikshyllor och bulkgrossistdistribution. Med ett enormt antal bloss, dubbla smaker och f\u00f6rstklassig konstruktion, \u00e4r det en f\u00f6rstklassig produkt f\u00f6r B2B-k\u00f6pare som letar efter h\u00f6gt efterfr\u00e5gade lager.<\/p>\n<p>Oavsett om du lagrar din butik eller letar efter en l\u00e5ngvarig personlig vape, \u00e4r detta kraftpaket p\u00e5 120K redo att imponera. \ud83d\ude80<\/p>\n","protected":false},"excerpt":{"rendered":"<p>Bang Leader 120K 2-i-1 eng\u00e5ngsvape med 120 000 bloss, smidig dubbelsmaksv\u00e4xling och rika moln. Idealisk f\u00f6r B2B-distribut\u00f6rer, vapebutiker och massbest\u00e4llningar.<\/p>\n","protected":false},"featured_media":6827,"comment_status":"open","ping_status":"closed","template":"","meta":[],"product_brand":[],"product_cat":[784,350],"product_tag":[419,777,2157,806,2175],"class_list":{"0":"post-18097","1":"product","2":"type-product","3":"status-publish","4":"has-post-thumbnail","6":"product_cat-100k-puffs-disposable-vape","7":"product_cat-bang","8":"product_tag-120-000-puffar-vape","9":"product_tag-bang-leader-120k","10":"product_tag-bang-vape","11":"product_tag-engangssmak-med-dubbla-smaker","12":"product_tag-uppladdningsbar-vape","14":"first","15":"instock","16":"shipping-taxable","17":"purchasable","18":"product-type-variable","19":"has-default-attributes"},"jetpack_sharing_enabled":true,"tiered_pricing_type":"fixed","tiered_pricing_fixed_rules":{"30":8.8100000000000004973799150320701301097869873046875,"50":7,"100":6.480000000000000426325641456060111522674560546875,"200":5.9900000000000002131628207280300557613372802734375,"400":5.769999999999999573674358543939888477325439453125},"tiered_pricing_product_settings":{"layout":"default","base_unit_name":{"singular":null,"plural":null},"default_variation":null},"tiered_pricing_minimum_quantity":10,"tiered_pricing_roles_data":[],"tiered_pricing_percentage_rules":[],"tiered_pricing_maximum_quantity":null,"tiered_pricing_quantity_step":"10","_links":{"self":[{"href":"https:\/\/ricovape.com\/sv\/wp-json\/wp\/v2\/product\/18097","targetHints":{"allow":["GET"]}}],"collection":[{"href":"https:\/\/ricovape.com\/sv\/wp-json\/wp\/v2\/product"}],"about":[{"href":"https:\/\/ricovape.com\/sv\/wp-json\/wp\/v2\/types\/product"}],"replies":[{"embeddable":true,"href":"https:\/\/ricovape.com\/sv\/wp-json\/wp\/v2\/comments?post=18097"}],"wp:featuredmedia":[{"embeddable":true,"href":"https:\/\/ricovape.com\/sv\/wp-json\/wp\/v2\/media\/6827"}],"wp:attachment":[{"href":"https:\/\/ricovape.com\/sv\/wp-json\/wp\/v2\/media?parent=18097"}],"wp:term":[{"taxonomy":"product_brand","embeddable":true,"href":"https:\/\/ricovape.com\/sv\/wp-json\/wp\/v2\/product_brand?post=18097"},{"taxonomy":"product_cat","embeddable":true,"href":"https:\/\/ricovape.com\/sv\/wp-json\/wp\/v2\/product_cat?post=18097"},{"taxonomy":"product_tag","embeddable":true,"href":"https:\/\/ricovape.com\/sv\/wp-json\/wp\/v2\/product_tag?post=18097"}],"curies":[{"name":"wp","href":"https:\/\/api.w.org\/{rel}","templated":true}]}}