{"id":18040,"date":"2026-03-12T04:24:34","date_gmt":"2026-03-12T04:24:34","guid":{"rendered":"https:\/\/stage.jrfer.com\/product\/bang-leader-stoll-300k-6-i-1-300000-puffar-uppladdningsbar-bulk-engangsvape-2\/"},"modified":"2026-04-07T09:21:50","modified_gmt":"2026-04-07T09:21:50","slug":"bang-leader-stoll-300k-6-in-1-300000-puffs-rechargeable-bulk-disposable-vape","status":"publish","type":"product","link":"https:\/\/ricovape.com\/sv\/produkt\/bang-leader-stoll-300k-6-in-1-300000-puffs-rechargeable-bulk-disposable-vape\/","title":{"rendered":"BANG LEADER STOLL 300K | 6-i-1 300000 puffar, uppladdningsbar, bulk eng\u00e5ngsvape"},"content":{"rendered":"<p><!-- Kort SEO-beskrivning --><\/p>\n<p><strong>BANG LEADER STOLL 300K Disposable Vape<\/strong> \u00e4r byggd f\u00f6r avancerade anv\u00e4ndare och professionella k\u00f6pare som vill ha mer v\u00e4rde i en enhet.<br \/>\nMed otroliga <strong>300 000 puffar<\/strong> och ett innovativt <strong>6-i-1 omkopplingsbart smaksystem<\/strong>, ger denna premium eng\u00e5ngsprodukt l\u00e5ngvarig prestanda, variation och bekv\u00e4mlighet i en enda enhet. \ud83d\ude80<br \/>\nPerfekt f\u00f6r vape-distribut\u00f6rer, grossister och butiker som letar efter en f\u00f6rstklassig produkt med h\u00f6g vinst.<\/p>\n<h2>Varf\u00f6r v\u00e4lja BANG LEADER STOLL 300K?<\/h2>\n<ul>\n<li>\ud83d\udd25 Massiv kapacitet <strong>300 000 puff<\/strong> \u2013 extremt l\u00e5ng livsl\u00e4ngd<\/li>\n<li>\ud83c\udf9b\ufe0f <strong>6-i-1 v\u00e4xlande smaker<\/strong> \u2013 sex smaker i en enhet<\/li>\n<li>\ud83d\udd0b Kraftfullt <strong>650mAh uppladdningsbart batteri<\/strong> med Type-C-laddning<\/li>\n<li>\u2601\ufe0f Avancerad <strong>dual mesh spole (1,0\u03a9)<\/strong> f\u00f6r j\u00e4mna och rika moln<\/li>\n<li>\ud83d\udcbc Bulkf\u00e4rdiga f\u00f6rpackningar \u2013 perfekt f\u00f6r grossist- och distribution<\/li>\n<li>\u2728 Solid konstruktion med f\u00f6rstklassig k\u00e4nsla f\u00f6r detaljhandelsvisning<\/li>\n<\/ul>\n<h2>BANG LEADER STOLL 300K-specifikationer<\/h2>\n<\/p>\n<tbody>\n<tr>\n<td><strong>Puffkapacitet<\/strong><\/td>\n<td>Upp till 300 000 bloss<\/td>\n<\/tr>\n<tr>\n<td><strong>Smaksystem<\/strong><\/td>\n<td>6-i-1 omkopplingsbar smakdesign<\/td>\n<\/tr>\n<tr>\n<td><strong>Batteri<\/strong><\/td>\n<td>16350 batteri, 650mAh uppladdningsbart<\/td>\n<\/tr>\n<tr>\n<td><strong>Laddning<\/strong><\/td>\n<td>Snabbladdning av typ C<\/td>\n<\/tr>\n<tr>\n<td><strong>Spole<\/strong><\/td>\n<td>Dual mesh spole, 1,0\u03a9<\/td>\n<\/tr>\n<tr>\n<td><strong>Nikotinstyrka<\/strong><\/td>\n<td>0 % \/ 2 % \/ 3 % \/ 5 % (valfritt)<\/td>\n<\/tr>\n<tr>\n<td><strong>Vikt<\/strong><\/td>\n<td>Ca. 140 g per enhet<\/td>\n<\/tr>\n<tr>\n<td><strong>Packning<\/strong><\/td>\n<td>200 st per kartong (grossist)<\/td>\n<\/tr>\n<\/tbody>\n<\/table>\n<h2>BANG LEADER STOLL 300 000 smakalternativ \u2013 6-i-1-blandningar \ud83c\udf08<\/h2>\n<p>Varje enhet inneh\u00e5ller <strong>sex olika smaker<\/strong> i en enhet. Byt bara och njut av en ny smak n\u00e4r som helst.<\/p>\n<ul>\n<li><strong>R\u00f6d Mix:<\/strong> Vattenmelon Is, Red Bull, Jordgubbskiwi, Bl\u00e5b\u00e4ris, Citronlime, Jordgubbsvattenmelon<\/li>\n<li><strong>Tropisk blandning:<\/strong> Jordgubbsbanan, dubbel\u00e4pple, hallonvattenmelon, syrlig mangoananas, tropisk frukt, citronpersika<\/li>\n<li><strong>Blue Mix:<\/strong> Ananas Kokos, Bl\u00e5 Razz, Blandade b\u00e4r, Mango Persika, Bl\u00e5b\u00e4r Hallon, Jordgubbs Vanilj Cola<\/li>\n<li><strong>Candy Mix:<\/strong> Persika B\u00e4r, Trippel melon, Druva Is, Svart Drake Is, Kolsyrat K\u00f6rsb\u00e4r Is, Klibbig Bj\u00f6rn<\/li>\n<li><strong>S\u00f6t blandning:<\/strong> Regnb\u00e5gsgodis, K\u00f6rsb\u00e4r Cola Is, \u00c4lskar 666, Mango is, Blueberry Soccer Candy, Persika Is<\/li>\n<li><strong>F\u00e4rsk blandning:<\/strong> Aloe Litchi Is, Rosa citron, Glaci\u00e4ris, Tall N\u00e5l Mynta, Black Vinb\u00e4r Ice, Watermelon Citron<\/li>\n<\/ul>\n<p><img data-recalc-dims=\"1\" loading=\"lazy\" decoding=\"async\" class=\"alignnone size-full wp-image-102547\" src=\"https:\/\/i0.wp.com\/aiviouvapes.com\/wp-content\/uploads\/2026\/01\/BANG-LEADER-STOLL-300K-1.jpg?resize=1028%2C1920&#038;ssl=1\" alt=\"\" width=\"1028\" height=\"1920\" title=\"\"><\/p>\n<h2>Vem \u00e4r det till f\u00f6r?<\/h2>\n<p><strong>BANG LEADER STOLL 300K<\/strong> \u00e4r perfekt f\u00f6r <strong>tunga anv\u00e4ndare<\/strong> som vill ha f\u00e4rre byten,<br \/>\n<strong>smakjagare<\/strong> som \u00e4lskar variation och <strong>vapebutiker och grossister<\/strong> som letar efter en premium,<br \/>\neng\u00e5ngsprodukt med h\u00f6g kapacitet som sticker ut och s\u00e4ljer snabbt. \ud83d\udcbc\u2601\ufe0f<\/p>\n<h2>Vanliga fr\u00e5gor (FAQ)<\/h2>\n<p><strong>F: Hur laddar jag BANG LEADER STOLL 300K?<\/strong><br \/>\nS: Anv\u00e4nd valfri standard Type-C laddningskabel. Koppla in den s\u00e5 laddas den snabbt och s\u00e4kert.<\/p>\n<p><strong>F: Kan kunder enkelt byta smak?<\/strong><br \/>\nS: Ja \ud83d\udc4d Enheten har ett inbyggt switchsystem, vilket m\u00f6jligg\u00f6r omedelbar v\u00e4xling mellan de 6 smakerna.<\/p>\n<p><strong>F: \u00c4r detta l\u00e4mpligt f\u00f6r grossist- och massbest\u00e4llningar?<\/strong><br \/>\nA: Absolut. Den \u00e4r f\u00f6rpackad i kartonger med 200 stycken, vilket g\u00f6r den idealisk f\u00f6r distribut\u00f6rer och vapebutiker.<\/p>\n<p><strong>F: Vad g\u00f6r mesh-spolen b\u00e4ttre?<\/strong><br \/>\nS: Mesh-spolar v\u00e4rmer j\u00e4mnt, vilket ger mjukare tr\u00e4ffar, starkare smak och mer konsekvent \u00e5nga.<\/p>\n<p><strong>F: \u00c4r den h\u00e4r enheten nyb\u00f6rjarv\u00e4nlig?<\/strong><br \/>\nS: Ja \ud83d\ude0a Den \u00e4r dragaktiverad, l\u00e4tt att anv\u00e4nda och kr\u00e4ver ingen installation \u2013 bara byt smak och vape.<\/p>\n<p>Uppgradera din produktlinje med <strong>BANG LEADER STOLL 300K disposable vape<\/strong> \u2014<br \/>\nenorma puffar, flera smaker och seri\u00f6st grossistv\u00e4rde. \ud83d\uded2\ud83d\udd25<\/p>\n","protected":false},"excerpt":{"rendered":"<p>BANG LEADER STOLL 300K Disposable Vape \u00e4r byggd f\u00f6r avancerade anv\u00e4ndare och professionella k\u00f6pare som vill ha mer v\u00e4rde i en enhet. Med otroliga 300 000 puffar och ett innovativt 6-i-1 omkopplingsbart smaksystem, ger denna premium eng\u00e5ngsprodukt l\u00e5ngvarig prestanda, variation och bekv\u00e4mlighet i en enda enhet. \ud83d\ude80 Perfekt f\u00f6r vape-distribut\u00f6rer, grossister och butiker som letar [&hellip;]<\/p>\n","protected":false},"featured_media":6941,"comment_status":"open","ping_status":"closed","template":"","meta":[],"product_brand":[],"product_cat":[584,350],"product_tag":[907,939,795,977,640],"class_list":{"0":"post-18040","1":"product","2":"type-product","3":"status-publish","4":"has-post-thumbnail","6":"product_cat-30000-puffar-engangsvape","7":"product_cat-bang","8":"product_tag-300-000-bloss-vape","9":"product_tag-6-i-1-engangsvape","10":"product_tag-bulk-engangsvape","11":"product_tag-engangs-vape-grossist","12":"product_tag-uppladdningsbar-engangsvape","14":"first","15":"instock","16":"shipping-taxable","17":"purchasable","18":"product-type-variable","19":"has-default-attributes"},"jetpack_sharing_enabled":true,"tiered_pricing_type":"fixed","tiered_pricing_fixed_rules":{"30":10.2400000000000002131628207280300557613372802734375,"50":8.8100000000000004973799150320701301097869873046875,"100":8.03999999999999914734871708787977695465087890625,"200":7.6500000000000003552713678800500929355621337890625,"400":7.12999999999999989341858963598497211933135986328125},"tiered_pricing_product_settings":{"layout":"default","base_unit_name":{"singular":null,"plural":null},"default_variation":null},"tiered_pricing_minimum_quantity":10,"tiered_pricing_roles_data":[],"tiered_pricing_percentage_rules":[],"tiered_pricing_maximum_quantity":null,"tiered_pricing_quantity_step":"10","_links":{"self":[{"href":"https:\/\/ricovape.com\/sv\/wp-json\/wp\/v2\/product\/18040","targetHints":{"allow":["GET"]}}],"collection":[{"href":"https:\/\/ricovape.com\/sv\/wp-json\/wp\/v2\/product"}],"about":[{"href":"https:\/\/ricovape.com\/sv\/wp-json\/wp\/v2\/types\/product"}],"replies":[{"embeddable":true,"href":"https:\/\/ricovape.com\/sv\/wp-json\/wp\/v2\/comments?post=18040"}],"wp:featuredmedia":[{"embeddable":true,"href":"https:\/\/ricovape.com\/sv\/wp-json\/wp\/v2\/media\/6941"}],"wp:attachment":[{"href":"https:\/\/ricovape.com\/sv\/wp-json\/wp\/v2\/media?parent=18040"}],"wp:term":[{"taxonomy":"product_brand","embeddable":true,"href":"https:\/\/ricovape.com\/sv\/wp-json\/wp\/v2\/product_brand?post=18040"},{"taxonomy":"product_cat","embeddable":true,"href":"https:\/\/ricovape.com\/sv\/wp-json\/wp\/v2\/product_cat?post=18040"},{"taxonomy":"product_tag","embeddable":true,"href":"https:\/\/ricovape.com\/sv\/wp-json\/wp\/v2\/product_tag?post=18040"}],"curies":[{"name":"wp","href":"https:\/\/api.w.org\/{rel}","templated":true}]}}