{"id":16675,"date":"2025-11-03T07:33:55","date_gmt":"2025-11-03T07:33:55","guid":{"rendered":"https:\/\/stage.jrfer.com\/product\/jnr-rage-gorilla-55k-dual-mesh-55000-puffar-smart-engangsvape\/"},"modified":"2026-04-07T11:23:09","modified_gmt":"2026-04-07T11:23:09","slug":"jnr-rage-gorilla-55k-dual-mesh-55000-puffs-smart-disposable-vape","status":"publish","type":"product","link":"https:\/\/ricovape.com\/sv\/produkt\/jnr-rage-gorilla-55k-dual-mesh-55000-puffs-smart-disposable-vape\/","title":{"rendered":"JNR Rage Gorilla 55K | dual mesh 55000 puffar smart eng\u00e5ngsvape"},"content":{"rendered":"<h2>JNR Rage Gorilla 55K | dual mesh 55000 puffs smart screen eng\u00e5ngsvape<\/h2>\n<h3>Varf\u00f6r v\u00e4lja JNR Rage Gorilla 55K?<\/h3>\n<ul>\n<li>\ud83d\udcaa <strong>Massiva 55 000 puffar<\/strong> \u2013 Byggd f\u00f6r uth\u00e5llighet och konsekvent smak till det allra sista blosset.<\/li>\n<li>\u26a1 <strong>Dual Mesh Coil<\/strong> \u2013 Njut av rikare smak, mjukare \u00e5nga och snabbare uppv\u00e4rmning.<\/li>\n<li>\ud83d\udd0b <strong>Uppladdningsbart 950mAh batteri<\/strong> \u2013 Forts\u00e4tt \u00e5nga l\u00e4ngre med Type-C snabbladdning.<\/li>\n<li>\ud83d\udcf1 <strong>Smart LED-sk\u00e4rm<\/strong> \u2013 Realtidsvisning av blosstal och batteriniv\u00e5.<\/li>\n<li>\ud83c\udf08 <strong>Brett smakutbud<\/strong> \u2013 20 l\u00e4ckra alternativ fr\u00e5n fruktiga till isiga blandningar.<\/li>\n<li>\ud83d\udca7 <strong>Enorm 42 ml E-v\u00e4tskekapacitet<\/strong> \u2013 Inga p\u00e5fyllningar beh\u00f6vs, bara ren tillfredsst\u00e4llelse.<\/li>\n<li>\ud83d\udcbc Idealisk f\u00f6r <strong>grossistdistribution, vapebutiker eller B2B-bulkbest\u00e4llningar<\/strong>.<\/li>\n<\/ul>\n<p><img decoding=\"async\" style=\"max-width: 100%;height: auto;display: block;margin: 0 auto\" src=\"https:\/\/ricovape.com\/wp-content\/uploads\/2025\/11\/JNR-RAGE-GORILLA-55000-Puffs-Dual-Mesh-Authentic-Disposable-Vape-Low-Nicotine-Buy-Buy-Buy-Wholesale-1.NR 55K \" alt=\"\" title=\"\"><\/p>\n<h3>Specifikationer<\/h3>\n<table border=\"1\" cellpadding=\"6\">\n<tbody>\n<tr>\n<td><strong>Ungef\u00e4rligt antal bloss<\/strong><\/td>\n<td>55 000<\/td>\n<\/tr>\n<tr>\n<td><strong>E-v\u00e4tskekapacitet<\/strong><\/td>\n<td>42 ml<\/td>\n<\/tr>\n<tr>\n<td><strong>Batteri<\/strong><\/td>\n<td>950 mAh (laddningsbar via Type-C)<\/td>\n<\/tr>\n<tr>\n<td><strong>Spolsystem<\/strong><\/td>\n<td>Dual Mesh Coil<\/td>\n<\/tr>\n<tr>\n<td><strong>Nikotinstyrka<\/strong><\/td>\n<td>0 %, 2 %, 5 %<\/td>\n<\/tr>\n<tr>\n<td><strong>Sk\u00e4rmvisning<\/strong><\/td>\n<td>Smart LED (batteri- och puffr\u00e4kning)<\/td>\n<\/tr>\n<tr>\n<td><strong>Laddningsport<\/strong><\/td>\n<td>Snabbladdning av typ C<\/td>\n<\/tr>\n<\/tbody>\n<\/table>\n<h3>Tillg\u00e4ngliga smaker \ud83c\udf53\ud83c\udf4d\ud83c\udf49<\/h3>\n<p>Uppt\u00e4ck dj\u00e4rva och saftiga smaker f\u00f6r alla smaker:<\/p>\n<ul>\n<li><strong>Jordgubbis<\/strong> \u2013 Klassisk b\u00e4rs\u00f6tma med en frostig twist.<\/li>\n<li><strong>K\u00f6rsb\u00e4r Cola<\/strong> \u2013 En fr\u00e4sch och syrlig cola-kick med en k\u00f6rsb\u00e4rspop. \ud83e\udd64<\/li>\n<li><strong>Vattenmelon is<\/strong> \u2013 Uppfriskande sommarvibbar med isande svalka. \ud83c\udf49<\/li>\n<li><strong>Bl\u00e5 Razz K\u00f6rsb\u00e4r<\/strong> \u2013 S\u00f6t, syrlig och saftig explosion i varje puff.<\/li>\n<li><strong>Jordgubbskiwi<\/strong> \u2013 Tropisk frukt harmoni f\u00f6r smidig tillfredsst\u00e4llelse. \ud83c\udf53\ud83e\udd5d<\/li>\n<li><strong>Saftiga persikor<\/strong> \u2013 Mogen, sammetslen persikasmak som dr\u00f6jer sig kvar. \ud83c\udf51<\/li>\n<li><strong>Bl\u00e5b\u00e4ris<\/strong> \u2013 Dj\u00e4rva bl\u00e5b\u00e4r balanserad av isig fr\u00e4sch\u00f6r. \u2744\ufe0f<\/li>\n<li><strong>Blandade b\u00e4r<\/strong> \u2013 Ett s\u00f6tt b\u00e4rmedley med syrliga undertoner.<\/li>\n<li><strong>Dubbelt \u00e4pple<\/strong> \u2013 skarpa r\u00f6da och gr\u00f6na \u00e4pplen med s\u00f6ta toner. \ud83c\udf4f\ud83c\udf4e<\/li>\n<li><strong>K\u00f6rsb\u00e4rsb\u00e4r<\/strong> \u2013 Fruktig och s\u00f6t blandning av k\u00f6rsb\u00e4r och skogsb\u00e4r.<\/li>\n<li><strong>Bl\u00e5b\u00e4rshallonk\u00f6rsb\u00e4r<\/strong> \u2013 Trippelb\u00e4rsfusion f\u00f6r fans av djupa smaker.<\/li>\n<li><strong>Jordgubbsvattenmelon is<\/strong> \u2013 Saftig s\u00f6tma m\u00f6ter isig uppfriskande. \u2744\ufe0f<\/li>\n<li><strong>Kiwi vattenmelon is<\/strong> \u2013 Tangy kiwi twist p\u00e5 en cool melonbas.<\/li>\n<li><strong>Bl\u00e5b\u00e4rssura hallon<\/strong> \u2013 Syrligt m\u00f6ter s\u00f6tt i denna saftiga blandning.<\/li>\n<li><strong>Vit Persika Razz<\/strong> \u2013 Sl\u00e4t och kr\u00e4mig persika med hallonfinish.<\/li>\n<li><strong>Mango passionsfrukt<\/strong> \u2013 Exotisk tropisk explosion med en syrlig twist. \ud83e\udd6d<\/li>\n<li><strong>Persika Mango Vattenmelon<\/strong> \u2013 Flerlagers frukt gl\u00e4dje i varje puff.<\/li>\n<li><strong>Vattenmelon Bubblegum<\/strong> \u2013 Rolig, s\u00f6t och nostalgisk smakpop. \ud83c\udf6c<\/li>\n<li><strong>Jordgubbsbanan<\/strong> \u2013 Sl\u00e4t kr\u00e4mig banan m\u00f6ter s\u00f6t jordgubb. \ud83c\udf53\ud83c\udf4c<\/li>\n<li><strong>Kiwi Passion Guava<\/strong> \u2013 Dj\u00e4rv, tropisk och levande \u2013 en smakjagares dr\u00f6m!<\/li>\n<\/ul>\n<h3>Perfekt f\u00f6r<\/h3>\n<p><strong>JNR Rage Gorilla 55K<\/strong> \u00e4r perfekt f\u00f6r tunga anv\u00e4ndare, smakjagare och moln\u00e4lskare som vill ha best\u00e5ende kraft och f\u00f6rstklassig smak. \ud83d\udca8 Vape-butiker och distribut\u00f6rer kommer att \u00e4lska dess p\u00e5litliga prestanda, l\u00e5nga pufflivsl\u00e4ngd och fantastiska variation av smaker \u2013 ett idealiskt val f\u00f6r <strong>grossist-bulkbest\u00e4llningar<\/strong>.<\/p>\n<h3>Vanliga fr\u00e5gor \ud83e\uddd0<\/h3>\n<ul>\n<li><strong>F: \u00c4r JNR Rage Gorilla uppladdningsbar?<\/strong><br \/>\nA: Ja! Den inneh\u00e5ller ett 950mAh batteri med st\u00f6d f\u00f6r Type-C snabbladdning.<\/li>\n<li><strong>F: Kan jag kontrollera antalet bloss och batteriniv\u00e5?<\/strong><br \/>\nA: Absolut. Den smarta LED-sk\u00e4rmen visar puff- och batteriinformation i realtid.<\/li>\n<li><strong>F: Hur m\u00e5nga smaker finns tillg\u00e4ngliga?<\/strong><br \/>\nS: 15+ alternativ med b\u00e5de fruktiga och isiga blandningar f\u00f6r alla smakpreferenser.<\/li>\n<li><strong>F: Vem \u00e4r denna vape idealisk f\u00f6r?<\/strong><br \/>\nS: Perfekt f\u00f6r personligt bruk, vapebutiker, distribut\u00f6rer och B2B-grossister.<\/li>\n<li><strong>F: \u00c4r nikotin valfritt?<\/strong><br \/>\nS: Ja, finns i styrkorna 0 %, 2 % och 5 % nikotin.<\/li>\n<\/ul>\n<p>\ud83d\ude80 Skaffa <strong>JNR Rage Gorilla 55000 Puffs Disposable Vape<\/strong> idag och upplev o\u00f6vertr\u00e4ffad kraft, smak och bekv\u00e4mlighet \u2013 en perfekt passform f\u00f6r b\u00e5de moderna vapers och aff\u00e4rsk\u00f6pare!<\/p>\n","protected":false},"excerpt":{"rendered":"<p>\ud83d\udd25 Kraft m\u00f6ter smak! <strong>JNR Rage Gorilla 55000 Puffs Disposable Vape<\/strong> levererar massiva moln, ultrasl\u00e4ta drag och l\u00e5ngvarig prestanda \u2013 perfekt f\u00f6r b\u00e5de vape\u00e4lskare och grossistk\u00f6pare. \ud83d\udca8<\/p>\n","protected":false},"featured_media":6550,"comment_status":"open","ping_status":"closed","template":"","meta":[],"product_brand":[],"product_cat":[714,1212,1110,1811],"product_tag":[1090,1131,470,1162,1237,1199],"class_list":{"0":"post-16675","1":"product","2":"type-product","3":"status-publish","4":"has-post-thumbnail","6":"product_cat-60000-puffar-engangsvape","7":"product_cat-billiga-uppladdningsbara-engangsvapes","8":"product_cat-dual-mesh-vapes","9":"product_cat-jnr","10":"product_tag-55000-puffar-engangsvape","11":"product_tag-basta-engangsvapor","12":"product_tag-dual-mesh-coil-vape","13":"product_tag-jnr-rage-gorilla-55k","14":"product_tag-smart-skarm-vape-enhet","15":"product_tag-uppladdningsbar-langvarig-vape","17":"first","18":"instock","19":"shipping-taxable","20":"purchasable","21":"product-type-variable","22":"has-default-attributes"},"jetpack_sharing_enabled":true,"tiered_pricing_type":"fixed","tiered_pricing_fixed_rules":{"30":9.6899999999999995026200849679298698902130126953125,"50":7.95999999999999996447286321199499070644378662109375,"100":7.3499999999999996447286321199499070644378662109375,"200":6.980000000000000426325641456060111522674560546875,"400":6.480000000000000426325641456060111522674560546875},"tiered_pricing_product_settings":{"layout":"default","base_unit_name":{"singular":null,"plural":null},"default_variation":null},"tiered_pricing_minimum_quantity":10,"tiered_pricing_roles_data":[],"tiered_pricing_percentage_rules":[],"tiered_pricing_maximum_quantity":null,"tiered_pricing_quantity_step":"10","_links":{"self":[{"href":"https:\/\/ricovape.com\/sv\/wp-json\/wp\/v2\/product\/16675","targetHints":{"allow":["GET"]}}],"collection":[{"href":"https:\/\/ricovape.com\/sv\/wp-json\/wp\/v2\/product"}],"about":[{"href":"https:\/\/ricovape.com\/sv\/wp-json\/wp\/v2\/types\/product"}],"replies":[{"embeddable":true,"href":"https:\/\/ricovape.com\/sv\/wp-json\/wp\/v2\/comments?post=16675"}],"wp:featuredmedia":[{"embeddable":true,"href":"https:\/\/ricovape.com\/sv\/wp-json\/wp\/v2\/media\/6550"}],"wp:attachment":[{"href":"https:\/\/ricovape.com\/sv\/wp-json\/wp\/v2\/media?parent=16675"}],"wp:term":[{"taxonomy":"product_brand","embeddable":true,"href":"https:\/\/ricovape.com\/sv\/wp-json\/wp\/v2\/product_brand?post=16675"},{"taxonomy":"product_cat","embeddable":true,"href":"https:\/\/ricovape.com\/sv\/wp-json\/wp\/v2\/product_cat?post=16675"},{"taxonomy":"product_tag","embeddable":true,"href":"https:\/\/ricovape.com\/sv\/wp-json\/wp\/v2\/product_tag?post=16675"}],"curies":[{"name":"wp","href":"https:\/\/api.w.org\/{rel}","templated":true}]}}