{"id":11493,"date":"2026-03-12T04:24:35","date_gmt":"2026-03-12T04:24:35","guid":{"rendered":"https:\/\/stage.jrfer.com\/product\/fihp-90k-3-i-1-90-000-puffar-42ml-trippel-smak-led-skarm-engangsvape\/"},"modified":"2026-04-07T08:41:31","modified_gmt":"2026-04-07T08:41:31","slug":"fihp-90k-3-in-1-90000-puffs-42ml-triple-flavor-led-screen-disposable-vape","status":"publish","type":"product","link":"https:\/\/ricovape.com\/sv\/produkt\/fihp-90k-3-in-1-90000-puffs-42ml-triple-flavor-led-screen-disposable-vape\/","title":{"rendered":"FIHP 90K 3-i-1 | 90 000 puffar, 42ml, trippel smak, LED-sk\u00e4rm, eng\u00e5ngsvape"},"content":{"rendered":"<p><!-- Kort SEO-beskrivning --><\/p>\n<h2>FIHP 90000 3-i-1 90 000 bloss | triple flavour LED-sk\u00e4rm uppladdningsbar eng\u00e5ngsvape<\/h2>\n<p>\ud83d\udd25 <strong>Trippel smakkraft. Massiv 90K-prestanda. Smart LED-kontroll.<\/strong> \ud83d\udd25<\/p>\n<p><strong>FIHP 90000 90K puffar eng\u00e5ngsvape<\/strong> \u00e4r konstruerad f\u00f6r seri\u00f6sa vapers som kr\u00e4ver extrem livsl\u00e4ngd, dj\u00e4rv smakleverans och smart anv\u00e4ndbarhet. Med ett innovativt <strong>3-i-1 trippelsmaksystem<\/strong>, integrerar denna enhet tre premiumsmaker i en kraftfull enhet med en enorm <strong>42 ml e-v\u00e4tskekapacitet<\/strong>.<\/p>\n<p>Utformad f\u00f6r tunga anv\u00e4ndare och grossistmarknader ger den upp till <strong>90 000 bloss<\/strong> samtidigt som den beh\u00e5ller j\u00e4mn, konsekvent \u00e5nga fr\u00e5n f\u00f6rsta dragning till sista. Utrustad med en <strong>0,9\u03a9 dual mesh-spole<\/strong> och <strong>650mAh uppladdningsbart batteri<\/strong> med Type-C snabbladdning, s\u00e4kerst\u00e4ller denna avancerade eng\u00e5ngsenhet t\u00e4ta moln och \u00f6verl\u00e4gsen klarhet i smaken varje g\u00e5ng.<\/p>\n<h3>FIHP 90K \u00f6versikt och funktioner<\/h3>\n<p>\u2022 Upp till 90 000 bloss ultral\u00e5ng prestanda<br \/>\n\u2022 3-i-1 Triple Flavor System (42 ml total kapacitet)<br \/>\n\u2022 0,9\u03a9 Dual Mesh Coil f\u00f6r \u00f6kad \u00e5ngdensitet<br \/>\n\u2022 650mAh uppladdningsbart batteri<br \/>\n\u2022 Typ-C snabbladdningsst\u00f6d<br \/>\n\u2022 Smart LED-sk\u00e4rm med batteriprocent i realtid<br \/>\n\u2022 Finns i 2 % &amp; 5 % nikotinstyrkor<br \/>\n\u2022 10 premium smakkombinationer<br \/>\n\u2022 10 st per kartong \u2013 grossistv\u00e4nlig f\u00f6rpackning<\/p>\n<h3>FIHP 90K-specifikationer<\/h3>\n<tbody>\n<tr>\n<th>Funktion<\/th>\n<th>Detaljer<\/th>\n<\/tr>\n<tr>\n<td>Puff Count<\/td>\n<td>Upp till 90 000 bloss<\/td>\n<\/tr>\n<tr>\n<td>E-v\u00e4tskekapacitet<\/td>\n<td>42mL (Triple Flavor System)<\/td>\n<\/tr>\n<tr>\n<td>Spole<\/td>\n<td>0,9\u03a9 Dual Mesh Coil<\/td>\n<\/tr>\n<tr>\n<td>Batteri<\/td>\n<td>650mAh uppladdningsbar<\/td>\n<\/tr>\n<tr>\n<td>Laddning<\/td>\n<td>Snabbladdning av typ C<\/td>\n<\/tr>\n<tr>\n<td>Visa<\/td>\n<td>Smart LED (realtidsbatteri %)<\/td>\n<\/tr>\n<tr>\n<td>Nikotinstyrka<\/td>\n<td>2 % \/ 5 %<\/td>\n<\/tr>\n<tr>\n<td>F\u00f6rpackning<\/td>\n<td>10 st per l\u00e5da<\/td>\n<\/tr>\n<\/tbody>\n<\/table>\n<h3>FIHP 90K smakkombinationer (3-i-1-system)<\/h3>\n<tbody>\n<tr>\n<th>Smakkombination<\/th>\n<th>Trippelblandning<\/th>\n<\/tr>\n<tr>\n<td>Kombo 1<\/td>\n<td>Fizzy Cherry | Lady Killer | Gummy Bear<\/td>\n<\/tr>\n<tr>\n<td>Kombo 2<\/td>\n<td>Bl\u00e5b\u00e4rshallon | K\u00e4rlek 666 | Peach Ice<\/td>\n<\/tr>\n<tr>\n<td>Kombo 3<\/td>\n<td>Hallon vattenmelon | Blandade b\u00e4r | Mango Peach<\/td>\n<\/tr>\n<tr>\n<td>Kombo 4<\/td>\n<td>Blue Razz Lemonade | Jordgubbshallon | Rainbow Candy<\/td>\n<\/tr>\n<tr>\n<td>Kombo 5<\/td>\n<td>Vattenmelon Bubblegum | Grape Ice | Black Dragon Ice<\/td>\n<\/tr>\n<tr>\n<td>Kombo 6<\/td>\n<td>Ananas Kokosn\u00f6t | Blandad frukt | Citronpersika<\/td>\n<\/tr>\n<tr>\n<td>Kombo 7<\/td>\n<td>Dubbel Apple | Jordgubbsbanan | Hallon Vattenmelon<\/td>\n<\/tr>\n<tr>\n<td>Kombo 8<\/td>\n<td>Vattenmelon is | Red Bull | Strawberry Kiwi<\/td>\n<\/tr>\n<tr>\n<td>Kombo 9<\/td>\n<td>Bl\u00e5b\u00e4ris | Jordgubbsvattenmelon | Citronlime<\/td>\n<\/tr>\n<tr>\n<td>Kombo 10<\/td>\n<td>Peach Berry | Trippel melon | Vattenmelon is<\/td>\n<\/tr>\n<\/tbody>\n<\/table>\n<h3>FIHP 90K tillg\u00e4ngliga smaker<\/h3>\n<p>Fizzy Cherry &amp; Lady Killer &amp; Gummy Bear<br \/>\nBlueberry Raspberry &amp; Love 666 &amp; Peach Ice<br \/>\nHallon vattenmelon &amp; blandade b\u00e4r &amp; mango persika<br \/>\nBlue Razz Lemonade &amp; Strawberry Hallon &amp; Rainbow Candy<br \/>\nVattenmelon Bubblegum &amp; Grape Ice &amp; Black Dragon Ice<br \/>\nAnanas kokos &amp; blandad frukt &amp; citron persika<br \/>\nDubbel \u00e4pple &amp; jordgubb Banan &amp; hallon vattenmelon<br \/>\nWatermelon Ice &amp; Red Bull &amp; Strawberry Kiwi<br \/>\nBlueberry Ice &amp; Strawberry Watermelon &amp; Citron Lime<br \/>\nPeach Berry &amp; Triple Melon &amp; Watermelon Ice<\/p>\n<h3>Varf\u00f6r v\u00e4lja FIHP 90000 3-i-1 90K?<\/h3>\n<ul>\n<li>\ud83d\ude80 Extrem blosskapacitet p\u00e5 90 000 minskar utbytesfrekvensen<\/li>\n<li>\ud83c\udf53 Tredubbla smakbyten f\u00f6r \u00f6kad variation<\/li>\n<li>\ud83d\udca8 Dubbel mesh-spole f\u00f6r massiva moln och rik smak<\/li>\n<li>\ud83d\udd0b Laddningsbar med LED-batteri\u00f6vervakning<\/li>\n<li>\u26a1 Bekv\u00e4m snabbladdning av typ C<\/li>\n<li>\ud83d\udce6 Grossistf\u00e4rdig 10 st\/kartongf\u00f6rpackning<\/li>\n<li>\ud83c\udfea Perfekt f\u00f6r vapebutiker, distribut\u00f6rer och bulkk\u00f6pare<\/li>\n<\/ul>\n<p><strong>FIHP 90000 3-i-1 eng\u00e5ngsvape<\/strong> \u00e4r byggd f\u00f6r tunga anv\u00e4ndare, smakjagare och grossistdistribut\u00f6rer som s\u00f6ker h\u00f6gkapacitetsprodukter med h\u00f6g prestanda. Med innovation med tre smaker, massiv puffeffekt och smart LED-kontroll \u00e4r det ett kraftfullt tillskott till alla vapebutiker eller storskaliga distributionsportf\u00f6ljer.<\/p>\n<h3>FAQ FIHP 90K<\/h3>\n<p><strong>F1: Hur l\u00e4nge h\u00e5ller FIHP 90000?<\/strong><br \/>\nS: Den ger upp till 90 000 bloss beroende p\u00e5 anv\u00e4ndningsvanor, vilket avsev\u00e4rt minskar utbytesfrekvensen.<\/p>\n<p><strong>Fr\u00e5ga 2: \u00c4r enheten uppladdningsbar?<\/strong><br \/>\nS: Ja, den har ett 650mAh uppladdningsbart batteri med Type-C snabbladdning.<\/p>\n<p><strong>Fr\u00e5ga 3: Kan anv\u00e4ndare v\u00e4xla mellan smaker?<\/strong><br \/>\nS: Ja, 3-i-1-systemet integrerar tre smaker i en enhet f\u00f6r en dynamisk vaping-upplevelse.<\/p>\n<p><strong>Fr\u00e5ga 4: Vilka nikotinstyrkor finns tillg\u00e4ngliga?<\/strong><br \/>\nS: Det finns i 2 % och 5 % nikotinalternativ.<\/p>\n<p><strong>F5: \u00c4r detta l\u00e4mpligt f\u00f6r grossisthandel?<\/strong><br \/>\nA: Absolut. Den kommer i 10 st per kartong, vilket g\u00f6r den idealisk f\u00f6r vapebutiker och bulkdistribution.<\/p>\n","protected":false},"excerpt":{"rendered":"<p><strong>FIHP 90000 3-i-1 eng\u00e5ngsvape<\/strong> ger upp till 90 000 puffar med tredubbla smaker, 42 ml e-v\u00e4tska, LED-sk\u00e4rm och laddningsbar kraft, dubbel mesh-spole, massiva moln, f\u00e4rdiga f\u00f6rpackningar i grossistledet.<\/p>\n","protected":false},"featured_media":7020,"comment_status":"open","ping_status":"closed","template":"","meta":[],"product_brand":[],"product_cat":[1879],"product_tag":[1403,1518,1442,1481,795,470,1556,1578,640,1053],"class_list":{"0":"post-11493","1":"product","2":"type-product","3":"status-publish","4":"has-post-thumbnail","6":"product_cat-fihp","7":"product_tag-3-i-1-vape","8":"product_tag-90-000-fihp","9":"product_tag-90000-puffar-vape","10":"product_tag-90k-engangsvape","11":"product_tag-bulk-engangsvape","12":"product_tag-dual-mesh-coil-vape","13":"product_tag-led-skarm-engangsvape","14":"product_tag-tredubbel-smak-vape","15":"product_tag-uppladdningsbar-engangsvape","16":"product_tag-vape-grossister-leverantor","18":"first","19":"instock","20":"shipping-taxable","21":"purchasable","22":"product-type-variable","23":"has-default-attributes"},"jetpack_sharing_enabled":true,"tiered_pricing_type":"fixed","tiered_pricing_fixed_rules":{"30":9.589999999999999857891452847979962825775146484375,"50":7.910000000000000142108547152020037174224853515625,"100":7.38999999999999968025576890795491635799407958984375,"200":6.7400000000000002131628207280300557613372802734375,"400":6.21999999999999975131004248396493494510650634765625},"tiered_pricing_product_settings":{"layout":"default","base_unit_name":{"singular":null,"plural":null},"default_variation":null},"tiered_pricing_minimum_quantity":10,"tiered_pricing_roles_data":[],"tiered_pricing_percentage_rules":[],"tiered_pricing_maximum_quantity":null,"tiered_pricing_quantity_step":"10","_links":{"self":[{"href":"https:\/\/ricovape.com\/sv\/wp-json\/wp\/v2\/product\/11493","targetHints":{"allow":["GET"]}}],"collection":[{"href":"https:\/\/ricovape.com\/sv\/wp-json\/wp\/v2\/product"}],"about":[{"href":"https:\/\/ricovape.com\/sv\/wp-json\/wp\/v2\/types\/product"}],"replies":[{"embeddable":true,"href":"https:\/\/ricovape.com\/sv\/wp-json\/wp\/v2\/comments?post=11493"}],"wp:featuredmedia":[{"embeddable":true,"href":"https:\/\/ricovape.com\/sv\/wp-json\/wp\/v2\/media\/7020"}],"wp:attachment":[{"href":"https:\/\/ricovape.com\/sv\/wp-json\/wp\/v2\/media?parent=11493"}],"wp:term":[{"taxonomy":"product_brand","embeddable":true,"href":"https:\/\/ricovape.com\/sv\/wp-json\/wp\/v2\/product_brand?post=11493"},{"taxonomy":"product_cat","embeddable":true,"href":"https:\/\/ricovape.com\/sv\/wp-json\/wp\/v2\/product_cat?post=11493"},{"taxonomy":"product_tag","embeddable":true,"href":"https:\/\/ricovape.com\/sv\/wp-json\/wp\/v2\/product_tag?post=11493"}],"curies":[{"name":"wp","href":"https:\/\/api.w.org\/{rel}","templated":true}]}}