{"id":10094,"date":"2026-03-25T02:54:13","date_gmt":"2026-03-25T02:54:13","guid":{"rendered":"https:\/\/stage.jrfer.com\/product\/waspe-bar-60k-60000-puffar-langvarig-16-smakalternativ-bulk-engangsvape\/"},"modified":"2026-04-09T12:44:23","modified_gmt":"2026-04-09T12:44:23","slug":"waspe-bar-60k-60000-puffs-long-lasting-16-flavor-options-bulk-disposable-vape","status":"publish","type":"product","link":"https:\/\/ricovape.com\/sv\/produkt\/waspe-bar-60k-60000-puffs-long-lasting-16-flavor-options-bulk-disposable-vape\/","title":{"rendered":"WASPE Bar 60K | 60000 puffar, l\u00e5ngvarig, 16 smakalternativ, bulk eng\u00e5ngsvape"},"content":{"rendered":"<p><img data-recalc-dims=\"1\" decoding=\"async\" class=\"alignnone size-full wp-image-114648\" src=\"https:\/\/i0.wp.com\/aiviouvapes.com\/wp-content\/uploads\/2026\/03\/WASPE-Bar-60K-Puffs-25.jpg?ssl=1\" alt=\"\" title=\"\">16&#8243; bredd=&#8221;16&#8243; 30&#8243; bredd=&#8221;16&#8243; 30&#8243; bredd=&#8221;16&#8243;<\/p>\n<h3>Varf\u00f6r v\u00e4lja WASPE Bar 60K?<\/h3>\n<ul>\n<li>\ud83d\udca8 <strong>Upp till 60 000 bloss<\/strong> f\u00f6r l\u00e5ngvarig anv\u00e4ndning och b\u00e4ttre v\u00e4rde<\/li>\n<li>\ud83c\udf53 <strong>16 popul\u00e4ra frukt- och issmaker<\/strong> f\u00f6r att matcha olika kunders smaker<\/li>\n<li>\ud83e\uddca Smidig och njutbar smakupplevelse f\u00f6r daglig vaping<\/li>\n<li>\ud83d\udd0b Designad f\u00f6r tunga anv\u00e4ndare som vill ha en l\u00e5ngtidsanv\u00e4ndbar eng\u00e5ngsenhet<\/li>\n<li>\ud83c\udf0d Finns i <strong>0 %, 2 % och 5 % nikotin<\/strong> f\u00f6r olika marknadsbehov<\/li>\n<li>\ud83d\udce6 <strong>160 st per kartong<\/strong> och <strong>10 st per kartong<\/strong>, perfekt f\u00f6r grossistbest\u00e4llningar<\/li>\n<li>\ud83c\udfea Perfekt f\u00f6r vapebutiker, distribut\u00f6rer, import\u00f6rer och vapef\u00f6rs\u00e4ljare online<\/li>\n<li>\ud83d\ude80 Stark produkt med h\u00f6g puff f\u00f6r att bygga en attraktiv eng\u00e5ngsvape-serie<\/li>\n<\/ul>\n<h3>WASPE Bar 60K eng\u00e5ngsvapedetaljer<\/h3>\n<p>WASPE Bar 60K Puffs eng\u00e5ngsvapen<\/strong> \u00e4r en h\u00f6gkapacitetsenhet byggd f\u00f6r kunder som vill ha fler puffar, mer smak och mer bekv\u00e4mlighet i en produkt. Det \u00e4r ett utm\u00e4rkt alternativ f\u00f6r marknader som efterfr\u00e5gar l\u00e5ngvariga eng\u00e5ngsvapor med i\u00f6gonfallande smakval och flexibla nikotinstyrkor.<\/p>\n<p>F\u00f6r B2B-k\u00f6pare \u00e4r WASPE Bar 60K en enkel produkt att l\u00e4gga till i en grossistkatalog. Blosskapaciteten p\u00e5 60 000 hj\u00e4lper den att sticka ut p\u00e5 den konkurrensutsatta marknaden f\u00f6r eng\u00e5ngsvapor, medan smakutbudet inkluderar fruktiga, isiga, s\u00f6ta och blandade profiler som \u00e4r popul\u00e4ra bland m\u00e5nga konsumenter. Detta g\u00f6r det l\u00e4ttare f\u00f6r distribut\u00f6rer och vapebutiker att rikta sig till b\u00e5de vardagsvapers och kunder som letar efter en dj\u00e4rv ny smakupplevelse. \u2728<\/p>\n<h3>Specifikationer f\u00f6r WASPE Bar 60K<\/h3>\n<tbody>\n<tr>\n<th>Produktnamn<\/th>\n<td>WASPE Bar 60K puffar<\/td>\n<\/tr>\n<tr>\n<th>Enhetstyp<\/th>\n<td>Eng\u00e5ngs vape-enhet<\/td>\n<\/tr>\n<tr>\n<th>Puff Count<\/th>\n<td>60 000 puffar<\/td>\n<\/tr>\n<tr>\n<th>Nikotinstyrka<\/th>\n<td>0 % \/ 2 % \/ 5 %<\/td>\n<\/tr>\n<tr>\n<th>Smakalternativ<\/th>\n<td>16 smaker<\/td>\n<\/tr>\n<tr>\n<th>Packning<\/th>\n<td>10 st\/kartong<\/td>\n<\/tr>\n<tr>\n<th>Kartongkvantitet<\/th>\n<td>160st\/ctn<\/td>\n<\/tr>\n<tr>\n<th>Bruttovikt<\/th>\n<td>20,8 kg<\/td>\n<\/tr>\n<tr>\n<th>M\u00e5lk\u00f6pare<\/th>\n<td>Grossister, distribut\u00f6rer, vapebutiker, \u00e5terf\u00f6rs\u00e4ljare<\/td>\n<\/tr>\n<\/tbody>\n<\/table>\n<h3>WASPE Bar 60K Flavors \ud83c\udf4d\ud83c\udf47\ud83c\udf49<\/h3>\n<p><strong>Vattenmelon is<\/strong> \u2013 En saftig vattenmelonsmak med en kall isig finish, fr\u00e4sch och l\u00e4tt att njuta av.<\/p>\n<p><strong>Bl\u00e5b\u00e4rsis<\/strong> \u2013 S\u00f6t bl\u00e5b\u00e4rssmak blandad med en skarp svalkande touch.<\/p>\n<p><strong>Druvis<\/strong> \u2013 Rik druvs\u00f6tma med en uppfriskande iston.<\/p>\n<p><strong>Citronlime<\/strong> \u2013 Ljus citrussmak med en syrlig och livlig smak.<\/p>\n<p><strong>Jordgubbsbanan<\/strong> \u2013 En sl\u00e4t och s\u00f6t fruktblandning som \u00e4lskas av m\u00e5nga vape-anv\u00e4ndare.<\/p>\n<p><strong>Blandade b\u00e4r<\/strong> \u2013 En dj\u00e4rv b\u00e4rblandning med s\u00f6ta och syrliga toner i lager.<\/p>\n<p><strong>Red Bull Is<\/strong> \u2013 En energidryck-inspirerad smak med en sval finish f\u00f6r en starkare smakkick.<\/p>\n<p><strong>Kiwi vattenmelon<\/strong> \u2013 En balanserad blandning av saftig vattenmelon och syrlig kiwi.<\/p>\n<p><strong>Jordgubbsvattenmelon<\/strong> \u2013 En s\u00f6t och uppfriskande fruktkombination med bred kundtilltal.<\/p>\n<p><strong>Bl\u00e5b\u00e4rshallonk\u00f6rsb\u00e4r<\/strong> \u2013 En rik trippelb\u00e4rsprofil med djup s\u00f6tma och fruktig komplexitet.<\/p>\n<p><strong>Bj\u00f6rnb\u00e4r Svarta vinb\u00e4r<\/strong> \u2013 M\u00f6rk b\u00e4rsmak med en dj\u00e4rv och l\u00e4tt syrlig finish.<\/p>\n<p><strong>Jordgubbe Svart Drake Is<\/strong> \u2013 En speciell fruktblandning med s\u00f6ta jordgubbar och en cool exotisk twist.<\/p>\n<p><strong>Jordgubbskiwi<\/strong> \u2013 En klassisk fruktkombination med s\u00f6t och syrlig balans.<\/p>\n<p><strong>Bl\u00e5 K\u00f6rsb\u00e4r Cola<\/strong> \u2013 En rolig och unik blandning av b\u00e4r, k\u00f6rsb\u00e4r och cola-inspirerad smak.<\/p>\n<p><strong>Kiwi Melon Is<\/strong> \u2013 En fr\u00e4sch melonblandning med kiwiljusstyrka och isig j\u00e4mnhet.<\/p>\n<p><strong>Persika Mango Ananas<\/strong> \u2013 En tropisk fruktblandning full av s\u00f6t, saftig och solig smak. \ud83c\udf34<\/p>\n<p>&lt;img class=&quot;alignnone size-full wp-image-114647&quot; src=&quot;https:\/\/aiviouvapes.com\/wp-content\/uploads\/2026\/03\/WASPE-Bar-60K-Puffs-24.jpg&quot; alt=&quot;WASPE Bar 60K Puffs&quot; 80&quot; h\u00f6jd=&quot;192&quot; bredd=&quot;192&quot;g bredd=&quot;192&quot;g&quot; class=&quot;alignnone size-full wp-image-114646&quot; src=&quot;https:\/\/aiviouvapes.com\/wp-content\/uploads\/2026\/03\/WASPE-Bar-60K-Puffs-23.jpg&quot; alt=&quot;WASPE Bar 60K Puffs&quot; width=&quot;1920&quot; h\u00f6jd=&quot;1920&quot;<\/p>\n<h3>Vanliga fr\u00e5gor om WASPE Bar 60K \u2753<\/h3>\n<h4>1. Hur m\u00e5nga bloss erbjuder WASPE Bar 60K?<\/h4>\n<p>WASPE Bar 60K erbjuder upp till <strong>60 000 puffar<\/strong>, vilket g\u00f6r den till ett utm\u00e4rkt val f\u00f6r anv\u00e4ndare som vill ha en l\u00e5ngvarig eng\u00e5ngsvape.<\/p>\n<h4>2. Vilka nikotinstyrkor finns tillg\u00e4ngliga?<\/h4>\n<p>Denna enhet \u00e4r tillg\u00e4nglig i <strong>0 %, 2 % och 5 % nikotin<\/strong>, s\u00e5 den kan passa olika kunders preferenser och marknadens krav.<\/p>\n<h4>3. Hur m\u00e5nga smaker har den h\u00e4r modellen?<\/h4>\n<p>WASPE Bar 60K finns i <strong>16 smakalternativ<\/strong>, inklusive frukt, is, b\u00e4r, tropiska och drinkinspirerade smaker.<\/p>\n<h4>4. \u00c4r WASPE Bar 60K bra f\u00f6r grossisthandel?<\/h4>\n<p>Ja. Med <strong>10 st per kartong<\/strong> och <strong>160 st per kartong<\/strong>, \u00e4r den mycket l\u00e4mplig f\u00f6r grossister, distribut\u00f6rer och vapebutiker som letar efter bulkf\u00f6rr\u00e5d f\u00f6r eng\u00e5ngsvape.<\/p>\n<h4>5. Vem \u00e4r den h\u00e4r produkten b\u00e4st f\u00f6r?<\/h4>\n<p>Denna produkt \u00e4r idealisk f\u00f6r tunga anv\u00e4ndare, smak\u00e4lskare, \u00e5terf\u00f6rs\u00e4ljare av eng\u00e5ngsvape och B2B-k\u00f6pare som vill ha en h\u00f6gpuff modell med bred f\u00f6rs\u00e4ljningspotential.<\/p>\n<h4>6. Varf\u00f6r \u00e4r WASPE Bar 60K attraktiv f\u00f6r vapebutiker?<\/h4>\n<p>Den kombinerar ett mycket h\u00f6gt antal bloss, flexibla nikotinval och popul\u00e4ra smaker i en enhet, vilket hj\u00e4lper vapebutiker att erbjuda ett mer konkurrenskraftigt och attraktivt produktutbud.<\/p>\n<h3>WASPE Bar 60K \u00f6versikt<\/h3>\n<p><strong>WASPE Bar 60K disponibel vape<\/strong> \u00e4r ett starkt alternativ f\u00f6r <strong>tunga anv\u00e4ndare<\/strong> som vill ha l\u00e4ngre anv\u00e4ndning, f\u00f6r <strong>smakjagare<\/strong> som gillar fruktiga och isiga blandningar, och f\u00f6r <strong>vapebutiker och grossister<\/strong> som letar efter en eng\u00e5ngsvapeprodukt med h\u00f6g efterfr\u00e5gan. Med upp till 60 000 puffar, flexibla nikotinniv\u00e5er och grossistf\u00e4rdiga f\u00f6rpackningar \u00e4r denna modell byggd f\u00f6r att st\u00f6dja b\u00e5de detaljhandelns framg\u00e5ng och bulkdistributionstillv\u00e4xt. \ud83d\udcc8<\/p>\n","protected":false},"excerpt":{"rendered":"<p>Njut av den kraftfulla <strong>WASPE Bar 60K eng\u00e5ngsvapen<\/strong> med upp till <strong>60 000 puffar<\/strong>, rika frukt- och issmaker och flexibla <strong>0% \/ 2% \/ 5% nikotin<\/strong>-alternativ. Ett smart val f\u00f6r vape-grossister, distribut\u00f6rer och tunga anv\u00e4ndare som letar efter en h\u00f6gpuff eng\u00e5ngsvape med stark marknadsattraktion. \ud83d\ude80<\/p>\n","protected":false},"featured_media":7064,"comment_status":"open","ping_status":"closed","template":"","meta":[],"product_brand":[],"product_cat":[714,1932,397],"product_tag":[],"class_list":{"0":"post-10094","1":"product","2":"type-product","3":"status-publish","4":"has-post-thumbnail","6":"product_cat-60000-puffar-engangsvape","7":"product_cat-ny","8":"product_cat-waspe","10":"first","11":"instock","12":"shipping-taxable","13":"purchasable","14":"product-type-variable","15":"has-default-attributes"},"jetpack_sharing_enabled":true,"tiered_pricing_type":"fixed","tiered_pricing_fixed_rules":{"30":8.3599999999999994315658113919198513031005859375,"50":7.12999999999999989341858963598497211933135986328125,"100":6.589999999999999857891452847979962825775146484375,"200":6.29000000000000003552713678800500929355621337890625,"400":5.9900000000000002131628207280300557613372802734375},"tiered_pricing_product_settings":{"layout":"default","base_unit_name":{"singular":null,"plural":null},"default_variation":null},"tiered_pricing_minimum_quantity":10,"tiered_pricing_roles_data":[],"tiered_pricing_percentage_rules":[],"tiered_pricing_maximum_quantity":null,"tiered_pricing_quantity_step":"10","_links":{"self":[{"href":"https:\/\/ricovape.com\/sv\/wp-json\/wp\/v2\/product\/10094","targetHints":{"allow":["GET"]}}],"collection":[{"href":"https:\/\/ricovape.com\/sv\/wp-json\/wp\/v2\/product"}],"about":[{"href":"https:\/\/ricovape.com\/sv\/wp-json\/wp\/v2\/types\/product"}],"replies":[{"embeddable":true,"href":"https:\/\/ricovape.com\/sv\/wp-json\/wp\/v2\/comments?post=10094"}],"wp:featuredmedia":[{"embeddable":true,"href":"https:\/\/ricovape.com\/sv\/wp-json\/wp\/v2\/media\/7064"}],"wp:attachment":[{"href":"https:\/\/ricovape.com\/sv\/wp-json\/wp\/v2\/media?parent=10094"}],"wp:term":[{"taxonomy":"product_brand","embeddable":true,"href":"https:\/\/ricovape.com\/sv\/wp-json\/wp\/v2\/product_brand?post=10094"},{"taxonomy":"product_cat","embeddable":true,"href":"https:\/\/ricovape.com\/sv\/wp-json\/wp\/v2\/product_cat?post=10094"},{"taxonomy":"product_tag","embeddable":true,"href":"https:\/\/ricovape.com\/sv\/wp-json\/wp\/v2\/product_tag?post=10094"}],"curies":[{"name":"wp","href":"https:\/\/api.w.org\/{rel}","templated":true}]}}