{"id":6520,"date":"2025-11-03T07:33:55","date_gmt":"2025-11-03T07:33:55","guid":{"rendered":"https:\/\/ricovape.com\/?post_type=product&#038;p=6520"},"modified":"2025-11-11T05:04:40","modified_gmt":"2025-11-11T05:04:40","slug":"jnr-rage-gorilla-55k-dual-mesh-55000-puffs-smart-disposable-vape","status":"publish","type":"product","link":"https:\/\/ricovape.com\/pt\/product\/jnr-rage-gorilla-55k-dual-mesh-55000-puffs-smart-disposable-vape\/","title":{"rendered":"JNR Rage Gorilla 55K | rede dupla 55000 puffs vape descart\u00e1vel inteligente"},"content":{"rendered":"<h2>JNR Rage Gorilla 55K | vape descart\u00e1vel de ecr\u00e3 inteligente de malha dupla 55000 puffs<\/h2>\n<h3>Porqu\u00ea escolher o JNR Rage Gorilla 55K?<\/h3>\n<ul>\n<li>\ud83d\udcaa <strong>55.000 Puffs maci\u00e7os<\/strong> - Constru\u00eddo para ser resistente e ter um sabor consistente at\u00e9 \u00e0 \u00faltima baforada.<\/li>\n<li>\u26a1 <strong>Bobina de malha dupla<\/strong> - Desfrute de um sabor mais rico, vapor mais suave e aquecimento mais r\u00e1pido.<\/li>\n<li>\ud83d\udd0b <strong>Bateria recarreg\u00e1vel de 950mAh<\/strong> - Continue a vaporizar durante mais tempo com o carregamento r\u00e1pido Tipo C.<\/li>\n<li>\ud83d\udcf1 <strong>Ecr\u00e3 LED inteligente<\/strong> - Visualiza\u00e7\u00e3o em tempo real da contagem de baforadas e do n\u00edvel da bateria.<\/li>\n<li>\ud83c\udf08 <strong>Vasta gama de sabores<\/strong> - 20 deliciosas op\u00e7\u00f5es, desde misturas frutadas a misturas geladas.<\/li>\n<li>\ud83d\udca7 <strong>Enorme capacidade de 42 ml de E-l\u00edquido<\/strong> - N\u00e3o s\u00e3o necess\u00e1rias recargas, apenas pura satisfa\u00e7\u00e3o.<\/li>\n<li>\ud83d\udcbc Ideal para <strong>distribui\u00e7\u00e3o por grosso, lojas de vape ou encomendas a granel B2B<\/strong>.<\/li>\n<\/ul>\n<p><img data-recalc-dims=\"1\" decoding=\"async\" style=\"max-width: 100%; height: auto; display: block; margin: 0 auto;\" src=\"https:\/\/i0.wp.com\/ricovape.com\/wp-content\/uploads\/2025\/11\/JNR-RAGE-GORILLA-55000-Puffs-Dual-Mesh-Authentic-Disposable-Vape-Low-Nicotine-Bulk-Buy-Wholesale-10-scaled-1.webp?ssl=1\" alt=\"JNR Rage Gorilla 55K \" title=\"\"><\/p>\n<h3>Especifica\u00e7\u00f5es<\/h3>\n<table border=\"1\" cellpadding=\"6\">\n<tbody>\n<tr>\n<td><strong>Contagem aproximada de baforadas<\/strong><\/td>\n<td>55,000<\/td>\n<\/tr>\n<tr>\n<td><strong>Capacidade de E-l\u00edquido<\/strong><\/td>\n<td>42 ml<\/td>\n<\/tr>\n<tr>\n<td><strong>Bateria<\/strong><\/td>\n<td>950 mAh (recarreg\u00e1vel atrav\u00e9s de Type-C)<\/td>\n<\/tr>\n<tr>\n<td><strong>Sistema de bobinas<\/strong><\/td>\n<td>Bobina de malha dupla<\/td>\n<\/tr>\n<tr>\n<td><strong>For\u00e7a da nicotina<\/strong><\/td>\n<td>0%, 2%, 5%<\/td>\n<\/tr>\n<tr>\n<td><strong>Apresenta\u00e7\u00e3o do ecr\u00e3<\/strong><\/td>\n<td>LED inteligente (bateria e contagem de baforadas)<\/td>\n<\/tr>\n<tr>\n<td><strong>Porta de carregamento<\/strong><\/td>\n<td>Carregamento r\u00e1pido tipo C<\/td>\n<\/tr>\n<\/tbody>\n<\/table>\n<h3>Sabores dispon\u00edveis \ud83c\udf53\ud83c\udf4d\ud83c\udf49<\/h3>\n<p>Descubra sabores arrojados e sumarentos feitos para todos os gostos:<\/p>\n<ul>\n<li><strong>Gelo de morango<\/strong> - Do\u00e7ura cl\u00e1ssica de frutos silvestres com um toque gelado.<\/li>\n<li><strong>Cola de cereja<\/strong> - Um chute de cola efervescente e picante com um pop de cereja. \ud83e\udd64<\/li>\n<li><strong>Gelo de melancia<\/strong> - Vibra\u00e7\u00f5es refrescantes de ver\u00e3o com frescura gelada. \ud83c\udf49<\/li>\n<li><strong>Azul Razz Cereja<\/strong> - Explos\u00e3o doce, azeda e sumarenta em cada baforada.<\/li>\n<li><strong>Morango Kiwi<\/strong> - Harmonia de frutas tropicais para uma satisfa\u00e7\u00e3o suave. \ud83c\udf53\ud83e\udd5d<\/li>\n<li><strong>P\u00eassegos sumarentos<\/strong> - Sabor a p\u00eassego maduro e aveludado que perdura. \ud83c\udf51<\/li>\n<li><strong>Gelo de mirtilo<\/strong> - Mirtilos arrojados equilibrados por uma frescura gelada. \u2744\ufe0f<\/li>\n<li><strong>Bagas mistas<\/strong> - Uma mistura de frutos silvestres doces com tons picantes.<\/li>\n<li><strong>Ma\u00e7\u00e3 dupla<\/strong> - Ma\u00e7\u00e3s vermelhas e verdes crocantes com notas doces. \ud83c\udf4f\ud83c\udf4e<\/li>\n<li><strong>Baga de cereja<\/strong> - Mistura frutada e doce de cereja e bagas silvestres.<\/li>\n<li><strong>Mirtilo Framboesa Cereja<\/strong> - Fus\u00e3o de bagas triplas para os f\u00e3s de sabores profundos.<\/li>\n<li><strong>Gelo de morango e melancia<\/strong> - A do\u00e7ura sumarenta encontra a refresc\u00e2ncia gelada. \u2744\ufe0f<\/li>\n<li><strong>Gelo de melancia com kiwi<\/strong> - Um toque picante de kiwi numa base fresca de mel\u00e3o.<\/li>\n<li><strong>Mirtilo Framboesa \u00c1cida<\/strong> - O azedo encontra-se com o doce nesta mistura picante.<\/li>\n<li><strong>P\u00eassego branco Razz<\/strong> - P\u00eassego suave e cremoso com um final de framboesa.<\/li>\n<li><strong>Manga Maracuj\u00e1<\/strong> - Explos\u00e3o tropical ex\u00f3tica com um toque picante. \ud83e\udd6d<\/li>\n<li><strong>P\u00eassego Manga Melancia<\/strong> - Del\u00edcia de fruta com v\u00e1rias camadas em cada baforada.<\/li>\n<li><strong>Pastilha el\u00e1stica de melancia<\/strong> - Divertido, doce e nost\u00e1lgico sabor pop. \ud83c\udf6c<\/li>\n<li><strong>Banana com morango<\/strong> - A banana cremosa e suave encontra o morango doce. \ud83c\udf53\ud83c\udf4c<\/li>\n<li><strong>Kiwi Paix\u00e3o Goiaba<\/strong> - Ousado, tropical e vibrante - o sonho de um ca\u00e7ador de sabores!<\/li>\n<\/ul>\n<h3>Perfeito para<\/h3>\n<p>O <strong>JNR Rage Gorilla 55K<\/strong> \u00e9 perfeito para utilizadores intensivos, ca\u00e7adores de sabores e amantes de nuvens que desejam uma pot\u00eancia duradoura e um sabor premium. As lojas e distribuidores de Vape v\u00e3o adorar o seu desempenho fi\u00e1vel, a longa dura\u00e7\u00e3o da baforada e a impressionante variedade de sabores - uma escolha ideal para <strong>encomendas por grosso a granel<\/strong>.<\/p>\n<h3>FAQ \ud83e\uddd0<\/h3>\n<ul>\n<li><strong>P: O Rage Gorilla JNR \u00e9 recarreg\u00e1vel?<\/strong><br \/>\nR: Sim! Inclui uma bateria de 950mAh com suporte para carregamento r\u00e1pido Tipo C.<\/li>\n<li><strong>P: Posso verificar a contagem de baforadas e o n\u00edvel da bateria?<\/strong><br \/>\nR: Sem d\u00favida. O ecr\u00e3 LED inteligente mostra informa\u00e7\u00f5es em tempo real sobre o puff e a bateria.<\/li>\n<li><strong>P: Quantos sabores est\u00e3o dispon\u00edveis?<\/strong><br \/>\nR: Mais de 15 op\u00e7\u00f5es com misturas frutadas e geladas para todos os gostos.<\/li>\n<li><strong>P: Para quem \u00e9 que este vape \u00e9 ideal?<\/strong><br \/>\nR: \u00d3timo para uso pessoal, lojas de vape, distribuidores e grossistas B2B.<\/li>\n<li><strong>P: A nicotina \u00e9 opcional?<\/strong><br \/>\nR: Sim, dispon\u00edvel nas dosagens de nicotina 0%, 2% e 5%.<\/li>\n<\/ul>\n<p>\ud83d\ude80 Obter o <strong>JNR Rage Gorilla 55000 Puffs Vape descart\u00e1vel<\/strong> hoje e experimente uma pot\u00eancia, sabor e conveni\u00eancia inigual\u00e1veis - uma solu\u00e7\u00e3o perfeita para os vapers modernos e para os compradores empresariais!<\/p>","protected":false},"excerpt":{"rendered":"<p>\ud83d\udd25 O poder encontra o sabor! O <strong>JNR Rage Gorilla 55000 Puffs Vape descart\u00e1vel<\/strong> oferece nuvens maci\u00e7as, tiragens ultra-suaves e desempenho duradouro - perfeito para os amantes de vape e compradores por atacado. \ud83d\udca8<\/p>","protected":false},"featured_media":6550,"comment_status":"open","ping_status":"closed","template":"","meta":[],"product_brand":[100],"product_cat":[97,139,78,89],"product_tag":[153,154,130,155,156,157],"class_list":{"0":"post-6520","1":"product","2":"type-product","3":"status-publish","4":"has-post-thumbnail","6":"product_brand-jnr","7":"product_cat-60000-puffs-disposable-vape","8":"product_cat-cheap-rechargeable-disposable-vapes","9":"product_cat-dual-mesh-vapes","10":"product_cat-jnr","11":"product_tag-55000-puffs-disposable-vape","12":"product_tag-best-disposable-vapes","13":"product_tag-dual-mesh-coil-vape","14":"product_tag-jnr-rage-gorilla-55k","15":"product_tag-rechargeable-long-lasting-vape","16":"product_tag-smart-screen-vape-device","18":"first","19":"instock","20":"shipping-taxable","21":"purchasable","22":"product-type-variable","23":"has-default-attributes"},"jetpack_sharing_enabled":true,"tiered_pricing_type":"fixed","tiered_pricing_fixed_rules":{"30":9.6899999999999995026200849679298698902130126953125,"50":7.95999999999999996447286321199499070644378662109375,"100":7.3499999999999996447286321199499070644378662109375,"200":6.980000000000000426325641456060111522674560546875,"400":6.480000000000000426325641456060111522674560546875},"tiered_pricing_product_settings":{"layout":"default","base_unit_name":{"singular":null,"plural":null},"default_variation":null},"tiered_pricing_minimum_quantity":10,"tiered_pricing_roles_data":[],"tiered_pricing_percentage_rules":[],"tiered_pricing_maximum_quantity":null,"tiered_pricing_quantity_step":"10","_links":{"self":[{"href":"https:\/\/ricovape.com\/pt\/wp-json\/wp\/v2\/product\/6520","targetHints":{"allow":["GET"]}}],"collection":[{"href":"https:\/\/ricovape.com\/pt\/wp-json\/wp\/v2\/product"}],"about":[{"href":"https:\/\/ricovape.com\/pt\/wp-json\/wp\/v2\/types\/product"}],"replies":[{"embeddable":true,"href":"https:\/\/ricovape.com\/pt\/wp-json\/wp\/v2\/comments?post=6520"}],"wp:featuredmedia":[{"embeddable":true,"href":"https:\/\/ricovape.com\/pt\/wp-json\/wp\/v2\/media\/6550"}],"wp:attachment":[{"href":"https:\/\/ricovape.com\/pt\/wp-json\/wp\/v2\/media?parent=6520"}],"wp:term":[{"taxonomy":"product_brand","embeddable":true,"href":"https:\/\/ricovape.com\/pt\/wp-json\/wp\/v2\/product_brand?post=6520"},{"taxonomy":"product_cat","embeddable":true,"href":"https:\/\/ricovape.com\/pt\/wp-json\/wp\/v2\/product_cat?post=6520"},{"taxonomy":"product_tag","embeddable":true,"href":"https:\/\/ricovape.com\/pt\/wp-json\/wp\/v2\/product_tag?post=6520"}],"curies":[{"name":"wp","href":"https:\/\/api.w.org\/{rel}","templated":true}]}}