{"id":165189,"date":"2026-04-17T12:20:37","date_gmt":"2026-04-17T12:20:37","guid":{"rendered":"https:\/\/ricovape.com\/product\/bang-legend-120k-120-000-baforadas-5-em-1-varios-sabores-ajustavel-vape-descartavel-em-massa\/"},"modified":"2026-04-18T11:31:30","modified_gmt":"2026-04-18T11:31:30","slug":"bang-legend-120k","status":"publish","type":"product","link":"https:\/\/ricovape.com\/pt\/product\/bang-legend-120k\/","title":{"rendered":"Bang Legend 120K | 120.000 baforadas, 5 em 1, v\u00e1rios sabores, ajust\u00e1vel, vape descart\u00e1vel em massa"},"content":{"rendered":"<h2>Por que escolher Bang Legend 120K?<\/h2>\n<ul>\n<li>\ud83d\udca8 <strong>Grande contagem de baforadas:<\/strong> at\u00e9 120.000 baforadas para satisfa\u00e7\u00e3o duradoura.<\/li>\n<li>\ud83c\udfa8 <strong>Modos de sabores 5 em 1:<\/strong> alterne facilmente entre 5 sabores para obter uma variedade infinita de sabores.<\/li>\n<li>\ud83d\udd0b <strong>Bateria recarreg\u00e1vel de 850mAh:<\/strong> desempenho confi\u00e1vel e consistente.<\/li>\n<li>\u26a1 <strong>Sistema de bobina de malha:<\/strong> 5* bobinas de malha proporcionam sabor ousado e nuvens de vapor ricas.<\/li>\n<li>\ud83d\udcfa <strong>Display LED inteligente:<\/strong> verifique a dura\u00e7\u00e3o da bateria, a contagem de tragadas e o modo de sabor a qualquer momento.<\/li>\n<li>\ud83d\udd0c <strong>Carregamento tipo C:<\/strong> carregamento r\u00e1pido e eficiente para usu\u00e1rios em tr\u00e2nsito.<\/li>\n<li>\ud83d\udce6 <strong>Embalagem pronta para atacado:<\/strong> 10 unidades\/pacote, ideal para lojas e distribuidores de vapor.<\/li>\n<li>\ud83c\udf0d <strong>Ampla variedade de sabores:<\/strong> 12 conjuntos de v\u00e1rios sabores (mais de 60 nomes de sabores exclusivos) para satisfazer diversos clientes.<\/li>\n<\/ul>\n<h3>Especifica\u00e7\u00f5es<\/h3>\n<table>\n<tr>\n<td><strong>For\u00e7a da nicotina<\/strong><\/td>\n<td>2%\/3%\/5%<\/td>\n<\/tr>\n<tr>\n<td><strong>Contagem de sopros<\/strong><\/td>\n<td>At\u00e9 120.000<\/td>\n<\/tr>\n<tr>\n<td><strong>Modos de sabor<\/strong><\/td>\n<td>5 sabores ajust\u00e1veis<\/td>\n<\/tr>\n<tr>\n<td><strong>Tanque de \u00f3leo<\/strong><\/td>\n<td>5 tanques<\/td>\n<\/tr>\n<tr>\n<td><strong>Capacidade l\u00edquida<\/strong><\/td>\n<td>50mL<\/td>\n<\/tr>\n<tr>\n<td><strong>Bateria<\/strong><\/td>\n<td>850mAh recarreg\u00e1vel<\/td>\n<\/tr>\n<tr>\n<td><strong>Bobina<\/strong><\/td>\n<td>5*bobina de malha<\/td>\n<\/tr>\n<tr>\n<td><strong>Tela LED<\/strong><\/td>\n<td>Sim (bateria, contagem de baforadas, modo de sabor)<\/td>\n<\/tr>\n<tr>\n<td><strong>Porta de carregamento<\/strong><\/td>\n<td>Tipo C<\/td>\n<\/tr>\n<tr>\n<td><strong>Embalagem<\/strong><\/td>\n<td>10 unidades\/pacote<\/td>\n<\/tr>\n<tr>\n<td><strong>Sabores<\/strong><\/td>\n<td>12 conjuntos de v\u00e1rios sabores (veja a lista completa abaixo)<\/td>\n<\/tr>\n<\/tbody>\n<\/table>\n<h3>Sabores<\/h3>\n<p>\ud83c\udf53 Abaixo est\u00e3o todos os 12 conjuntos multi-sabor inclu\u00eddos no Bang Legend 120K. Cada conjunto cont\u00e9m 5 sabores (5 tanques\/5 modos) para que os clientes possam alternar rapidamente.<\/p>\n<ol>\n<li><strong>Conjunto 1:<\/strong> bebida energ\u00e9tica e mirtilo, cereja e ma\u00e7\u00e3, uva e melancia, fruta do drag\u00e3o e mamba<\/li>\n<li><strong>Conjunto 2:<\/strong> Bebida Energ\u00e9tica e Gelo de P\u00eassego e Gelo de Manga e Uva Cranberry e Groselha Preta<\/li>\n<li><strong>Conjunto 3:<\/strong> Mirtilo Framboesa e P\u00eassego Manga Melancia e Coca-Cola Cereja e Uva Gelo de Amora e Manga P\u00eassego Damasco<\/li>\n<li><strong>Conjunto 4:<\/strong> Mirtilo Framboesa e Black Dragon Ice e Rainbow Candy e Fuji Ice e Melancia Sour Peach<\/li>\n<li><strong>Conjunto 5:<\/strong> Gelo de Mirtilo e Kiwi Maracuj\u00e1 Goiaba e Mel\u00e3o Triplo e P\u00eassego Abacaxi e Beijo Apaixonado<\/li>\n<li><strong>Conjunto 6:<\/strong> Chiclete de mirtilo e melancia e ma\u00e7\u00e3 azeda, framboesa e fruta de l\u00f3tus, manga, mel\u00e3o e maracuj\u00e1, kiwi, lim\u00e3o<\/li>\n<li><strong>Conjunto 7:<\/strong> Gelo de melancia e frutas vermelhas, ma\u00e7\u00e3, p\u00eara, mirtilo, hortel\u00e3 e hor\u00e1rio de ver\u00e3o<\/li>\n<li><strong>Conjunto 8:<\/strong> Gelo de melancia e morango, manga e cereja californiana e mirtilo, p\u00eassego, gelo e frutas frescas<\/li>\n<li><strong>Conjunto 9:<\/strong> Melancia, Morango, Gelo de Uva, Mojito Vermelho, Gelo de Banana e Lim\u00e3o<\/li>\n<li><strong>Conjunto 10:<\/strong> Morango, Melancia e Mel\u00e3o, Ma\u00e7\u00e3 e Cola, Gelo e Manga, P\u00eassego e Love 66<\/li>\n<li><strong>Conjunto 11:<\/strong> Morango, Kiwi, Morango, Banana e Lichia, Gelo e Melancia, Baga e Maracuj\u00e1, Manga<\/li>\n<li><strong>Conjunto 12:<\/strong> Morango, Kiwi, Mirtilo, Melancia, Fudge de Urso, Chiclete de Mirtilo e Manga Azeda, Abacaxi<\/li>\n<\/ol>\n<h3>Perguntas frequentes<\/h3>\n<p><strong>P: Quanto tempo dura o Bang Legend 120K?<\/strong><br \/>\nR: Com at\u00e9 120.000 baforadas e uma bateria recarreg\u00e1vel de 850mAh, pode durar de v\u00e1rias semanas a meses, dependendo do uso e da mudan\u00e7a de modo. O display LED ajuda a monitorar a vida \u00fatil restante.<\/p>\n<p><strong>P: Como funcionam os 5 modos de sabor?<\/strong><br \/>\nR: O dispositivo possui 5 tanques\/modos separados. Use o bot\u00e3o de modo (conforme descrito no manual do usu\u00e1rio) para alternar entre os sabores carregados instantaneamente.<\/p>\n<p><strong>P: Este dispositivo \u00e9 recarreg\u00e1vel?<\/strong><br \/>\nR: Sim \u2013 ele usa uma porta de carregamento Tipo C para carregamento r\u00e1pido e confi\u00e1vel.<\/p>\n<p><strong>P: As dosagens de nicotina s\u00e3o personaliz\u00e1veis?<\/strong><br \/>\nR: Os pedidos est\u00e3o dispon\u00edveis com concentra\u00e7\u00e3o de nicotina de 2%, 3% ou 5%. Escolha com base nas prefer\u00eancias de mercado\/regionais e nas restri\u00e7\u00f5es legais.<\/p>\n<p><strong>P: Posso comprar no atacado?<\/strong><br \/>\nR: Sim. A embalagem \u00e9 de 10 unidades\/pacote, tornando-a ideal para exibi\u00e7\u00e3o no varejo ou distribui\u00e7\u00e3o no atacado em lojas de vapor e lojas on-line.<\/p>\n<p><strong>P: Para quem este produto \u00e9 melhor?<\/strong><br \/>\nR: Usu\u00e1rios frequentes, ca\u00e7adores de sabores, propriet\u00e1rios de lojas de vaporiza\u00e7\u00e3o e distribuidores que precisam de um produto descart\u00e1vel de alta capacidade e pronto para atacado, com ampla variedade de sabores.<\/p>\n<p>\u00a0<\/p>\n<p><strong>Bang Legend 120K<\/strong> foi desenvolvido para mercados de grande demanda: grande n\u00famero de tragadas, cinco modos de sabor ajust\u00e1veis e um extenso cat\u00e1logo de sabores o tornam a escolha ideal para usu\u00e1rios frequentes e ca\u00e7adores de sabores. \ud83c\udfaf As lojas e atacadistas Vape apreciar\u00e3o a embalagem de 10 pacotes pronta para o varejo e o forte apelo nas prateleiras. Abaste\u00e7a-se e ofere\u00e7a aos clientes um vaporizador descart\u00e1vel vers\u00e1til e duradouro que os faz voltar sempre. \ud83d\ude80<\/p>\n","protected":false},"excerpt":{"rendered":"<p>\ud83d\udd25O vaporizador descart\u00e1vel Bang Legend 120K oferece <strong>120.000 baforadas<\/strong>, <strong>5 sabores ajust\u00e1veis<\/strong> e uma <strong>poderosa bateria recarreg\u00e1vel<\/strong> \u2014 perfeita para ca\u00e7adores de sabores, usu\u00e1rios frequentes e compradores atacadistas.<\/p>\n","protected":false},"featured_media":128201,"comment_status":"open","ping_status":"closed","template":"","meta":[],"product_brand":[],"product_cat":[774,363,1386,1615,1420,1453,1558,1204],"product_tag":[1122],"class_list":{"0":"post-165189","1":"product","2":"type-product","3":"status-publish","4":"has-post-thumbnail","6":"product_cat-100k-sopra-vape-descartavel","7":"product_cat-bang","8":"product_cat-vapes-descartaveis-na-alemanha","9":"product_cat-vapes-descartaveis-na-espanha","10":"product_cat-vapes-descartaveis-na-hungria","11":"product_cat-vapes-descartaveis-na-italia","12":"product_cat-vapes-descartaveis-na-polonia","13":"product_cat-vapes-descartaveis-recarregaveis-baratos","14":"product_tag-melhores-vapes-descartaveis","16":"first","17":"outofstock","18":"shipping-taxable","19":"purchasable","20":"product-type-variable","21":"has-default-attributes"},"jetpack_sharing_enabled":true,"tiered_pricing_type":"fixed","tiered_pricing_fixed_rules":{"30":11.300000000000000710542735760100185871124267578125,"50":8.269999999999999573674358543939888477325439453125,"100":8.019999999999999573674358543939888477325439453125,"200":7.410000000000000142108547152020037174224853515625,"400":7.04000000000000003552713678800500929355621337890625},"tiered_pricing_product_settings":{"layout":"default","base_unit_name":{"singular":null,"plural":null},"default_variation":null},"tiered_pricing_minimum_quantity":10,"tiered_pricing_roles_data":[],"tiered_pricing_percentage_rules":[],"tiered_pricing_maximum_quantity":null,"tiered_pricing_quantity_step":"10","_links":{"self":[{"href":"https:\/\/ricovape.com\/pt\/wp-json\/wp\/v2\/product\/165189","targetHints":{"allow":["GET"]}}],"collection":[{"href":"https:\/\/ricovape.com\/pt\/wp-json\/wp\/v2\/product"}],"about":[{"href":"https:\/\/ricovape.com\/pt\/wp-json\/wp\/v2\/types\/product"}],"replies":[{"embeddable":true,"href":"https:\/\/ricovape.com\/pt\/wp-json\/wp\/v2\/comments?post=165189"}],"wp:featuredmedia":[{"embeddable":true,"href":"https:\/\/ricovape.com\/pt\/wp-json\/wp\/v2\/media\/128201"}],"wp:attachment":[{"href":"https:\/\/ricovape.com\/pt\/wp-json\/wp\/v2\/media?parent=165189"}],"wp:term":[{"taxonomy":"product_brand","embeddable":true,"href":"https:\/\/ricovape.com\/pt\/wp-json\/wp\/v2\/product_brand?post=165189"},{"taxonomy":"product_cat","embeddable":true,"href":"https:\/\/ricovape.com\/pt\/wp-json\/wp\/v2\/product_cat?post=165189"},{"taxonomy":"product_tag","embeddable":true,"href":"https:\/\/ricovape.com\/pt\/wp-json\/wp\/v2\/product_tag?post=165189"}],"curies":[{"name":"wp","href":"https:\/\/api.w.org\/{rel}","templated":true}]}}