{"id":6520,"date":"2025-11-03T07:33:55","date_gmt":"2025-11-03T07:33:55","guid":{"rendered":"https:\/\/ricovape.com\/?post_type=product&#038;p=6520"},"modified":"2025-11-11T05:04:40","modified_gmt":"2025-11-11T05:04:40","slug":"jnr-rage-gorilla-55k-dual-mesh-55000-puffs-smart-disposable-vape","status":"publish","type":"product","link":"https:\/\/ricovape.com\/pl\/product\/jnr-rage-gorilla-55k-dual-mesh-55000-puffs-smart-disposable-vape\/","title":{"rendered":"JNR Rage Gorilla 55K | podw\u00f3jna siatka 55000 zaci\u0105gni\u0119\u0107 inteligentny vape jednorazowy"},"content":{"rendered":"<h2>JNR Rage Gorilla 55K | podw\u00f3jna siatka 55000 zaci\u0105gni\u0119\u0107 inteligentny ekran jednorazowy vape<\/h2>\n<h3>Dlaczego warto wybra\u0107 JNR Rage Gorilla 55K?<\/h3>\n<ul>\n<li>\ud83d\udcaa <strong>Ogromne 55 000 puff\u00f3w<\/strong> - Zbudowany z my\u015bl\u0105 o wytrzyma\u0142o\u015bci i niezmiennym smaku a\u017c do ostatniego zaci\u0105gni\u0119cia.<\/li>\n<li>\u26a1 <strong>Cewka z podw\u00f3jn\u0105 siatk\u0105<\/strong> - Ciesz si\u0119 bogatszym smakiem, g\u0142adsz\u0105 par\u0105 i szybszym nagrzewaniem.<\/li>\n<li>\ud83d\udd0b <strong>Akumulator 950 mAh<\/strong> - Wapuj d\u0142u\u017cej dzi\u0119ki szybkiemu \u0142adowaniu typu C.<\/li>\n<li>\ud83d\udcf1 <strong>Inteligentny ekran LED<\/strong> - Wy\u015bwietlanie w czasie rzeczywistym liczby zaci\u0105gni\u0119\u0107 i poziomu na\u0142adowania baterii.<\/li>\n<li>\ud83c\udf08 <strong>Szeroki zakres smak\u00f3w<\/strong> - 20 pysznych opcji, od owocowych po lodowe mieszanki.<\/li>\n<li>\ud83d\udca7 <strong>Ogromna pojemno\u015b\u0107 42 ml e-liquidu<\/strong> - Nie trzeba uzupe\u0142nia\u0107 p\u0142yn\u00f3w, czysta satysfakcja.<\/li>\n<li>Idealny dla <strong>dystrybucja hurtowa, sklepy vape lub zam\u00f3wienia hurtowe B2B<\/strong>.<\/li>\n<\/ul>\n<p><img data-recalc-dims=\"1\" decoding=\"async\" style=\"max-width: 100%; height: auto; display: block; margin: 0 auto;\" src=\"https:\/\/i0.wp.com\/ricovape.com\/wp-content\/uploads\/2025\/11\/JNR-RAGE-GORILLA-55000-Puffs-Dual-Mesh-Authentic-Disposable-Vape-Low-Nicotine-Bulk-Buy-Wholesale-10-scaled-1.webp?ssl=1\" alt=\"JNR Rage Gorilla 55K \" title=\"\"><\/p>\n<h3>Specyfikacja<\/h3>\n<table border=\"1\" cellpadding=\"6\">\n<tbody>\n<tr>\n<td><strong>Przybli\u017cona liczba zaci\u0105gni\u0119\u0107<\/strong><\/td>\n<td>55,000<\/td>\n<\/tr>\n<tr>\n<td><strong>Pojemno\u015b\u0107 e-liquidu<\/strong><\/td>\n<td>42 ml<\/td>\n<\/tr>\n<tr>\n<td><strong>Bateria<\/strong><\/td>\n<td>950 mAh (\u0142adowanie przez Type-C)<\/td>\n<\/tr>\n<tr>\n<td><strong>System cewek<\/strong><\/td>\n<td>Cewka z podw\u00f3jn\u0105 siatk\u0105<\/td>\n<\/tr>\n<tr>\n<td><strong>Si\u0142a nikotyny<\/strong><\/td>\n<td>0%, 2%, 5%<\/td>\n<\/tr>\n<tr>\n<td><strong>Ekran<\/strong><\/td>\n<td>Inteligentna dioda LED (bateria i liczba zaci\u0105gni\u0119\u0107)<\/td>\n<\/tr>\n<tr>\n<td><strong>Port \u0142adowania<\/strong><\/td>\n<td>Szybkie \u0142adowanie typu C<\/td>\n<\/tr>\n<\/tbody>\n<\/table>\n<h3>Dost\u0119pne smaki \ud83c\udf53\ud83c\udf4d\ud83c\udf49<\/h3>\n<p>Odkryj odwa\u017cne i soczyste smaki stworzone na ka\u017cdy gust:<\/p>\n<ul>\n<li><strong>L\u00f3d truskawkowy<\/strong> - Klasyczna jagodowa s\u0142odycz z mro\u017anym akcentem.<\/li>\n<li><strong>Cherry Cola<\/strong> - Gazowana i pikantna cola z dodatkiem wi\u015bni. \ud83e\udd64<\/li>\n<li><strong>Arbuzowy l\u00f3d<\/strong> - Orze\u017awiaj\u0105ce letnie wibracje z lodowatym ch\u0142odem. \ud83c\udf49<\/li>\n<li><strong>Blue Razz Cherry<\/strong> - S\u0142odka, kwa\u015bna i soczysta eksplozja w ka\u017cdym zaci\u0105gni\u0119ciu.<\/li>\n<li><strong>Truskawka Kiwi<\/strong> - Harmonia owoc\u00f3w tropikalnych dla g\u0142adkiej satysfakcji. \ud83c\udf53\ud83e\udd5d<\/li>\n<li><strong>Soczyste brzoskwinie<\/strong> - Dojrza\u0142y, aksamitny smak brzoskwini, kt\u00f3ry utrzymuje si\u0119 przez d\u0142ugi czas. \ud83c\udf51<\/li>\n<li><strong>L\u00f3d jagodowy<\/strong> - Odwa\u017cne jagody zr\u00f3wnowa\u017cone lodowat\u0105 \u015bwie\u017co\u015bci\u0105. \u2744\ufe0f<\/li>\n<li><strong>Jagody mieszane<\/strong> - S\u0142odka mieszanka jag\u00f3d z pikantnymi nutami.<\/li>\n<li><strong>Podw\u00f3jne jab\u0142ko<\/strong> - Chrupi\u0105ce czerwone i zielone jab\u0142ka ze s\u0142odkimi nutami. \ud83c\udf4f\ud83c\udf4e<\/li>\n<li><strong>Cherry Berry<\/strong> - Owocowa i s\u0142odka mieszanka wi\u015bni i le\u015bnych jag\u00f3d.<\/li>\n<li><strong>Jagoda Malina Wi\u015bnia<\/strong> - Potr\u00f3jne po\u0142\u0105czenie jag\u00f3d dla fan\u00f3w g\u0142\u0119bokiego smaku.<\/li>\n<li><strong>Truskawkowy l\u00f3d arbuzowy<\/strong> - Soczysta s\u0142odycz \u0142\u0105czy si\u0119 z lodowatym orze\u017awieniem. \u2744\ufe0f<\/li>\n<li><strong>Kiwi Watermelon Ice<\/strong> - Pikantne kiwi na bazie ch\u0142odnego melona.<\/li>\n<li><strong>Kwa\u015bna malina z jagodami<\/strong> - W tej pikantnej mieszance cierpki smak \u0142\u0105czy si\u0119 ze s\u0142odkim.<\/li>\n<li><strong>White Peach Razz<\/strong> - G\u0142adka i kremowa brzoskwinia z malinowym wyko\u0144czeniem.<\/li>\n<li><strong>Mango Passion Fruit<\/strong> - Egzotyczny tropikalny podmuch z pikantnym akcentem. \ud83e\udd6d<\/li>\n<li><strong>Brzoskwinia Mango Arbuz<\/strong> - Wielowarstwowa owocowa rozkosz w ka\u017cdym zaci\u0105gni\u0119ciu.<\/li>\n<li><strong>Arbuz Bubblegum<\/strong> - Zabawny, s\u0142odki i nostalgiczny smak pop. \ud83c\udf6c<\/li>\n<li><strong>Banan truskawkowy<\/strong> - G\u0142adki, kremowy banan \u0142\u0105czy si\u0119 ze s\u0142odk\u0105 truskawk\u0105. \ud83c\udf53\ud83c\udf4c<\/li>\n<li><strong>Kiwi Passion Guava<\/strong> - Odwa\u017cny, tropikalny i \u017cywy - marzenie smakoszy!<\/li>\n<\/ul>\n<h3>Idealny dla<\/h3>\n<p>The <strong>JNR Rage Gorilla 55K<\/strong> jest idealny dla intensywnych u\u017cytkownik\u00f3w, poszukiwaczy smak\u00f3w i mi\u0142o\u015bnik\u00f3w chmur, kt\u00f3rzy chc\u0105 trwa\u0142ej mocy i doskona\u0142ego smaku. Sklepy Vape i dystrybutorzy pokochaj\u0105 jego niezawodn\u0105 wydajno\u015b\u0107, d\u0142ug\u0105 \u017cywotno\u015b\u0107 i osza\u0142amiaj\u0105c\u0105 r\u00f3\u017cnorodno\u015b\u0107 smak\u00f3w - idealny wyb\u00f3r dla <strong>hurtowe zam\u00f3wienia zbiorcze<\/strong>.<\/p>\n<h3>FAQ \ud83e\uddd0<\/h3>\n<ul>\n<li><strong>P: Czy JNR Rage Gorilla mo\u017cna \u0142adowa\u0107?<\/strong><br \/>\nTak! Zawiera bateri\u0119 o pojemno\u015bci 950 mAh z obs\u0142ug\u0105 szybkiego \u0142adowania typu C.<\/li>\n<li><strong>P: Czy mog\u0119 sprawdzi\u0107 liczb\u0119 dmuchni\u0119\u0107 i poziom na\u0142adowania baterii?<\/strong><br \/>\nOczywi\u015bcie. Inteligentny ekran LED pokazuje w czasie rzeczywistym informacje o nadmuchiwaniu i baterii.<\/li>\n<li><strong>P: Ile smak\u00f3w jest dost\u0119pnych?<\/strong><br \/>\nO: Ponad 15 opcji z owocowymi i lodowymi mieszankami dla ka\u017cdych preferencji smakowych.<\/li>\n<li><strong>P: Dla kogo ten vape jest idealny?<\/strong><br \/>\nO: \u015awietnie nadaje si\u0119 do u\u017cytku osobistego, sklep\u00f3w vape, dystrybutor\u00f3w i hurtownik\u00f3w B2B.<\/li>\n<li><strong>P: Czy nikotyna jest opcjonalna?<\/strong><br \/>\nO: Tak, dost\u0119pne w wersjach 0%, 2% i 5%.<\/li>\n<\/ul>\n<p>Uzyskaj <strong>JNR Rage Gorilla 55000 Puffs Jednorazowy Vape<\/strong> Ju\u017c dzi\u015b do\u015bwiadcz niezr\u00f3wnanej mocy, smaku i wygody - idealne rozwi\u0105zanie zar\u00f3wno dla nowoczesnych vaper\u00f3w, jak i nabywc\u00f3w biznesowych!<\/p>","protected":false},"excerpt":{"rendered":"<p>Moc \u0142\u0105czy si\u0119 ze smakiem! The <strong>JNR Rage Gorilla 55000 Puffs Jednorazowy Vape<\/strong> zapewnia ogromne chmury, wyj\u0105tkowo p\u0142ynne zaci\u0105ganie i d\u0142ugotrwa\u0142\u0105 wydajno\u015b\u0107 - idealn\u0105 zar\u00f3wno dla mi\u0142o\u015bnik\u00f3w waporyzacji, jak i nabywc\u00f3w hurtowych. \ud83d\udca8<\/p>","protected":false},"featured_media":6550,"comment_status":"open","ping_status":"closed","template":"","meta":[],"product_brand":[100],"product_cat":[97,139,78,89],"product_tag":[153,154,130,155,156,157],"class_list":{"0":"post-6520","1":"product","2":"type-product","3":"status-publish","4":"has-post-thumbnail","6":"product_brand-jnr","7":"product_cat-60000-puffs-disposable-vape","8":"product_cat-cheap-rechargeable-disposable-vapes","9":"product_cat-dual-mesh-vapes","10":"product_cat-jnr","11":"product_tag-55000-puffs-disposable-vape","12":"product_tag-best-disposable-vapes","13":"product_tag-dual-mesh-coil-vape","14":"product_tag-jnr-rage-gorilla-55k","15":"product_tag-rechargeable-long-lasting-vape","16":"product_tag-smart-screen-vape-device","18":"first","19":"instock","20":"shipping-taxable","21":"purchasable","22":"product-type-variable","23":"has-default-attributes"},"jetpack_sharing_enabled":true,"tiered_pricing_type":"fixed","tiered_pricing_fixed_rules":{"30":9.6899999999999995026200849679298698902130126953125,"50":7.95999999999999996447286321199499070644378662109375,"100":7.3499999999999996447286321199499070644378662109375,"200":6.980000000000000426325641456060111522674560546875,"400":6.480000000000000426325641456060111522674560546875},"tiered_pricing_product_settings":{"layout":"default","base_unit_name":{"singular":null,"plural":null},"default_variation":null},"tiered_pricing_minimum_quantity":10,"tiered_pricing_roles_data":[],"tiered_pricing_percentage_rules":[],"tiered_pricing_maximum_quantity":null,"tiered_pricing_quantity_step":"10","_links":{"self":[{"href":"https:\/\/ricovape.com\/pl\/wp-json\/wp\/v2\/product\/6520","targetHints":{"allow":["GET"]}}],"collection":[{"href":"https:\/\/ricovape.com\/pl\/wp-json\/wp\/v2\/product"}],"about":[{"href":"https:\/\/ricovape.com\/pl\/wp-json\/wp\/v2\/types\/product"}],"replies":[{"embeddable":true,"href":"https:\/\/ricovape.com\/pl\/wp-json\/wp\/v2\/comments?post=6520"}],"wp:featuredmedia":[{"embeddable":true,"href":"https:\/\/ricovape.com\/pl\/wp-json\/wp\/v2\/media\/6550"}],"wp:attachment":[{"href":"https:\/\/ricovape.com\/pl\/wp-json\/wp\/v2\/media?parent=6520"}],"wp:term":[{"taxonomy":"product_brand","embeddable":true,"href":"https:\/\/ricovape.com\/pl\/wp-json\/wp\/v2\/product_brand?post=6520"},{"taxonomy":"product_cat","embeddable":true,"href":"https:\/\/ricovape.com\/pl\/wp-json\/wp\/v2\/product_cat?post=6520"},{"taxonomy":"product_tag","embeddable":true,"href":"https:\/\/ricovape.com\/pl\/wp-json\/wp\/v2\/product_tag?post=6520"}],"curies":[{"name":"wp","href":"https:\/\/api.w.org\/{rel}","templated":true}]}}