{"id":41615,"date":"2026-04-06T14:35:00","date_gmt":"2026-04-06T14:35:00","guid":{"rendered":"https:\/\/stage.jrfer.com\/product\/poco-fr80k-vaporizzatore-monouso-ricaricabile-con-bobina-quad-mesh-80000-puffs-4-w-1\/"},"modified":"2026-04-07T10:44:02","modified_gmt":"2026-04-07T10:44:02","slug":"poco-fr80k-vaporizzatore-monouso-ricaricabile-con-bobina-quad-mesh-80000-puffs-4-w-1","status":"publish","type":"product","link":"https:\/\/ricovape.com\/pl\/produkt\/poco-fr80k-vaporizzatore-monouso-ricaricabile-con-bobina-quad-mesh-80000-puffs-4-w-1\/","title":{"rendered":"POCO FR80K | Vaporizzatore monouso ricaricabile con bobina quad mesh 80000 Puffs 4 w 1"},"content":{"rendered":"<h2>\ud83d\udd25 Perch\u00e9 scegliere i puff POCO FR 80000?<\/h2>\n<ul>\n<li>\ud83d\udca8 <strong>Enormi 80.000 boccate:<\/strong> tw\u00f3rz dla u\u017cytkownik\u00f3w, kt\u00f3rzy chc\u0105 zako\u0144czy\u0107, ideali dla vapers i rivenditori pesanti.<\/li>\n<li>\ud83c\udfa8 <strong>4 smaki w 1 waporyzacji:<\/strong> \u0142atwe korzystanie z quattro smak\u00f3w premium dla niesko\u0144czonej r\u00f3\u017cnorodno\u015bci.<\/li>\n<li>\u26a1 <strong>Sistema di bobine quattro maglie:<\/strong> 4 bobine a maglie che migliorano il sapore forniscono un vapore morbido e un gusto ricco.<\/li>\n<li>\ud83d\udd0b <strong>Bateria ricaricabile o pojemno\u015bci 650 mAh:<\/strong> la ricarica Rapida di Tipo C zapewnia pot\u0119\u017cn\u0105 moc, aby zako\u0144czy\u0107 wszystko, co najlepsze.<\/li>\n<li>\ud83e\uddc3 <strong>Pojemno\u015b\u0107 e-liquidu w 60 ml:<\/strong> obj\u0119to\u015b\u0107 p\u0142ynu generowanego na ultra p\u0142uca.<\/li>\n<li>\ud83d\udda5\ufe0f <strong>Projekt zgodny i trwa\u0142y:<\/strong> jest dostosowany do wszystkich wymaga\u0144 i konstrukcji, aby wytrzyma\u0107 z solidn\u0105 struktur\u0105.<\/li>\n<li>\ud83c\udff7\ufe0f <strong>Aktto alla vendita all&#8217;ingrosso:<\/strong> konfesjona\u0142 z 10 pezzi na scatola, idea\u0142y dla negocjator\u00f3w handlu i dystrybutor\u00f3w.<\/li>\n<\/ul>\n<p><img data-recalc-dims=\"1\" decoding=\"async\" style=\"max-width: 100%;display: blocco\" src=\"https:\/\/i0.wp.com\/aiviouvapes.com\/wp-content\/uploads\/2025\/11\/1111.jpg?ssl=1\" alt=\"POCO FR 80K\" title=\"\"><br \/>\n<img data-recalc-dims=\"1\" decoding=\"async\" src=\"https:\/\/i0.wp.com\/aiviouvapes.com\/wp-content\/uploads\/2025\/11\/2222.jpg?ssl=1\" alt=\"POCO FR 80K\" title=\"\"><\/p>\n<\/p>\n<h2>\u2699\ufe0fSpecyficzne<\/h2>\n<tr>\n<td><strong>Conteggio dei soffi<\/strong><\/td>\n<td>80 000 boccate<\/td>\n<\/tr>\n<tr>\n<td><strong>Pojemno\u015b\u0107 e-liquidu<\/strong><\/td>\n<td>60ml<\/td>\n<\/tr>\n<tr>\n<td><strong>Potenza della nicotina<\/strong><\/td>\n<td>5%<\/td>\n<\/tr>\n<tr>\n<td><strong>Bateria<\/strong><\/td>\n<td>650 mAh dost\u0119pne<\/td>\n<\/tr>\n<tr>\n<td><strong>Porta di ricarica<\/strong><\/td>\n<td>Cyfrowy C<\/td>\n<\/tr>\n<tr>\n<td><strong>Typo di bobina<\/strong><\/td>\n<td>Bobina w quattro maglie (x4)<\/td>\n<\/tr>\n<tr>\n<td><strong>Wymiary urz\u0105dzenia<\/strong><\/td>\n<td>100,5 \u00d7 42 \u00d7 44 mm<\/td>\n<\/tr>\n<tr>\n<td><strong>Imballaggio<\/strong><\/td>\n<td>10 pezzi za scatola da esposizione<\/td>\n<\/tr>\n<h2>\ud83c\udf53 Collezione di sapori<\/h2>\n<p>Sprawd\u017a <strong>system aromat\u00f3w 4 w 1<\/strong> w POCO FR, realizuj, aby p\u0142ynne przej\u015bcia i r\u00f3wnowaga. Ogni Combinazione ofre una fusione unica di toni fruttati, ghiacciati e dolci per soddisfare ka\u017cdego palato. \ud83d\ude0b\ud83d\udc47<\/p>\n<ul>\n<li><b>1.<\/b>Fragola Lampone Ciliegia \u2013 Litchi All&#8217;anguria \u2013 Fragola Mirtillo \u2013 Torta Alla Banana<\/li>\n<li><b>2.<\/b>Fragola Anguri\u0119 \u2013 Fragola Lampone Kiwi \u2013 Ananas Mela \u2013 Ciliegia Mirtillo roso<\/li>\n<li><b>3.<\/b>Mirtillo Fragola \u2013 Uva Mirtillo Rosso Pesca \u2013 Bevanda Energetica \u2013 Mirtillo Anguria<\/li>\n<li><b>4.<\/b>Limonata al lampone e mirtillo \u2013 Kiwi alla fragola \u2013 Mango alla fragola \u2013 Frutti di bosco<\/li>\n<li><b>5.<\/b>Fragola Ciliegia \u2013 Lampone Anguri\u0119 \u2013 Mirtillo Ciliegia Cola \u2013 Mango Ananas<\/li>\n<li><b>6.<\/b>Ciliegia Pesca Limon \u2013 Menta freska \u2013 Gomma da masturbacja all&#8217;anguria \u2013 Ghiaccio wszystko<\/li>\n<li><b>7.<\/b>Mirtillo rosso \u2013 Fragola banan \u2013 Mirtillo lampone ciliegia \u2013 Mirtillo Kiwi<\/li>\n<li><b>8.<\/b>Ghiaccio di anguria \u2013 Ananas Cocco \u2013 Pesca Mango Anguria \u2013 Ciliegia Pesca Limone<\/li>\n<li><b>9.<\/b>Uva Fragola \u2013 Mela Pesca \u2013 Fragola Anguria \u2013 Fragola Black Ice Dragon Fruit<\/li>\n<li><b>10.<\/b>Lampone acido al mirtillo \u2013 Ghiaccio all&#8217;ananas al kiwi \u2013 Ciliegia all&#8217;uva \u2013 Uva all&#8217;aloe<\/li>\n<li><strong>11.<\/strong>Fragola Lampone \u2013 Limone Lime \u2013 Mirtillo Black Ice \u2013 Frutto della passione Kiwi Guava<\/li>\n<li><strong>12.<\/strong>Jagoda Wi\u015bnia Limonka \u2013 Mela acida \u2013 Caramella morbida alla pesca e mirtillo \u2013 Cola alla fragola<\/li>\n<li><strong>13.<\/strong>Fragola al frutto del drago di ghiaccio nero \u2013 Ghiaccio all&#8217;anguria \u2013 Ghiaccio al mirtillo \u2013 Ghiaccio alla pesca<\/li>\n<li><strong>14.<\/strong>Mela acida \u2013 Lime di anguria \u2013 Litchi di anguria e lampone \u2013 Cola alla fragola<\/li>\n<li><strong>15.<\/strong>Aloe Uva \u2013 Lampone Pesca Lime \u2013 Pesca Mango Anguria \u2013 Coca Cola<\/li>\n<\/ul>\n<h2>\ud83d\udcac Cz\u0119sto zadawane pytania (FAQ)<\/h2>\n<p><strong>D:<\/strong> Jaka jest trwa\u0142o\u015b\u0107 POCO FR 80000?<br \/>\n<strong>R:<\/strong> Z du\u017c\u0105 ilo\u015bci\u0105 80 000 boccate, mo\u017cesz uzyska\u0107 r\u00f3\u017cnorodne ustawienia w drugiej kolejno\u015bci, aby uzyska\u0107 dost\u0119p do svapo.<\/p>\n<p><strong>D:<\/strong> Czy mo\u017cesz ricaricarlo?<br \/>\n<strong>R:<\/strong> Si! Bateria o pojemno\u015bci 650 mAh to bateria typu C, kt\u00f3ra zapewnia wydajn\u0105 wydajno\u015b\u0107 do u\u017cytku przez ca\u0142y czas.<\/p>\n<p><strong>D:<\/strong> Uwzgl\u0119dni\u0107 pi\u00f9 gusti?<br \/>\n<strong>R:<\/strong> Assolutamente: ka\u017cde urz\u0105dzenie obejmuje quattro gusti distinti tra cui puoi passare in quasiasi momento!<\/p>\n<p><strong>D:<\/strong> Co chcesz dostosowa\u0107 do tego urz\u0105dzenia?<br \/>\n<strong>R:<\/strong> Perfetto dla <strong>vapers Accaniti, amanti degli aromi<\/strong> i <strong>distributori all&#8217;ingrosso<\/strong>, kt\u00f3re zapewniaj\u0105 prestazioni premium i soddisfazione duratura.<\/p>\n<h2>\ud83d\ude80 Perfekcyjne<\/h2>\n<p>I <strong>vape USA i uzyskaj 4 w 1 POCO FR 80K<\/strong> to zbi\u00f3r wszystkich \u017cy\u0107 dla <strong>rivenditori, negocjacji z waporyzatorami<\/strong> i <strong>dystrybutorami<\/strong>, kt\u00f3rzy oferuj\u0105 r\u00f3\u017cnorodne sapori, prestazioni i praticit\u00e0. Ideale per <strong>mercati europei<\/strong> e per chiunque desideri cloud potenti con una manutenzione minima. \ud83c\udf2c\ufe0f\ud83d\udc8e<\/p>\n","protected":false},"excerpt":{"rendered":"<p>Skorzystaj z <strong>vape u\u017cywanego i uzyskaj POCO FR 80000 Puffs<\/strong>, do <strong>4 gust\u00f3w w 1 urz\u0105dzeniu<\/strong>, z <strong>baterii ricaricabile do tipo C da 650 mAh<\/strong> i technologii <strong>bobina do quattro maglie<\/strong> do eksperymentowania svapo definitiva e di p\u0142uca durata. Perfetto per i mercati al dettaglio e all\u2019ingrosso in all\u2019ingrosso in all\u2019Europe! \ud83c\udf0d\ud83d\udca8<\/p>\n","protected":false},"featured_media":6675,"comment_status":"open","ping_status":"closed","template":"","meta":[],"product_brand":[],"product_cat":[1416,1613,1383,1555,1450,1746],"product_tag":[],"class_list":{"0":"post-41615","1":"product","2":"type-product","3":"status-publish","4":"has-post-thumbnail","6":"product_cat-jednorazowe-vapes-na-wegrzech","7":"product_cat-jednorazowe-vapes-w-hiszpanii","8":"product_cat-jednorazowe-vapes-w-niemczech","9":"product_cat-jednorazowe-vapes-w-polsce","10":"product_cat-jednorazowe-vapes-we-w-oszech","11":"product_cat-poco","13":"first","14":"outofstock","15":"shipping-taxable","16":"product-type-variable","17":"has-default-attributes"},"jetpack_sharing_enabled":true,"tiered_pricing_type":"fixed","tiered_pricing_fixed_rules":[],"tiered_pricing_product_settings":{"layout":"default","base_unit_name":{"singular":null,"plural":null},"default_variation":null},"tiered_pricing_minimum_quantity":null,"tiered_pricing_roles_data":[],"tiered_pricing_percentage_rules":[],"tiered_pricing_maximum_quantity":null,"tiered_pricing_quantity_step":null,"_links":{"self":[{"href":"https:\/\/ricovape.com\/pl\/wp-json\/wp\/v2\/product\/41615","targetHints":{"allow":["GET"]}}],"collection":[{"href":"https:\/\/ricovape.com\/pl\/wp-json\/wp\/v2\/product"}],"about":[{"href":"https:\/\/ricovape.com\/pl\/wp-json\/wp\/v2\/types\/product"}],"replies":[{"embeddable":true,"href":"https:\/\/ricovape.com\/pl\/wp-json\/wp\/v2\/comments?post=41615"}],"wp:featuredmedia":[{"embeddable":true,"href":"https:\/\/ricovape.com\/pl\/wp-json\/wp\/v2\/media\/6675"}],"wp:attachment":[{"href":"https:\/\/ricovape.com\/pl\/wp-json\/wp\/v2\/media?parent=41615"}],"wp:term":[{"taxonomy":"product_brand","embeddable":true,"href":"https:\/\/ricovape.com\/pl\/wp-json\/wp\/v2\/product_brand?post=41615"},{"taxonomy":"product_cat","embeddable":true,"href":"https:\/\/ricovape.com\/pl\/wp-json\/wp\/v2\/product_cat?post=41615"},{"taxonomy":"product_tag","embeddable":true,"href":"https:\/\/ricovape.com\/pl\/wp-json\/wp\/v2\/product_tag?post=41615"}],"curies":[{"name":"wp","href":"https:\/\/api.w.org\/{rel}","templated":true}]}}