{"id":164703,"date":"2026-04-17T12:10:49","date_gmt":"2026-04-17T12:10:49","guid":{"rendered":"https:\/\/ricovape.com\/product\/jnr-falcon-pro-28000-disposable-vape\/"},"modified":"2026-04-19T18:34:05","modified_gmt":"2026-04-19T18:34:05","slug":"jnr-falcon-pro-28000","status":"publish","type":"product","link":"https:\/\/ricovape.com\/pl\/produkt\/jnr-falcon-pro-28000\/","title":{"rendered":"JNR Falcon Pro 28000 Disposable Vape"},"content":{"rendered":"<h2>Jednorazowy waporyzator JNR Falcon Pro 28000<\/h2>\n<p> <strong>Jednorazowy waporyzator JNR Falcon Pro 28000<\/strong> to jednorazowy waporyzator z cyfrowym wy\u015bwietlaczem, stworzony dla sprzedawc\u00f3w detalicznych i odbiorc\u00f3w hurtowych, kt\u00f3rzy chc\u0105 praktycznej, \u0142atwej do wyja\u015bnienia strony produktu. \u0141\u0105czy w sobie 28 000 zaci\u0105gni\u0119\u0107, 30mL, podw\u00f3jn\u0105 cewk\u0119 siatkow\u0105 i cyfrowy wy\u015bwietlacz, aby zapewni\u0107 klientom urz\u0105dzenie o wyra\u017aniejszym po\u0142o\u017ceniu i atrakcyjniejszym wygl\u0105dzie na p\u00f3\u0142ce.<\/p>\n<h2>Dlaczego warto wybra\u0107 ten produkt<\/h2>\n<ul>\n<li><strong>Do 28 000 zaci\u0105gni\u0119\u0107<\/strong> dla trwalszego urz\u0105dzenia, kt\u00f3re mo\u017cna \u0142atwo pozycjonowa\u0107 w katalogach hurtowych.<\/li>\n<li><strong>Pojemno\u015b\u0107 e-liquidu 30mL<\/strong> umo\u017cliwiaj\u0105ca d\u0142u\u017csze u\u017cytkowanie i mniejsz\u0105 liczb\u0119 zmian urz\u0105dzenia.<\/li>\n<li><strong>Podw\u00f3jna cewka siatkowa<\/strong> zapewniaj\u0105ca bardziej sp\u00f3jne dostarczanie smaku i p\u0142ynniejsz\u0105 produkcj\u0119 pary.<\/li>\n<li><strong>Cyfrowy wy\u015bwietlacz<\/strong>, dzi\u0119ki kt\u00f3remu na pierwszy rzut oka \u0142atwiej jest zrozumie\u0107 stan baterii lub e-p\u0142ynu.<\/li>\n<li><strong>950mAh<\/strong>, aby urz\u0105dzenie by\u0142o praktyczne w przypadku wielokrotnego, codziennego u\u017cytku.<\/li>\n<li><strong>Przyjazne dla sprzeda\u017cy pozycjonowanie<\/strong> dla sklep\u00f3w z e-papierosami, dystrybutor\u00f3w i program\u00f3w zam\u00f3wie\u0144 hurtowych.<\/li>\n<\/ul>\n<h2>Specyfikacje<\/h2>\n<table>\n<tr>\n<td><strong>Nazwa produktu<\/strong><\/td>\n<td>Jednorazowy Vape JNR Falcon Pro 28000<\/td>\n<\/tr>\n<tr>\n<td><strong>Liczba zaci\u0105gni\u0119\u0107<\/strong><\/td>\n<td>Do 28 000 zaci\u0105gni\u0119\u0107<\/td>\n<\/tr>\n<tr>\n<td><strong>Pojemno\u015b\u0107 e-p\u0142ynu<\/strong><\/td>\n<td>30mL<\/td>\n<\/tr>\n<tr>\n<td><strong>Bateria<\/strong><\/td>\n<td>950mAh<\/td>\n<\/tr>\n<tr>\n<td><strong>Cewka<\/strong><\/td>\n<td>Podw\u00f3jna cewka siatkowa<\/td>\n<\/tr>\n<tr>\n<td><strong>Wy\u015bwietlacz<\/strong><\/td>\n<td>Wy\u015bwietlacz cyfrowy<\/td>\n<\/tr>\n<\/tbody>\n<\/table>\n<h2>Opcje smakowe<\/h2>\n<p>Jednorazowy Vape JNR Falcon Pro 28000 jest dost\u0119pny w 4 smakach, w tym oferuje niesamowit\u0105 liczb\u0119 28 000 zaci\u0105gni\u0119\u0107, dzi\u0119ki czemu nigdy nie b\u0119dziesz mie\u0107 ochoty. Wytrzyma\u0142y akumulator 950mAh i technologia podw\u00f3jnej cewki siatkowej dzia\u0142aj\u0105 w doskona\u0142ej harmonii, aby zapewni\u0107 sp\u00f3jn\u0105, g\u0142adk\u0105 par\u0119 i \u017cywy smak od pierwszego zaci\u0105gni\u0119cia do ostatniego. Cyfrowy wy\u015bwietlacz informuje Ci\u0119 na bie\u017c\u0105co, a du\u017ca pojemno\u015b\u0107 30mL e-liquidu oznacza mniej zmartwie\u0144 o uzupe\u0142nianie. Z 20 starannie wykonanymi smakami.<\/p>\n<ul>\n<li>Mo\u017ce pochwali\u0107 si\u0119 niesamowit\u0105 liczb\u0105 28 000 zaci\u0105gni\u0119\u0107<\/li>\n<li>Upewnij si\u0119, \u017ce nigdy Ci\u0119 nie zabraknie. Wytrzyma\u0142y akumulator 950mAh i technologia podw\u00f3jnej cewki siatkowej dzia\u0142aj\u0105 w doskona\u0142ej harmonii, zapewniaj\u0105c sp\u00f3jne<\/li>\n<li>G\u0142adka para i \u017cywy smak od pierwszego do ostatniego zaci\u0105gni\u0119cia. Cyfrowy wy\u015bwietlacz informuje Ci\u0119<\/li>\n<li>Podczas gdy du\u017ca pojemno\u015b\u0107 30mL e-liquidu oznacza mniej zmartwie\u0144 o uzupe\u0142nianie. Z 20 starannie wykonanymi smakami<\/li>\n<\/ul>\n<h2>Dopasowanie do sprzeda\u017cy detalicznej i hurtowej<\/h2>\n<p><strong>Jednorazowy Vape JNR Falcon Pro 28000<\/strong> sprawdza si\u0119 najlepiej w przypadku sklep\u00f3w z waporyzatorami, dystrybutor\u00f3w i katalog\u00f3w sprzedawc\u00f3w, kt\u00f3rzy potrzebuj\u0105 strony produktu opartej na specyfikacji bez wype\u0142niaczy. Najsilniejsze punkty sprzeda\u017cy to format urz\u0105dzenia, g\u0142\u00f3wne cechy i \u0142atwiejsze hurtowe kadrowanie dla kupuj\u0105cych por\u00f3wnuj\u0105cych podobne SKU.<\/p>\n<h2>FAQ<\/h2>\n<h3>Ile zaci\u0105gni\u0119\u0107 oferuje jednorazowy vape JNR Falcon Pro 28000?<\/h3>\n<p>Jednorazowy vape JNR Falcon Pro 28000 jest wymieniony na maksymalnie 28 000 zaci\u0105gni\u0119\u0107, w zale\u017cno\u015bci od stylu u\u017cytkowania i wybranych odmiana.<\/p>\n<h3>Czy jednorazowy Vape JNR Falcon Pro 28000 mo\u017cna \u0142adowa\u0107?<\/h3>\n<p>Tak. Wykorzystuje 950mAh, aby umo\u017cliwi\u0107 wielokrotne u\u017cycie a\u017c do wyczerpania e-liquidu.<\/p>\n<h3>Jakie moce nikotyny s\u0105 dost\u0119pne?<\/h3>\n<p>St\u0119\u017cenie nikotyny zale\u017cy od wybranej odmiany. Przed z\u0142o\u017ceniem zam\u00f3wienia zbiorczego potwierd\u017a dok\u0142adn\u0105 opcj\u0119.<\/p>\n<h3>Jakie funkcje wyr\u00f3\u017cniaj\u0105 jednorazowy waporyzator JNR Falcon Pro 28000?<\/h3>\n<p>Kluczowe punkty sprzeda\u017cy to podw\u00f3jna cewka siatkowa, cyfrowy wy\u015bwietlacz, kt\u00f3ry u\u0142atwia prezentacj\u0119 urz\u0105dzenia na p\u00f3\u0142kach detalicznych i w katalogach dystrybutor\u00f3w.<\/p>\n<h3>Ile dost\u0119pnych jest opcji smakowych?<\/h3>\n<p>Na stronie znajduj\u0105 si\u0119 4 opcje smakowe, a dok\u0142adny wyb\u00f3r zale\u017cy od wybranej odmiany i aktualnego stanu zapas.<\/p>\n<h3>Czy jednorazowy Vape JNR Falcon Pro 28000 nadaje si\u0119 do zam\u00f3wie\u0144 hurtowych?<\/h3>\n<p>Tak. Jednorazowy waporyzator JNR Falcon Pro 28000 jest przeznaczony dla sklep\u00f3w z waporyzatorami, sprzedawc\u00f3w i dystrybutor\u00f3w, kt\u00f3rzy chc\u0105 mie\u0107 przejrzyst\u0105 stron\u0119 produktu opart\u0105 na specyfikacji, umo\u017cliwiaj\u0105c\u0105 sk\u0142adanie zam\u00f3wie\u0144 zbiorczych.<\/p>\n","protected":false},"excerpt":{"rendered":"<p>Jednorazowy waporyzator JNR Falcon Pro 28000 oferuje do 28 000 zaci\u0105gni\u0119\u0107, 30mL, 950mAh, podw\u00f3jn\u0105 cewk\u0119 siatkow\u0105, wy\u015bwietlacz cyfrowy. Czysty wyb\u00f3r dla p\u00f3\u0142ek sklepowych, katalog\u00f3w dystrybutor\u00f3w i zam\u00f3wie\u0144 masowych jednorazowych vape.<\/p>\n","protected":false},"featured_media":128023,"comment_status":"open","ping_status":"closed","template":"","meta":[],"product_brand":[],"product_cat":[1416,1613,1383,1555,1450,1802],"product_tag":[],"class_list":{"0":"post-164703","1":"product","2":"type-product","3":"status-publish","4":"has-post-thumbnail","6":"product_cat-jednorazowe-vapes-na-wegrzech","7":"product_cat-jednorazowe-vapes-w-hiszpanii","8":"product_cat-jednorazowe-vapes-w-niemczech","9":"product_cat-jednorazowe-vapes-w-polsce","10":"product_cat-jednorazowe-vapes-we-w-oszech","11":"product_cat-jnr","13":"first","14":"instock","15":"shipping-taxable","16":"purchasable","17":"product-type-variable","18":"has-default-attributes"},"jetpack_sharing_enabled":true,"tiered_pricing_type":"fixed","tiered_pricing_fixed_rules":[],"tiered_pricing_product_settings":{"layout":"default","base_unit_name":{"singular":null,"plural":null},"default_variation":null},"tiered_pricing_minimum_quantity":1000,"tiered_pricing_roles_data":[],"tiered_pricing_percentage_rules":[],"tiered_pricing_maximum_quantity":null,"tiered_pricing_quantity_step":"10","_links":{"self":[{"href":"https:\/\/ricovape.com\/pl\/wp-json\/wp\/v2\/product\/164703","targetHints":{"allow":["GET"]}}],"collection":[{"href":"https:\/\/ricovape.com\/pl\/wp-json\/wp\/v2\/product"}],"about":[{"href":"https:\/\/ricovape.com\/pl\/wp-json\/wp\/v2\/types\/product"}],"replies":[{"embeddable":true,"href":"https:\/\/ricovape.com\/pl\/wp-json\/wp\/v2\/comments?post=164703"}],"wp:featuredmedia":[{"embeddable":true,"href":"https:\/\/ricovape.com\/pl\/wp-json\/wp\/v2\/media\/128023"}],"wp:attachment":[{"href":"https:\/\/ricovape.com\/pl\/wp-json\/wp\/v2\/media?parent=164703"}],"wp:term":[{"taxonomy":"product_brand","embeddable":true,"href":"https:\/\/ricovape.com\/pl\/wp-json\/wp\/v2\/product_brand?post=164703"},{"taxonomy":"product_cat","embeddable":true,"href":"https:\/\/ricovape.com\/pl\/wp-json\/wp\/v2\/product_cat?post=164703"},{"taxonomy":"product_tag","embeddable":true,"href":"https:\/\/ricovape.com\/pl\/wp-json\/wp\/v2\/product_tag?post=164703"}],"curies":[{"name":"wp","href":"https:\/\/api.w.org\/{rel}","templated":true}]}}