{"id":164413,"date":"2026-04-17T11:57:12","date_gmt":"2026-04-17T11:57:12","guid":{"rendered":"https:\/\/ricovape.com\/product\/vozol-rave-40000-puffs-jednorazowy-waporyzator-o-podwojnym-trybie\/"},"modified":"2026-04-18T11:18:53","modified_gmt":"2026-04-18T11:18:53","slug":"vozol-rave-40000","status":"publish","type":"product","link":"https:\/\/ricovape.com\/pl\/produkt\/vozol-rave-40000\/","title":{"rendered":"Vozol Rave 40000 Puffs | Jednorazowy waporyzator o podw\u00f3jnym trybie"},"content":{"rendered":"<h2>Vozol Rave 40000 Puffs<\/h2>\n<p> <strong>Vozol Rave 40000 Puffs<\/strong> to jednorazowy waporyzator przeznaczony dla sprzedawc\u00f3w detalicznych i odbiorc\u00f3w hurtowych, kt\u00f3rzy chc\u0105 praktycznej, \u0142atwej do wyja\u015bnienia strony produktu. \u0141\u0105czy w sobie 40 000 zaci\u0105gni\u0119\u0107, 32mL, podw\u00f3jn\u0105 siateczkow\u0105 cewk\u0119, aby zapewni\u0107 klientom urz\u0105dzenie o wyra\u017aniejszym po\u0142o\u017ceniu i atrakcyjniejszym wygl\u0105dzie na p\u00f3\u0142ce.<\/p>\n<h2>Dlaczego warto wybra\u0107 ten produkt<\/h2>\n<ul>\n<li><strong>Do 40 000 zaci\u0105gni\u0119\u0107<\/strong> dla trwalszego urz\u0105dzenia, kt\u00f3re mo\u017cna \u0142atwo pozycjonowa\u0107 w katalogach hurtowych.<\/li>\n<li><strong>Pojemno\u015b\u0107 e-liquidu 32mL<\/strong> umo\u017cliwiaj\u0105ca d\u0142u\u017csze u\u017cytkowanie i mniejsz\u0105 liczb\u0119 zmian urz\u0105dzenia.<\/li>\n<li><strong>Podw\u00f3jna cewka siatkowa<\/strong> zapewniaj\u0105ca bardziej sp\u00f3jne dostarczanie smaku i p\u0142ynniejsz\u0105 produkcj\u0119 pary.<\/li>\n<li><strong>850mAh, \u0142adowanie typu C<\/strong>, aby urz\u0105dzenie by\u0142o praktyczne w przypadku wielokrotnego, codziennego u\u017cytku.<\/li>\n<li><strong>Przyjazne dla sprzeda\u017cy pozycjonowanie<\/strong> dla sklep\u00f3w z e-papierosami, dystrybutor\u00f3w i program\u00f3w zam\u00f3wie\u0144 hurtowych.<\/li>\n<\/ul>\n<h2>Specyfikacje<\/h2>\n<table>\n<tr>\n<td><strong>Nazwa produktu<\/strong><\/td>\n<td>Vozol Rave 40000 zaci\u0105gni\u0119\u0107<\/td>\n<\/tr>\n<tr>\n<td><strong>Liczba zaci\u0105gni\u0119\u0107<\/strong><\/td>\n<td>Do 40 000 zaci\u0105gni\u0119\u0107<\/td>\n<\/tr>\n<tr>\n<td><strong>Pojemno\u015b\u0107 e-p\u0142ynu<\/strong><\/td>\n<td>32mL<\/td>\n<\/tr>\n<tr>\n<td><strong>Bateria<\/strong><\/td>\n<td>850mAh<\/td>\n<\/tr>\n<tr>\n<td><strong>Cewka<\/strong><\/td>\n<td>Podw\u00f3jna cewka siatkowa<\/td>\n<\/tr>\n<tr>\n<td><strong>\u0141adowanie<\/strong><\/td>\n<td>\u0141adowanie typu C<\/td>\n<\/tr>\n<\/tbody>\n<\/table>\n<h2>Opcje smakowe<\/h2>\n<p>Vozol Rave 40000 Puffs jest dost\u0119pny w 1 smaku, w tym Komora A Komora B Arbuz Ice Winogrono L\u00f3d Mango Ice Truskawka L\u00f3d Jagoda L\u00f3d Bor\u00f3wka Arbuz Mango Brzoskwinia Truskawka Arbuz Cool Mint Blue Razz Ice Peach Ice Truskawka Mango Truskawka Kiwi Podw\u00f3jne Jab\u0142ko Arbuz Guma balonowa Strawmelon Brzoskwinia Malina Lemoniada Arbuz Razz Rancher Cherry Truskawkowa Mi\u0142o\u015b\u0107 777.<\/p>\n<ul>\n<li>Komora A Komora B Arbuz L\u00f3d Winogrono L\u00f3d Mango L\u00f3d Truskawka L\u00f3d Bor\u00f3wka L\u00f3d Jagoda Arbuz Mango Brzoskwinia Truskawka Arbuz Cool Mint Blue Razz Ice Brzoskwinia L\u00f3d Truskawka Mango Truskawka Kiwi Podw\u00f3jne Jab\u0142ko Arbuz Guma balonowa Strawmelon Brzoskwinia Malina Lemoniada Arbuz Razz Rancher Cherry Strawberry Love 777<\/li>\n<\/ul>\n<h2>Dopasowanie detaliczne i hurtowe<\/h2>\n<p><strong>Vozol Rave 40000 Puffs<\/strong> sprawdza si\u0119 najlepiej w przypadku sklep\u00f3w z waporyzatorami, dystrybutor\u00f3w i katalog\u00f3w sprzedawc\u00f3w, kt\u00f3rzy potrzebuj\u0105 strony produktu opartej na specyfikacji bez wype\u0142niaczy. Najsilniejsze punkty sprzeda\u017cy to format urz\u0105dzenia, cechy nag\u0142\u00f3wka i \u0142atwiejsza sprzeda\u017c hurtowa dla kupuj\u0105cych por\u00f3wnuj\u0105cych podobne SKU.<\/p>\n<h2>FAQ<\/h2>\n<h3>Ile zaci\u0105gni\u0119\u0107 oferuje Vozol Rave 40000 Puffs?<\/h3>\n<p>Wyb\u00f3r Vozol Rave 40000 Puffs wynosi do 40 000 zaci\u0105gni\u0119\u0107, w zale\u017cno\u015bci od stylu u\u017cytkowania i wybranych odmian\u0119.<\/p>\n<h3>Czy Vozol Rave 40000 Puffs mo\u017cna \u0142adowa\u0107?<\/h3>\n<p>Tak. Wykorzystuje 850mAh z \u0142adowaniem typu C, aby umo\u017cliwi\u0107 wielokrotne u\u017cycie a\u017c do wyczerpania e-liquidu.<\/p>\n<h3>Jakie s\u0105 dost\u0119pne moce nikotyny?<\/h3>\n<p>St\u0119\u017cenie nikotyny zale\u017cy od wybranej odmiany. Przed z\u0142o\u017ceniem zam\u00f3wienia zbiorczego potwierd\u017a dok\u0142adn\u0105 opcj\u0119.<\/p>\n<h3>Jakie funkcje wyr\u00f3\u017cniaj\u0105 pufy Vozol Rave 40000?<\/h3>\n<p>Kluczowymi zaletami s\u0105 cewka Dual Mesh Coil, kt\u00f3ra u\u0142atwia prezentacj\u0119 urz\u0105dzenia na p\u00f3\u0142kach sklepowych i w katalogach dystrybutor\u00f3w.<\/p>\n<h3>Ile opcji smakowych jest dost\u0119pnych?<\/h3>\n<p>Na stronie znajduje si\u0119 lista 1 opcji smakowych, a dok\u0142adny wyb\u00f3r zale\u017cy od wybranej odmiany i aktualnego stanu magazynowego.<\/p>\n<h3>Czy Vozol Rave 40000 Puffs nadaje si\u0119 do zam\u00f3wie\u0144 hurtowych?<\/h3>\n<p>Tak. Vozol Rave 40000 Puffs jest przeznaczony dla sklep\u00f3w z waporyzatorami, sprzedawc\u00f3w i dystrybutor\u00f3w, kt\u00f3rzy chc\u0105 mie\u0107 przejrzyst\u0105 stron\u0119 produktu opart\u0105 na specyfikacji, umo\u017cliwiaj\u0105c\u0105 sk\u0142adanie zam\u00f3wie\u0144 zbiorczych.<\/p>\n","protected":false},"excerpt":{"rendered":"<p>Vozol Rave 40000 Puffs oferuje do 40 000 zaci\u0105gni\u0119\u0107, 32mL, 850mAh, cewka z podw\u00f3jn\u0105 siatk\u0105. Czysty wyb\u00f3r dla p\u00f3\u0142ek sklepowych, katalog\u00f3w dystrybutor\u00f3w i zam\u00f3wie\u0144 masowych jednorazowych vape.<\/p>\n","protected":false},"featured_media":3914,"comment_status":"open","ping_status":"closed","template":"","meta":[],"product_brand":[],"product_cat":[1911],"product_tag":[],"class_list":{"0":"post-164413","1":"product","2":"type-product","3":"status-publish","4":"has-post-thumbnail","6":"product_cat-wozol","8":"first","9":"outofstock","10":"shipping-taxable","11":"purchasable","12":"product-type-variable","13":"has-default-attributes"},"jetpack_sharing_enabled":true,"tiered_pricing_type":"fixed","tiered_pricing_fixed_rules":{"30":11.1500000000000003552713678800500929355621337890625,"50":9.07000000000000028421709430404007434844970703125,"100":8.6899999999999995026200849679298698902130126953125,"200":8.589999999999999857891452847979962825775146484375,"400":8.1699999999999999289457264239899814128875732421875},"tiered_pricing_product_settings":{"layout":"default","base_unit_name":{"singular":null,"plural":null},"default_variation":null},"tiered_pricing_minimum_quantity":10,"tiered_pricing_roles_data":[],"tiered_pricing_percentage_rules":[],"tiered_pricing_maximum_quantity":null,"tiered_pricing_quantity_step":"10","_links":{"self":[{"href":"https:\/\/ricovape.com\/pl\/wp-json\/wp\/v2\/product\/164413","targetHints":{"allow":["GET"]}}],"collection":[{"href":"https:\/\/ricovape.com\/pl\/wp-json\/wp\/v2\/product"}],"about":[{"href":"https:\/\/ricovape.com\/pl\/wp-json\/wp\/v2\/types\/product"}],"replies":[{"embeddable":true,"href":"https:\/\/ricovape.com\/pl\/wp-json\/wp\/v2\/comments?post=164413"}],"wp:featuredmedia":[{"embeddable":true,"href":"https:\/\/ricovape.com\/pl\/wp-json\/wp\/v2\/media\/3914"}],"wp:attachment":[{"href":"https:\/\/ricovape.com\/pl\/wp-json\/wp\/v2\/media?parent=164413"}],"wp:term":[{"taxonomy":"product_brand","embeddable":true,"href":"https:\/\/ricovape.com\/pl\/wp-json\/wp\/v2\/product_brand?post=164413"},{"taxonomy":"product_cat","embeddable":true,"href":"https:\/\/ricovape.com\/pl\/wp-json\/wp\/v2\/product_cat?post=164413"},{"taxonomy":"product_tag","embeddable":true,"href":"https:\/\/ricovape.com\/pl\/wp-json\/wp\/v2\/product_tag?post=164413"}],"curies":[{"name":"wp","href":"https:\/\/api.w.org\/{rel}","templated":true}]}}