{"id":163557,"date":"2026-04-17T11:20:17","date_gmt":"2026-04-17T11:20:17","guid":{"rendered":"https:\/\/ricovape.com\/product\/waspe-40k-twins-40000-puffs-36ml-podwojna-siatka-0-5-nikotyny-podwojny-smak-jednorazowy-waporyzator-masowy\/"},"modified":"2026-04-18T11:02:10","modified_gmt":"2026-04-18T11:02:10","slug":"waspe-40k-twins","status":"publish","type":"product","link":"https:\/\/ricovape.com\/pl\/produkt\/waspe-40k-twins\/","title":{"rendered":"WASPE 40K Twins 40000 Puffs | 36mL, podw\u00f3jna siatka, 0% -5% nikotyny, podw\u00f3jny smak, jednorazowy waporyzator masowy"},"content":{"rendered":"<h2>WASPE 40K Twins 40000 Puffs<\/h2>\n<p> <strong>WASPE 40K Twins 40000 Puffs<\/strong> to jednorazowy waporyzator o podw\u00f3jnym smaku z inteligentnym ekranem, stworzony dla sprzedawc\u00f3w detalicznych i odbiorc\u00f3w hurtowych, kt\u00f3rzy chc\u0105 praktycznej, \u0142atwej do wyja\u015bnienia strony produktu. \u0141\u0105czy w sobie 40 000 zaci\u0105gni\u0119\u0107, 36mL, podw\u00f3jn\u0105 siatk\u0119 i inteligentny ekran, aby zapewni\u0107 klientom urz\u0105dzenie o wyra\u017aniejszym po\u0142o\u017ceniu i atrakcyjniejszym wygl\u0105dzie na p\u00f3\u0142ce.<\/p>\n<h2>Dlaczego warto wybra\u0107 ten produkt<\/h2>\n<ul>\n<li><strong>Do 40 000 zaci\u0105gni\u0119\u0107<\/strong> dla trwalszego urz\u0105dzenia, kt\u00f3re mo\u017cna \u0142atwo pozycjonowa\u0107 w katalogach hurtowych.<\/li>\n<li><strong>Pojemno\u015b\u0107 e-liquidu 36mL<\/strong> umo\u017cliwiaj\u0105ca d\u0142u\u017csze u\u017cytkowanie i mniejsz\u0105 liczb\u0119 zmian urz\u0105dzenia.<\/li>\n<p>Format <\/p>\n<li><strong>Dual Flavour<\/strong> dla klient\u00f3w, kt\u00f3rzy chc\u0105 r\u00f3\u017cnorodno\u015bci smak\u00f3w w jednym urz\u0105dzeniu.<\/li>\n<li><strong>Podw\u00f3jna siatka<\/strong> zapewniaj\u0105ca bardziej sp\u00f3jne dostarczanie smaku i p\u0142ynniejsz\u0105 produkcj\u0119 pary.<\/li>\n<li><strong>Inteligentny ekran<\/strong>, dzi\u0119ki kt\u00f3remu na pierwszy rzut oka \u0142atwiej jest zrozumie\u0107 stan baterii lub e-p\u0142ynu.<\/li>\n<li><strong>850mAh, akumulator typu c<\/strong>, aby urz\u0105dzenie by\u0142o praktyczne w przypadku wielokrotnego, codziennego u\u017cytku.<\/li>\n<li><strong>Opcje nikotyny 0%\u20135%<\/strong>, aby dopasowa\u0107 si\u0119 do r\u00f3\u017cnych wymaga\u0144 rynku i klient\u00f3w.<\/li>\n<\/ul>\n<h2>Specyfikacje<\/h2>\n<tr>\n<td><strong>Nazwa produktu<\/strong><\/td>\n<td>WASPE 40 tys. bli\u017aniak\u00f3w 40 000 zaci\u0105gni\u0119\u0107<\/td>\n<\/tr>\n<tr>\n<td><strong>Liczba zaci\u0105gni\u0119\u0107<\/strong><\/td>\n<td>Do 40 000 zaci\u0105gni\u0119\u0107<\/td>\n<\/tr>\n<tr>\n<td><strong>Pojemno\u015b\u0107 e-p\u0142ynu<\/strong><\/td>\n<td>36mL<\/td>\n<\/tr>\n<tr>\n<td><strong>Bateria<\/strong><\/td>\n<td>850mAh<\/td>\n<\/tr>\n<tr>\n<td><strong>Cewka<\/strong><\/td>\n<td>Podw\u00f3jna siatka<\/td>\n<\/tr>\n<tr>\n<td><strong>Si\u0142a nikotyny<\/strong><\/td>\n<td>0%-5%<\/td>\n<\/tr>\n<tr>\n<td><strong>\u0141adowanie<\/strong><\/td>\n<td>Akumulator typu c<\/td>\n<\/tr>\n<tr>\n<td><strong>Wy\u015bwietlacz<\/strong><\/td>\n<td>Inteligentny ekran<\/td>\n<\/tr>\n<tr>\n<td><strong>Format<\/strong><\/td>\n<td>Podw\u00f3jny smak<\/td>\n<\/tr>\n<\/tbody>\n<\/table>\n<h2>Opcje smakowe<\/h2>\n<p>WASPE 40K Twins 40000 Puffs jest dost\u0119pny w 6 smakach, w tym WASPE 40K Double Flavour Twins to innowacyjny jednorazowy waporyzator, kt\u00f3ry \u0142\u0105czy w sobie wydajno\u015b\u0107 i smak, zaprojektowany dla ka\u017cdego, kto szuka wysokiej jako\u015bci, trwa\u0142ego do\u015bwiadczenia wapowania. Z imponuj\u0105c\u0105 wydajno\u015bci\u0105 40 000 zaci\u0105gni\u0119\u0107 i podw\u00f3jn\u0105 cewk\u0105 siatkow\u0105.<\/p>\n<ul>\n<li>WASPE 40K Double Flavour Twins to innowacyjny jednorazowy waporyzator, kt\u00f3ry \u0142\u0105czy w sobie wydajno\u015b\u0107 i smak<\/li>\n<li>Zaprojektowany dla ka\u017cdego, kto szuka wysokiej jako\u015bci<\/li>\n<li>Trwa\u0142e wra\u017cenia z wapowania. Z imponuj\u0105c\u0105 wydajno\u015bci\u0105 40 000 zaci\u0105gni\u0119\u0107<\/li>\n<li>Podw\u00f3jne cewki siatkowe<\/li>\n<li>I szeroki wyb\u00f3r unikalnych<\/li>\n<li>Po\u0142\u0105czone smaki<\/li>\n<\/ul>\n<h2>Dopasowanie detaliczne i hurtowe<\/h2>\n<p><strong>WASPE 40K Twins 40000 Puffs<\/strong> sprawdza si\u0119 najlepiej w przypadku sklep\u00f3w z waporyzatorami, dystrybutor\u00f3w i katalog\u00f3w sprzedawc\u00f3w, kt\u00f3rzy potrzebuj\u0105 strony produktu opartej na specyfikacji bez wype\u0142niaczy. Najsilniejsze punkty sprzeda\u017cy to format urz\u0105dzenia, g\u0142\u00f3wne cechy i \u0142atwiejsze hurtowe kadrowanie dla kupuj\u0105cych por\u00f3wnuj\u0105cych podobne SKU.<\/p>\n<h2>FAQ<\/h2>\n<h3>Ile zaci\u0105gni\u0119\u0107 oferuje WASPE 40K Twins 40000 Puffs?<\/h3>\n<p>WASPE 40K Twins 40000 Puffs ma pojemno\u015b\u0107 do 40 000 zaci\u0105gni\u0119\u0107, w zale\u017cno\u015bci od stylu u\u017cytkowania i wybranej odmiany.<\/p>\n<h3>Czy WASPE 40K Twins 40000 Puffs mo\u017cna \u0142adowa\u0107 ponownie?<\/h3>\n<p>Tak. Wykorzystuje pojemno\u015b\u0107 850mAh z akumulatorem typu c, co pozwala na wielokrotne u\u017cycie a\u017c do wyczerpania si\u0119 e-liquidu.<\/p>\n<h3>Jakie s\u0105 dost\u0119pne moce nikotyny?<\/h3>\n<p>Ten produkt jest oferowany z opcjami nikotyny 0%\u20135%, w zale\u017cno\u015bci od wybranej odmiany i rynku docelowego.<\/p>\n<h3>Jakie funkcje wyr\u00f3\u017cniaj\u0105 WASPE 40K Twins 40000 Puffs?<\/h3>\n<p>Kluczowe zalety obejmuj\u0105 Podw\u00f3jna siatka, inteligentny ekran, podw\u00f3jny smak, dzi\u0119ki kt\u00f3rym urz\u0105dzenie jest \u0142atwiejsze do zaprezentowania na p\u00f3\u0142kach sklepowych i w katalogach dystrybutor\u00f3w.<\/p>\n<h3>Ile opcji smakowych jest dost\u0119pnych?<\/h3>\n<p>Na stronie znajduje si\u0119 lista 6 opcji smakowych, a dok\u0142adny wyb\u00f3r zale\u017cy od wybranej odmiany i aktualnego stanu magazynowego.<\/p>\n<h3>Czy WASPE 40K Twins 40000 Puffs nadaje si\u0119 do zam\u00f3wie\u0144 hurtowych?<\/h3>\n<p>Tak. WASPE 40K Twins 40000 Puffs jest przeznaczony dla sklep\u00f3w z waporyzatorami, sprzedawc\u00f3w i dystrybutor\u00f3w, kt\u00f3rzy chc\u0105 mie\u0107 przejrzyst\u0105 stron\u0119 produktu opart\u0105 na specyfikacjach do zam\u00f3wie\u0144 zbiorczych.<\/p>\n","protected":false},"excerpt":{"rendered":"<p>WASPE 40K Twins 40000 Puffs oferuje do 40 000 zaci\u0105gni\u0119\u0107, 36mL, 850mAh, Dual Mesh, Smart Screen z opcjami 0%-5% nikotyny. Czysty wyb\u00f3r dla p\u00f3\u0142ek sklepowych, katalog\u00f3w dystrybutor\u00f3w i zam\u00f3wie\u0144 masowych jednorazowych vape.<\/p>\n","protected":false},"featured_media":127273,"comment_status":"open","ping_status":"closed","template":"","meta":[],"product_brand":[],"product_cat":[1026,1059,839,1416,1273,1306,1613,1484,1383,1520,1555,2179,1686,1650,1342,1450,1234,630,1163,404,1198,875,1129,1980,911,394],"product_tag":[1117],"class_list":{"0":"post-163557","1":"product","2":"type-product","3":"status-publish","4":"has-post-thumbnail","6":"product_cat-cyfrowe-pude-ko-vape","7":"product_cat-inteligentne-waporyzatory-ekranowe","8":"product_cat-jednorazowe-typy-waporyzatorow","9":"product_cat-jednorazowe-vapes-na-wegrzech","10":"product_cat-jednorazowe-vapes-w-austrii","11":"product_cat-jednorazowe-vapes-w-belgii","12":"product_cat-jednorazowe-vapes-w-hiszpanii","13":"product_cat-jednorazowe-vapes-w-holandii","14":"product_cat-jednorazowe-vapes-w-niemczech","15":"product_cat-jednorazowe-vapes-w-norwegii","16":"product_cat-jednorazowe-vapes-w-polsce","17":"product_cat-jednorazowe-vapes-w-portugalii","18":"product_cat-jednorazowe-vapes-w-szwajcarii","19":"product_cat-jednorazowe-vapes-w-szwecji","20":"product_cat-jednorazowe-vapes-we-francji","21":"product_cat-jednorazowe-vapes-we-w-oszech","22":"product_cat-jednorazowe-waporyzatory-w-europie","23":"product_cat-jednorazowy-waporyzator-o-pojemnosci-40000-zaciagniec","24":"product_cat-najlepsze-jednorazowe-waporyzatory","25":"product_cat-rozne-zaciagniecia-jednorazowych-waporyzatorow","26":"product_cat-tanie-jednorazowe-waporyzatory-z-akumulatorem","27":"product_cat-vape-big-puffs","28":"product_cat-vape-o-podwojnym-smaku","29":"product_cat-w-magazynie-jednorazowe-waporyzatory-w-magazynie-ue","30":"product_cat-waporyzatory-akumulatorowe","31":"product_cat-waspe","32":"product_tag-najlepsze-jednorazowe-waporyzatory","34":"first","35":"outofstock","36":"shipping-taxable","37":"purchasable","38":"product-type-variable","39":"has-default-attributes"},"jetpack_sharing_enabled":true,"tiered_pricing_type":"fixed","tiered_pricing_fixed_rules":{"30":8.230000000000000426325641456060111522674560546875,"50":7.12999999999999989341858963598497211933135986328125,"100":6.61000000000000031974423109204508364200592041015625,"200":6.21999999999999975131004248396493494510650634765625,"400":5.63999999999999968025576890795491635799407958984375},"tiered_pricing_product_settings":{"layout":"default","base_unit_name":{"singular":null,"plural":null},"default_variation":null},"tiered_pricing_minimum_quantity":10,"tiered_pricing_roles_data":[],"tiered_pricing_percentage_rules":[],"tiered_pricing_maximum_quantity":null,"tiered_pricing_quantity_step":"10","_links":{"self":[{"href":"https:\/\/ricovape.com\/pl\/wp-json\/wp\/v2\/product\/163557","targetHints":{"allow":["GET"]}}],"collection":[{"href":"https:\/\/ricovape.com\/pl\/wp-json\/wp\/v2\/product"}],"about":[{"href":"https:\/\/ricovape.com\/pl\/wp-json\/wp\/v2\/types\/product"}],"replies":[{"embeddable":true,"href":"https:\/\/ricovape.com\/pl\/wp-json\/wp\/v2\/comments?post=163557"}],"wp:featuredmedia":[{"embeddable":true,"href":"https:\/\/ricovape.com\/pl\/wp-json\/wp\/v2\/media\/127273"}],"wp:attachment":[{"href":"https:\/\/ricovape.com\/pl\/wp-json\/wp\/v2\/media?parent=163557"}],"wp:term":[{"taxonomy":"product_brand","embeddable":true,"href":"https:\/\/ricovape.com\/pl\/wp-json\/wp\/v2\/product_brand?post=163557"},{"taxonomy":"product_cat","embeddable":true,"href":"https:\/\/ricovape.com\/pl\/wp-json\/wp\/v2\/product_cat?post=163557"},{"taxonomy":"product_tag","embeddable":true,"href":"https:\/\/ricovape.com\/pl\/wp-json\/wp\/v2\/product_tag?post=163557"}],"curies":[{"name":"wp","href":"https:\/\/api.w.org\/{rel}","templated":true}]}}