{"id":156069,"date":"2026-04-17T12:33:09","date_gmt":"2026-04-17T12:33:09","guid":{"rendered":"https:\/\/ricovape.com\/product\/bang-leader-110k-110-000-zaciagniec-6-trybow-przelaczania-smakow-ekran-led-inteligentny-jednorazowy-waporyzator-masowy\/"},"modified":"2026-04-19T19:38:49","modified_gmt":"2026-04-19T19:38:49","slug":"bang-leader-110k-110000","status":"publish","type":"product","link":"https:\/\/ricovape.com\/pl\/produkt\/bang-leader-110k-110000\/","title":{"rendered":"Bang Leader 110K | 110 000 zaci\u0105gni\u0119\u0107, 6 tryb\u00f3w prze\u0142\u0105czania smak\u00f3w, ekran LED, inteligentny jednorazowy waporyzator masowy"},"content":{"rendered":"<h2>Bang Leader 110 tys. zaci\u0105gni\u0119\u0107 | Inteligentny jednorazowy waporyzator z 6 trybami smakowymi i ekranem LED<\/h2>\n<h3>Dlaczego warto wybra\u0107 Bang Leader 110K Puffs?<\/h3>\n<ul>\n<li>\ud83d\udd25 <strong>Ogromna pojemno\u015b\u0107 110 000 zaci\u0105gni\u0119\u0107<\/strong> \u2013 jeden z najtrwalszych wyrob\u00f3w jednorazowego u\u017cytku na rynku.<\/li>\n<li>\ud83c\udf08 <strong>6 tryb\u00f3w smakowych<\/strong> \u2013 prze\u0142\u0105czaj si\u0119 mi\u0119dzy A, B, C, A+B, A+C i B+C, aby uzyska\u0107 niesko\u0144czone kombinacje.<\/li>\n<li>\u26a1 <strong>System cewek z potr\u00f3jn\u0105 siatk\u0105<\/strong> \u2013 zapewnia sta\u0142\u0105 par\u0119 i bogaty, wyrazisty smak.<\/li>\n<li>\ud83d\udd0b <strong>Akumulator 850mAh<\/strong> \u2013 d\u0142ugotrwa\u0142a moc dzi\u0119ki szybkiemu \u0142adowaniu typu C.<\/li>\n<li>\ud83d\udc8e <strong>Inteligentny wy\u015bwietlacz LED<\/strong> \u2013 wyra\u017anie pokazuje liczb\u0119 zaci\u0105gni\u0119\u0107, \u017cywotno\u015b\u0107 baterii i tryb smaku.<\/li>\n<li>\ud83e\uddc3 <strong>3 zbiorniki oleju<\/strong> \u2013 p\u0142ynne przej\u015bcie smaku bez zanieczyszcze\u0144 krzy\u017cowych.<\/li>\n<li>\ud83d\udecd\ufe0f <strong>Gotowy do sprzeda\u017cy detalicznej i przyjazny dla sprzeda\u017cy hurtowej<\/strong> \u2013 idealny dla nabywc\u00f3w indywidualnych lub w\u0142a\u015bcicieli sklep\u00f3w z waporyzatorami.<\/li>\n<\/ul>\n<h3>Specyfikacje<\/h3>\n<table cellpadding=\"6\" cellspacing=\"0\">\n<tr>\n<td><strong>Si\u0142a nikotyny<\/strong><\/td>\n<td>2% \/ 3% \/ 5%<\/td>\n<\/tr>\n<tr>\n<td><strong>Liczba zaci\u0105gni\u0119\u0107<\/strong><\/td>\n<td>Do 110 000 zaci\u0105gni\u0119\u0107<\/td>\n<\/tr>\n<tr>\n<td><strong>Tryby smakowe<\/strong><\/td>\n<td>A, B, C, A+B, A+C, B+C<\/td>\n<\/tr>\n<tr>\n<td><strong>Zbiornik oleju<\/strong><\/td>\n<td>3 niezale\u017cne zbiorniki<\/td>\n<\/tr>\n<tr>\n<td><strong>Bateria<\/strong><\/td>\n<td>Akumulator 850mAh<\/td>\n<\/tr>\n<tr>\n<td><strong>Cewka<\/strong><\/td>\n<td>Potr\u00f3jna cewka<\/td>\n<\/tr>\n<tr>\n<td><strong>Wy\u015bwietlacz<\/strong><\/td>\n<td>Inteligentny ekran LED<\/td>\n<\/tr>\n<tr>\n<td><strong>Port \u0142adowania<\/strong><\/td>\n<td>Typ C<\/td>\n<\/tr>\n<tr>\n<td><strong>Opakowanie<\/strong><\/td>\n<td>10 sztuk w opakowaniu<\/td>\n<\/tr>\n<\/tbody>\n<\/table>\n<h3>Kombinacje smakowe \ud83c\udf53\ud83c\udf47\ud83c\udf4d<\/h3>\n<p>Ka\u017cde Bang Leader 110K Puffs oferuje najwy\u017cszej jako\u015bci kombinacje potr\u00f3jnych smak\u00f3w dla ka\u017cdego upodobania smakowego:<\/p>\n<ul>\n<li>\ud83c\udf49 <strong>Arbuz Ice &amp; Strawberry Mamba &amp; Strawberry Watermelon<\/strong> \u2013 S\u0142odki, lodowaty przyp\u0142yw \u015bwie\u017co\u015bci.<\/li>\n<li>\ud83c\udf4f <strong>Fuji Ice &amp; Apple Grape &amp; Cherry Pomegranate<\/strong> \u2013 Wyra\u017ane odcienie jab\u0142ka z pikantnymi warstwami owoc\u00f3w.<\/li>\n<li>\ud83e\uded0 <strong>L\u00f3d jagodowy i guma balonowa z malin\u0105, cytryn\u0105 i arbuzem<\/strong> \u2013 idealne po\u0142\u0105czenie nut owocowych i cukierkowych.<\/li>\n<li>\ud83c\udf4a <strong>Jagody Maliny i Kwa\u015bne Ananasy Pomara\u0144cze i Maliny Arbuzy<\/strong> \u2013 Wibruj\u0105ca tropikalna mieszanka.<\/li>\n<li>\ud83c\udf47 <strong>L\u00f3d winogronowy i mango, brzoskwinia i arbuz jagodowy<\/strong> \u2013 egzotyczne i soczyste trio zapewniaj\u0105ce przyjemno\u015b\u0107 przez ca\u0142y dzie\u0144.<\/li>\n<li>\ud83c\udf53 <strong>L\u00f3d truskawkowy i brzoskwinia, cytryna i kiwi, marakuja, gujawa<\/strong> \u2013 s\u0142odka, cierpka i tropikalna harmonia.<\/li>\n<li>\ud83e\udd65 <strong>Ananas, kokos i jagoda Red Bull i l\u00f3d arbuzowy<\/strong> \u2013 pe\u0142en energii tropikalny ch\u0142\u00f3d.<\/li>\n<li>\ud83c\udf52 <strong>Truskawka, Kiwi i Jagoda, Kokos i Mieszane Jagody<\/strong> \u2013 Klasyczna owocowa mieszanka z kremowymi nutami.<\/li>\n<li>\ud83c\udf4b <strong>Lemon Romance &amp; Blueberry Raspberry &amp; Peach Mentol<\/strong> \u2013 Orze\u017awiaj\u0105ce i aromatyczne po\u0142\u0105czenie.<\/li>\n<li>\ud83c\udf51 <strong>L\u00f3d brzoskwiniowy i l\u00f3d ananasowy z czarnej porzeczki i zielone jab\u0142ko kiwi<\/strong> \u2013 lodowato-s\u0142odka eksplozja warstwowych owoc\u00f3w.<\/li>\n<\/ul>\n<h3>Idealny dla<\/h3>\n<p>\u2705 Ci\u0119\u017ckich u\u017cytkownik\u00f3w, kt\u00f3rzy oczekuj\u0105 wyj\u0105tkowo d\u0142ugotrwa\u0142ej wydajno\u015bci.<br \/>\n\u2705 Poszukiwacze smak\u00f3w poszukuj\u0105cy r\u00f3\u017cnorodno\u015bci i intensywno\u015bci.<br \/>\n\u2705 W\u0142a\u015bciciele sklep\u00f3w Vape i hurtownicy poszukuj\u0105cy przyci\u0105gaj\u0105cych wzrok produkt\u00f3w o wysokiej mar\u017cy.<br \/>\n\u2705 Sprzedawcy detaliczni w ca\u0142ej Europie \u2014 zw\u0142aszcza w Niemczech, Francji, Hiszpanii i W\u0142oszech.<\/p>\n<h3>FAQ \ud83e\udd14<\/h3>\n<p><strong>Pyt. 1: Jak d\u0142ugo wytrzymuje Bang Leader 110K?<\/strong><br \/>\nOdp.: Ka\u017cde urz\u0105dzenie oferuje do 110 000 zaci\u0105gni\u0119\u0107, w zale\u017cno\u015bci od stylu u\u017cytkowania i czasu trwania zaci\u0105gni\u0119cia.<\/p>\n<p><strong>Pyt. 2: Czy mo\u017cna go \u0142adowa\u0107?<\/strong><br \/>\nO: Tak! Zawiera <strong>akumulator typu C o pojemno\u015bci 850mAh<\/strong> umo\u017cliwiaj\u0105cy szybkie \u0142adowanie i d\u0142ugotrwa\u0142e u\u017cytkowanie.<\/p>\n<p><strong>Pyt. 3: Czy mog\u0119 \u0142atwo zmienia\u0107 smaki?<\/strong><br \/>\nO: Absolutnie. Za pomoc\u0105 inteligentnego systemu mo\u017cesz prze\u0142\u0105cza\u0107 si\u0119 pomi\u0119dzy <strong>6 trybami smaku<\/strong> \u2013 pojedynczym, podw\u00f3jnym i potr\u00f3jnym.<\/p>\n<p><strong>Pyt. 4: Czy jest odpowiedni dla pocz\u0105tkuj\u0105cych?<\/strong><br \/>\nOdp.: Tak, jest aktywowany przez losowanie i jest prosty w u\u017cyciu. Po prostu rozpakuj, zaci\u0105gnij si\u0119 i ciesz si\u0119.<\/p>\n<p>\u00a0<\/p>\n<p><strong>Bang Leader 110K Puffs<\/strong> to jedno z najbardziej zaawansowanych jednorazowych urz\u0105dze\u0144 do waporyzacji na rynku europejskim \u2014 \u0142\u0105cz\u0105ce trwa\u0142o\u015b\u0107, wszechstronno\u015b\u0107 i niezr\u00f3wnane opcje smakowe. Niezale\u017cnie od tego, czy jeste\u015b <strong>poszukiwaczem smak\u00f3w<\/strong>, <strong>intensywnym waperem<\/strong>, czy <strong>dystrybutorem hurtowym<\/strong>, kt\u00f3ry chce poszerzy\u0107 sw\u00f3j asortyment, to urz\u0105dzenie zosta\u0142o zaprojektowane tak, aby robi\u0107 wra\u017cenie. \ud83d\udca8\ud83d\udc8e<\/p>\n","protected":false},"excerpt":{"rendered":"<p>\ud83d\udca8 Do\u015bwiadcz kolejnego poziomu jednorazowego wapowania dzi\u0119ki <strong>Bang Leader 110K Puffs<\/strong> \u2014 pot\u0119\u017cnemu urz\u0105dzeniu oferuj\u0105cemu <strong>cewki z potr\u00f3jn\u0105 siatk\u0105<\/strong>, <strong>6 unikalnych tryb\u00f3w smakowych<\/strong> i a\u017c do <strong>110 000 zaci\u0105gni\u0119\u0107<\/strong> g\u0142adkiej satysfakcji. Idealny dla entuzjast\u00f3w vape, sprzedawc\u00f3w detalicznych i dystrybutor\u00f3w w ca\u0142ej Europie.<\/p>\n","protected":false},"featured_media":6348,"comment_status":"open","ping_status":"closed","template":"","meta":[],"product_brand":[],"product_cat":[348,1416,1613,1383,1555,1450,772],"product_tag":[4537,4538,4539,4540,4541],"class_list":{"0":"post-156069","1":"product","2":"type-product","3":"status-publish","4":"has-post-thumbnail","6":"product_cat-bang","7":"product_cat-jednorazowe-vapes-na-wegrzech","8":"product_cat-jednorazowe-vapes-w-hiszpanii","9":"product_cat-jednorazowe-vapes-w-niemczech","10":"product_cat-jednorazowe-vapes-w-polsce","11":"product_cat-jednorazowe-vapes-we-w-oszech","12":"product_cat-jednorazowy-vape-100-tys-puffow","13":"product_tag-6-flavor-mode-disposable-vape","14":"product_tag-bang-leader-smart-led-disposable-vape","15":"product_tag-disposable-vape-110k-puffs","16":"product_tag-high-capacity-rechargeable-disposable-vape","17":"product_tag-triple-mesh-coil-disposable-vape","19":"first","20":"instock","21":"shipping-taxable","22":"purchasable","23":"product-type-variable","24":"has-default-attributes"},"jetpack_sharing_enabled":true,"tiered_pricing_type":"fixed","tiered_pricing_fixed_rules":{"30":9.4000000000000003552713678800500929355621337890625,"50":7.5800000000000000710542735760100185871124267578125,"100":6.94000000000000039079850466805510222911834716796875,"200":6.4199999999999999289457264239899814128875732421875,"400":5.769999999999999573674358543939888477325439453125},"tiered_pricing_product_settings":{"layout":"default","base_unit_name":{"singular":null,"plural":null},"default_variation":null},"tiered_pricing_minimum_quantity":10,"tiered_pricing_roles_data":[],"tiered_pricing_percentage_rules":[],"tiered_pricing_maximum_quantity":null,"tiered_pricing_quantity_step":"10","_links":{"self":[{"href":"https:\/\/ricovape.com\/pl\/wp-json\/wp\/v2\/product\/156069","targetHints":{"allow":["GET"]}}],"collection":[{"href":"https:\/\/ricovape.com\/pl\/wp-json\/wp\/v2\/product"}],"about":[{"href":"https:\/\/ricovape.com\/pl\/wp-json\/wp\/v2\/types\/product"}],"replies":[{"embeddable":true,"href":"https:\/\/ricovape.com\/pl\/wp-json\/wp\/v2\/comments?post=156069"}],"wp:featuredmedia":[{"embeddable":true,"href":"https:\/\/ricovape.com\/pl\/wp-json\/wp\/v2\/media\/6348"}],"wp:attachment":[{"href":"https:\/\/ricovape.com\/pl\/wp-json\/wp\/v2\/media?parent=156069"}],"wp:term":[{"taxonomy":"product_brand","embeddable":true,"href":"https:\/\/ricovape.com\/pl\/wp-json\/wp\/v2\/product_brand?post=156069"},{"taxonomy":"product_cat","embeddable":true,"href":"https:\/\/ricovape.com\/pl\/wp-json\/wp\/v2\/product_cat?post=156069"},{"taxonomy":"product_tag","embeddable":true,"href":"https:\/\/ricovape.com\/pl\/wp-json\/wp\/v2\/product_tag?post=156069"}],"curies":[{"name":"wp","href":"https:\/\/api.w.org\/{rel}","templated":true}]}}