{"id":155687,"date":"2026-04-17T12:17:18","date_gmt":"2026-04-17T12:17:18","guid":{"rendered":"https:\/\/ricovape.com\/product\/bang-king-tornado-fire-40000-puffs-regulowany-przeplyw-powietrza-i-jednorazowy-e-liquid-o-pojemnosci-35ml\/"},"modified":"2026-04-19T18:36:40","modified_gmt":"2026-04-19T18:36:40","slug":"bang-king-tornado-fire-40000","status":"publish","type":"product","link":"https:\/\/ricovape.com\/pl\/produkt\/bang-king-tornado-fire-40000\/","title":{"rendered":"Bang King Tornado Fire 40000 Puffs | regulowany przep\u0142yw powietrza i jednorazowy e-liquid o pojemno\u015bci 35mL"},"content":{"rendered":"<h2>Bang King Tornado Fire 40000 Puffs<\/h2>\n<p> <strong>Bang King Tornado Fire 40000 Puffs<\/strong> to jednorazowy waporyzator z inteligentnym ekranem, stworzony dla sprzedawc\u00f3w detalicznych i odbiorc\u00f3w hurtowych, kt\u00f3rzy chc\u0105 praktycznej, \u0142atwej do wyja\u015bnienia strony produktu. \u0141\u0105czy w sobie 40 000 zaci\u0105gni\u0119\u0107, 35mL, cewk\u0119 siatkow\u0105, inteligentny ekran i regulowany przep\u0142yw powietrza, aby zapewni\u0107 klientom urz\u0105dzenie o wyra\u017aniejszym po\u0142o\u017ceniu i atrakcyjniejszym wygl\u0105dzie na p\u00f3\u0142ce.<\/p>\n<h2>Dlaczego warto wybra\u0107 ten produkt<\/h2>\n<ul>\n<li><strong>Do 40 000 zaci\u0105gni\u0119\u0107<\/strong> dla trwalszego urz\u0105dzenia, kt\u00f3re mo\u017cna \u0142atwo pozycjonowa\u0107 w katalogach hurtowych.<\/li>\n<li><strong>Pojemno\u015b\u0107 e-liquidu 35mL<\/strong> umo\u017cliwiaj\u0105ca d\u0142u\u017csze u\u017cytkowanie i mniejsz\u0105 liczb\u0119 zmian urz\u0105dzenia.<\/li>\n<li><strong>Grza\u0142ka siatkowa<\/strong> zapewniaj\u0105ca bardziej sp\u00f3jne dostarczanie smaku i p\u0142ynniejsz\u0105 produkcj\u0119 pary.<\/li>\n<li><strong>Inteligentny ekran<\/strong>, dzi\u0119ki kt\u00f3remu na pierwszy rzut oka \u0142atwiej jest zrozumie\u0107 stan baterii lub e-p\u0142ynu.<\/li>\n<li><strong>Regulowany przep\u0142yw powietrza<\/strong> dla lepszej kontroli oporu naci\u0105gu i og\u00f3lnego samopoczucia u\u017cytkownika.<\/li>\n<li><strong>1000mAh, \u0142adowanie typu C<\/strong>, aby urz\u0105dzenie by\u0142o praktyczne w przypadku wielokrotnego, codziennego u\u017cytku.<\/li>\n<li><strong>5%<\/strong>, aby dopasowa\u0107 si\u0119 do r\u00f3\u017cnych wymaga\u0144 rynku i klient\u00f3w.<\/li>\n<\/ul>\n<h2>Specyfikacje<\/h2>\n<tr>\n<td><strong>Nazwa produktu<\/strong><\/td>\n<td>Bang King Tornado wystrzeliwuje 40000 zaci\u0105gni\u0119\u0107<\/td>\n<\/tr>\n<tr>\n<td><strong>Liczba zaci\u0105gni\u0119\u0107<\/strong><\/td>\n<td>Do 40 000 zaci\u0105gni\u0119\u0107<\/td>\n<\/tr>\n<tr>\n<td><strong>Pojemno\u015b\u0107 e-p\u0142ynu<\/strong><\/td>\n<td>35mL<\/td>\n<\/tr>\n<tr>\n<td><strong>Bateria<\/strong><\/td>\n<td>1000mAh<\/td>\n<\/tr>\n<tr>\n<td><strong>Cewka<\/strong><\/td>\n<td>Cewka siatkowa<\/td>\n<\/tr>\n<tr>\n<td><strong>Si\u0142a nikotyny<\/strong><\/td>\n<td>5%<\/td>\n<\/tr>\n<tr>\n<td><strong>\u0141adowanie<\/strong><\/td>\n<td>\u0141adowanie typu C<\/td>\n<\/tr>\n<tr>\n<td><strong>Wy\u015bwietlacz<\/strong><\/td>\n<td>Inteligentny ekran<\/td>\n<\/tr>\n<tr>\n<td><strong>Przep\u0142yw powietrza<\/strong><\/td>\n<td>Regulowany przep\u0142yw powietrza<\/td>\n<\/tr>\n<\/tbody>\n<\/table>\n<h2>Opcje smakowe<\/h2>\n<p>Bang King Tornado Fire 40000 Puffs jest dost\u0119pny w wielu wersjach smakowych w zale\u017cno\u015bci od wybranej odmiany.<\/p>\n<h2>Dopasowanie detaliczne i hurtowe<\/h2>\n<p><strong>Bang King Tornado Fire 40000 Puffs<\/strong> sprawdza si\u0119 najlepiej w przypadku sklep\u00f3w z vape, dystrybutor\u00f3w i katalog\u00f3w sprzedawc\u00f3w, kt\u00f3rzy potrzebuj\u0105 strony produkt\u00f3w opartej na specyfikacji bez wype\u0142niaczy. Najsilniejsze punkty sprzeda\u017cy to format urz\u0105dzenia, cechy nag\u0142\u00f3wka i \u0142atwiejsze hurtowe por\u00f3wnywanie podobnych SKU przez kupuj\u0105cych.<\/p>\n<h2>FAQ<\/h2>\n<h3>Ile zaci\u0105gni\u0119\u0107 oferuje Bang King Tornado Fire 40000 Puffs?<\/h3>\n<p>Bang King Tornado Fire 40000 Puffs jest wymienione w ilo\u015bci do 40 000 zaci\u0105gni\u0119\u0107, w zale\u017cno\u015bci od stylu u\u017cytkowania i wybranych odmian\u0119.<\/p>\n<h3>Czy Bang King Tornado Fire 40000 Puffs mo\u017cna \u0142adowa\u0107?<\/h3>\n<p>Tak. Wykorzystuje 1000mAh z \u0142adowaniem typu C, aby umo\u017cliwi\u0107 wielokrotne u\u017cycie a\u017c do wyczerpania e-liquidu.<\/p>\n<h3>Jakie s\u0105 dost\u0119pne moce nikotyny?<\/h3>\n<p>Ten produkt jest oferowany z opcjami 5% nikotyny, w zale\u017cno\u015bci od wybranej odmiany i rynku docelowego.<\/p>\n<h3>Jakie cechy wyr\u00f3\u017cniaj\u0105 Bang King Tornado Fire 40000 Puffs?<\/h3>\n<p>Kluczowe zalety to cewka siatkowa, inteligentny ekran, regulowany przep\u0142yw powietrza, dzi\u0119ki kt\u00f3rym urz\u0105dzenie jest \u0142atwiejsze do zaprezentowania na p\u00f3\u0142kach sklepowych i w katalogach dystrybutor\u00f3w.<\/p>\n<h3>Czy Bang King Tornado Fire 40000 Puffs nadaje si\u0119 do zam\u00f3wie\u0144 hurtowych?<\/h3>\n<p>Tak. Bang King Tornado Fire 40000 Puffs jest przeznaczony dla sklep\u00f3w z waporyzatorami, sprzedawc\u00f3w i dystrybutor\u00f3w, kt\u00f3rzy chc\u0105 przejrzystej strony produktu opartej na specyfikacji, umo\u017cliwiaj\u0105cej sk\u0142adanie zam\u00f3wie\u0144 zbiorczych.<\/p>\n","protected":false},"excerpt":{"rendered":"<p>Bang King Tornado Fire 40000 Puffs oferuje do 40 000 zaci\u0105gni\u0119\u0107, 35mL, 1000mAh, cewka Mesh, Smart Screen z 5% nikotyn\u0105. Czysty wyb\u00f3r dla p\u00f3\u0142ek sklepowych, katalog\u00f3w dystrybutor\u00f3w i zam\u00f3wie\u0144 masowych jednorazowych vape.<\/p>\n","protected":false},"featured_media":128149,"comment_status":"open","ping_status":"closed","template":"","meta":[],"product_brand":[],"product_cat":[348,1416,1613,1383,1555,1450,1198],"product_tag":[1117],"class_list":{"0":"post-155687","1":"product","2":"type-product","3":"status-publish","4":"has-post-thumbnail","6":"product_cat-bang","7":"product_cat-jednorazowe-vapes-na-wegrzech","8":"product_cat-jednorazowe-vapes-w-hiszpanii","9":"product_cat-jednorazowe-vapes-w-niemczech","10":"product_cat-jednorazowe-vapes-w-polsce","11":"product_cat-jednorazowe-vapes-we-w-oszech","12":"product_cat-tanie-jednorazowe-waporyzatory-z-akumulatorem","13":"product_tag-najlepsze-jednorazowe-waporyzatory","15":"first","16":"instock","17":"shipping-taxable","18":"purchasable","19":"product-type-variable","20":"has-default-attributes"},"jetpack_sharing_enabled":true,"tiered_pricing_type":"fixed","tiered_pricing_fixed_rules":{"30":7.78000000000000024868995751603506505489349365234375,"50":6.480000000000000426325641456060111522674560546875,"100":5.70000000000000017763568394002504646778106689453125,"200":5.30999999999999960920149533194489777088165283203125,"400":4.730000000000000426325641456060111522674560546875},"tiered_pricing_product_settings":{"layout":"default","base_unit_name":{"singular":null,"plural":null},"default_variation":null},"tiered_pricing_minimum_quantity":10,"tiered_pricing_roles_data":[],"tiered_pricing_percentage_rules":[],"tiered_pricing_maximum_quantity":null,"tiered_pricing_quantity_step":"10","_links":{"self":[{"href":"https:\/\/ricovape.com\/pl\/wp-json\/wp\/v2\/product\/155687","targetHints":{"allow":["GET"]}}],"collection":[{"href":"https:\/\/ricovape.com\/pl\/wp-json\/wp\/v2\/product"}],"about":[{"href":"https:\/\/ricovape.com\/pl\/wp-json\/wp\/v2\/types\/product"}],"replies":[{"embeddable":true,"href":"https:\/\/ricovape.com\/pl\/wp-json\/wp\/v2\/comments?post=155687"}],"wp:featuredmedia":[{"embeddable":true,"href":"https:\/\/ricovape.com\/pl\/wp-json\/wp\/v2\/media\/128149"}],"wp:attachment":[{"href":"https:\/\/ricovape.com\/pl\/wp-json\/wp\/v2\/media?parent=155687"}],"wp:term":[{"taxonomy":"product_brand","embeddable":true,"href":"https:\/\/ricovape.com\/pl\/wp-json\/wp\/v2\/product_brand?post=155687"},{"taxonomy":"product_cat","embeddable":true,"href":"https:\/\/ricovape.com\/pl\/wp-json\/wp\/v2\/product_cat?post=155687"},{"taxonomy":"product_tag","embeddable":true,"href":"https:\/\/ricovape.com\/pl\/wp-json\/wp\/v2\/product_tag?post=155687"}],"curies":[{"name":"wp","href":"https:\/\/api.w.org\/{rel}","templated":true}]}}