{"id":154725,"date":"2026-04-17T11:57:08","date_gmt":"2026-04-17T11:57:08","guid":{"rendered":"https:\/\/ricovape.com\/product\/mrvi-growing-60k-3t-spin-60000-puffs-jednorazowy-waporyzator-o-potrojnym-smaku\/"},"modified":"2026-04-19T17:48:31","modified_gmt":"2026-04-19T17:48:31","slug":"mrvi-growing-60k-3t","status":"publish","type":"product","link":"https:\/\/ricovape.com\/pl\/produkt\/mrvi-growing-60k-3t\/","title":{"rendered":"MRVI GROWING 60K 3T SPIN 60000 Puffs | Jednorazowy waporyzator o potr\u00f3jnym smaku"},"content":{"rendered":"<h2>MRVI GROWING 60K 3T SPIN 60000 Puffs<\/h2>\n<p> <strong>MRVI GROWING 60K 3T SPIN 60000 Puffs<\/strong> to jednorazowy waporyzator z inteligentnym ekranem o potr\u00f3jnym smaku, stworzony dla sprzedawc\u00f3w detalicznych i odbiorc\u00f3w hurtowych, kt\u00f3rzy chc\u0105 praktycznej, \u0142atwej do wyja\u015bnienia strony produktu. \u0141\u0105czy w sobie 60 000 zaci\u0105gni\u0119\u0107, 48mL, podw\u00f3jn\u0105 cewk\u0119 siatkow\u0105 i inteligentny ekran, aby zapewni\u0107 klientom urz\u0105dzenie o wyra\u017aniejszym po\u0142o\u017ceniu i atrakcyjniejszym wygl\u0105dzie na p\u00f3\u0142ce.<\/p>\n<h2>Dlaczego warto wybra\u0107 ten produkt<\/h2>\n<ul>\n<li><strong>Do 60 000 zaci\u0105gni\u0119\u0107<\/strong> dla trwalszego urz\u0105dzenia, kt\u00f3re mo\u017cna \u0142atwo pozycjonowa\u0107 w katalogach hurtowych.<\/li>\n<li><strong>Pojemno\u015b\u0107 e-liquidu 48mL<\/strong> umo\u017cliwiaj\u0105ca d\u0142u\u017csze u\u017cytkowanie i mniejsz\u0105 liczb\u0119 zmian urz\u0105dzenia.<\/li>\n<p>Format <\/p>\n<li><strong>Potr\u00f3jny smak<\/strong> dla klient\u00f3w, kt\u00f3rzy chc\u0105 r\u00f3\u017cnorodno\u015bci smak\u00f3w w jednym urz\u0105dzeniu.<\/li>\n<li><strong>Podw\u00f3jna cewka siatkowa<\/strong> zapewniaj\u0105ca bardziej sp\u00f3jne dostarczanie smaku i p\u0142ynniejsz\u0105 produkcj\u0119 pary.<\/li>\n<li><strong>Inteligentny ekran<\/strong>, dzi\u0119ki kt\u00f3remu na pierwszy rzut oka \u0142atwiej jest zrozumie\u0107 stan baterii lub e-p\u0142ynu.<\/li>\n<li><strong>650mAh, \u0142adowanie typu C<\/strong>, aby urz\u0105dzenie by\u0142o praktyczne w przypadku wielokrotnego, codziennego u\u017cytku.<\/li>\n<li><strong>Przyjazne dla sprzeda\u017cy pozycjonowanie<\/strong> dla sklep\u00f3w z e-papierosami, dystrybutor\u00f3w i program\u00f3w zam\u00f3wie\u0144 hurtowych.<\/li>\n<\/ul>\n<h2>Specyfikacje<\/h2>\n<tr>\n<td><strong>Nazwa produktu<\/strong><\/td>\n<td>MRVI WZROST 60 000 3T WIROWANIE 60 000 zaci\u0105gni\u0119\u0107<\/td>\n<\/tr>\n<tr>\n<td><strong>Liczba zaci\u0105gni\u0119\u0107<\/strong><\/td>\n<td>Do 60 000 zaci\u0105gni\u0119\u0107<\/td>\n<\/tr>\n<tr>\n<td><strong>Pojemno\u015b\u0107 e-p\u0142ynu<\/strong><\/td>\n<td>48mL<\/td>\n<\/tr>\n<tr>\n<td><strong>Bateria<\/strong><\/td>\n<td>650mAh<\/td>\n<\/tr>\n<tr>\n<td><strong>Cewka<\/strong><\/td>\n<td>Podw\u00f3jna cewka siatkowa<\/td>\n<\/tr>\n<tr>\n<td><strong>\u0141adowanie<\/strong><\/td>\n<td>\u0141adowanie typu C<\/td>\n<\/tr>\n<tr>\n<td><strong>Wy\u015bwietlacz<\/strong><\/td>\n<td>Inteligentny ekran<\/td>\n<\/tr>\n<tr>\n<td><strong>Format<\/strong><\/td>\n<td>Potr\u00f3jny smak<\/td>\n<\/tr>\n<\/tbody>\n<\/table>\n<h2>Opcje smakowe<\/h2>\n<p>MRVI GROWING 60K 3T SPIN 60000 Puffs jest dost\u0119pny w 4 smakach, w tym Gotowy do przeniesienia gry Vaping na wy\u017cszy poziom? MRVI GROWING 60K 3T SPIN to najlepszy jednorazowy waporyzator masowy, stworzony dla powa\u017cnych waper\u00f3w i w\u0142a\u015bcicieli sklep\u00f3w, kt\u00f3rzy wymagaj\u0105 tego, co najlepsze. Wyposa\u017cony w rotacj\u0119 trzech smak\u00f3w, ogromn\u0105 pojemno\u015b\u0107 60 000 zaci\u0105gni\u0119\u0107 oraz inteligentne zasilanie i ekran do e-liquidu.<\/p>\n<ul>\n<li>Gotowy, aby przenie\u015b\u0107 swoj\u0105 gr\u0119 Vaping na wy\u017cszy poziom? MRVI ROSN\u0104CY 60K 3T SPIN to najlepszy jednorazowy waporyzator masowy<\/li>\n<li>Stworzony dla powa\u017cnych waper\u00f3w i w\u0142a\u015bcicieli sklep\u00f3w, kt\u00f3rzy wymagaj\u0105 tego, co najlepsze. Zawiera rotacj\u0119 o trzech smakach<\/li>\n<li>Ogromna pojemno\u015b\u0107 60 000 zaci\u0105gni\u0119\u0107<\/li>\n<li>Oraz inteligentny ekran zasilania i e-liquidu<\/li>\n<\/ul>\n<h2>Dopasowanie detaliczne i hurtowe<\/h2>\n<p><strong>MRVI GROWING 60K 3T SPIN 60000 Puffs<\/strong> sprawdza si\u0119 najlepiej w przypadku sklep\u00f3w z vape, dystrybutor\u00f3w i katalog\u00f3w sprzedawc\u00f3w, kt\u00f3rzy potrzebuj\u0105 strony produktu opartej na specyfikacji bez wype\u0142niaczy. Najsilniejsze punkty sprzeda\u017cy to format urz\u0105dzenia, g\u0142\u00f3wne cechy i \u0142atwiejsze hurtowe kadrowanie dla kupuj\u0105cych por\u00f3wnuj\u0105cych podobne SKU.<\/p>\n<h2>FAQ<\/h2>\n<h3>Ile zaci\u0105gni\u0119\u0107 oferuje MRVI GROWING 60K 3T SPIN 60000 Puffs?<\/h3>\n<p>Wydajno\u015b\u0107 MRVI GROWING 60K 3T SPIN 60000 Puffs wynosi do 60 000 zaci\u0105gni\u0119\u0107, w zale\u017cno\u015bci od stylu u\u017cytkowania i wybranej odmiany.<\/p>\n<h3>Czy MRVI GROWING 60K 3T SPIN 60000 Puffs mo\u017cna \u0142adowa\u0107 akumulatorem?<\/h3>\n<p>Tak. Wykorzystuje 650mAh z \u0142adowaniem typu C, aby umo\u017cliwi\u0107 wielokrotne u\u017cycie a\u017c do wyczerpania e-liquidu.<\/p>\n<h3>Jakie s\u0105 dost\u0119pne moce nikotyny?<\/h3>\n<p>St\u0119\u017cenie nikotyny zale\u017cy od wybranej odmiany. Przed z\u0142o\u017ceniem zam\u00f3wienia zbiorczego potwierd\u017a dok\u0142adn\u0105 opcj\u0119.<\/p>\n<h3>Jakie funkcje wyr\u00f3\u017cniaj\u0105 MRVI GROWING 60K 3T SPIN 60000 Puffs?<\/h3>\n<p>Kluczowe punkty sprzeda\u017cy to podw\u00f3jna cewka siatkowa, inteligentny ekran i potr\u00f3jny smak, dzi\u0119ki kt\u00f3rym urz\u0105dzenie jest \u0142atwiejsze do obja\u015bnienia na p\u00f3\u0142kach sklepowych i w katalogach dystrybutor\u00f3w.<\/p>\n<h3>Ile opcji smakowych jest dost\u0119pnych?<\/h3>\n<p>Na stronie znajduj\u0105 si\u0119 4 opcje smakowe, a dok\u0142adny wyb\u00f3r zale\u017cy od wybranej odmiany i aktualnego stanu magazynowego.<\/p>\n<h3>Czy MRVI GROWING 60K 3T SPIN 60000 Puffs nadaje si\u0119 do zam\u00f3wie\u0144 hurtowych?<\/h3>\n<p>Tak. MRVI GROWING 60K 3T SPIN 60000 Puffs jest przeznaczony dla sklep\u00f3w z waporyzatorami, sprzedawc\u00f3w i dystrybutor\u00f3w, kt\u00f3rzy chc\u0105 przejrzystej strony produktu opartej na specyfikacjach do zam\u00f3wie\u0144 zbiorczych.<\/p>\n","protected":false},"excerpt":{"rendered":"<p>MRVI GROWING 60K 3T SPIN 60000 Puffs oferuje do 60 000 zaci\u0105gni\u0119\u0107, 48mL, 650mAh, podw\u00f3jn\u0105 cewk\u0119 siatkow\u0105, inteligentny ekran. Czysty wyb\u00f3r dla p\u00f3\u0142ek sklepowych, katalog\u00f3w dystrybutor\u00f3w i zam\u00f3wie\u0144 masowych jednorazowych vape.<\/p>\n","protected":false},"featured_media":3860,"comment_status":"open","ping_status":"closed","template":"","meta":[],"product_brand":[],"product_cat":[1416,1613,1383,1555,1450,1719],"product_tag":[],"class_list":{"0":"post-154725","1":"product","2":"type-product","3":"status-publish","4":"has-post-thumbnail","6":"product_cat-jednorazowe-vapes-na-wegrzech","7":"product_cat-jednorazowe-vapes-w-hiszpanii","8":"product_cat-jednorazowe-vapes-w-niemczech","9":"product_cat-jednorazowe-vapes-w-polsce","10":"product_cat-jednorazowe-vapes-we-w-oszech","11":"product_cat-mrvi","13":"first","14":"instock","15":"shipping-taxable","16":"purchasable","17":"product-type-variable","18":"has-default-attributes"},"jetpack_sharing_enabled":true,"tiered_pricing_type":"fixed","tiered_pricing_fixed_rules":{"100":6.910000000000000142108547152020037174224853515625,"200":6.54000000000000003552713678800500929355621337890625,"400":6.11000000000000031974423109204508364200592041015625},"tiered_pricing_product_settings":{"layout":"default","base_unit_name":{"singular":null,"plural":null},"default_variation":null},"tiered_pricing_minimum_quantity":50,"tiered_pricing_roles_data":[],"tiered_pricing_percentage_rules":[],"tiered_pricing_maximum_quantity":null,"tiered_pricing_quantity_step":"10","_links":{"self":[{"href":"https:\/\/ricovape.com\/pl\/wp-json\/wp\/v2\/product\/154725","targetHints":{"allow":["GET"]}}],"collection":[{"href":"https:\/\/ricovape.com\/pl\/wp-json\/wp\/v2\/product"}],"about":[{"href":"https:\/\/ricovape.com\/pl\/wp-json\/wp\/v2\/types\/product"}],"replies":[{"embeddable":true,"href":"https:\/\/ricovape.com\/pl\/wp-json\/wp\/v2\/comments?post=154725"}],"wp:featuredmedia":[{"embeddable":true,"href":"https:\/\/ricovape.com\/pl\/wp-json\/wp\/v2\/media\/3860"}],"wp:attachment":[{"href":"https:\/\/ricovape.com\/pl\/wp-json\/wp\/v2\/media?parent=154725"}],"wp:term":[{"taxonomy":"product_brand","embeddable":true,"href":"https:\/\/ricovape.com\/pl\/wp-json\/wp\/v2\/product_brand?post=154725"},{"taxonomy":"product_cat","embeddable":true,"href":"https:\/\/ricovape.com\/pl\/wp-json\/wp\/v2\/product_cat?post=154725"},{"taxonomy":"product_tag","embeddable":true,"href":"https:\/\/ricovape.com\/pl\/wp-json\/wp\/v2\/product_tag?post=154725"}],"curies":[{"name":"wp","href":"https:\/\/api.w.org\/{rel}","templated":true}]}}