{"id":149185,"date":"2026-04-17T08:15:37","date_gmt":"2026-04-17T08:15:37","guid":{"rendered":"https:\/\/ricovape.com\/product\/vopk-tornado-15000-puffs-0-5-nikotyny-25ml-850mah-jednorazowy-waporyzator-zbiorczy\/"},"modified":"2026-04-19T08:43:33","modified_gmt":"2026-04-19T08:43:33","slug":"vopk-tornado-15000","status":"publish","type":"product","link":"https:\/\/ricovape.com\/pl\/produkt\/vopk-tornado-15000\/","title":{"rendered":"VOPK Tornado 15000 Puffs | 0%-5% nikotyny, 25mL, 850mAh, jednorazowy waporyzator zbiorczy"},"content":{"rendered":"<h2>VOPK Tornado 15000 Puffs<\/h2>\n<p> <strong>VOPK Tornado 15000 Puffs<\/strong> to jednorazowy waporyzator przeznaczony dla sprzedawc\u00f3w detalicznych i odbiorc\u00f3w hurtowych, kt\u00f3rzy chc\u0105 praktycznej, \u0142atwej do wyja\u015bnienia strony produktu. \u0141\u0105czy w sobie 15 000 zaci\u0105gni\u0119\u0107, 25mL cewki siatkowej, aby zapewni\u0107 klientom urz\u0105dzenie o wyra\u017aniejszym po\u0142o\u017ceniu i atrakcyjniejszym wygl\u0105dzie na p\u00f3\u0142ce.<\/p>\n<h2>Dlaczego warto wybra\u0107 ten produkt<\/h2>\n<ul>\n<li><strong>Do 15 000 zaci\u0105gni\u0119\u0107<\/strong> dla trwalszego urz\u0105dzenia, kt\u00f3re mo\u017cna \u0142atwo pozycjonowa\u0107 w katalogach hurtowych.<\/li>\n<li><strong>Pojemno\u015b\u0107 e-liquidu 25mL<\/strong> umo\u017cliwiaj\u0105ca d\u0142u\u017csze u\u017cytkowanie i mniejsz\u0105 liczb\u0119 zmian urz\u0105dzenia.<\/li>\n<li><strong>Grza\u0142ka siatkowa<\/strong> zapewniaj\u0105ca bardziej sp\u00f3jne dostarczanie smaku i p\u0142ynniejsz\u0105 produkcj\u0119 pary.<\/li>\n<li><strong>850mAh, akumulator typu c<\/strong>, aby urz\u0105dzenie by\u0142o praktyczne w przypadku wielokrotnego, codziennego u\u017cytku.<\/li>\n<li><strong>Opcje nikotyny 0%\u20135%<\/strong>, aby dopasowa\u0107 si\u0119 do r\u00f3\u017cnych wymaga\u0144 rynku i klient\u00f3w.<\/li>\n<li><strong>Przyjazne dla sprzeda\u017cy pozycjonowanie<\/strong> dla sklep\u00f3w z e-papierosami, dystrybutor\u00f3w i program\u00f3w zam\u00f3wie\u0144 hurtowych.<\/li>\n<\/ul>\n<h2>Specyfikacje<\/h2>\n<table>\n<tr>\n<td><strong>Nazwa produktu<\/strong><\/td>\n<td>VOPK Tornado 15000 zaci\u0105gni\u0119\u0107<\/td>\n<\/tr>\n<tr>\n<td><strong>Liczba zaci\u0105gni\u0119\u0107<\/strong><\/td>\n<td>Do 15 000 zaci\u0105gni\u0119\u0107<\/td>\n<\/tr>\n<tr>\n<td><strong>Pojemno\u015b\u0107 e-p\u0142ynu<\/strong><\/td>\n<td>25mL<\/td>\n<\/tr>\n<tr>\n<td><strong>Bateria<\/strong><\/td>\n<td>850mAh<\/td>\n<\/tr>\n<tr>\n<td><strong>Cewka<\/strong><\/td>\n<td>Cewka siatkowa<\/td>\n<\/tr>\n<tr>\n<td><strong>Si\u0142a nikotyny<\/strong><\/td>\n<td>0%-5%<\/td>\n<\/tr>\n<tr>\n<td><strong>\u0141adowanie<\/strong><\/td>\n<td>Akumulator typu c<\/td>\n<\/tr>\n<\/tbody>\n<\/table>\n<h2>Opcje smakowe<\/h2>\n<p>VOPK Tornado 15000 Puffs jest dost\u0119pny w 10 smakach, w tym truskawkowo-malinowy, truskawkowo-arbuzowy, arbuzowo-lodowy, jagodowo-malinowy.<\/p>\n<ul>\n<li>Truskawka Malina<\/li>\n<li>Truskawkowy arbuz<\/li>\n<li>L\u00f3d arbuzowy<\/li>\n<li>Jagoda Malina<\/li>\n<li>Lemoniada Blue Razz<\/li>\n<li>Kiwi Gujawa z marakuji<\/li>\n<li>Mieszane jagody<\/li>\n<li>R\u00f3\u017cowa lemoniada<\/li>\n<li>Brzoskwiniowe Mango<\/li>\n<li>Kwa\u015bne jab\u0142ko.<\/li>\n<\/ul>\n<h2>Dopasowanie detaliczne i hurtowe<\/h2>\n<p><strong>VOPK Tornado 15000 Puffs<\/strong> sprawdza si\u0119 najlepiej w przypadku sklep\u00f3w z waporyzatorami, dystrybutor\u00f3w i katalog\u00f3w sprzedawc\u00f3w, kt\u00f3rzy potrzebuj\u0105 strony produktu opartej na specyfikacji bez wype\u0142niaczy. Najsilniejsze punkty sprzeda\u017cy to format urz\u0105dzenia, cechy nag\u0142\u00f3wka i \u0142atwiejsze hurtowe kadrowanie dla kupuj\u0105cych por\u00f3wnuj\u0105cych podobne SKU.<\/p>\n<h2>FAQ<\/h2>\n<h3>Ile zaci\u0105gni\u0119\u0107 oferuje VOPK Tornado 15000 Puffs?<\/h3>\n<p>VOPK Tornado 15000 Puffs jest wymienione w ilo\u015bci do 15 000 zaci\u0105gni\u0119\u0107, w zale\u017cno\u015bci od stylu u\u017cytkowania i wybranych odmian\u0119.<\/p>\n<h3>Czy VOPK Tornado 15000 Puffs mo\u017cna \u0142adowa\u0107?<\/h3>\n<p>Tak. Wykorzystuje pojemno\u015b\u0107 850mAh z akumulatorem typu c, co pozwala na wielokrotne u\u017cycie a\u017c do wyczerpania si\u0119 e-liquidu.<\/p>\n<h3>Jakie s\u0105 dost\u0119pne moce nikotyny?<\/h3>\n<p>Ten produkt jest oferowany z opcjami nikotyny 0%\u20135%, w zale\u017cno\u015bci od wybranej odmiany i rynku docelowego.<\/p>\n<h3>Jakie funkcje wyr\u00f3\u017cniaj\u0105 VOPK Tornado 15000 Puffs?<\/h3>\n<p>Kluczowe zalety obejmuj\u0105 siateczk\u0119 Cewka, kt\u00f3ra u\u0142atwia prezentacj\u0119 urz\u0105dzenia na p\u00f3\u0142kach sklepowych i w katalogach dystrybutor\u00f3w.<\/p>\n<h3>Ile dost\u0119pnych jest opcji smakowych?<\/h3>\n<p>Na stronie znajduje si\u0119 lista 10 opcji smakowych, a dok\u0142adny wyb\u00f3r zale\u017cy od wybranej odmiany i aktualnego stanu magazynowego.<\/p>\n<h3>Czy VOPK Tornado 15000 Puffs nadaje si\u0119 do zam\u00f3wie\u0144 hurtowych?<\/h3>\n<p>Tak. Puffy VOPK Tornado 15000 s\u0105 przeznaczone dla sklep\u00f3w z waporyzatorami, sprzedawc\u00f3w i dystrybutor\u00f3w, kt\u00f3rzy chc\u0105 mie\u0107 przejrzyst\u0105 stron\u0119 produktu opart\u0105 na specyfikacji, umo\u017cliwiaj\u0105c\u0105 sk\u0142adanie zam\u00f3wie\u0144 zbiorczych.<\/p>\n","protected":false},"excerpt":{"rendered":"<p>VOPK Tornado 15000 Puffs oferuje do 15 000 zaci\u0105gni\u0119\u0107, 25mL, 850mAh, cewka siatkowa z opcjami 0%-5% nikotyny. Czysty wyb\u00f3r dla p\u00f3\u0142ek sklepowych, katalog\u00f3w dystrybutor\u00f3w i zam\u00f3wie\u0144 masowych jednorazowych vape.<\/p>\n","protected":false},"featured_media":125011,"comment_status":"open","ping_status":"closed","template":"","meta":[],"product_brand":[],"product_cat":[1059,839,1416,1273,1306,1613,1484,1383,1520,1555,2179,1686,1650,1342,1450,1234,422,404,875,911,352],"product_tag":[],"class_list":{"0":"post-149185","1":"product","2":"type-product","3":"status-publish","4":"has-post-thumbnail","6":"product_cat-inteligentne-waporyzatory-ekranowe","7":"product_cat-jednorazowe-typy-waporyzatorow","8":"product_cat-jednorazowe-vapes-na-wegrzech","9":"product_cat-jednorazowe-vapes-w-austrii","10":"product_cat-jednorazowe-vapes-w-belgii","11":"product_cat-jednorazowe-vapes-w-hiszpanii","12":"product_cat-jednorazowe-vapes-w-holandii","13":"product_cat-jednorazowe-vapes-w-niemczech","14":"product_cat-jednorazowe-vapes-w-norwegii","15":"product_cat-jednorazowe-vapes-w-polsce","16":"product_cat-jednorazowe-vapes-w-portugalii","17":"product_cat-jednorazowe-vapes-w-szwajcarii","18":"product_cat-jednorazowe-vapes-w-szwecji","19":"product_cat-jednorazowe-vapes-we-francji","20":"product_cat-jednorazowe-vapes-we-w-oszech","21":"product_cat-jednorazowe-waporyzatory-w-europie","22":"product_cat-jednorazowy-waporyzator-o-pojemnosci-15000-zaciagniec","23":"product_cat-rozne-zaciagniecia-jednorazowych-waporyzatorow","24":"product_cat-vape-big-puffs","25":"product_cat-waporyzatory-akumulatorowe","26":"product_cat-wopk","28":"first","29":"instock","30":"shipping-taxable","31":"purchasable","32":"product-type-variable","33":"has-default-attributes"},"jetpack_sharing_enabled":true,"tiered_pricing_type":"fixed","tiered_pricing_fixed_rules":[],"tiered_pricing_product_settings":{"layout":"default","base_unit_name":{"singular":null,"plural":null},"default_variation":null},"tiered_pricing_minimum_quantity":1000,"tiered_pricing_roles_data":[],"tiered_pricing_percentage_rules":[],"tiered_pricing_maximum_quantity":null,"tiered_pricing_quantity_step":"10","_links":{"self":[{"href":"https:\/\/ricovape.com\/pl\/wp-json\/wp\/v2\/product\/149185","targetHints":{"allow":["GET"]}}],"collection":[{"href":"https:\/\/ricovape.com\/pl\/wp-json\/wp\/v2\/product"}],"about":[{"href":"https:\/\/ricovape.com\/pl\/wp-json\/wp\/v2\/types\/product"}],"replies":[{"embeddable":true,"href":"https:\/\/ricovape.com\/pl\/wp-json\/wp\/v2\/comments?post=149185"}],"wp:featuredmedia":[{"embeddable":true,"href":"https:\/\/ricovape.com\/pl\/wp-json\/wp\/v2\/media\/125011"}],"wp:attachment":[{"href":"https:\/\/ricovape.com\/pl\/wp-json\/wp\/v2\/media?parent=149185"}],"wp:term":[{"taxonomy":"product_brand","embeddable":true,"href":"https:\/\/ricovape.com\/pl\/wp-json\/wp\/v2\/product_brand?post=149185"},{"taxonomy":"product_cat","embeddable":true,"href":"https:\/\/ricovape.com\/pl\/wp-json\/wp\/v2\/product_cat?post=149185"},{"taxonomy":"product_tag","embeddable":true,"href":"https:\/\/ricovape.com\/pl\/wp-json\/wp\/v2\/product_tag?post=149185"}],"curies":[{"name":"wp","href":"https:\/\/api.w.org\/{rel}","templated":true}]}}