{"id":145191,"date":"2026-04-17T12:27:55","date_gmt":"2026-04-17T12:27:55","guid":{"rendered":"https:\/\/ricovape.com\/product\/fihp-120k-120000-zaciagniec-64ml-6-w-1-wiele-smakow-ekran-led-duza-liczba-zaciagniec-jednorazowy-waporyzator-zbiorczy\/"},"modified":"2026-04-18T06:01:13","modified_gmt":"2026-04-18T06:01:13","slug":"fihp-120k","status":"publish","type":"product","link":"https:\/\/ricovape.com\/pl\/produkt\/fihp-120k\/","title":{"rendered":"FIHP 120K | 120000 zaci\u0105gni\u0119\u0107, 64mL, 6 w 1, wiele smak\u00f3w, ekran LED, du\u017ca liczba zaci\u0105gni\u0119\u0107, jednorazowy waporyzator zbiorczy"},"content":{"rendered":"<h2>FIHP 120K 6 w 1 120 000 zaci\u0105gni\u0119\u0107 | ekran LED 6 smak\u00f3w w 1 wielosmakowym 64mL du\u017ca liczba zaci\u0105gni\u0119\u0107 d\u0142ugotrwa\u0142y, trwa\u0142y, jednorazowy waporyzator masowy z mo\u017cliwo\u015bci\u0105 \u0142adowania<\/h2>\n<h3>Dlaczego warto wybra\u0107 wielosmakowy waporyzator FIHP 120K?<\/h3>\n<ul>\n<li>\ud83d\udca8 <b>Bardzo d\u0142uga liczba zaci\u0105gni\u0119\u0107 wynosz\u0105ca 120 tys.:<\/b> Zapewnia do 120 000 zaci\u0105gni\u0119\u0107 podczas d\u0142u\u017cszych sesji wapowania \u2013 stworzona z my\u015bl\u0105 o intensywnych u\u017cytkownikach i trwa\u0142ej satysfakcji.<\/li>\n<li>\ud83d\udd04 <b>System smakowy 6 w 1:<\/b> Swoboda prze\u0142\u0105czania pomi\u0119dzy sze\u015bcioma regulowanymi smakami owocowymi i ch\u0142odnymi na \u017c\u0105danie, dostosowuj\u0105c sw\u00f3j gust w dowolnym momencie.<\/li>\n<li>\ud83d\udcf1 <b>Inteligentny wy\u015bwietlacz LED:<\/b> Wbudowany ekran pokazuje czas pracy baterii i poziom e-liquidu w czasie rzeczywistym, dzi\u0119ki czemu zawsze wiesz, ile soku i mocy Ci zosta\u0142o.<\/li>\n<li>\ud83d\udd25 <b>Podw\u00f3jna cewka siatkowa:<\/b> Innowacyjne cewki z podw\u00f3jn\u0105 siatk\u0105 nagrzewaj\u0105 si\u0119 bardziej r\u00f3wnomiernie, zapewniaj\u0105c bogatszy smak i g\u0119stsz\u0105 chmur\u0119 ni\u017c pojedyncza cewka.<\/li>\n<li>\ud83d\udd0b <b>Akumulator 650mAh:<\/b> szybkie \u0142adowanie przez USB-C zapewnia szybkie na\u0142adowanie baterii, dzi\u0119ki czemu mo\u017cesz wapowa\u0107 przez ca\u0142y dzie\u0144 bez czekania.<\/li>\n<li>\ud83d\udca7 <b>Ogromny zbiornik na e-liquid o pojemno\u015bci 64mL:<\/b> Zbiornik o du\u017cej pojemno\u015bci pomie\u015bci mn\u00f3stwo soku, zapewniaj\u0105c nieprzerwany smak, co oznacza rzadsze uzupe\u0142nianie podczas maraton\u00f3w.<\/li>\n<li>\ud83d\udce6 <b>Opakowanie gotowe do sprzeda\u017cy hurtowej:<\/b> Opakowanie zawiera 10 sztuk \u2013 idealne dla dystrybutor\u00f3w i sklep\u00f3w z waporyzatorami poszukuj\u0105cych najlepiej sprzedaj\u0105cych si\u0119 produkt\u00f3w masowych.<\/li>\n<\/ul>\n<h3>Specyfikacje<\/h3>\n<tr>\n<th>Funkcja<\/th>\n<th>Specyfikacja<\/th>\n<\/tr>\n<tr>\n<td>Liczba zaci\u0105gni\u0119\u0107<\/td>\n<td>Do 120 000<\/td>\n<\/tr>\n<tr>\n<td>Pojemno\u015b\u0107 e-liquidu<\/td>\n<td>64mL<\/td>\n<\/tr>\n<tr>\n<td>Smaki<\/td>\n<td>6 regulowanych (mieszanki wielu owoc\u00f3w i lodu)<\/td>\n<\/tr>\n<tr>\n<td>Bateria<\/td>\n<td>650mAh (akumulator)<\/td>\n<\/tr>\n<tr>\n<td>Typ cewki<\/td>\n<td>Podw\u00f3jna siatka<\/td>\n<\/tr>\n<tr>\n<td>Wy\u015bwietlacz<\/td>\n<td>Ekran LED (bateria + licznik zaci\u0105gni\u0119\u0107)<\/td>\n<\/tr>\n<tr>\n<td>\u0141adowanie<\/td>\n<td>Szybkie \u0142adowanie przez USB typu C<\/td>\n<\/tr>\n<tr>\n<td>Si\u0142a nikotyny<\/td>\n<td>2% \/ 5% (20 mg \/ 50 mg)<\/td>\n<\/tr>\n<tr>\n<td>Opakowanie<\/td>\n<td>10 sztuk w pude\u0142ku<\/td>\n<\/tr>\n<\/tbody>\n<\/table>\n<p><img data-recalc-dims=\"1\" decoding=\"async\" alt=\"FIHP 120K Multi-Flavor Vape\" src=\"https:\/\/i0.wp.com\/aiviouvapes.com\/wp-content\/uploads\/2025\/10\/Y76-10012.jpg?ssl=1\" title=\"\"><\/p>\n<h3>Profile smak\u00f3w<\/h3>\n<ul>\n<li><strong>Grupa 01:<\/strong> Watermelon Ice, Blueberry Ice, Red Bull, Strawberry Kiwi, Lemon Lime, Strawberry Watermelon \u2013 Orze\u017awiaj\u0105ca mieszanka nut jagodowych, cytrusowych i napoju energetycznego z ch\u0142odn\u0105 lodow\u0105 nut\u0105. \ud83c\udf49\ud83c\udf47\ud83e\udd64\ud83c\udf53\ud83c\udf4b<\/li>\n<li><strong>Grupa 02:<\/strong> Truskawkowy Banan, Podw\u00f3jne Jab\u0142ko, Malina Arbuz, Kwa\u015bny Ananas Mango, Owoce Tropikalne, Cytrynowo Brzoskwinia \u2013 Owocowa mieszanka ze s\u0142odkimi jagodami, tropikalnym mango, ananasem i brzoskwini\u0105, a wszystko to z pikantnym kopni\u0119ciem. \ud83c\udf53\ud83c\udf4f\ud83e\udd6d\ud83c\udf4d\ud83c\udf4b<\/li>\n<li><strong>Grupa 03:<\/strong> Truskawkowa Koks Waniliowy, Kokos Ananasowy, Blue Razz, Mieszane Jagody, Brzoskwinia Mango, Malina Jagodowa \u2013 dekadenckie desery i tropikalne mieszanki, od kremowej coli truskawkowej po egzotyczny kokos ananasowy i poncz jagodowy. \ud83c\udf53\ud83e\udd65\ud83c\udf47\ud83c\udf51<\/li>\n<li><strong>Grupa 04:<\/strong> l\u00f3d winogronowy, l\u00f3d czarnego smoka, l\u00f3d musuj\u0105cy wi\u015bniowy, jagoda brzoskwiniowa, potr\u00f3jny melon, \u017celek-mi\u015b \u2013 po\u0142\u0105czenie s\u0142odyczy i owoc\u00f3w: ch\u0142\u00f3d winogron i smoczych owoc\u00f3w, musuj\u0105ca cola wi\u015bniowa, brzoskwiniowa jagoda, soczyste melony i s\u0142odki \u017celek-mi\u015b. \ud83c\udf47\u2744\ufe0f\ud83c\udf52\ud83c\udf51\ud83c\udf49\ud83c\udf6c<\/li>\n<li><strong>Grupa 05:<\/strong> Cherry Cola Ice, Mango Ice, Peach Ice, Rainbow Candy, Love 666, Blueberry Cotton Candy \u2013 zimne napoje gazowane i s\u0142odycze: lodowata cola wi\u015bniowa, mro\u017ane mango\/brzoskwinia, s\u0142odki t\u0119czowy cukierek i wata cukrowa. \ud83c\udf52\ud83e\udd64\u2744\ufe0f\ud83c\udf51\ud83c\udf08<\/li>\n<li><strong>Grupa 06:<\/strong> Aloe Lychee Ice, Glacier Ice, Czarna Porzeczka, R\u00f3\u017cowa Cytryna, Pine Needle Mint, Arbuz Cytryna \u2013 Orze\u017awiaj\u0105ce mieszanki zio\u0142owych i lodowych owoc\u00f3w: aloesu liczi, mi\u0119ty lodowcowej, czarnej porzeczki, pikantnej r\u00f3\u017cowej cytryny, sosny i mi\u0119ty oraz arbuza i cytryny. \ud83c\udf3f\ud83c\udf49\ud83c\udf4b\u2744\ufe0f<\/li>\n<\/ul>\n<p>Niezale\u017cnie od tego, czy jeste\u015b <em>intensywnym u\u017cytkownikiem<\/em>, czy <em>poszukiwaczem smak\u00f3w<\/em>, jednorazowy waporyzator 6 w 1 FIHP 120K zapewnia nieprzerwan\u0105 przyjemno\u015b\u0107. \ud83c\udfaf 120 000 zaci\u0105gni\u0119\u0107 oznacza d\u0142u\u017csz\u0105 satysfakcj\u0119 bez ci\u0105g\u0142ego uzupe\u0142niania, a odmiana 6 w 1 pobudza kubki smakowe. \ud83c\udfea Sklepy i dystrybutorzy vape pokochaj\u0105 opakowania zbiorcze po 10 sztuk, u\u0142atwiaj\u0105ce magazynowanie i sprzeda\u017c. To urz\u0105dzenie to najlepszy wyb\u00f3r dla ka\u017cdego, kto szuka wydajno\u015bci, r\u00f3\u017cnorodno\u015bci i wygody w jednym eleganckim opakowaniu. \ud83d\ude80<\/p>\n<h3>Cz\u0119sto zadawane pytania (FAQ)<\/h3>\n<ul>\n<li><strong>P:<\/strong> <em>Ile zaci\u0105gni\u0119\u0107 wystarczy?<\/em><br \/>\n<strong>O:<\/strong> Do 120 000 zaci\u0105gni\u0119\u0107 (w przypadku wi\u0119kszo\u015bci u\u017cytkownik\u00f3w to miesi\u0105ce wapowania).<\/li>\n<li><strong>P:<\/strong> <em>Jak prze\u0142\u0105cza\u0107 si\u0119 mi\u0119dzy smakami?<\/em><br \/>\n<strong>O:<\/strong> Ten model 6 w 1 umo\u017cliwia prze\u0142\u0105czanie smak\u00f3w (zwykle za pomoc\u0105 przycisku lub prze\u0142\u0105cznika zasilania). Ka\u017cdy smak jest fabrycznie za\u0142adowany, wi\u0119c mo\u017cesz \u0142atwo zmienia\u0107 i cieszy\u0107 si\u0119 nowymi smakami na \u017c\u0105danie.<\/li>\n<li><strong>P:<\/strong> <em>Czy akumulator mo\u017cna \u0142adowa\u0107?<\/em><br \/>\n<strong>O:<\/strong> Tak \u2013 ma wbudowan\u0105 bateri\u0119 650mAh z \u0142adowaniem przez USB typu C: zapewnia szybkie i wygodne \u0142adowanie.<\/li>\n<li><strong>P:<\/strong> <em>Co pokazuje wy\u015bwietlacz LED?<\/em><br \/>\n<strong>O:<\/strong> Inteligentny ekran LED pokazuje w czasie rzeczywistym poziom na\u0142adowania baterii i stan e-liquidu:contentReference, dzi\u0119ki czemu zawsze wiesz, kiedy na\u0142adowa\u0107 lub zmieni\u0107 urz\u0105dzenie.<\/li>\n<li><strong>P:<\/strong> <em>Dla kogo jest przeznaczony ten produkt?<\/em><br \/>\n<strong>O:<\/strong> Idealny dla ci\u0119\u017ckich waper\u00f3w, kt\u00f3rzy potrzebuj\u0105 d\u0142ugotrwa\u0142ego urz\u0105dzenia (120 tys. zaci\u0105gni\u0119\u0107) oraz dla poszukiwaczy smaku, kt\u00f3rzy kochaj\u0105 r\u00f3\u017cnorodno\u015b\u0107. Idealny r\u00f3wnie\u017c dla sklep\u00f3w i hurtowni vape dzi\u0119ki wygodnemu opakowaniu zbiorczemu po 10 sztuk.\ud83d\udc4d<\/li>\n<\/ul>\n","protected":false},"excerpt":{"rendered":"<p>Przygotuj si\u0119 na jednorazowy waporyzator FiHP 120K 6 w 1! 120 000 zaci\u0105gni\u0119\u0107 waporyzacyjnej rozkoszy z 6 prze\u0142\u0105czanymi smakami i inteligentnym wy\u015bwietlaczem LED. \ud83d\udca8 Mo\u017cna go \u0142adowa\u0107 i mo\u017cna go sprzedawa\u0107 hurtowo, jest idealny dla poszukiwaczy smaku i odbiorc\u00f3w hurtowych! \ud83d\udd25<\/p>\n","protected":false},"featured_media":128319,"comment_status":"open","ping_status":"closed","template":"","meta":[],"product_brand":[],"product_cat":[1873,1416,1613,1383,1555,1450,772,701],"product_tag":[413,570,483,449,663,515,597,627,547,464,432],"class_list":{"0":"post-145191","1":"product","2":"type-product","3":"status-publish","4":"has-post-thumbnail","6":"product_cat-fihp","7":"product_cat-jednorazowe-vapes-na-wegrzech","8":"product_cat-jednorazowe-vapes-w-hiszpanii","9":"product_cat-jednorazowe-vapes-w-niemczech","10":"product_cat-jednorazowe-vapes-w-polsce","11":"product_cat-jednorazowe-vapes-we-w-oszech","12":"product_cat-jednorazowy-vape-100-tys-puffow","13":"product_cat-jednorazowy-waporyzator-o-pojemnosci-60000-zaciagniec","14":"product_tag-120-000-zaciagniec-vape","15":"product_tag-d-ugotrwa-y-vape-europa","16":"product_tag-fihp-120-tys","17":"product_tag-hurtowa-sprzedaz-vape-w-ue","18":"product_tag-inteligentny-wyswietlacz-vape","19":"product_tag-jednorazowy-waporyzator-o-duzej-liczbie-zaciagniec","20":"product_tag-jednorazowy-waporyzator-o-wielu-smakach","21":"product_tag-jednorazowy-waporyzator-wielokrotnego-adowania","22":"product_tag-vape-z-ekranem-led","23":"product_tag-vape-z-podwojna-cewka-siatkowa","24":"product_tag-waporyzator-smakowy-6-w-1","26":"first","27":"outofstock","28":"shipping-taxable","29":"purchasable","30":"product-type-variable","31":"has-default-attributes"},"jetpack_sharing_enabled":true,"tiered_pricing_type":"fixed","tiered_pricing_fixed_rules":{"2000":11.9000000000000003552713678800500929355621337890625},"tiered_pricing_product_settings":{"layout":"default","base_unit_name":{"singular":null,"plural":null},"default_variation":null},"tiered_pricing_minimum_quantity":1000,"tiered_pricing_roles_data":[],"tiered_pricing_percentage_rules":[],"tiered_pricing_maximum_quantity":null,"tiered_pricing_quantity_step":"10","_links":{"self":[{"href":"https:\/\/ricovape.com\/pl\/wp-json\/wp\/v2\/product\/145191","targetHints":{"allow":["GET"]}}],"collection":[{"href":"https:\/\/ricovape.com\/pl\/wp-json\/wp\/v2\/product"}],"about":[{"href":"https:\/\/ricovape.com\/pl\/wp-json\/wp\/v2\/types\/product"}],"replies":[{"embeddable":true,"href":"https:\/\/ricovape.com\/pl\/wp-json\/wp\/v2\/comments?post=145191"}],"wp:featuredmedia":[{"embeddable":true,"href":"https:\/\/ricovape.com\/pl\/wp-json\/wp\/v2\/media\/128319"}],"wp:attachment":[{"href":"https:\/\/ricovape.com\/pl\/wp-json\/wp\/v2\/media?parent=145191"}],"wp:term":[{"taxonomy":"product_brand","embeddable":true,"href":"https:\/\/ricovape.com\/pl\/wp-json\/wp\/v2\/product_brand?post=145191"},{"taxonomy":"product_cat","embeddable":true,"href":"https:\/\/ricovape.com\/pl\/wp-json\/wp\/v2\/product_cat?post=145191"},{"taxonomy":"product_tag","embeddable":true,"href":"https:\/\/ricovape.com\/pl\/wp-json\/wp\/v2\/product_tag?post=145191"}],"curies":[{"name":"wp","href":"https:\/\/api.w.org\/{rel}","templated":true}]}}