{"id":144975,"date":"2026-04-17T12:15:30","date_gmt":"2026-04-17T12:15:30","guid":{"rendered":"https:\/\/ricovape.com\/product\/mr-goodie-adjust-flavor-king-60000-puffs-jednorazowy-waporyzator-o-potrojnym-smaku\/"},"modified":"2026-04-18T05:55:22","modified_gmt":"2026-04-18T05:55:22","slug":"mr-goodie-adjust-flavor-king-60000","status":"publish","type":"product","link":"https:\/\/ricovape.com\/pl\/produkt\/mr-goodie-adjust-flavor-king-60000\/","title":{"rendered":"Mr.Goodie Adjust Flavor King 60000 Puffs | Jednorazowy waporyzator o potr\u00f3jnym smaku"},"content":{"rendered":"<p>\ud83d\ude80 Przygotuj si\u0119 na zrewolucjonizacj\u0119 swoich do\u015bwiadcze\u0144 z wapowaniem dzi\u0119ki NOWYM puffom <b>Mr.Goodie Apply Flavour King 60000<\/b>! \ud83d\udc51 To nie jest tylko waporyzator; to imperium smak\u00f3w w Twojej kieszeni. Zaprojektowany z my\u015bl\u0105 o najwy\u017cszej satysfakcji i niezr\u00f3wnanej trwa\u0142o\u015bci, Flavor King mo\u017ce pochwali\u0107 si\u0119 niesamowitymi 60 000 zaci\u0105gni\u0119\u0107 i prze\u0142omowym systemem potr\u00f3jnego smaku. Po\u017cegnaj przyziemne wapowanie i przywitaj si\u0119 z symfoni\u0105 smak\u00f3w! \u2728 Niezale\u017cnie od tego, czy jeste\u015b do\u015bwiadczonym waperem, czy sklepem, kt\u00f3ry chce zaopatrzy\u0107 si\u0119 w kolejn\u0105 wielk\u0105 rzecz, Mr.Goodie Dostosuj Flavour King jest Twoim ukoronowaniem. \ud83d\udca8<\/p>\n<h2>Mr.Goodie Dopasuj Flavour King 60000 zaci\u0105gni\u0119\u0107 \u2014 przegl\u0105d produkt\u00f3w i funkcje<\/h2>\n<p> <b>Mr.Goodie Dostosuj Flavour King 60000<\/b> to monumentalny krok w technologii jednorazowych waporyzator\u00f3w, oferuj\u0105cy zdumiewaj\u0105c\u0105 liczb\u0119 zaci\u0105gni\u0119\u0107 i innowacyjny mechanizm prze\u0142\u0105czania smak\u00f3w. Zaprojektowane zar\u00f3wno z my\u015bl\u0105 o indywidualnych entuzjastach, jak i nabywcach B2B, to urz\u0105dzenie na nowo definiuje wygod\u0119 i wszechstronno\u015b\u0107. \ud83d\ude80<\/p>\n<ul>\n<li><b>Niespotykana liczba zaci\u0105gni\u0119\u0107:<\/b> ciesz si\u0119 nawet <b>60 000 zaci\u0105gni\u0119\u0107<\/b> w trybie pojedynczego smaku lub 30 000 zaci\u0105gni\u0119\u0107 w trybie mieszanym, zapewniaj\u0105c d\u0142ugotrwa\u0142e u\u017cytkowanie. \ud83e\udd2f\ud83d\udca8<\/li>\n<li><b>Podw\u00f3jna pojemno\u015b\u0107 e-liquidu:<\/b> ma ogromn\u0105 pojemno\u015b\u0107 <b>20mL + 20mL (\u0142\u0105cznie 40mL)<\/b> e-soku, zapewniaj\u0105c d\u0142ugotrwa\u0142\u0105 przyjemno\u015b\u0107 bez cz\u0119stej wymiany. \ud83c\udf0a\ud83d\udd0b<\/li>\n<li><b>Regulowana moc nikotyny:<\/b> dost\u0119pna w <b>opcjach z nikotyn\u0105 2% i 5%<\/b>, aby zaspokoi\u0107 r\u00f3\u017cnorodne preferencje. \u2705 nikotyna<\/li>\n<li><b>Moc i mo\u017cliwo\u015b\u0107 \u0142adowania:<\/b> wyposa\u017cony w solidny akumulator <b>950mAh<\/b> i wygodny <b>port \u0142adowania typu C<\/b> zapewniaj\u0105cy nieprzerwane wapowanie. \ud83d\udcaa\ud83d\udd0c<\/li>\n<li><b>Zaawansowana technologia cewek:<\/b> <b>Grza\u0142ki z podw\u00f3jn\u0105 siatk\u0105<\/b> w po\u0142\u0105czeniu z najnowocze\u015bniejsz\u0105 technologi\u0105 <b>iDuomesh<\/b> zapewniaj\u0105 sp\u00f3jny, bogaty smak i pot\u0119\u017cn\u0105 produkcj\u0119 pary. \ud83d\ude80\ud83c\udf2c\ufe0f<\/li>\n<li><b>Intuicyjny 3 wy\u015bwietlacz LCD:<\/b> Z \u0142atwo\u015bci\u0105 monitoruj \u017cywotno\u015b\u0107 baterii, poziom e-liquidu i tryb pr\u0105du, aby zapewni\u0107 p\u0142ynne wapowanie. \ud83d\udcca\ud83d\udc40<\/li>\n<li><b>System potr\u00f3jnych smak\u00f3w:<\/b> poznaj <b>10 unikalnych kombinacji potr\u00f3jnych smak\u00f3w<\/b>, pozwalaj\u0105cych prze\u0142\u0105cza\u0107 si\u0119 mi\u0119dzy dwoma r\u00f3\u017cnymi smakami lub \u0142\u0105czy\u0107 je, aby uzyska\u0107 wyj\u0105tkowe trzecie do\u015bwiadczenie. \ud83c\udf53\ud83c\udf49\ud83c\udf4d\ud83c\udf4a<\/li>\n<\/ul>\n<h3>Specyfikacje<\/h3>\n<tr>\n<th>Funkcja<\/th>\n<th>Szczeg\u00f3\u0142y<\/th>\n<\/tr>\n<\/thead>\n<tr>\n<td>Opcje nikotynowe<\/td>\n<td>2%, 5%<\/td>\n<\/tr>\n<tr>\n<td>Ptysie (jeden smak)<\/td>\n<td>60 000 zaci\u0105gni\u0119\u0107<\/td>\n<\/tr>\n<tr>\n<td>Ptysie (mieszanka smak\u00f3w)<\/td>\n<td>30 000 zaci\u0105gni\u0119\u0107 (mieszanka A + B)<\/td>\n<\/tr>\n<tr>\n<td>Pojemno\u015b\u0107 e-p\u0142ynu<\/td>\n<td>20mL + 20mL (\u0142\u0105cznie 40mL)<\/td>\n<\/tr>\n<tr>\n<td>Pojemno\u015b\u0107 baterii<\/td>\n<td>950mAh (akumulator)<\/td>\n<\/tr>\n<tr>\n<td>Port \u0142adowania<\/td>\n<td>Typ C<\/td>\n<\/tr>\n<tr>\n<td>Typ cewki<\/td>\n<td>Podw\u00f3jne cewki siatkowe, technologia iDuomesh<\/td>\n<\/tr>\n<tr>\n<td>Wy\u015bwietlacz<\/td>\n<td>3 wy\u015bwietlacz LCD<\/td>\n<\/tr>\n<tr>\n<td>Tryby smakowe<\/td>\n<td>Jeden smak, mieszanka smak\u00f3w<\/td>\n<\/tr>\n<tr>\n<td>W sumie potr\u00f3jne smaki<\/td>\n<td>10 unikalnych kombinacji<\/td>\n<\/tr>\n<\/tbody>\n<\/table>\n<p><span style=\"font-size: 20.16px\">Kombinacje smak\u00f3w<\/span><\/p>\n<p>Poznaj ekscytuj\u0105c\u0105 gam\u0119 mo\u017cliwo\u015bci smakowych dzi\u0119ki Mr.Goodie Dostosuj Flavour King 60000. Ka\u017cde urz\u0105dzenie oferuje trzy r\u00f3\u017cne do\u015bwiadczenia wapowania:<\/p>\n<tr>\n<th>Smak<\/th>\n<th>Smak B<\/th>\n<th>Po\u0142\u0105czony smak (A+B)<\/th>\n<\/tr>\n<\/thead>\n<tr>\n<td>L\u00f3d arbuzowy<\/td>\n<td>Guma balonowa<\/td>\n<td>Guma balonowa arbuzowa<\/td>\n<\/tr>\n<tr>\n<td>Soczysty l\u00f3d brzoskwiniowy<\/td>\n<td>L\u00f3d typu cola<\/td>\n<td>Brzoskwiniowy l\u00f3d typu cola<\/td>\n<\/tr>\n<tr>\n<td>Niebieska Malina<\/td>\n<td>Wi\u015bnia Cytryna<\/td>\n<td>Niebieska Malina Wi\u015bnia Cytryna<\/td>\n<\/tr>\n<tr>\n<td>Truskawka<\/td>\n<td>Arbuz<\/td>\n<td>Truskawkowy Arbuz<\/td>\n<\/tr>\n<tr>\n<td>Zielone jab\u0142ko<\/td>\n<td>Winogrona<\/td>\n<td>Zielone jab\u0142ko, winogrono<\/td>\n<\/tr>\n<tr>\n<td>Cytryna<\/td>\n<td>T\u0119czowe cukierki<\/td>\n<td>Cukierki cytrynowo-t\u0119czowe<\/td>\n<\/tr>\n<tr>\n<td>Mennica w Miami<\/td>\n<td>Cytryna<\/td>\n<td>Mi\u0119ta cytrynowa<\/td>\n<\/tr>\n<tr>\n<td>Ananas, Kokos<\/td>\n<td>L\u00f3d energetyczny<\/td>\n<td>Kokosowy nap\u00f3j energetyczny<\/td>\n<\/tr>\n<tr>\n<td>Winogrona<\/td>\n<td>Malina<\/td>\n<td>Malina winogronowa<\/td>\n<\/tr>\n<tr>\n<td>Gujawa pomara\u0144czowo-mango<\/td>\n<td>Gumowy Mi\u015b<\/td>\n<td>OMG Blow-Pop<\/td>\n<\/tr>\n<\/tbody>\n<\/table>\n<p>Dlaczego warto wybra\u0107 Mr.Goodie Apply Flavour King 60000 puff\u00f3w?<\/p>\n<ul>\n<li>\ud83d\udc51 <b>Kr\u00f3l zaci\u0105gni\u0119\u0107:<\/b> Dzi\u0119ki wydajno\u015bci do 60 000 zaci\u0105gni\u0119\u0107 to urz\u0105dzenie stanowi klas\u0119 sam\u0105 w sobie, zapewniaj\u0105c trwa\u0142o\u015b\u0107, o kt\u00f3rej tradycyjne urz\u0105dzenia jednorazowe mog\u0105 tylko marzy\u0107.<\/li>\n<li>\ud83c\udf08 <b>Innowacja o potr\u00f3jnym smaku:<\/b> zanurz si\u0119 w 10 unikalnych kombinacjach o potr\u00f3jnym smaku, zapewniaj\u0105cych niezr\u00f3wnan\u0105 r\u00f3\u017cnorodno\u015b\u0107 i zapobiegaj\u0105cych j\u0119zykowi waper\u00f3w. W\u0142\u0105cz na \u017c\u0105danie!<\/li>\n<li>\ud83d\udd0b <b>Niezr\u00f3wnana niezawodno\u015b\u0107:<\/b> Akumulator 950mAh i \u0142adowanie typu C zapewniaj\u0105, \u017ce zawsze b\u0119dziesz gotowy na kolejne zaci\u0105gni\u0119cie si\u0119, minimalizuj\u0105c przestoje.<\/li>\n<li>\ud83c\udf2c\ufe0f <b>Doskona\u0142a para i smak:<\/b> Cewki z podw\u00f3jn\u0105 siatk\u0105 i technologia iDuomesh gwarantuj\u0105 niezmiennie g\u0142adkie, bogate i satysfakcjonuj\u0105ce wra\u017cenia z wapowania przy ka\u017cdym zaci\u0105gni\u0119ciu.<\/li>\n<li>\ud83d\udcca <b>Inteligentny i przyjazny dla u\u017cytkownika:<\/b> 3 wy\u015bwietlacze LCD dostarczaj\u0105 Ci informacji, u\u0142atwiaj\u0105c zarz\u0105dzanie sesjami waporyzacji.<\/li>\n<li>\ud83d\udcb0 <b>Wyj\u0105tkowa warto\u015b\u0107:<\/b> dla intensywnych u\u017cytkownik\u00f3w to urz\u0105dzenie oferuje niesamowit\u0105 op\u0142acalno\u015b\u0107 w przeliczeniu na zaci\u0105gni\u0119cie. Dla nabywc\u00f3w B2B jest to produkt ciesz\u0105cy si\u0119 du\u017cym popytem, kt\u00f3ry szybko znika z p\u00f3\u0142ek.<\/li>\n<li>\ud83c\udf3f <b>Gwarancja jako\u015bci:<\/b> Wykonane z najwy\u017cszej jako\u015bci sk\u0142adnik\u00f3w i zaawansowanych proces\u00f3w produkcyjnych, zapewniaj\u0105cych bezpiecze\u0144stwo i satysfakcj\u0119.<\/li>\n<\/ul>\n<p>Puffs <b>Mr.Goodie Apply Flavour King 60000<\/b> to najlepszy wyb\u00f3r dla intensywnych u\u017cytkownik\u00f3w i poszukiwaczy smak\u00f3w, poszukuj\u0105cych d\u0142u\u017cszej przyjemno\u015bci i r\u00f3\u017cnorodnych opcji smakowych. Jego solidna konstrukcja i innowacyjne funkcje sprawiaj\u0105, \u017ce jest to nieodparta oferta dla <b>sklep\u00f3w z waporyzatorami<\/b>, kt\u00f3re chc\u0105 poszerzy\u0107 sw\u00f3j asortyment jednorazowych waporyzator\u00f3w premium, oraz dla <b>dystrybucji hurtowej<\/b> poszukuj\u0105cej produktu o du\u017cej obj\u0119to\u015bci i wysokiej mar\u017cy. Ju\u017c dzi\u015b zaopatrz si\u0119 w przysz\u0142o\u015b\u0107 waporyzacji! \ud83d\udcaa<\/p>\n<h3>FAQ<\/h3>\n<p>P: Ile zaci\u0105gni\u0119\u0107 oferuje Mr.GoodieAdjust Flavour King 60000?<br \/>\nOdp.: Oferuje do 60 000 zaci\u0105gni\u0119\u0107 w trybie pojedynczego smaku i 30 000 zaci\u0105gni\u0119\u0107 podczas mieszania smak\u00f3w (komora A + komora B).<\/p>\n<p>P: Jaka jest pojemno\u015b\u0107 e-liquidu?<br \/>\nOdp.: Ca\u0142kowita pojemno\u015b\u0107 e-liquidu wynosi 40mL, podzielona na dwie komory po 20mL (20mL + 20mL).<\/p>\n<p>P: Czy Mr.Goodie Correct Flavour King mo\u017cna \u0142adowa\u0107 ponownie?<br \/>\nOdp.: Tak, jest wyposa\u017cony w akumulator 950mAh z portem \u0142adowania typu C.<\/p>\n<p>P: Jak dzia\u0142a system potr\u00f3jnego smaku?<br \/>\nOdp.: Urz\u0105dzenie ma dwie r\u00f3\u017cne komory na e-liquid (A i B). Mo\u017cesz wapowa\u0107 smak A, smak B lub po\u0142\u0105czy\u0107 je, aby stworzy\u0107 unikalny trzeci mieszany smak.<\/p>\n<p>P: Jakie moce nikotyny s\u0105 dost\u0119pne?<br \/>\nOdp.: Mr.Goodie Apply Flavour King 60000 jest dost\u0119pny w wersjach o mocy 2% i 5% nikotyny.<\/p>\n<p>P: Jak mog\u0119 sprawdzi\u0107 \u017cywotno\u015b\u0107 baterii lub poziom e-liquidu?<br \/>\nOdp.: Urz\u0105dzenie jest wyposa\u017cone w 3-calowy wy\u015bwietlacz LCD, kt\u00f3ry pokazuje czas pracy baterii, poziom e-liquidu i bie\u017c\u0105cy tryb.<\/p>\n<p>P: Czy ten produkt nadaje si\u0119 do sprzeda\u017cy hurtowej?<br \/>\nOdp.: Absolutnie! Puffy Mr.Goodie Apply Flavour King 60000 to doskona\u0142y produkt do dystrybucji hurtowej i sklep\u00f3w z waporyzatorami ze wzgl\u0119du na du\u017cy popyt, unikalne cechy i wyj\u0105tkow\u0105 warto\u015b\u0107.<\/p>\n","protected":false},"excerpt":{"rendered":"<p>Prze\u017cyj najlepsze waporyzacje z Mr.Goodie Dostosuj Flavour King 60000 Puffs. Podw\u00f3jna pojemno\u015b\u0107 e-liquidu o pojemno\u015bci 20mL, 60 000 zaci\u0105gni\u0119\u0107, 10 potr\u00f3jnych smak\u00f3w. Idealny dla sklep\u00f3w z waporyzatorami i odbiorc\u00f3w hurtowych!<\/p>\n","protected":false},"featured_media":128118,"comment_status":"open","ping_status":"closed","template":"","meta":[],"product_brand":[],"product_cat":[1416,1613,1383,1555,1450,1944],"product_tag":[],"class_list":{"0":"post-144975","1":"product","2":"type-product","3":"status-publish","4":"has-post-thumbnail","6":"product_cat-jednorazowe-vapes-na-wegrzech","7":"product_cat-jednorazowe-vapes-w-hiszpanii","8":"product_cat-jednorazowe-vapes-w-niemczech","9":"product_cat-jednorazowe-vapes-w-polsce","10":"product_cat-jednorazowe-vapes-we-w-oszech","11":"product_cat-panie-goodie","13":"first","14":"outofstock","15":"shipping-taxable","16":"purchasable","17":"product-type-variable","18":"has-default-attributes"},"jetpack_sharing_enabled":true,"tiered_pricing_type":"fixed","tiered_pricing_fixed_rules":[],"tiered_pricing_product_settings":{"layout":"default","base_unit_name":{"singular":null,"plural":null},"default_variation":null},"tiered_pricing_minimum_quantity":1000,"tiered_pricing_roles_data":[],"tiered_pricing_percentage_rules":[],"tiered_pricing_maximum_quantity":null,"tiered_pricing_quantity_step":"10","_links":{"self":[{"href":"https:\/\/ricovape.com\/pl\/wp-json\/wp\/v2\/product\/144975","targetHints":{"allow":["GET"]}}],"collection":[{"href":"https:\/\/ricovape.com\/pl\/wp-json\/wp\/v2\/product"}],"about":[{"href":"https:\/\/ricovape.com\/pl\/wp-json\/wp\/v2\/types\/product"}],"replies":[{"embeddable":true,"href":"https:\/\/ricovape.com\/pl\/wp-json\/wp\/v2\/comments?post=144975"}],"wp:featuredmedia":[{"embeddable":true,"href":"https:\/\/ricovape.com\/pl\/wp-json\/wp\/v2\/media\/128118"}],"wp:attachment":[{"href":"https:\/\/ricovape.com\/pl\/wp-json\/wp\/v2\/media?parent=144975"}],"wp:term":[{"taxonomy":"product_brand","embeddable":true,"href":"https:\/\/ricovape.com\/pl\/wp-json\/wp\/v2\/product_brand?post=144975"},{"taxonomy":"product_cat","embeddable":true,"href":"https:\/\/ricovape.com\/pl\/wp-json\/wp\/v2\/product_cat?post=144975"},{"taxonomy":"product_tag","embeddable":true,"href":"https:\/\/ricovape.com\/pl\/wp-json\/wp\/v2\/product_tag?post=144975"}],"curies":[{"name":"wp","href":"https:\/\/api.w.org\/{rel}","templated":true}]}}