{"id":144709,"date":"2026-04-17T11:59:21","date_gmt":"2026-04-17T11:59:21","guid":{"rendered":"https:\/\/ricovape.com\/product\/vozol-gear-shisha-25000-25-tys-podwojny-tryb-25-000-zaciagniec-jednorazowy-waporyzator-z-inteligentnym-ekranem\/"},"modified":"2026-04-19T17:44:51","modified_gmt":"2026-04-19T17:44:51","slug":"vozol-gear-shisha-25000","status":"publish","type":"product","link":"https:\/\/ricovape.com\/pl\/produkt\/vozol-gear-shisha-25000\/","title":{"rendered":"Vozol GEAR SHISHA 25000 | 25 tys. podw\u00f3jny tryb, 25 000 zaci\u0105gni\u0119\u0107, jednorazowy waporyzator z inteligentnym ekranem"},"content":{"rendered":"<h2>Vozol GEAR SHISHA 25000<\/h2>\n<p> <strong>Vozol GEAR SHISHA 25000<\/strong> to jednorazowy waporyzator do sziszy z dwoma trybami, przeznaczony dla sprzedawc\u00f3w detalicznych i odbiorc\u00f3w hurtowych, kt\u00f3rzy chc\u0105 praktycznej, \u0142atwej do wyja\u015bnienia strony produktu. \u0141\u0105czy w sobie 25 000 zaci\u0105gni\u0119\u0107, 25mL, podw\u00f3jn\u0105 cewk\u0119 siatkow\u0105, inteligentny ekran i regulowany przep\u0142yw powietrza, aby zapewni\u0107 klientom urz\u0105dzenie o wyra\u017aniejszym po\u0142o\u017ceniu i atrakcyjniejszym wygl\u0105dzie na p\u00f3\u0142ce.<\/p>\n<h2>Dlaczego warto wybra\u0107 ten produkt<\/h2>\n<ul>\n<li><strong>Do 25 000 zaci\u0105gni\u0119\u0107<\/strong> dla trwalszego urz\u0105dzenia, kt\u00f3re mo\u017cna \u0142atwo pozycjonowa\u0107 w katalogach hurtowych.<\/li>\n<li><strong>Pojemno\u015b\u0107 e-liquidu 25mL<\/strong> umo\u017cliwiaj\u0105ca d\u0142u\u017csze u\u017cytkowanie i mniejsz\u0105 liczb\u0119 zmian urz\u0105dzenia.<\/li>\n<p>Format <\/p>\n<li><strong>Tryb podw\u00f3jny<\/strong> dla klient\u00f3w, kt\u00f3rzy chc\u0105 r\u00f3\u017cnorodno\u015bci smak\u00f3w w jednym urz\u0105dzeniu.<\/li>\n<li><strong>Podw\u00f3jna cewka siatkowa<\/strong> zapewniaj\u0105ca bardziej sp\u00f3jne dostarczanie smaku i p\u0142ynniejsz\u0105 produkcj\u0119 pary.<\/li>\n<li><strong>Inteligentny ekran<\/strong>, dzi\u0119ki kt\u00f3remu na pierwszy rzut oka \u0142atwiej jest zrozumie\u0107 stan baterii lub e-p\u0142ynu.<\/li>\n<li><strong>Regulowany przep\u0142yw powietrza<\/strong> dla lepszej kontroli oporu naci\u0105gu i og\u00f3lnego samopoczucia u\u017cytkownika.<\/li>\n<li><strong>1000mAh, szybkie \u0142adowanie typu C<\/strong>, aby urz\u0105dzenie by\u0142o praktyczne w przypadku wielokrotnego, codziennego u\u017cytku.<\/li>\n<\/ul>\n<h2>Specyfikacje<\/h2>\n<tr>\n<td><strong>Nazwa produktu<\/strong><\/td>\n<td>Vozol GEAR SHISHA 25000<\/td>\n<\/tr>\n<tr>\n<td><strong>Liczba zaci\u0105gni\u0119\u0107<\/strong><\/td>\n<td>Do 25 000 zaci\u0105gni\u0119\u0107<\/td>\n<\/tr>\n<tr>\n<td><strong>Pojemno\u015b\u0107 e-p\u0142ynu<\/strong><\/td>\n<td>25mL<\/td>\n<\/tr>\n<tr>\n<td><strong>Bateria<\/strong><\/td>\n<td>1000mAh<\/td>\n<\/tr>\n<tr>\n<td><strong>Cewka<\/strong><\/td>\n<td>Podw\u00f3jna cewka siatkowa<\/td>\n<\/tr>\n<tr>\n<td><strong>\u0141adowanie<\/strong><\/td>\n<td>Szybkie \u0142adowanie typu C<\/td>\n<\/tr>\n<tr>\n<td><strong>Wy\u015bwietlacz<\/strong><\/td>\n<td>Inteligentny ekran<\/td>\n<\/tr>\n<tr>\n<td><strong>Przep\u0142yw powietrza<\/strong><\/td>\n<td>Regulowany przep\u0142yw powietrza<\/td>\n<\/tr>\n<tr>\n<td><strong>Format<\/strong><\/td>\n<td>Tryb podw\u00f3jny<\/td>\n<\/tr>\n<\/tbody>\n<\/table>\n<h2>Opcje smakowe<\/h2>\n<p>Vozol GEAR SHISHA 25000 jest dost\u0119pny w 3 smakach, w tym \ud83d\udd25 Przedstawiamy Vozol GEAR SHISHA 25000 \u2013 najlepszy jednorazowy waporyzator zaprojektowany dla powa\u017cnych waper\u00f3w i inteligentnych sprzedawc\u00f3w detalicznych. Z dwoma trybami (eko i zasilanie), \u017cywym, kolorowym ekranem o przek\u0105tnej 2,1 cala i inteligentnym chipem ze wzmocnionym g\u0142osem.<\/p>\n<ul>\n<li>\ud83d\udd25 Przedstawiamy Vozol GEAR SHISHA 25000 \u2013 najlepszy jednorazowy waporyzator zaprojektowany dla powa\u017cnych waper\u00f3w i inteligentnych sprzedawc\u00f3w detalicznych. Z dwoma trybami (eko i moc)<\/li>\n<li>\u017bywy, kolorowy ekran o przek\u0105tnej 2,1 cala<\/li>\n<li>I inteligentny chip ze wzmocnionym g\u0142osem<\/li>\n<\/ul>\n<h2>Dopasowanie do sprzeda\u017cy detalicznej i hurtowej<\/h2>\n<p><strong>Vozol GEAR SHISHA 25000<\/strong> sprawdza si\u0119 najlepiej w przypadku sklep\u00f3w z waporyzatorami, dystrybutor\u00f3w i katalog\u00f3w sprzedawc\u00f3w, kt\u00f3rzy potrzebuj\u0105 strony produktu opartej na specyfikacji bez wype\u0142niaczy. Najmocniejszymi punktami sprzeda\u017cy s\u0105 format urz\u0105dzenia, g\u0142\u00f3wne cechy i \u0142atwiejsza sprzeda\u017c hurtowa dla kupuj\u0105cych por\u00f3wnuj\u0105cych podobne SKU.<\/p>\n<h2>FAQ<\/h2>\n<h3>Ile zaci\u0105gni\u0119\u0107 oferuje Vozol GEAR SHISHA 25000?<\/h3>\n<p>Vozol GEAR SHISHA 25000 ma pojemno\u015b\u0107 do 25 000 zaci\u0105gni\u0119\u0107, w zale\u017cno\u015bci od stylu u\u017cytkowania i wybranej odmiany.<\/p>\n<h3>Czy Vozol GEAR SHISHA 25000 mo\u017cna \u0142adowa\u0107?<\/h3>\n<p>Tak. Wykorzystuje 1000mAh z szybkim \u0142adowaniem typu C, aby umo\u017cliwi\u0107 wielokrotne u\u017cycie a\u017c do wyczerpania e-liquidu.<\/p>\n<h3>Jakie s\u0105 dost\u0119pne moce nikotyny?<\/h3>\n<p>St\u0119\u017cenie nikotyny zale\u017cy od wybranej odmiany. Przed z\u0142o\u017ceniem zam\u00f3wienia zbiorczego potwierd\u017a dok\u0142adn\u0105 opcj\u0119.<\/p>\n<h3>Jakie funkcje wyr\u00f3\u017cniaj\u0105 Vozol GEAR SHISHA 25000?<\/h3>\n<p>Kluczowe punkty sprzeda\u017cy to podw\u00f3jna cewka siatkowa, inteligentny ekran, regulowany przep\u0142yw powietrza, kt\u00f3ry u\u0142atwia prezentacj\u0119 urz\u0105dzenia na p\u00f3\u0142kach sklepowych i w katalogach dystrybutor\u00f3w.<\/p>\n<h3>Ile dost\u0119pnych jest opcji smakowych?<\/h3>\n<p>Na stronie znajduj\u0105 si\u0119 3 opcje smakowe, a dok\u0142adny wyb\u00f3r zale\u017cy od wybranej odmiany i aktualnego stanu zapas.<\/p>\n<h3>Czy Vozol GEAR SHISHA 25000 nadaje si\u0119 do zam\u00f3wie\u0144 hurtowych?<\/h3>\n<p>Tak. Vozol GEAR SHISHA 25000 jest przeznaczony dla sklep\u00f3w z waporyzatorami, sprzedawc\u00f3w i dystrybutor\u00f3w, kt\u00f3rzy chc\u0105 mie\u0107 przejrzyst\u0105 stron\u0119 produktu opart\u0105 na specyfikacji, umo\u017cliwiaj\u0105c\u0105 sk\u0142adanie zam\u00f3wie\u0144 zbiorczych.<\/p>\n","protected":false},"excerpt":{"rendered":"<p>Vozol GEAR SHISHA 25000 oferuje do 25 000 zaci\u0105gni\u0119\u0107, 25mL, 1000mAh, podw\u00f3jn\u0105 cewk\u0119 siatkow\u0105 i inteligentny ekran. Czysty wyb\u00f3r dla p\u00f3\u0142ek sklepowych, katalog\u00f3w dystrybutor\u00f3w i zam\u00f3wie\u0144 masowych jednorazowych vape.<\/p>\n","protected":false},"featured_media":3952,"comment_status":"open","ping_status":"closed","template":"","meta":[],"product_brand":[],"product_cat":[1911],"product_tag":[],"class_list":{"0":"post-144709","1":"product","2":"type-product","3":"status-publish","4":"has-post-thumbnail","6":"product_cat-wozol","8":"first","9":"instock","10":"shipping-taxable","11":"purchasable","12":"product-type-variable","13":"has-default-attributes"},"jetpack_sharing_enabled":true,"tiered_pricing_type":"fixed","tiered_pricing_fixed_rules":{"2000":6.71999999999999975131004248396493494510650634765625},"tiered_pricing_product_settings":{"layout":"default","base_unit_name":{"singular":null,"plural":null},"default_variation":null},"tiered_pricing_minimum_quantity":1000,"tiered_pricing_roles_data":[],"tiered_pricing_percentage_rules":[],"tiered_pricing_maximum_quantity":null,"tiered_pricing_quantity_step":"100","_links":{"self":[{"href":"https:\/\/ricovape.com\/pl\/wp-json\/wp\/v2\/product\/144709","targetHints":{"allow":["GET"]}}],"collection":[{"href":"https:\/\/ricovape.com\/pl\/wp-json\/wp\/v2\/product"}],"about":[{"href":"https:\/\/ricovape.com\/pl\/wp-json\/wp\/v2\/types\/product"}],"replies":[{"embeddable":true,"href":"https:\/\/ricovape.com\/pl\/wp-json\/wp\/v2\/comments?post=144709"}],"wp:featuredmedia":[{"embeddable":true,"href":"https:\/\/ricovape.com\/pl\/wp-json\/wp\/v2\/media\/3952"}],"wp:attachment":[{"href":"https:\/\/ricovape.com\/pl\/wp-json\/wp\/v2\/media?parent=144709"}],"wp:term":[{"taxonomy":"product_brand","embeddable":true,"href":"https:\/\/ricovape.com\/pl\/wp-json\/wp\/v2\/product_brand?post=144709"},{"taxonomy":"product_cat","embeddable":true,"href":"https:\/\/ricovape.com\/pl\/wp-json\/wp\/v2\/product_cat?post=144709"},{"taxonomy":"product_tag","embeddable":true,"href":"https:\/\/ricovape.com\/pl\/wp-json\/wp\/v2\/product_tag?post=144709"}],"curies":[{"name":"wp","href":"https:\/\/api.w.org\/{rel}","templated":true}]}}