{"id":144409,"date":"2026-04-17T11:51:34","date_gmt":"2026-04-17T11:51:34","guid":{"rendered":"https:\/\/ricovape.com\/product\/uzy-triple-flavors-60000-jednorazowy-waporyzator-3-w-1-o-potrojnym-smaku-60-tys\/"},"modified":"2026-04-19T17:43:21","modified_gmt":"2026-04-19T17:43:21","slug":"uzy-triple-flavors-60000","status":"publish","type":"product","link":"https:\/\/ricovape.com\/pl\/produkt\/uzy-triple-flavors-60000\/","title":{"rendered":"UZY Triple Flavors 60000 | Jednorazowy waporyzator 3 w 1 o potr\u00f3jnym smaku 60 tys"},"content":{"rendered":"<h2>UZY Triple Flavours 60000<\/h2>\n<p><strong>UZY Triple Flavours 60000<\/strong> to jednorazowy waporyzator z inteligentnym wy\u015bwietlaczem o trzech smakach, stworzony dla sprzedawc\u00f3w detalicznych i odbiorc\u00f3w hurtowych, kt\u00f3rzy chc\u0105 praktycznej, \u0142atwej do wyja\u015bnienia strony produktu. \u0141\u0105czy w sobie 60 000 zaci\u0105gni\u0119\u0107, 54mL, potr\u00f3jn\u0105 siatk\u0119 i inteligentny wy\u015bwietlacz, aby zapewni\u0107 klientom urz\u0105dzenie o wyra\u017aniejszym po\u0142o\u017ceniu i atrakcyjniejszym wygl\u0105dzie na p\u00f3\u0142ce.<\/p>\n<h2>Dlaczego warto wybra\u0107 ten produkt<\/h2>\n<ul>\n<li><strong>Do 60 000 zaci\u0105gni\u0119\u0107<\/strong> dla trwalszego urz\u0105dzenia, kt\u00f3re mo\u017cna \u0142atwo pozycjonowa\u0107 w katalogach hurtowych.<\/li>\n<li><strong>Pojemno\u015b\u0107 e-liquidu 54mL<\/strong> umo\u017cliwiaj\u0105ca d\u0142u\u017csze u\u017cytkowanie i mniejsz\u0105 liczb\u0119 zmian urz\u0105dzenia.<\/li>\n<p>Format <\/p>\n<li><strong>Potr\u00f3jny smak<\/strong> dla klient\u00f3w, kt\u00f3rzy chc\u0105 r\u00f3\u017cnorodno\u015bci smak\u00f3w w jednym urz\u0105dzeniu.<\/li>\n<li><strong>Potr\u00f3jna siatka<\/strong> zapewniaj\u0105ca bardziej sp\u00f3jne dostarczanie smaku i p\u0142ynniejsz\u0105 produkcj\u0119 pary.<\/li>\n<li><strong>Inteligentny wy\u015bwietlacz<\/strong>, dzi\u0119ki kt\u00f3remu na pierwszy rzut oka \u0142atwiej jest zrozumie\u0107 stan baterii lub e-p\u0142ynu.<\/li>\n<li><strong>850mAh, szybkie \u0142adowanie typu C<\/strong>, aby urz\u0105dzenie by\u0142o praktyczne w przypadku wielokrotnego codziennego u\u017cytku.<\/li>\n<li><strong>Pozycjonowanie przyjazne dla sprzeda\u017cy hurtowej<\/strong> dla sklep\u00f3w z waporyzatorami, dystrybutor\u00f3w i program\u00f3w zam\u00f3wie\u0144 hurtowych.<\/li>\n<\/ul>\n<h2>Specyfikacje<\/h2>\n<table>\n<tr>\n<td><strong>Nazwa produktu<\/strong><\/td>\n<td>UZY Potr\u00f3jne Smaki 60000<\/td>\n<\/tr>\n<tr>\n<td><strong>Liczba zaci\u0105gni\u0119\u0107<\/strong><\/td>\n<td>Do 60 000 zaci\u0105gni\u0119\u0107<\/td>\n<\/tr>\n<tr>\n<td><strong>Pojemno\u015b\u0107 e-p\u0142ynu<\/strong><\/td>\n<td>54mL<\/td>\n<\/tr>\n<tr>\n<td><strong>Bateria<\/strong><\/td>\n<td>850mAh<\/td>\n<\/tr>\n<tr>\n<td><strong>Cewka<\/strong><\/td>\n<td>Potr\u00f3jna siatka<\/td>\n<\/tr>\n<tr>\n<td><strong>\u0141adowanie<\/strong><\/td>\n<td>Szybkie \u0142adowanie typu C<\/td>\n<\/tr>\n<tr>\n<td><strong>Wy\u015bwietlacz<\/strong><\/td>\n<td>Inteligentny wy\u015bwietlacz<\/td>\n<\/tr>\n<tr>\n<td><strong>Format<\/strong><\/td>\n<td>Potr\u00f3jny smak<\/td>\n<\/tr>\n<\/tbody>\n<h2>Opcje smakowe<\/h2>\n<p>UZY Triple Flavours 60000 jest dost\u0119pny w 7 smakach, w tym \ud83d\ude80 System potr\u00f3jnego smaku \u2013 ciesz si\u0119 3 r\u00f3\u017cnymi smakami w jednym urz\u0105dzeniu, \ud83d\udca7 Ogromna pojemno\u015b\u0107 54mL \u2013 d\u0142ugotrwa\u0142e dzia\u0142anie przy mniejszej liczbie wymian, \ud83d\udd25 Potr\u00f3jne cewki siatkowe \u2013 maksymalna intensywno\u015b\u0107 pary i smaku, \ud83d\udd0b Akumulator 850mAh \u2013 Z szybkim \u0142adowaniem typu C.<\/p>\n<ul>\n<li>\ud83d\ude80 System trzech smak\u00f3w \u2013 ciesz si\u0119 3 r\u00f3\u017cnymi smakami w jednym urz\u0105dzeniu<\/li>\n<li>\ud83d\udca7 Ogromna pojemno\u015b\u0107 54mL \u2013 d\u0142ugotrwa\u0142e dzia\u0142anie przy mniejszej liczbie wymian<\/li>\n<li>\ud83d\udd25 Cewki z potr\u00f3jn\u0105 siatk\u0105 \u2013 maksymalna intensywno\u015b\u0107 pary i smaku<\/li>\n<li>\ud83d\udd0b Akumulator 850mAh \u2013 z szybkim \u0142adowaniem typu C<\/li>\n<li>\ud83d\udcca Inteligentny wy\u015bwietlacz LED \u2013 monitorowanie baterii i soku w czasie rzeczywistym<\/li>\n<li>\ud83c\udfaf Tryby Pro i Max Power \u2013 dostosowane do potrzeb wra\u017cenia z pary<\/li>\n<li>\ud83d\udcbc Przyjazny dla sprzeda\u017cy hurtowej \u2013 idealny w przypadku zam\u00f3wie\u0144 masowych i sprzedawc\u00f3w<\/li>\n<\/ul>\n<h2>Dopasowanie detaliczne i hurtowe<\/h2>\n<p><strong>UZY Triple Flavours 60000<\/strong> sprawdza si\u0119 najlepiej w przypadku sklep\u00f3w z vape, dystrybutor\u00f3w i katalog\u00f3w sprzedawc\u00f3w, kt\u00f3rzy potrzebuj\u0105 strony produktu opartej na specyfikacji bez wype\u0142niaczy. Najsilniejsze punkty sprzeda\u017cy to format urz\u0105dzenia, g\u0142\u00f3wne cechy i \u0142atwiejsze hurtowe por\u00f3wnywanie podobnych SKU przez kupuj\u0105cych.<\/p>\n<h2>FAQ<\/h2>\n<h3>Ile zaci\u0105gni\u0119\u0107 oferuje UZY Triple Flavours 60000?<\/h3>\n<p>UZY Triple Flavours 60000 jest wymienione w ilo\u015bci do 60 000 zaci\u0105gni\u0119\u0107, w zale\u017cno\u015bci od stylu u\u017cytkowania i wybranych odmian\u0119.<\/p>\n<h3>Czy UZY Triple Flavours 60000 mo\u017cna \u0142adowa\u0107?<\/h3>\n<p>Tak. Wykorzystuje 850mAh z szybkim \u0142adowaniem typu C, aby umo\u017cliwi\u0107 wielokrotne u\u017cycie a\u017c do wyczerpania e-liquidu.<\/p>\n<h3>Jakie s\u0105 dost\u0119pne moce nikotyny?<\/h3>\n<p>St\u0119\u017cenie nikotyny zale\u017cy od wybranej odmiany. Przed z\u0142o\u017ceniem zam\u00f3wienia zbiorczego potwierd\u017a dok\u0142adn\u0105 opcj\u0119.<\/p>\n<h3>Jakie funkcje wyr\u00f3\u017cniaj\u0105 UZY Triple Flavours 60000?<\/h3>\n<p>Kluczowe zalety to Potr\u00f3jna siatka, Inteligentny wy\u015bwietlacz i Potr\u00f3jny smak, dzi\u0119ki kt\u00f3rym urz\u0105dzenie jest \u0142atwiejsze do zaprezentowania na p\u00f3\u0142kach sklepowych i w katalogach dystrybutor\u00f3w.<\/p>\n<h3>Ile opcji smakowych jest dost\u0119pnych?<\/h3>\n<p>Na stronie znajduje si\u0119 lista 7 opcji smakowych, a dok\u0142adny wyb\u00f3r zale\u017cy od wybranej odmiany i aktualnego stanu magazynowego.<\/p>\n<h3>Czy UZY Triple Flavours 60000 nadaje si\u0119 do zam\u00f3wie\u0144 hurtowych?<\/h3>\n<p>Tak. UZY Triple Flavours 60000 jest przeznaczony dla sklep\u00f3w z waporyzatorami, sprzedawc\u00f3w i dystrybutor\u00f3w, kt\u00f3rzy chc\u0105 mie\u0107 przejrzyst\u0105 stron\u0119 produktu opart\u0105 na specyfikacji, umo\u017cliwiaj\u0105c\u0105 sk\u0142adanie zam\u00f3wie\u0144 zbiorczych.<\/p>\n","protected":false},"excerpt":{"rendered":"<p>UZY Triple Flavours 60000 oferuje do 60 000 zaci\u0105gni\u0119\u0107, 54mL, 850mAh, potr\u00f3jna siatka, inteligentny wy\u015bwietlacz. Czysty wyb\u00f3r dla p\u00f3\u0142ek sklepowych, katalog\u00f3w dystrybutor\u00f3w i zam\u00f3wie\u0144 masowych jednorazowych vape.<\/p>\n","protected":false},"featured_media":3849,"comment_status":"open","ping_status":"closed","template":"","meta":[],"product_brand":[],"product_cat":[1892],"product_tag":[],"class_list":{"0":"post-144409","1":"product","2":"type-product","3":"status-publish","4":"has-post-thumbnail","6":"product_cat-uzy","8":"first","9":"instock","10":"shipping-taxable","11":"purchasable","12":"product-type-variable","13":"has-default-attributes"},"jetpack_sharing_enabled":true,"tiered_pricing_type":"fixed","tiered_pricing_fixed_rules":{"30":9.7200000000000006394884621840901672840118408203125,"50":7.78000000000000024868995751603506505489349365234375,"100":7.12999999999999989341858963598497211933135986328125,"200":6.7400000000000002131628207280300557613372802734375,"400":6.29000000000000003552713678800500929355621337890625},"tiered_pricing_product_settings":{"layout":"default","base_unit_name":{"singular":null,"plural":null},"default_variation":null},"tiered_pricing_minimum_quantity":10,"tiered_pricing_roles_data":[],"tiered_pricing_percentage_rules":[],"tiered_pricing_maximum_quantity":null,"tiered_pricing_quantity_step":"10","_links":{"self":[{"href":"https:\/\/ricovape.com\/pl\/wp-json\/wp\/v2\/product\/144409","targetHints":{"allow":["GET"]}}],"collection":[{"href":"https:\/\/ricovape.com\/pl\/wp-json\/wp\/v2\/product"}],"about":[{"href":"https:\/\/ricovape.com\/pl\/wp-json\/wp\/v2\/types\/product"}],"replies":[{"embeddable":true,"href":"https:\/\/ricovape.com\/pl\/wp-json\/wp\/v2\/comments?post=144409"}],"wp:featuredmedia":[{"embeddable":true,"href":"https:\/\/ricovape.com\/pl\/wp-json\/wp\/v2\/media\/3849"}],"wp:attachment":[{"href":"https:\/\/ricovape.com\/pl\/wp-json\/wp\/v2\/media?parent=144409"}],"wp:term":[{"taxonomy":"product_brand","embeddable":true,"href":"https:\/\/ricovape.com\/pl\/wp-json\/wp\/v2\/product_brand?post=144409"},{"taxonomy":"product_cat","embeddable":true,"href":"https:\/\/ricovape.com\/pl\/wp-json\/wp\/v2\/product_cat?post=144409"},{"taxonomy":"product_tag","embeddable":true,"href":"https:\/\/ricovape.com\/pl\/wp-json\/wp\/v2\/product_tag?post=144409"}],"curies":[{"name":"wp","href":"https:\/\/api.w.org\/{rel}","templated":true}]}}