{"id":137790,"date":"2026-04-17T07:53:01","date_gmt":"2026-04-17T07:53:01","guid":{"rendered":"https:\/\/ricovape.com\/product\/bang-tn-12000-puffs-0-5-nikotyny-ladowalna-cewka-siatkowa-jednorazowy-waporyzator-masowy\/"},"modified":"2026-04-18T03:33:45","modified_gmt":"2026-04-18T03:33:45","slug":"bang-tn-12000","status":"publish","type":"product","link":"https:\/\/ricovape.com\/pl\/produkt\/bang-tn-12000\/","title":{"rendered":"Bang TN 12000 Puffs | 0%-5% nikotyny, \u0142adowalna cewka siatkowa, jednorazowy waporyzator masowy"},"content":{"rendered":"<h2>Bang TN 12000 Puffs<\/h2>\n<p><strong>Bang TN 12000 Puffs<\/strong> to jednorazowy waporyzator przeznaczony dla sprzedawc\u00f3w detalicznych i odbiorc\u00f3w hurtowych, kt\u00f3rzy chc\u0105 praktycznej, \u0142atwej do wyja\u015bnienia strony produktu. \u0141\u0105czy w sobie 12 000 zaci\u0105gni\u0119\u0107, 20mL cewki siatkowej, aby zapewni\u0107 klientom urz\u0105dzenie o wyra\u017aniejszym po\u0142o\u017ceniu i atrakcyjniejszym wygl\u0105dzie na p\u00f3\u0142ce.<\/p>\n<h2>Dlaczego warto wybra\u0107 ten produkt<\/h2>\n<ul>\n<li><strong>Do 12 000 zaci\u0105gni\u0119\u0107<\/strong> dla trwalszego urz\u0105dzenia, kt\u00f3re mo\u017cna \u0142atwo pozycjonowa\u0107 w katalogach hurtowych.<\/li>\n<li><strong>Pojemno\u015b\u0107 e-liquidu 20mL<\/strong> umo\u017cliwiaj\u0105ca d\u0142u\u017csze u\u017cytkowanie i mniejsz\u0105 liczb\u0119 zmian urz\u0105dzenia.<\/li>\n<li><strong>Grza\u0142ka siatkowa<\/strong> zapewniaj\u0105ca bardziej sp\u00f3jne dostarczanie smaku i p\u0142ynniejsz\u0105 produkcj\u0119 pary.<\/li>\n<li><strong>650mAh, \u0142adowanie typu C<\/strong>, aby urz\u0105dzenie by\u0142o praktyczne w przypadku wielokrotnego, codziennego u\u017cytku.<\/li>\n<li><strong>Opcje nikotyny 0%\u20135%<\/strong>, aby dopasowa\u0107 si\u0119 do r\u00f3\u017cnych wymaga\u0144 rynku i klient\u00f3w.<\/li>\n<li><strong>Przyjazne dla sprzeda\u017cy pozycjonowanie<\/strong> dla sklep\u00f3w z e-papierosami, dystrybutor\u00f3w i program\u00f3w zam\u00f3wie\u0144 hurtowych.<\/li>\n<\/ul>\n<h2>Specyfikacje<\/h2>\n<table>\n<tr>\n<td><strong>Nazwa produktu<\/strong><\/td>\n<td>Bang TN 12000 Puffs<\/td>\n<\/tr>\n<tr>\n<td><strong>Liczba zaci\u0105gni\u0119\u0107<\/strong><\/td>\n<td>Do 12 000 zaci\u0105gni\u0119\u0107<\/td>\n<\/tr>\n<tr>\n<td><strong>Pojemno\u015b\u0107 e-p\u0142ynu<\/strong><\/td>\n<td>20mL<\/td>\n<\/tr>\n<tr>\n<td><strong>Bateria<\/strong><\/td>\n<td>650mAh<\/td>\n<\/tr>\n<tr>\n<td><strong>Cewka<\/strong><\/td>\n<td>Cewka siatkowa<\/td>\n<\/tr>\n<tr>\n<td><strong>Si\u0142a nikotyny<\/strong><\/td>\n<td>0%-5%<\/td>\n<\/tr>\n<tr>\n<td><strong>\u0141adowanie<\/strong><\/td>\n<td>\u0141adowanie typu C<\/td>\n<\/tr>\n<\/tbody>\n<\/table>\n<h2>Opcje smakowe<\/h2>\n<p>Bang TN 12000 Puffs jest dost\u0119pny w 12 smakach, w tym l\u00f3d jagodowo-malinowy, truskawka-mango, truskawka-banan, l\u00f3d arbuz.<\/p>\n<ul>\n<li>L\u00f3d jagodowo-malinowy<\/li>\n<li>Truskawkowe Mango<\/li>\n<li>Truskawkowy Banan<\/li>\n<li>L\u00f3d arbuzowy<\/li>\n<li>Pan Niebieski<\/li>\n<li>L\u00f3d winogronowy<\/li>\n<li>Fajna mi\u0119ta<\/li>\n<li>Mieszane owoce<\/li>\n<li>Liczi truskawkowe<\/li>\n<li>L\u00f3d truskawkowy<\/li>\n<li>L\u00f3d brzoskwiniowy<\/li>\n<li>Arbuz Truskawka.<\/li>\n<\/ul>\n<h2>Dopasowanie do sprzeda\u017cy detalicznej i hurtowej<\/h2>\n<p><strong>Bang TN 12000 Puffs<\/strong> sprawdza si\u0119 najlepiej w przypadku sklep\u00f3w z waporyzatorami, dystrybutor\u00f3w i katalog\u00f3w sprzedawc\u00f3w, kt\u00f3rzy potrzebuj\u0105 strony produktu opartej na specyfikacji bez wype\u0142niaczy. Najsilniejsze punkty sprzeda\u017cy to format urz\u0105dzenia, g\u0142\u00f3wne cechy i \u0142atwiejsze hurtowe kadrowanie dla kupuj\u0105cych por\u00f3wnuj\u0105cych podobne SKU.<\/p>\n<h2>FAQ<\/h2>\n<h3>Ile zaci\u0105gni\u0119\u0107 oferuje Bang TN 12000 Puffs?<\/h3>\n<p>Bang TN 12000 Puffs jest wyszczeg\u00f3lniony w ilo\u015bci do 12 000 zaci\u0105gni\u0119\u0107, w zale\u017cno\u015bci od stylu u\u017cytkowania i wybranej odmiany.<\/p>\n<h3>Czy Bang TN 12000 Puffs mo\u017cna \u0142adowa\u0107?<\/h3>\n<p>Tak. Wykorzystuje 650mAh z \u0142adowaniem typu C, aby umo\u017cliwi\u0107 wielokrotne u\u017cycie a\u017c do wyczerpania si\u0119 e-liquidu.<\/p>\n<h3>Jakie s\u0105 dost\u0119pne moce nikotyny?<\/h3>\n<p>Ten produkt jest oferowany z opcjami nikotyny 0%\u20135%, w zale\u017cno\u015bci od wybranej odmiany i rynku docelowego.<\/p>\n<h3>Jakie funkcje wyr\u00f3\u017cniaj\u0105 Bang TN 12000 Puffs?<\/h3>\n<p>Kluczowe zalety obejmuj\u0105 cewk\u0119 Mesh Coil, kt\u00f3ra u\u0142atwia obja\u015bnienie urz\u0105dzenia na p\u00f3\u0142kach sklepowych i w katalogach dystrybutor\u00f3w.<\/p>\n<h3>Ile opcji smakowych jest dost\u0119pnych?<\/h3>\n<p>Na stronie znajduje si\u0119 lista 12 opcji smakowych, a dok\u0142adny wyb\u00f3r zale\u017cy od wybranej odmiany i aktualnego stanu magazynowego.<\/p>\n<h3>Czy Bang TN 12000 Puffs nadaje si\u0119 do zam\u00f3wie\u0144 hurtowych?<\/h3>\n<p>Tak. Bang TN 12000 Puffs jest przeznaczony dla sklep\u00f3w z waporyzatorami, sprzedawc\u00f3w i dystrybutor\u00f3w, kt\u00f3rzy chc\u0105 mie\u0107 przejrzyst\u0105 stron\u0119 produktu opart\u0105 na specyfikacji na potrzeby zam\u00f3wie\u0144 zbiorczych.<\/p>\n","protected":false},"excerpt":{"rendered":"<p>Bang TN 12000 Puffs oferuje do 12 000 zaci\u0105gni\u0119\u0107, 20mL, 650mAh, cewk\u0119 siatkow\u0105 z opcjami 0%-5% nikotyny. Czysty wyb\u00f3r dla p\u00f3\u0142ek sklepowych, katalog\u00f3w dystrybutor\u00f3w i zam\u00f3wie\u0144 masowych jednorazowych vape.<\/p>\n","protected":false},"featured_media":124687,"comment_status":"open","ping_status":"closed","template":"","meta":[],"product_brand":[],"product_cat":[459,348,839,1416,1273,1306,1613,1484,1383,1520,1555,2179,1686,1650,1342,1450,1234,404,875,911],"product_tag":[],"class_list":{"0":"post-137790","1":"product","2":"type-product","3":"status-publish","4":"has-post-thumbnail","6":"product_cat-12000-zaciagniec-jednorazowych-waporyzatorow","7":"product_cat-bang","8":"product_cat-jednorazowe-typy-waporyzatorow","9":"product_cat-jednorazowe-vapes-na-wegrzech","10":"product_cat-jednorazowe-vapes-w-austrii","11":"product_cat-jednorazowe-vapes-w-belgii","12":"product_cat-jednorazowe-vapes-w-hiszpanii","13":"product_cat-jednorazowe-vapes-w-holandii","14":"product_cat-jednorazowe-vapes-w-niemczech","15":"product_cat-jednorazowe-vapes-w-norwegii","16":"product_cat-jednorazowe-vapes-w-polsce","17":"product_cat-jednorazowe-vapes-w-portugalii","18":"product_cat-jednorazowe-vapes-w-szwajcarii","19":"product_cat-jednorazowe-vapes-w-szwecji","20":"product_cat-jednorazowe-vapes-we-francji","21":"product_cat-jednorazowe-vapes-we-w-oszech","22":"product_cat-jednorazowe-waporyzatory-w-europie","23":"product_cat-rozne-zaciagniecia-jednorazowych-waporyzatorow","24":"product_cat-vape-big-puffs","25":"product_cat-waporyzatory-akumulatorowe","27":"first","28":"instock","29":"shipping-taxable","30":"purchasable","31":"product-type-variable","32":"has-default-attributes"},"jetpack_sharing_enabled":true,"tiered_pricing_type":"fixed","tiered_pricing_fixed_rules":{"2000":6.5},"tiered_pricing_product_settings":{"layout":"default","base_unit_name":{"singular":null,"plural":null},"default_variation":null},"tiered_pricing_minimum_quantity":1000,"tiered_pricing_roles_data":[],"tiered_pricing_percentage_rules":[],"tiered_pricing_maximum_quantity":null,"tiered_pricing_quantity_step":"10","_links":{"self":[{"href":"https:\/\/ricovape.com\/pl\/wp-json\/wp\/v2\/product\/137790","targetHints":{"allow":["GET"]}}],"collection":[{"href":"https:\/\/ricovape.com\/pl\/wp-json\/wp\/v2\/product"}],"about":[{"href":"https:\/\/ricovape.com\/pl\/wp-json\/wp\/v2\/types\/product"}],"replies":[{"embeddable":true,"href":"https:\/\/ricovape.com\/pl\/wp-json\/wp\/v2\/comments?post=137790"}],"wp:featuredmedia":[{"embeddable":true,"href":"https:\/\/ricovape.com\/pl\/wp-json\/wp\/v2\/media\/124687"}],"wp:attachment":[{"href":"https:\/\/ricovape.com\/pl\/wp-json\/wp\/v2\/media?parent=137790"}],"wp:term":[{"taxonomy":"product_brand","embeddable":true,"href":"https:\/\/ricovape.com\/pl\/wp-json\/wp\/v2\/product_brand?post=137790"},{"taxonomy":"product_cat","embeddable":true,"href":"https:\/\/ricovape.com\/pl\/wp-json\/wp\/v2\/product_cat?post=137790"},{"taxonomy":"product_tag","embeddable":true,"href":"https:\/\/ricovape.com\/pl\/wp-json\/wp\/v2\/product_tag?post=137790"}],"curies":[{"name":"wp","href":"https:\/\/api.w.org\/{rel}","templated":true}]}}