{"id":137204,"date":"2026-04-17T07:39:59","date_gmt":"2026-04-17T07:39:59","guid":{"rendered":"https:\/\/ricovape.com\/product\/bang-vape-rocket-18000-puffs-wyswietlacz-led-0-5-nikotyny-jednorazowy-waporyzator-luzem\/"},"modified":"2026-04-18T03:26:56","modified_gmt":"2026-04-18T03:26:56","slug":"bang-vape-rocket-18000","status":"publish","type":"product","link":"https:\/\/ricovape.com\/pl\/produkt\/bang-vape-rocket-18000\/","title":{"rendered":"Bang Vape Rocket 18000 Puffs | Wy\u015bwietlacz LED, 0% -5% nikotyny, jednorazowy waporyzator luzem"},"content":{"rendered":"<h2>Bang Vape Rocket 18000 Puffs<\/h2>\n<p><strong>Bang Vape Rocket 18000 Puffs<\/strong> to jednorazowy waporyzator z wy\u015bwietlaczem LED, stworzony dla sprzedawc\u00f3w detalicznych i odbiorc\u00f3w hurtowych, kt\u00f3rzy chc\u0105 praktycznej, \u0142atwej do wyja\u015bnienia strony produktu. \u0141\u0105czy w sobie 18 000 zaci\u0105gni\u0119\u0107, pojemno\u015b\u0107 26mL i wy\u015bwietlacz LED, aby zapewni\u0107 klientom urz\u0105dzenie o wyra\u017aniejszym umiejscowieniu i atrakcyjniejszym wygl\u0105dzie na p\u00f3\u0142ce.<\/p>\n<h2>Dlaczego warto wybra\u0107 ten produkt<\/h2>\n<ul>\n<li><strong>Do 18 000 zaci\u0105gni\u0119\u0107<\/strong> dla trwalszego urz\u0105dzenia, kt\u00f3re mo\u017cna \u0142atwo pozycjonowa\u0107 w katalogach hurtowych.<\/li>\n<li><strong>Pojemno\u015b\u0107 e-liquidu 26mL<\/strong> umo\u017cliwiaj\u0105ca d\u0142u\u017csze u\u017cytkowanie i mniejsz\u0105 liczb\u0119 zmian urz\u0105dzenia.<\/li>\n<li><strong>Wy\u015bwietlacz LED<\/strong>, dzi\u0119ki kt\u00f3remu na pierwszy rzut oka \u0142atwiej jest zrozumie\u0107 stan baterii lub e-p\u0142ynu.<\/li>\n<li><strong>650mAh, \u0142adowanie typu C<\/strong>, aby urz\u0105dzenie by\u0142o praktyczne w przypadku wielokrotnego, codziennego u\u017cytku.<\/li>\n<li><strong>Opcje nikotyny 0%\u20135%<\/strong>, aby dopasowa\u0107 si\u0119 do r\u00f3\u017cnych wymaga\u0144 rynku i klient\u00f3w.<\/li>\n<li><strong>Przyjazne dla sprzeda\u017cy pozycjonowanie<\/strong> dla sklep\u00f3w z e-papierosami, dystrybutor\u00f3w i program\u00f3w zam\u00f3wie\u0144 hurtowych.<\/li>\n<\/ul>\n<h2>Specyfikacje<\/h2>\n<table>\n<tr>\n<td><strong>Nazwa produktu<\/strong><\/td>\n<td>Bang Vape Rocket 18000 Puffs<\/td>\n<\/tr>\n<tr>\n<td><strong>Liczba zaci\u0105gni\u0119\u0107<\/strong><\/td>\n<td>Do 18 000 zaci\u0105gni\u0119\u0107<\/td>\n<\/tr>\n<tr>\n<td><strong>Pojemno\u015b\u0107 e-p\u0142ynu<\/strong><\/td>\n<td>26mL<\/td>\n<\/tr>\n<tr>\n<td><strong>Bateria<\/strong><\/td>\n<td>650mAh<\/td>\n<\/tr>\n<tr>\n<td><strong>Si\u0142a nikotyny<\/strong><\/td>\n<td>0%-5%<\/td>\n<\/tr>\n<tr>\n<td><strong>\u0141adowanie<\/strong><\/td>\n<td>\u0141adowanie typu C<\/td>\n<\/tr>\n<tr>\n<td><strong>Wy\u015bwietlacz<\/strong><\/td>\n<td>Wy\u015bwietlacz LED<\/td>\n<\/tr>\n<\/tbody>\n<\/table>\n<h2>Opcje smakowe<\/h2>\n<p>Bang Vape Rocket 18000 Puffs jest dost\u0119pny w 12 smakach, w tym Cheery Bomb: s\u0142odka, pikantna wi\u015bnia z orze\u017awiaj\u0105cym kopni\u0119ciem., Juicy Peach Ice: bujna brzoskwinia z ch\u0142odz\u0105cym, lodowym wyko\u0144czeniem., Owoce tropikalne: \u017cywa mieszanka egzotycznych aromat\u00f3w tropikalnych., L\u00f3d winogronowy: s\u0142odkie winogrona z orze\u017awiaj\u0105cym mrozem..<\/p>\n<ul>\n<li>Weso\u0142a bomba: s\u0142odka, pikantna wi\u015bnia z orze\u017awiaj\u0105cym kopni\u0119ciem.<\/li>\n<li>Juicy Peach Ice: bujna brzoskwinia z ch\u0142odz\u0105cym, lodowatym wyko\u0144czeniem.<\/li>\n<li>Owoce tropikalne: \u017cywa mieszanka egzotycznych aromat\u00f3w tropikalnych.<\/li>\n<li>L\u00f3d winogronowy: s\u0142odkie winogrona z orze\u017awiaj\u0105cym mrozem.<\/li>\n<li>Peach Mango: tropikalna fuzja soczystej brzoskwini i mango.<\/li>\n<li>Truskawkowy Banan: Klasyczna mieszanka dojrza\u0142ych truskawek i kremowego banana.<\/li>\n<li>Truskawkowe Mango: s\u0142odka truskawka w po\u0142\u0105czeniu z tropikalnym mango.<\/li>\n<li>Triple Berry Ice: trzy jagody z orze\u017awiaj\u0105cym lodowym wyko\u0144czeniem.<\/li>\n<li>Truskawkowy arbuz: s\u0142odka, owocowa fuzja truskawek i arbuza.<\/li>\n<li>L\u00f3d arbuzowy: czysty arbuz z nut\u0105 mentolu.<\/li>\n<li>Blue Razz Ice: pikantna niebieska malina z fajnym akcentem.<\/li>\n<li>Sour Apple Ice: Tartowe zielone jab\u0142ko z orze\u017awiaj\u0105cym efektem lodowym.<\/li>\n<\/ul>\n<h2>Dopasowanie do sprzeda\u017cy detalicznej i hurtowej<\/h2>\n<p><strong>Bang Vape Rocket 18000 Puffs<\/strong> sprawdza si\u0119 najlepiej w przypadku sklep\u00f3w z waporyzatorami, dystrybutor\u00f3w i katalog\u00f3w sprzedawc\u00f3w, kt\u00f3rzy potrzebuj\u0105 strony produktu opartej na specyfikacji bez wype\u0142niaczy. Najsilniejsze punkty sprzeda\u017cy to format urz\u0105dzenia, g\u0142\u00f3wne cechy i \u0142atwiejsze hurtowe por\u00f3wnywanie podobnych SKU przez kupuj\u0105cych.<\/p>\n<h2>FAQ<\/h2>\n<h3>Ile zaci\u0105gni\u0119\u0107 oferuje Bang Vape Rocket 18000 Puffs?<\/h3>\n<p>Bang Vape Rocket 18000 Puffs ma do 18 000 zaci\u0105gni\u0119\u0107, w zale\u017cno\u015bci od stylu u\u017cytkowania i wybranej odmiany.<\/p>\n<h3>Czy Bang Vape Rocket 18000 Puffs akumulator?<\/h3>\n<p>Tak. Wykorzystuje 650mAh z \u0142adowaniem typu C, aby umo\u017cliwi\u0107 wielokrotne u\u017cycie a\u017c do wyczerpania e-liquidu.<\/p>\n<h3>Jakie s\u0105 dost\u0119pne moce nikotyny?<\/h3>\n<p>Ten produkt jest oferowany z opcjami nikotyny 0%-5%, w zale\u017cno\u015bci od wybranej odmiany i rynku docelowego.<\/p>\n<h3>Jakie funkcje wyr\u00f3\u017cniaj\u0105 Bang Vape Rocket 18000 Puffs?<\/h3>\n<p>Kluczowe zalety obejmuj\u0105 wy\u015bwietlacz LED, kt\u00f3ry u\u0142atwia obja\u015bnienie urz\u0105dzenia w sprzeda\u017cy detalicznej na p\u00f3\u0142kach i w katalogach dystrybutor\u00f3w.<\/p>\n<h3>Ile opcji smakowych jest dost\u0119pnych?<\/h3>\n<p>Na stronie znajduje si\u0119 lista 12 opcji smakowych, a dok\u0142adny wyb\u00f3r zale\u017cy od wybranej odmiany i aktualnego stanu magazynowego.<\/p>\n<h3>Czy Bang Vape Rocket 18000 Puffs nadaje si\u0119 do zam\u00f3wie\u0144 hurtowych?<\/h3>\n<p>Tak. Bang Vape Rocket 18000 Puffs jest przeznaczony dla sklep\u00f3w z waporyzatorami, sprzedawc\u00f3w i dystrybutor\u00f3w, kt\u00f3rzy chc\u0105 mie\u0107 przejrzyst\u0105 stron\u0119 produktu opart\u0105 na specyfikacji na potrzeby zam\u00f3wie\u0144 zbiorczych.<\/p>\n","protected":false},"excerpt":{"rendered":"<p>Bang Vape Rocket 18000 Puffs oferuje do 18 000 zaci\u0105gni\u0119\u0107, 26mL, 650mAh, wy\u015bwietlacz LED z opcjami 0%-5% nikotyny. Czysty wyb\u00f3r dla p\u00f3\u0142ek sklepowych, katalog\u00f3w dystrybutor\u00f3w i zam\u00f3wie\u0144 masowych jednorazowych vape.<\/p>\n","protected":false},"featured_media":124478,"comment_status":"open","ping_status":"closed","template":"","meta":[],"product_brand":[],"product_cat":[478,348,1026,1059,839,1416,1273,1306,1613,1484,1383,1520,1555,2179,1686,1650,1342,1450,1234,404,875,1096,911],"product_tag":[],"class_list":{"0":"post-137204","1":"product","2":"type-product","3":"status-publish","4":"has-post-thumbnail","6":"product_cat-18000-puffow-jednorazowy-vape","7":"product_cat-bang","8":"product_cat-cyfrowe-pude-ko-vape","9":"product_cat-inteligentne-waporyzatory-ekranowe","10":"product_cat-jednorazowe-typy-waporyzatorow","11":"product_cat-jednorazowe-vapes-na-wegrzech","12":"product_cat-jednorazowe-vapes-w-austrii","13":"product_cat-jednorazowe-vapes-w-belgii","14":"product_cat-jednorazowe-vapes-w-hiszpanii","15":"product_cat-jednorazowe-vapes-w-holandii","16":"product_cat-jednorazowe-vapes-w-niemczech","17":"product_cat-jednorazowe-vapes-w-norwegii","18":"product_cat-jednorazowe-vapes-w-polsce","19":"product_cat-jednorazowe-vapes-w-portugalii","20":"product_cat-jednorazowe-vapes-w-szwajcarii","21":"product_cat-jednorazowe-vapes-w-szwecji","22":"product_cat-jednorazowe-vapes-we-francji","23":"product_cat-jednorazowe-vapes-we-w-oszech","24":"product_cat-jednorazowe-waporyzatory-w-europie","25":"product_cat-rozne-zaciagniecia-jednorazowych-waporyzatorow","26":"product_cat-vape-big-puffs","27":"product_cat-vape-z-podwojna-siatka","28":"product_cat-waporyzatory-akumulatorowe","30":"first","31":"outofstock","32":"shipping-taxable","33":"purchasable","34":"product-type-variable","35":"has-default-attributes"},"jetpack_sharing_enabled":true,"tiered_pricing_type":"fixed","tiered_pricing_fixed_rules":{"2000":6},"tiered_pricing_product_settings":{"layout":"default","base_unit_name":{"singular":null,"plural":null},"default_variation":null},"tiered_pricing_minimum_quantity":1000,"tiered_pricing_roles_data":[],"tiered_pricing_percentage_rules":[],"tiered_pricing_maximum_quantity":null,"tiered_pricing_quantity_step":"10","_links":{"self":[{"href":"https:\/\/ricovape.com\/pl\/wp-json\/wp\/v2\/product\/137204","targetHints":{"allow":["GET"]}}],"collection":[{"href":"https:\/\/ricovape.com\/pl\/wp-json\/wp\/v2\/product"}],"about":[{"href":"https:\/\/ricovape.com\/pl\/wp-json\/wp\/v2\/types\/product"}],"replies":[{"embeddable":true,"href":"https:\/\/ricovape.com\/pl\/wp-json\/wp\/v2\/comments?post=137204"}],"wp:featuredmedia":[{"embeddable":true,"href":"https:\/\/ricovape.com\/pl\/wp-json\/wp\/v2\/media\/124478"}],"wp:attachment":[{"href":"https:\/\/ricovape.com\/pl\/wp-json\/wp\/v2\/media?parent=137204"}],"wp:term":[{"taxonomy":"product_brand","embeddable":true,"href":"https:\/\/ricovape.com\/pl\/wp-json\/wp\/v2\/product_brand?post=137204"},{"taxonomy":"product_cat","embeddable":true,"href":"https:\/\/ricovape.com\/pl\/wp-json\/wp\/v2\/product_cat?post=137204"},{"taxonomy":"product_tag","embeddable":true,"href":"https:\/\/ricovape.com\/pl\/wp-json\/wp\/v2\/product_tag?post=137204"}],"curies":[{"name":"wp","href":"https:\/\/api.w.org\/{rel}","templated":true}]}}