{"id":9890,"date":"2026-03-25T02:54:13","date_gmt":"2026-03-25T02:54:13","guid":{"rendered":"https:\/\/stage.jrfer.com\/product\/waspe-barra-60k-60000-sbuffi-lunga-durata-16-opzioni-di-sapore-vaporizzatore-monouso-sfuso\/"},"modified":"2026-04-09T12:41:12","modified_gmt":"2026-04-09T12:41:12","slug":"waspe-bar-60k-60000-puffs-long-lasting-16-flavor-options-bulk-disposable-vape","status":"publish","type":"product","link":"https:\/\/ricovape.com\/it\/prodotto\/waspe-bar-60k-60000-puffs-long-lasting-16-flavor-options-bulk-disposable-vape\/","title":{"rendered":"WASPE Barra 60K | 60000 sbuffi, lunga durata, 16 opzioni di sapore, vaporizzatore monouso sfuso"},"content":{"rendered":"<p><img data-recalc-dims=\"1\" decoding=\"async\" class=\"alignnone size-full wp-image-114648\" src=\"https:\/\/i0.wp.com\/aiviouvapes.com\/wp-content\/uploads\/2026\/03\/WASPE-Bar-60K-Puffs-25.jpg?resize=1643%2C1920&#038;ssl=1\" alt=\"WASPE Bar 60K Puffs\" width=\"1643\" height=\"1920\" title=\"\"><\/p>\n<h3>Perch\u00e9 scegliere WASPE Bar 60K?<\/h3>\n<ul>\n<li>\ud83d\udca8 <strong>Fino a 60000 erogazioni<\/strong> per un uso duraturo e un miglior rapporto qualit\u00e0\/prezzo<\/li>\n<li>\ud83c\udf53 <strong>16 gusti popolari di frutta e ghiaccio<\/strong> per soddisfare i diversi gusti dei clienti<\/li>\n<li>\ud83e\uddca Esperienza aromatica morbida e piacevole per lo svapo quotidiano<\/li>\n<li>\ud83d\udd0b Progettato per utenti pesanti che desiderano un dispositivo usa e getta a lungo termine<\/li>\n<li>\ud83c\udf0d Disponibile in <strong>0%, 2% e 5% di nicotina<\/strong> per le diverse esigenze del mercato<\/li>\n<li>\ud83d\udce6 <strong>160 pezzi per cartone<\/strong> e <strong>10 pezzi per scatola<\/strong>, ideali per ordini all&#8217;ingrosso<\/li>\n<li>\ud83c\udfea Ottimo per negozi di vaporizzatori, distributori, importatori e venditori di vaporizzatori online<\/li>\n<li>\ud83d\ude80 Prodotto potente e ad alto sbuffo per creare un&#8217;attraente linea di vaporizzatori usa e getta<\/li>\n<\/ul>\n<h3>Dettagli vaporizzatore usa e getta WASPE Bar 60K<\/h3>\n<p>Il <strong>vape usa e getta WASPE Bar 60K Puffs<\/strong> \u00e8 un dispositivo ad alta capacit\u00e0 creato per i clienti che desiderano pi\u00f9 boccate, pi\u00f9 sapore e pi\u00f9 praticit\u00e0 in un unico prodotto. \u00c8 un&#8217;ottima opzione per i mercati che richiedono vaporizzatori usa e getta di lunga durata con scelte di sapori accattivanti e concentrazioni di nicotina flessibili.<\/p>\n<p>Per gli acquirenti B2B, WASPE Bar 60K \u00e8 un prodotto facile da aggiungere a un catalogo all&#8217;ingrosso. La capacit\u00e0 di 60000 boccate lo aiuta a distinguersi nel competitivo mercato dei vaporizzatori usa e getta, mentre la selezione di sapori comprende profili fruttati, ghiacciati, dolci e misti apprezzati da molti consumatori. Ci\u00f2 rende pi\u00f9 semplice per i distributori e i negozi di svapo rivolgersi sia ai vapers di tutti i giorni che ai clienti alla ricerca di una nuova e audace esperienza di sapore. \u2728<\/p>\n<h3>Specifiche WASPE Bar 60K<\/h3>\n<tr>\n<th>Nome prodotto<\/th>\n<td>Buff WASPE Bar 60K<\/td>\n<\/tr>\n<tr>\n<th>Tipo di dispositivo<\/th>\n<td>Dispositivo di vaporizzazione usa e getta<\/td>\n<\/tr>\n<tr>\n<th>Conteggio dei soffi<\/th>\n<td>60000 bign\u00e8<\/td>\n<\/tr>\n<tr>\n<th>Potenza della nicotina<\/th>\n<td>0%\/2%\/5%<\/td>\n<\/tr>\n<tr>\n<th>Opzioni di sapore<\/th>\n<td>16 gusti<\/td>\n<\/tr>\n<tr>\n<th>Imballaggio<\/th>\n<td>10 pezzi\/scatola<\/td>\n<\/tr>\n<tr>\n<th>Quantit\u00e0 di cartone<\/th>\n<td>160 pezzi\/ctn<\/td>\n<\/tr>\n<tr>\n<th>Peso lordo<\/th>\n<td>20,8 kg<\/td>\n<\/tr>\n<tr>\n<th>Target acquirenti<\/th>\n<td>Grossisti, distributori, negozi di svapo, rivenditori<\/td>\n<\/tr>\n<h3>WASPE Bar 60K Gusti \ud83c\udf4d\ud83c\udf47\ud83c\udf49<\/h3>\n<p><strong>Ghiaccio Di Anguria<\/strong> \u2013 Un gusto succoso di anguria con un finale ghiacciato, fresco e facile da gustare.<\/p>\n<p><strong>Ghiaccio Al Mirtillo<\/strong> \u2013 Il dolce sapore di mirtillo mescolato con un tocco frizzante e rinfrescante.<\/p>\n<p><strong>Ghiaccio all&#8217;uva<\/strong> \u2013 Ricca dolcezza dell&#8217;uva con una rinfrescante nota di ghiaccio.<\/p>\n<p><strong>Limone Limone<\/strong> \u2013 Sapore di agrumi brillante con un gusto piccante e vivace.<\/p>\n<p><strong>Banana alla fragola<\/strong> \u2013 Una miscela di frutta morbida e dolce amata da molti utenti di vaporizzatori.<\/p>\n<p><strong>Frutti di bosco misti<\/strong> \u2013 Un audace mix di frutti di bosco con note dolci e aspre stratificate.<\/p>\n<p><strong>Red Bull ghiaccio<\/strong> \u2013 Un gusto ispirato alle bevande energetiche con un finale fresco per un sapore pi\u00f9 forte.<\/p>\n<p><strong>Kiwi Anguria<\/strong>: un mix equilibrato di succosa anguria e piccante kiwi.<\/p>\n<p><strong>Anguria fragola<\/strong>: una combinazione di frutta dolce e rinfrescante che piace molto ai clienti.<\/p>\n<p><strong>Mirtillo Lampone Ciliegia<\/strong> \u2013 Un ricco profilo di tre frutti di bosco con profonda dolcezza e complessit\u00e0 fruttata.<\/p>\n<p><strong>Ribes nero alla mora<\/strong> \u2013 Sapore di frutti di bosco scuri con un finale audace e leggermente piccante.<\/p>\n<p><strong>Ghiaccio del drago nero alla fragola<\/strong> \u2013 Una speciale miscela di frutta con fragola dolce e un tocco esotico e fresco.<\/p>\n<p><strong>Kiwi alla fragola<\/strong> \u2013 Una classica combinazione di frutta con equilibrio dolce e piccante.<\/p>\n<p><strong>Cola alla ciliegia blu<\/strong> \u2013 Un mix divertente e unico di gusti ispirati ai frutti di bosco, alla ciliegia e alla cola.<\/p>\n<p><strong>Ghiaccio Di Melone Kiwi<\/strong> \u2013 Una miscela fresca di melone con la luminosit\u00e0 del kiwi e la morbidezza ghiacciata.<\/p>\n<p><strong>Ananas Pesca Mango<\/strong> \u2013 Un mix di frutti tropicali dal sapore dolce, succoso e solare. \ud83c\udf34<\/p>\n<\/p>\n<h3>Domande frequenti su WASPE Bar 60K \u2753<\/h3>\n<h4>1. Quante boccate offre la WASPE Bar 60K?<\/h4>\n<p>WASPE Bar 60K offre fino a <strong>60000 boccate<\/strong>, rendendola un&#8217;ottima scelta per gli utenti che desiderano uno svapo usa e getta di lunga durata.<\/p>\n<h4>2. Quali concentrazioni di nicotina sono disponibili?<\/h4>\n<p>Questo dispositivo \u00e8 disponibile con <strong>0%, 2% e 5% di nicotina<\/strong>, quindi pu\u00f2 soddisfare le diverse preferenze dei clienti e le richieste del mercato.<\/p>\n<h4>3. Quanti gusti ha questo modello?<\/h4>\n<p>La WASPE Bar 60K \u00e8 disponibile in <strong>16 opzioni di gusti<\/strong>, inclusi gusti di frutta, ghiaccio, frutti di bosco, tropicali e ispirati alle bevande.<\/p>\n<h4>4. WASPE Bar 60K \u00e8 adatto alla vendita all&#8217;ingrosso?<\/h4>\n<p>S\u00ec. Con <strong>10 pezzi per scatola<\/strong> e <strong>160 pezzi per cartone<\/strong>, \u00e8 molto adatto per grossisti, distributori e negozi di vaporizzatori che cercano forniture di vaporizzatori usa e getta in grandi quantit\u00e0.<\/p>\n<h4>5. Per chi \u00e8 pi\u00f9 adatto questo prodotto?<\/h4>\n<p>Questo prodotto \u00e8 ideale per i consumatori abituali, gli amanti dei sapori, i rivenditori di vaporizzatori usa e getta e gli acquirenti B2B che desiderano un modello ad alto tiro con un ampio potenziale di vendita.<\/p>\n<h4>6. Perch\u00e9 WASPE Bar 60K \u00e8 attraente per i negozi di svapo?<\/h4>\n<p>Combina un numero di boccate molto elevato, scelte flessibili di nicotina e aromi popolari in un unico dispositivo, il che aiuta i negozi di vaporizzatori a offrire una selezione di prodotti pi\u00f9 competitiva e attraente.<\/p>\n<h3>Panoramica WASPE Bar 60K<\/h3>\n<p><strong>Il vaporizzatore usa e getta WASPE Bar 60K<\/strong> \u00e8 un&#8217;ottima opzione per gli <strong>consumatori assidui<\/strong> che desiderano un uso prolungato, per i <strong>cacciatori di sapori<\/strong> che amano miscele fruttate e ghiacciate e per <strong>negozi di vaporizzatori e distributori all&#8217;ingrosso<\/strong> alla ricerca di un prodotto di vaporizzazione usa e getta molto richiesto. Con un massimo di 60.000 boccate, livelli di nicotina flessibili e confezioni pronte per la vendita all&#8217;ingrosso, questo modello \u00e8 costruito per supportare sia il successo della vendita al dettaglio che la crescita della distribuzione all&#8217;ingrosso. \ud83d\udcc8<\/p>\n","protected":false},"excerpt":{"rendered":"<p>Goditi il \u200b\u200bpotente <strong>vape usa e getta WASPE Bar 60K<\/strong> con un massimo di <strong>60000 boccate<\/strong>, ricchi gusti di frutta e ghiaccio e opzioni flessibili <strong>0% \/ 2% \/ 5% di nicotina<\/strong>. Una scelta intelligente per grossisti, distributori e consumatori abituali di vaporizzatori che cercano un vaporizzatore usa e getta ad alto volume con un forte appeal sul mercato. \ud83d\ude80<\/p>\n","protected":false},"featured_media":7064,"comment_status":"open","ping_status":"closed","template":"","meta":[],"product_brand":[],"product_cat":[1924,696,392],"product_tag":[],"class_list":{"0":"post-9890","1":"product","2":"type-product","3":"status-publish","4":"has-post-thumbnail","6":"product_cat-nuovo","7":"product_cat-vape-usa-e-getta-da-60000-soffi","8":"product_cat-waspe","10":"first","11":"instock","12":"shipping-taxable","13":"purchasable","14":"product-type-variable","15":"has-default-attributes"},"jetpack_sharing_enabled":true,"tiered_pricing_type":"fixed","tiered_pricing_fixed_rules":{"30":8.3599999999999994315658113919198513031005859375,"50":7.12999999999999989341858963598497211933135986328125,"100":6.589999999999999857891452847979962825775146484375,"200":6.29000000000000003552713678800500929355621337890625,"400":5.9900000000000002131628207280300557613372802734375},"tiered_pricing_product_settings":{"layout":"default","base_unit_name":{"singular":null,"plural":null},"default_variation":null},"tiered_pricing_minimum_quantity":10,"tiered_pricing_roles_data":[],"tiered_pricing_percentage_rules":[],"tiered_pricing_maximum_quantity":null,"tiered_pricing_quantity_step":"10","_links":{"self":[{"href":"https:\/\/ricovape.com\/it\/wp-json\/wp\/v2\/product\/9890","targetHints":{"allow":["GET"]}}],"collection":[{"href":"https:\/\/ricovape.com\/it\/wp-json\/wp\/v2\/product"}],"about":[{"href":"https:\/\/ricovape.com\/it\/wp-json\/wp\/v2\/types\/product"}],"replies":[{"embeddable":true,"href":"https:\/\/ricovape.com\/it\/wp-json\/wp\/v2\/comments?post=9890"}],"wp:featuredmedia":[{"embeddable":true,"href":"https:\/\/ricovape.com\/it\/wp-json\/wp\/v2\/media\/7064"}],"wp:attachment":[{"href":"https:\/\/ricovape.com\/it\/wp-json\/wp\/v2\/media?parent=9890"}],"wp:term":[{"taxonomy":"product_brand","embeddable":true,"href":"https:\/\/ricovape.com\/it\/wp-json\/wp\/v2\/product_brand?post=9890"},{"taxonomy":"product_cat","embeddable":true,"href":"https:\/\/ricovape.com\/it\/wp-json\/wp\/v2\/product_cat?post=9890"},{"taxonomy":"product_tag","embeddable":true,"href":"https:\/\/ricovape.com\/it\/wp-json\/wp\/v2\/product_tag?post=9890"}],"curies":[{"name":"wp","href":"https:\/\/api.w.org\/{rel}","templated":true}]}}