{"id":9588,"date":"2026-03-25T02:54:13","date_gmt":"2026-03-25T02:54:13","guid":{"rendered":"https:\/\/stage.jrfer.com\/product\/happ-bar-gr100k-pro-100000-sbuffi-56-ml-bobina-a-rete-15-gusti-vaporizzatore-monouso-sfuso\/"},"modified":"2026-04-07T10:46:09","modified_gmt":"2026-04-07T10:46:09","slug":"happ-bar-gr100k-pro-100000-puffs-56ml-mesh-coil-15-flavors-bulk-disposable-vape","status":"publish","type":"product","link":"https:\/\/ricovape.com\/it\/prodotto\/happ-bar-gr100k-pro-100000-puffs-56ml-mesh-coil-15-flavors-bulk-disposable-vape\/","title":{"rendered":"Happ Bar GR100K Pro | 100000 sbuffi, 56 ml, bobina a rete, 15 gusti, vaporizzatore monouso sfuso"},"content":{"rendered":"<h2>Ti presentiamo l&#8217;Happ Bar GR100K Pro \ud83d\udd25<\/h2>\n<p>Cerchi un vaporizzatore usa e getta che continui a funzionare? L&#8217;<strong>Happ Bar GR100K Pro<\/strong> eroga fino a <strong>100000 boccate<\/strong> con un&#8217;enorme capacit\u00e0 di <strong>56 ml<\/strong> di e-liquid, il tutto racchiuso in un design elegante e accattivante. \u00c8 il dispositivo pi\u00f9 recente e potente della serie Happ Bar GR, realizzato per i vapers che non vogliono continuare a sostituire il proprio dispositivo e un&#8217;aggiunta intelligente per negozi e acquirenti all&#8217;ingrosso alla ricerca di un prodotto molto richiesto.<\/p>\n<h2>Perch\u00e9 scegliere Happ Bar GR100K Pro? \u2705<\/h2>\n<ul>\n<li><strong>Fino a 100.000 boccate<\/strong> per uno svapo di lunga durata: meno sostituzioni, pi\u00f9 divertimento \ud83d\udd25<\/li>\n<li><strong>Capacit\u00e0 dell&#8217;e-liquid da 56 ml<\/strong> per poter svapare per settimane senza rimanere senza<\/li>\n<li><strong>Bobina a rete da 1,0 \u03a9<\/strong> per un vapore morbido, consistente e saporito ogni volta \u2601\ufe0f<\/li>\n<li><strong>Batteria ricaricabile da 650 mAh<\/strong> con ricarica di tipo C per accensioni rapide \u26a1<\/li>\n<li><strong>15 gusti deliziosi<\/strong> che vanno dal fruttato al ghiacciato fino alle miscele classiche \ud83c\udf53<\/li>\n<li><strong>Opzioni di nicotina: 2% e 5%<\/strong> per adattarsi a diversi mercati e preferenze<\/li>\n<li><strong>Design iconico della serie GR<\/strong>: aggiornato rispetto ai popolari modelli GR30K e GR50K<\/li>\n<li><strong>Ottimo per negozi e vendita all&#8217;ingrosso<\/strong>: categoria molto richiesta da 100.000 puff in rapida evoluzione \ud83d\udce6<\/li>\n<\/ul>\n<h2>Specifiche Happ Bar GR100K Pro \ud83d\udccc<\/h2>\n<tr>\n<td><strong>Nome del prodotto<\/strong><\/td>\n<td>Vape usa e getta Happ Bar GR100K Pro<\/td>\n<\/tr>\n<tr>\n<td><strong>Max Puff<\/strong><\/td>\n<td>Fino a 100000 sbuffi<\/td>\n<\/tr>\n<tr>\n<td><strong>Capacit\u00e0 dell&#8217;e-liquid<\/strong><\/td>\n<td>56 ml<\/td>\n<\/tr>\n<tr>\n<td><strong>Bobina<\/strong><\/td>\n<td>Bobina a rete 1,0\u03a9<\/td>\n<\/tr>\n<tr>\n<td><strong>Potenza della nicotina<\/strong><\/td>\n<td>2%\/5%<\/td>\n<\/tr>\n<tr>\n<td><strong>Batteria<\/strong><\/td>\n<td>650 mAh<\/td>\n<\/tr>\n<tr>\n<td><strong>Ricarica<\/strong><\/td>\n<td>USB tipo C ricaricabile<\/td>\n<\/tr>\n<h2>Elenco sapori Happ Bar GR100K Pro \ud83c\udf53\ud83c\udf49\ud83e\uddca<\/h2>\n<p>Il GR100K Pro \u00e8 disponibile in <strong>15 gusti sorprendenti<\/strong>, dalla rinfrescante frutta ghiacciata alle dolci miscele ispirate alle caramelle. Ce n&#8217;\u00e8 per tutti i gusti!<\/p>\n<ul>\n<li><strong>Ghiaccio al cocco e melone<\/strong>: il cremoso cocco incontra il dolce melone con un finale fresco \ud83e\udd65\ud83c\udf48<\/li>\n<li><strong>Limonata rosa<\/strong>: limonata rosa dolce e piccante, brillante e rinfrescante \ud83c\udf4b\ud83d\udc97<\/li>\n<li><strong>Grandine al limone<\/strong>: limone piccante con un&#8217;esplosione ghiacciata \ud83c\udf4b\ud83e\uddca<\/li>\n<li><strong>San Francesco<\/strong>: una miscela unica di arancia, limone e pesca \ud83c\udf4a\ud83c\udf51<\/li>\n<li><strong>Ghiaccio Di Frutta Tropicale<\/strong>: frutti tropicali esotici con un tocco di freschezza \ud83c\udf34\u2744\ufe0f<\/li>\n<li><strong>Montagna Blu<\/strong>: menta fresca mescolata con bacche rosse \ud83e\uded0\ud83e\uddca<\/li>\n<li><strong>Amore 66<\/strong>: un sapore dolce e misterioso ispirato alle caramelle \ud83d\udc9c<\/li>\n<li><strong>Kiwi alla fragola<\/strong>: classica combinazione di fragole e kiwi, fresca e fruttata \ud83c\udf53\ud83e\udd5d<\/li>\n<li><strong>Ghiaccio Di Anguria<\/strong>: anguria succosa con un finale ghiacciato \ud83c\udf49\u2744\ufe0f<\/li>\n<li><strong>Ghiaccio alla fragola del drago nero<\/strong>: l&#8217;audace frutto del drago incontra la dolce fragola con ghiaccio \ud83d\udc09\ud83c\udf53<\/li>\n<li><strong>Anguria Fragola<\/strong> \u2014 dolce duo fragola e anguria \ud83c\udf53\ud83c\udf49<\/li>\n<li><strong>Il signor Blu<\/strong>: un fantastico classico al lampone blu \ud83d\udc99<\/li>\n<li><strong>Grandine di pesca<\/strong>: pesca matura con una tempesta di ghiaccio \ud83c\udf51\ud83e\uddca<\/li>\n<li><strong>Sogno d&#8217;estate<\/strong>: una miscela estiva morbida e fruttata \ud83c\udf1e<\/li>\n<li><strong>Ghiaccio Alla Fragola Blu<\/strong>: mirtillo e fragola con un tocco cool \ud83e\uded0\ud83c\udf53\u2744\ufe0f<\/li>\n<\/ul>\n<h2>Made for Retail + Wholesale Success \ud83c\udfea\ud83d\udce6<\/h2>\n<p>L&#8217;<strong>Happ Bar GR100K Pro<\/strong> \u00e8 perfetto per i <strong>vapers accaniti<\/strong> che desiderano un dispositivo che duri, gli <strong>amanti dei sapori<\/strong> che amano la variet\u00e0 con 15 opzioni e i <strong>negozi di vaporizzatori<\/strong> che cercano un appeal premium sullo scaffale con l&#8217;iconico design della serie GR. Per <strong>distributori e grossisti<\/strong>, la categoria da 100.000 sbuffi \u00e8 uno dei segmenti in pi\u00f9 rapida crescita: questo dispositivo soddisfa tutti i requisiti con il suo elevato numero di sbuffi, la generosa capacit\u00e0 di e-liquid e un&#8217;ampia gamma di gusti.<\/p>\n<h2>Domande frequenti su Happ Bar GR100K Pro \u2753<\/h2>\n<h3>Quanti tiri d\u00e0 l&#8217;Happ Bar GR100K Pro?<\/h3>\n<p>Eroga fino a <strong>100000 boccate<\/strong>, rendendolo uno dei vaporizzatori usa e getta di pi\u00f9 lunga durata disponibili. \ud83d\udd25<\/p>\n<h3>L&#8217;Happ Bar GR100K Pro \u00e8 ricaricabile?<\/h3>\n<p>S\u00ec! Ha una batteria da <strong>650mAh<\/strong> con ricarica <strong>USB Type-C<\/strong> per ricariche facili e veloci. \u26a1<\/p>\n<h3>Quali concentrazioni di nicotina sono disponibili?<\/h3>\n<p>\u00c8 disponibile in concentrazioni di nicotina del <strong>2%<\/strong> e del <strong>5%<\/strong> per soddisfare le diverse preferenze e normative del mercato.<\/p>\n<h3>Che bobina utilizza il GR100K Pro?<\/h3>\n<p>Utilizza una <strong>bobina a rete da 1,0 \u03a9<\/strong> per una produzione di vapore fluida, uniforme e saporita. \u2601\ufe0f<\/p>\n<h3>Quanto e-liquid c&#8217;\u00e8 dentro?<\/h3>\n<p>\u00c8 preriempito con <strong>56 ml<\/strong> di e-liquid premium per un tempo di svapo prolungato.<\/p>\n<h3>Quanti gusti sono disponibili?<\/h3>\n<p>Ci sono <strong>15 gusti<\/strong> tra cui scegliere, tra cui opzioni fruttate, ghiacciate, caramelle e tropicali. \ud83c\udf53<\/p>\n<h3>Va bene per i negozi di vaporizzatori e gli ordini all&#8217;ingrosso?<\/h3>\n<p>Assolutamente. La categoria puff da 100.000 \u00e8 estremamente popolare e la serie GR ha un forte riconoscimento del marchio, rendendola un&#8217;ottima scelta per gli <strong>scaffali al dettaglio<\/strong> e la <strong>distribuzione all&#8217;ingrosso<\/strong>. \ud83d\udce6<\/p>\n","protected":false},"excerpt":{"rendered":"<p>Vape usa e getta Happ Bar GR100K Pro con 100000 sbuffi, e-liquid da 56 ml, bobina a rete e ricarica di tipo C. 15 gusti audaci tra cui scegliere, perfetti per gli acquirenti al dettaglio e all&#8217;ingrosso. \u2728<\/p>\n","protected":false},"featured_media":8493,"comment_status":"open","ping_status":"closed","template":"","meta":[],"product_brand":[],"product_cat":[867,1993,1155,1924,904,764,1229,1976,1191],"product_tag":[821,1733,1786,1628,605,1812,852,1760],"class_list":{"0":"post-9588","1":"product","2":"type-product","3":"status-publish","4":"has-post-thumbnail","6":"product_cat-grandi-sbuffi-vape","7":"product_cat-happ-bar","8":"product_cat-i-migliori-vaporizzatori-usa-e-getta","9":"product_cat-nuovo","10":"product_cat-vape-ricaricabili","11":"product_cat-vape-usa-e-getta-da-100k-sbuffi","12":"product_cat-vape-usa-e-getta-in-europa","13":"product_cat-vaporizzatori-usa-e-getta-disponibili-nel-magazzino-ue","14":"product_cat-vaporizzatori-usa-e-getta-ricaricabili-economici","15":"product_tag-100000-sbuffi-di-vaporizzazione-all-ingrosso","16":"product_tag-happ-bar","17":"product_tag-happ-bar-gr100k-pro","18":"product_tag-svapo-da-100mila-boccate","19":"product_tag-vape-usa-e-getta-da-100000-soffi","20":"product_tag-vaporizzatore-monouso-ricaricabile-da-100000-puff","21":"product_tag-vaporizzatore-usa-e-getta-da-100k","22":"product_tag-vaporizzatore-usa-e-getta-happ-bar","24":"first","25":"instock","26":"shipping-taxable","27":"purchasable","28":"product-type-variable","29":"has-default-attributes"},"jetpack_sharing_enabled":true,"tiered_pricing_type":"fixed","tiered_pricing_fixed_rules":{"100":7.38999999999999968025576890795491635799407958984375,"200":6.87000000000000010658141036401502788066864013671875,"400":6.61000000000000031974423109204508364200592041015625},"tiered_pricing_product_settings":{"layout":"default","base_unit_name":{"singular":null,"plural":null},"default_variation":null},"tiered_pricing_minimum_quantity":50,"tiered_pricing_roles_data":[],"tiered_pricing_percentage_rules":[],"tiered_pricing_maximum_quantity":null,"tiered_pricing_quantity_step":"10","_links":{"self":[{"href":"https:\/\/ricovape.com\/it\/wp-json\/wp\/v2\/product\/9588","targetHints":{"allow":["GET"]}}],"collection":[{"href":"https:\/\/ricovape.com\/it\/wp-json\/wp\/v2\/product"}],"about":[{"href":"https:\/\/ricovape.com\/it\/wp-json\/wp\/v2\/types\/product"}],"replies":[{"embeddable":true,"href":"https:\/\/ricovape.com\/it\/wp-json\/wp\/v2\/comments?post=9588"}],"wp:featuredmedia":[{"embeddable":true,"href":"https:\/\/ricovape.com\/it\/wp-json\/wp\/v2\/media\/8493"}],"wp:attachment":[{"href":"https:\/\/ricovape.com\/it\/wp-json\/wp\/v2\/media?parent=9588"}],"wp:term":[{"taxonomy":"product_brand","embeddable":true,"href":"https:\/\/ricovape.com\/it\/wp-json\/wp\/v2\/product_brand?post=9588"},{"taxonomy":"product_cat","embeddable":true,"href":"https:\/\/ricovape.com\/it\/wp-json\/wp\/v2\/product_cat?post=9588"},{"taxonomy":"product_tag","embeddable":true,"href":"https:\/\/ricovape.com\/it\/wp-json\/wp\/v2\/product_tag?post=9588"}],"curies":[{"name":"wp","href":"https:\/\/api.w.org\/{rel}","templated":true}]}}