{"id":6521,"date":"2025-11-03T07:33:55","date_gmt":"2025-11-03T07:33:55","guid":{"rendered":"https:\/\/ricovape.com\/?post_type=product&#038;p=6521"},"modified":"2026-03-24T02:06:12","modified_gmt":"2026-03-24T02:06:12","slug":"bang-legend-150k-6-in-1-150000-puffs","status":"publish","type":"product","link":"https:\/\/ricovape.com\/it\/product\/bang-legend-150k-6-in-1-150000-puffs\/","title":{"rendered":"Bang Legend 150K 6-in-1 150000 puffs | smart led triple-tank bulk usa e getta vape"},"content":{"rendered":"<h2>Bang Legend 150K 6-in-1 150000 puffs | smart led triple-tank bulk usa e getta vape<\/h2>\n<h3>Perch\u00e9 scegliere Bang Legend 150K Puffs?<\/h3>\n<ul>\n<li>\ud83d\udd25 <strong>Ben 150.000 soffi<\/strong> - Progettato per un uso duraturo, ideale per i vapers pi\u00f9 esigenti e per gli acquirenti all'ingrosso.<\/li>\n<li>\ud83c\udf9b\ufe0f <strong>6 modalit\u00e0 di sapore uniche (A, B, C, A+B, A+C, B+C)<\/strong> - Personalizzate il vostro gusto con la flessibilit\u00e0 di pi\u00f9 serbatoi.<\/li>\n<li>\ud83d\udca1 <strong>Display LED intelligente<\/strong> - Mostra il livello di carica della batteria, il numero di boccate e l'attivit\u00e0 del serbatoio in tempo reale.<\/li>\n<li>\ud83d\udd0b <strong>Batteria ricaricabile da 850 mAh<\/strong> - Efficiente e di lunga durata grazie alla ricarica rapida di Tipo-C.<\/li>\n<li>\ud83d\udca7 <strong>Sistema a triplo serbatoio dell'olio<\/strong> - Passare istantaneamente da un sapore all'altro.<\/li>\n<li>\ud83c\udf00 <strong>Tecnologia della bobina a rete<\/strong> - Produce un sapore puro e intenso e un vapore ricco ad ogni boccata.<\/li>\n<li>\ud83d\udce6 <strong>Perfetto per gli ordini in blocco<\/strong> - Confezione da 10 pezzi per scatola, ideale per l'esposizione B2B e al dettaglio.<\/li>\n<\/ul>\n<h3>Specifiche tecniche<\/h3>\n<table border=\"1\" cellpadding=\"6\">\n<tbody>\n<tr>\n<td><strong>Conteggio dei soffi<\/strong><\/td>\n<td>Fino a 150.000 soffi<\/td>\n<\/tr>\n<tr>\n<td><strong>Forza della nicotina<\/strong><\/td>\n<td>2% \/ 3% \/ 5%<\/td>\n<\/tr>\n<tr>\n<td><strong>Modalit\u00e0 di sapore<\/strong><\/td>\n<td>A, B, C, A+B, A+C, B+C<\/td>\n<\/tr>\n<tr>\n<td><strong>Serbatoio dell'olio<\/strong><\/td>\n<td>3 serbatoi indipendenti<\/td>\n<\/tr>\n<tr>\n<td><strong>Batteria<\/strong><\/td>\n<td>850mAh Ricaricabile<\/td>\n<\/tr>\n<tr>\n<td><strong>Bobina<\/strong><\/td>\n<td>Bobina a rete<\/td>\n<\/tr>\n<tr>\n<td><strong>Schermo LED<\/strong><\/td>\n<td>Display intelligente<\/td>\n<\/tr>\n<tr>\n<td><strong>Porta di ricarica<\/strong><\/td>\n<td>Ricarica rapida di tipo C<\/td>\n<\/tr>\n<tr>\n<td><strong>Imballaggio<\/strong><\/td>\n<td>10 pezzi per confezione<\/td>\n<\/tr>\n<tr>\n<td><strong>Opzioni di gusto<\/strong><\/td>\n<td>12 combinazioni disponibili<\/td>\n<\/tr>\n<\/tbody>\n<\/table>\n<h3>Esperienza di gusto \ud83c\udf53\ud83c\udf4d\ud83c\udf47<\/h3>\n<p>Il <strong>Bang Leggenda 150K<\/strong> Vi permette di esplorare 12 deliziose combinazioni di sapori, dalle miscele di frutta ghiacciata alla dolcezza tropicale, passando da un serbatoio all'altro o mescolandoli con 6 modalit\u00e0 di aromatizzazione per una creativit\u00e0 senza fine!<\/p>\n<ul>\n<li><strong>1\ufe0f\u20e3 Pesca ghiacciata \/ Pesca al mango \/ Pesca al mirtillo<\/strong> - Un trio di dolcezza alla pesca dal sapore tropicale. \ud83c\udf51\ud83d\udca8<\/li>\n<li><strong>2\ufe0f\u20e3 Ghiaccio all'ananas \/ Cocco all'ananas \/ Ghiaccio all'ananas al kiwi<\/strong> - Rinfrescante, cremoso e saporito paradiso dell'ananas. \ud83c\udf4d\ud83e\udd65<\/li>\n<li><strong>3\ufe0f\u20e3 Ghiaccio all'uva \/ Gomma da masticare all'uva \/ Uva al lampone<\/strong> - Note d'uva dolci e succose con vibrazioni da caramella. \ud83c\udf47\ud83c\udf6c<\/li>\n<li><strong>4\ufe0f\u20e3 Ghiaccio all'anguria \/ Bacche di anguria \/ Anguria alla fragola<\/strong> - Un fresco mix di meloni e frutti di bosco con un tocco di freschezza. \ud83c\udf49\u2744\ufe0f<\/li>\n<li><strong>5\ufe0f\u20e3 Ghiaccio al mirtillo \/ Lampone al mirtillo \/ Mirtillo alla ciliegia<\/strong> - Dominanza di mirtillo con profondit\u00e0 di bacche stratificate. \ud83e\uded0\ud83c\udf52<\/li>\n<li><strong>6\ufe0f\u20e3 Ghiaccio alla banana \/ Banana alla fragola \/ Arancia all'acido citrico<\/strong> - Banana cremosa e arancia piccante per una svapata simile a un frullato. \ud83c\udf4c\ud83c\udf4a<\/li>\n<li><strong>7\ufe0f\u20e3 Ghiaccio alla mela \/ Uva alla mela \/ Uva al mirtillo<\/strong> - La mela croccante incontra l'uva succosa con una freschezza glaciale. \ud83c\udf4f\ud83c\udf47<\/li>\n<li><strong>8\ufe0f\u20e3 Mango Ice \/ Pesca Mango Anguria \/ Orso Gommoso<\/strong> - Tropicale e dolce, perfetto per le vibrazioni estive. \ud83e\udd6d\ud83c\udf49\ud83c\udf6c<\/li>\n<li><strong>9\ufe0f\u20e3 Ghiaccio alla ciliegia \/ Bacche miste \/ Cola rossa<\/strong> - Dolce effervescenza di ciliegia con un nostalgico finale di soda. \ud83c\udf52\ud83e\udd64<\/li>\n<li><strong>\ud83d\udd1f Red Bull \/ Gomma da masticare all'anguria \/ Amore 66<\/strong> - Miscela energizzante e unica di caramelle, bevande e note classiche del narghil\u00e8. \u26a1\ud83c\udf49<\/li>\n<li><strong>11\ufe0f\u20e3 Ghiaccio alla fragola \/ Kiwi alla fragola \/ Litchi alla fragola<\/strong> - Tripla delizia alla fragola con tocchi esotici. \ud83c\udf53\ud83e\udd5d<\/li>\n<li><strong>12\ufe0f\u20e3 Frutto della passione \/ Guava Lime \/ Limone frutto della passione<\/strong> - Zesty, tropicale e rinfrescante per un vaping che dura tutto il giorno. \ud83e\udd6d\ud83c\udf4b<\/li>\n<\/ul>\n<h3>Perfetto per \ud83d\udc51<\/h3>\n<p>\u2705 <strong>Vapers pesanti<\/strong> che desiderano una maggiore durata e un'enorme capacit\u00e0 di aromatizzazione.<br \/>\n\u2705 <strong>Inseguitori di sapori<\/strong> che amano mescolare, abbinare e personalizzare.<br \/>\n\u2705 <strong>Proprietari di vape shop<\/strong> alla ricerca di prodotti premium ad alto margine.<br \/>\n\u2705 <strong>Distributori e grossisti<\/strong> alla ricerca di dispositivi di spicco con funzioni avanzate.<\/p>\n<h3>FAQ \u2753<\/h3>\n<p><strong>D: Quante modalit\u00e0 di sapore ha l'Bang Legend?<\/strong><br \/>\nR: Offre 6 modalit\u00e0 - A, B, C, A+B, A+C, B+C - per una miscelazione versatile dei sapori.<\/p>\n<p><strong>D: Quanto dura la batteria?<\/strong><br \/>\nR: La batteria ricaricabile da 850 mAh garantisce lunghe sessioni e supporta la ricarica rapida Type-C.<\/p>\n<p><strong>D: Ha un display?<\/strong><br \/>\nR: S\u00ec! Lo schermo LED intelligente mostra il conteggio delle boccate, lo stato della batteria e l'utilizzo del serbatoio in tempo reale.<\/p>\n<p><strong>D: Quanti soffi eroga?<\/strong><br \/>\nR: Fino a una quantit\u00e0 enorme <strong>150.000 soffi<\/strong>, e questo lo rende uno dei vapers pi\u00f9 duraturi sul mercato.<\/p>\n<p><strong>D: Per chi \u00e8 pi\u00f9 indicato?<\/strong><br \/>\nR: \u00c8 perfetto per <strong>vapers esperti, distributori B2B e rivenditori di vape shop<\/strong> che apprezzano la lunga durata e l'innovazione del gusto.<\/p>\n<h3>Conclusione \ud83d\ude80<\/h3>\n<p>Il <strong>Bang Leggenda 150K Soffi<\/strong> ridefinisce le prestazioni dello svapo usa e getta con il suo sistema a triplo serbatoio, il display LED intelligente e le sei modalit\u00e0 di aroma miscelabili. Costruito per la resistenza e la versatilit\u00e0, \u00e8 un must-have per <strong>amanti del gusto, utilizzatori di grandi volumi e partner all'ingrosso<\/strong> alla ricerca di una qualit\u00e0 superiore e di un valore imbattibile. \ud83c\udf1f<\/p>","protected":false},"excerpt":{"rendered":"<p>\ud83d\udca8 Sperimentate il massimo della flessibilit\u00e0 e della potenza del sapore con il <strong>Bang Leggenda 150K Soffi<\/strong> - una svapata monouso a LED intelligente con 6 modalit\u00e0 di aroma regolabili, tripli serbatoi di olio e fino a 150.000 boccate. Perfetta per i vape shop, i distributori e gli amanti delle nuvole. \u26a1<\/p>","protected":false},"featured_media":6551,"comment_status":"open","ping_status":"closed","template":"","meta":[],"product_brand":[96],"product_cat":[126,16,139,106],"product_tag":[158,159,160,154,161,162],"class_list":{"0":"post-6521","1":"product","2":"type-product","3":"status-publish","4":"has-post-thumbnail","6":"product_brand-bang","7":"product_cat-100k-puffs-disposable-vape","8":"product_cat-bang","9":"product_cat-cheap-rechargeable-disposable-vapes","10":"product_cat-new","11":"product_tag-150000-puffs-vape","12":"product_tag-6-flavor-in-1-vape","13":"product_tag-bang-legend-150k-disposable-vape","14":"product_tag-best-disposable-vapes","15":"product_tag-long-lasting-smart-vape","16":"product_tag-wholesale-rechargeable-vape","18":"first","19":"instock","20":"shipping-taxable","21":"purchasable","22":"product-type-variable","23":"has-default-attributes"},"jetpack_sharing_enabled":true,"tiered_pricing_type":"fixed","tiered_pricing_fixed_rules":{"30":8.8900000000000005684341886080801486968994140625,"50":7.160000000000000142108547152020037174224853515625,"100":6.54000000000000003552713678800500929355621337890625,"200":5.9900000000000002131628207280300557613372802734375,"400":5.42999999999999971578290569595992565155029296875},"tiered_pricing_product_settings":{"layout":"default","base_unit_name":{"singular":null,"plural":null},"default_variation":null},"tiered_pricing_minimum_quantity":10,"tiered_pricing_roles_data":[],"tiered_pricing_percentage_rules":[],"tiered_pricing_maximum_quantity":null,"tiered_pricing_quantity_step":"10","_links":{"self":[{"href":"https:\/\/ricovape.com\/it\/wp-json\/wp\/v2\/product\/6521","targetHints":{"allow":["GET"]}}],"collection":[{"href":"https:\/\/ricovape.com\/it\/wp-json\/wp\/v2\/product"}],"about":[{"href":"https:\/\/ricovape.com\/it\/wp-json\/wp\/v2\/types\/product"}],"replies":[{"embeddable":true,"href":"https:\/\/ricovape.com\/it\/wp-json\/wp\/v2\/comments?post=6521"}],"wp:featuredmedia":[{"embeddable":true,"href":"https:\/\/ricovape.com\/it\/wp-json\/wp\/v2\/media\/6551"}],"wp:attachment":[{"href":"https:\/\/ricovape.com\/it\/wp-json\/wp\/v2\/media?parent=6521"}],"wp:term":[{"taxonomy":"product_brand","embeddable":true,"href":"https:\/\/ricovape.com\/it\/wp-json\/wp\/v2\/product_brand?post=6521"},{"taxonomy":"product_cat","embeddable":true,"href":"https:\/\/ricovape.com\/it\/wp-json\/wp\/v2\/product_cat?post=6521"},{"taxonomy":"product_tag","embeddable":true,"href":"https:\/\/ricovape.com\/it\/wp-json\/wp\/v2\/product_tag?post=6521"}],"curies":[{"name":"wp","href":"https:\/\/api.w.org\/{rel}","templated":true}]}}