{"id":6520,"date":"2025-11-03T07:33:55","date_gmt":"2025-11-03T07:33:55","guid":{"rendered":"https:\/\/ricovape.com\/?post_type=product&#038;p=6520"},"modified":"2025-11-11T05:04:40","modified_gmt":"2025-11-11T05:04:40","slug":"jnr-rage-gorilla-55k-dual-mesh-55000-puffs-smart-disposable-vape","status":"publish","type":"product","link":"https:\/\/ricovape.com\/it\/product\/jnr-rage-gorilla-55k-dual-mesh-55000-puffs-smart-disposable-vape\/","title":{"rendered":"JNR Rage Gorilla 55K | dual mesh 55000 puffs smart vape usa e getta"},"content":{"rendered":"<h2>JNR Rage Gorilla 55K | doppio mesh 55000 boccate schermo intelligente vaporizzatore usa e getta<\/h2>\n<h3>Perch\u00e9 scegliere JNR Rage Gorilla 55K?<\/h3>\n<ul>\n<li>\ud83d\udcaa <strong>55.000 boccate<\/strong> \u2013 Realizzato per garantire resistenza e un gusto costante fino all'ultima boccata.<\/li>\n<li>\u26a1 <strong>Bobina a doppia maglia<\/strong> \u2013 Goditi un gusto pi\u00f9 ricco, un vapore pi\u00f9 morbido e un riscaldamento pi\u00f9 rapido.<\/li>\n<li>\ud83d\udd0b <strong>Batteria ricaricabile da 950 mAh<\/strong> \u2013 Continua a svapare pi\u00f9 a lungo grazie alla ricarica rapida Type-C.<\/li>\n<li>\ud83d\udcf1 <strong>Schermo LED intelligente<\/strong> \u2013 Visualizzazione in tempo reale del numero di boccate e del livello della batteria.<\/li>\n<li>\ud83c\udf08 <strong>Ampia gamma di gusti<\/strong> \u2013 20 deliziose opzioni, dalle miscele fruttate a quelle ghiacciate.<\/li>\n<li>\ud83d\udca7 <strong>Enorme capacit\u00e0 di 42 ml di liquido elettronico<\/strong> \u2013 Nessuna ricarica necessaria, solo pura soddisfazione.<\/li>\n<li>\ud83d\udcbc Ideale per <strong>distribuzione all'ingrosso, negozi di sigarette elettroniche o ordini all'ingrosso B2B<\/strong>.<\/li>\n<\/ul>\n<p><img data-recalc-dims=\"1\" decoding=\"async\" style=\"max-width: 100%; height: auto; display: block; margin: 0 auto;\" src=\"https:\/\/i0.wp.com\/ricovape.com\/wp-content\/uploads\/2025\/11\/JNR-RAGE-GORILLA-55000-Puffs-Dual-Mesh-Authentic-Disposable-Vape-Low-Nicotine-Bulk-Buy-Wholesale-10-scaled-1.webp?ssl=1\" alt=\"JNR Furia Gorilla 55K \" title=\"\"><\/p>\n<h3>Specifiche tecniche<\/h3>\n<table border=\"1\" cellpadding=\"6\">\n<tbody>\n<tr>\n<td><strong>Numero approssimativo di boccate<\/strong><\/td>\n<td>55,000<\/td>\n<\/tr>\n<tr>\n<td><strong>Capacit\u00e0 del liquido elettronico<\/strong><\/td>\n<td>42 ml<\/td>\n<\/tr>\n<tr>\n<td><strong>Batteria<\/strong><\/td>\n<td>950 mAh (ricaricabile tramite Type-C)<\/td>\n<\/tr>\n<tr>\n<td><strong>Sistema a bobina<\/strong><\/td>\n<td>Bobina a doppia maglia<\/td>\n<\/tr>\n<tr>\n<td><strong>Forza della nicotina<\/strong><\/td>\n<td>0%, 2%, 5%<\/td>\n<\/tr>\n<tr>\n<td><strong>Visualizzazione dello schermo<\/strong><\/td>\n<td>LED intelligente (batteria e conteggio dei tiri)<\/td>\n<\/tr>\n<tr>\n<td><strong>Porta di ricarica<\/strong><\/td>\n<td>Ricarica rapida di tipo C<\/td>\n<\/tr>\n<\/tbody>\n<\/table>\n<h3>Gusti disponibili \ud83c\udf53\ud83c\udf4d\ud83c\udf49<\/h3>\n<p>Scopri sapori decisi e succulenti pensati per tutti i gusti:<\/p>\n<ul>\n<li><strong>Ghiaccio alla fragola<\/strong> \u2013 Classica dolcezza dei frutti di bosco con un tocco ghiacciato.<\/li>\n<li><strong>Ciliegia Cola<\/strong> \u2013 Una cola frizzante e pungente con un tocco di ciliegia. \ud83e\udd64<\/li>\n<li><strong>Ghiaccio all'anguria<\/strong> \u2013 Rinfrescanti vibrazioni estive con una freschezza ghiacciata. \ud83c\udf49<\/li>\n<li><strong>Blu Razz Ciliegia<\/strong> \u2013 Un'esplosione dolce, aspra e succosa ad ogni boccata.<\/li>\n<li><strong>Fragola Kiwi<\/strong> \u2013 Armonia di frutta tropicale per una soddisfazione morbida. \ud83c\udf53\ud83e\udd5d<\/li>\n<li><strong>Pesche succose<\/strong> \u2013 Sapore di pesca matura e vellutato che persiste a lungo. \ud83c\udf51<\/li>\n<li><strong>Ghiaccio al mirtillo<\/strong> \u2013 Il gusto deciso dei mirtilli bilanciato dalla freschezza ghiacciata. \u2744\ufe0f<\/li>\n<li><strong>Bacche miste<\/strong> \u2013 Un dolce mix di frutti di bosco con note acidule.<\/li>\n<li><strong>Doppia mela<\/strong> \u2013 Mele croccanti rosse e verdi con note dolci. \ud83c\udf4f\ud83c\udf4e<\/li>\n<li><strong>Bacca di ciliegia<\/strong> \u2013 Miscela fruttata e dolce di ciliegia e frutti di bosco.<\/li>\n<li><strong>Mirtillo Lampone Ciliegia<\/strong> \u2013 Tripla fusione di frutti di bosco per gli amanti dei sapori intensi.<\/li>\n<li><strong>Acqua ghiacciata alla fragola e anguria<\/strong> \u2013 La dolcezza succosa incontra la freschezza ghiacciata. \u2744\ufe0f<\/li>\n<li><strong>Acqua di kiwi e anguria<\/strong> \u2013 Un tocco pungente di kiwi su una fresca base di melone.<\/li>\n<li><strong>Lampone acido al mirtillo<\/strong> \u2013 Il gusto aspro incontra quello dolce in questo mix saporito.<\/li>\n<li><strong>Pesca bianca Razz<\/strong> \u2013 Pesca morbida e cremosa con un retrogusto di lampone.<\/li>\n<li><strong>Mango e frutto della passione<\/strong> \u2013 Esotico esplosione tropicale con un tocco piccante. \ud83e\udd6d<\/li>\n<li><strong>Pesca, mango e anguria<\/strong> \u2013 Una delizia fruttata multistrato in ogni boccata.<\/li>\n<li><strong>Anguria Bubblegum<\/strong> \u2013 Un gusto divertente, dolce e nostalgico. \ud83c\udf6c<\/li>\n<li><strong>Fragola e banana<\/strong> \u2013 La morbida cremosit\u00e0 della banana incontra la dolcezza della fragola. \ud83c\udf53\ud83c\udf4c<\/li>\n<li><strong>Kiwi Passione Guava<\/strong> \u2013 Audace, tropicale e vivace: il sogno di ogni amante dei sapori!<\/li>\n<\/ul>\n<h3>Perfetto per<\/h3>\n<p>Il <strong>JNR Furia Gorilla 55K<\/strong> \u00c8 perfetto per gli utenti abituali, gli amanti dei sapori e gli appassionati di nuvole che desiderano potenza duratura e gusto eccellente. \ud83d\udca8 I negozi di sigarette elettroniche e i distributori apprezzeranno le sue prestazioni affidabili, la lunga durata dei tiri e la straordinaria variet\u00e0 di sapori: una scelta ideale per <strong>ordini all'ingrosso di grandi quantit\u00e0<\/strong>.<\/p>\n<h3>Domande frequenti \ud83e\uddd0<\/h3>\n<ul>\n<li><strong>D: Il JNR Rage Gorilla \u00e8 ricaricabile?<\/strong><br \/>\nR: S\u00ec! Include una batteria da 950 mAh con supporto per la ricarica rapida Type-C.<\/li>\n<li><strong>D: Posso controllare il numero di boccate e il livello della batteria?<\/strong><br \/>\nR: Assolutamente s\u00ec. Lo schermo LED intelligente mostra in tempo reale le informazioni relative alle boccate e alla batteria.<\/li>\n<li><strong>D: Quanti gusti sono disponibili?<\/strong><br \/>\nA: Oltre 15 opzioni con miscele fruttate e ghiacciate per soddisfare ogni preferenza di gusto.<\/li>\n<li><strong>D: A chi \u00e8 ideale questo vaporizzatore?<\/strong><br \/>\nA: Ottimo per uso personale, negozi di sigarette elettroniche, distributori e grossisti B2B.<\/li>\n<li><strong>D: La nicotina \u00e8 facoltativa?<\/strong><br \/>\nR: S\u00ec, disponibile nei livelli di nicotina 0%, 2% e 5%.<\/li>\n<\/ul>\n<p>\ud83d\ude80 Ottieni il <strong>JNR Rage Gorilla 55000 boccate di vapore monouso<\/strong> Provalo oggi stesso e scopri la sua potenza, il suo gusto e la sua praticit\u00e0 senza pari: perfetto sia per i vapers moderni che per gli acquirenti aziendali!<\/p>","protected":false},"excerpt":{"rendered":"<p>\ud83d\udd25 La potenza incontra il gusto! Il <strong>JNR Rage Gorilla 55000 boccate di vapore monouso<\/strong> offre nuvole enormi, tiri ultra-lisci e prestazioni di lunga durata, perfette sia per gli amanti dello svapo che per gli acquirenti all'ingrosso. \ud83d\udca8<\/p>","protected":false},"featured_media":6550,"comment_status":"open","ping_status":"closed","template":"","meta":[],"product_brand":[100],"product_cat":[97,139,78,89],"product_tag":[153,154,130,155,156,157],"class_list":{"0":"post-6520","1":"product","2":"type-product","3":"status-publish","4":"has-post-thumbnail","6":"product_brand-jnr","7":"product_cat-60000-puffs-disposable-vape","8":"product_cat-cheap-rechargeable-disposable-vapes","9":"product_cat-dual-mesh-vapes","10":"product_cat-jnr","11":"product_tag-55000-puffs-disposable-vape","12":"product_tag-best-disposable-vapes","13":"product_tag-dual-mesh-coil-vape","14":"product_tag-jnr-rage-gorilla-55k","15":"product_tag-rechargeable-long-lasting-vape","16":"product_tag-smart-screen-vape-device","18":"first","19":"instock","20":"shipping-taxable","21":"purchasable","22":"product-type-variable","23":"has-default-attributes"},"jetpack_sharing_enabled":true,"tiered_pricing_type":"fixed","tiered_pricing_fixed_rules":{"30":9.6899999999999995026200849679298698902130126953125,"50":7.95999999999999996447286321199499070644378662109375,"100":7.3499999999999996447286321199499070644378662109375,"200":6.980000000000000426325641456060111522674560546875,"400":6.480000000000000426325641456060111522674560546875},"tiered_pricing_product_settings":{"layout":"default","base_unit_name":{"singular":null,"plural":null},"default_variation":null},"tiered_pricing_minimum_quantity":10,"tiered_pricing_roles_data":[],"tiered_pricing_percentage_rules":[],"tiered_pricing_maximum_quantity":null,"tiered_pricing_quantity_step":"10","_links":{"self":[{"href":"https:\/\/ricovape.com\/it\/wp-json\/wp\/v2\/product\/6520","targetHints":{"allow":["GET"]}}],"collection":[{"href":"https:\/\/ricovape.com\/it\/wp-json\/wp\/v2\/product"}],"about":[{"href":"https:\/\/ricovape.com\/it\/wp-json\/wp\/v2\/types\/product"}],"replies":[{"embeddable":true,"href":"https:\/\/ricovape.com\/it\/wp-json\/wp\/v2\/comments?post=6520"}],"wp:featuredmedia":[{"embeddable":true,"href":"https:\/\/ricovape.com\/it\/wp-json\/wp\/v2\/media\/6550"}],"wp:attachment":[{"href":"https:\/\/ricovape.com\/it\/wp-json\/wp\/v2\/media?parent=6520"}],"wp:term":[{"taxonomy":"product_brand","embeddable":true,"href":"https:\/\/ricovape.com\/it\/wp-json\/wp\/v2\/product_brand?post=6520"},{"taxonomy":"product_cat","embeddable":true,"href":"https:\/\/ricovape.com\/it\/wp-json\/wp\/v2\/product_cat?post=6520"},{"taxonomy":"product_tag","embeddable":true,"href":"https:\/\/ricovape.com\/it\/wp-json\/wp\/v2\/product_tag?post=6520"}],"curies":[{"name":"wp","href":"https:\/\/api.w.org\/{rel}","templated":true}]}}