{"id":43577,"date":"2025-07-07T09:20:50","date_gmt":"2025-07-07T09:20:50","guid":{"rendered":"https:\/\/stage.jrfer.com\/product\/fizzy-nova-20000-bigne-vaporizzatore-usa-e-getta-a-doppia-bobina-con-schermo-lcd\/"},"modified":"2026-04-07T13:16:50","modified_gmt":"2026-04-07T13:16:50","slug":"fizzy-nova-20000-puffs","status":"publish","type":"product","link":"https:\/\/ricovape.com\/it\/prodotto\/fizzy-nova-20000-puffs\/","title":{"rendered":"Fizzy Nova 20000 Bign\u00e8 | vaporizzatore usa e getta a doppia bobina con schermo lcd"},"content":{"rendered":"<h2>Perch\u00e9 scegliere i bign\u00e8 Fizzy Nova 20000?<\/h2>\n<ul>\n<li><strong>20.000 sbuffi:<\/strong> di lunga durata, progettati per svapatori accaniti e acquirenti all&#8217;ingrosso \ud83d\udd25<\/li>\n<li><strong>Dual Mesh Coil:<\/strong> Sapore ricco e morbido ad ogni boccata \ud83c\udf2c\ufe0f<\/li>\n<li><strong>Batteria ricaricabile:<\/strong> potenza 850 mAh con ricarica rapida di tipo C \u26a1<\/li>\n<li><strong>Display LCD intelligente:<\/strong> controlla istantaneamente i livelli di liquido e batteria \ud83d\udcca<\/li>\n<li><strong>Modalit\u00e0 Eco e Turbo:<\/strong> passa dal risparmio energetico al potenziamento del sapore intenso \ud83d\udd04<\/li>\n<li><strong>Opzioni di nicotina:<\/strong> 2% o 5% per soddisfare le diverse preferenze \ud83d\udcaf<\/li>\n<li><strong>Design in metallo premium:<\/strong> elegante, resistente e alla moda \u2728<\/li>\n<li><strong>Ampia selezione di sapori:<\/strong> Dalle miscele fruttate a quelle frizzanti \ud83c\udf53\ud83c\udf4b\ud83e\udd6d<\/li>\n<\/ul>\n<h3>Specifiche<\/h3>\n<tr>\n<td><strong>Capacit\u00e0 di soffio:<\/strong><\/td>\n<td>Fino a 20.000 sbuffi<\/td>\n<\/tr>\n<tr>\n<td><strong>Batteria:<\/strong><\/td>\n<td>Ricaricabile da 850 mAh, ricarica rapida di tipo C<\/td>\n<\/tr>\n<tr>\n<td><strong>Tipo di bobina:<\/strong><\/td>\n<td>Bobina a doppia rete<\/td>\n<\/tr>\n<tr>\n<td><strong>Visualizzazione:<\/strong><\/td>\n<td>Schermo intelligente LCD (batteria + livelli di liquido elettronico)<\/td>\n<\/tr>\n<tr>\n<td><strong>Modalit\u00e0 di alimentazione:<\/strong><\/td>\n<td>Modalit\u00e0 Eco e Modalit\u00e0 Turbo<\/td>\n<\/tr>\n<tr>\n<td><strong>Punti di forza della nicotina:<\/strong><\/td>\n<td>2%\/5%<\/td>\n<\/tr>\n<tr>\n<td><strong>Costruisci:<\/strong><\/td>\n<td>Finitura in metallo di alta qualit\u00e0, design elegante<\/td>\n<\/tr>\n<h3>Selezione gusto<\/h3>\n<p>I <strong>Fizzy Nova 20000 Bign\u00e8<\/strong> sono disponibili in un&#8217;ampia gamma di gusti deliziosi e realizzati con cura per soddisfare tutti i gusti \ud83c\udf1f:<\/p>\n<ul>\n<li><strong>Limone Limone:<\/strong> duo di agrumi piccanti per vibrazioni rinfrescanti \ud83c\udf4b<\/li>\n<li><strong>Ciliegia frizzante:<\/strong> dolce, piccante e ispirato alla soda \ud83c\udf52\ud83e\udd64<\/li>\n<li><strong>Bacche miste:<\/strong> un succoso miscuglio di frutti di bosco \ud83e\uded0\ud83c\udf53<\/li>\n<li><strong>Kiwi Fragola:<\/strong> Il dolce incontra l&#8217;aspro in perfetta armonia \ud83c\udf53\ud83e\udd5d<\/li>\n<li><strong>Anguria:<\/strong> classica, rinfrescante e succosa \ud83c\udf49<\/li>\n<li><strong>Limonata rosa:<\/strong> dolce, aspra e frizzante \ud83c\udf38\ud83c\udf4b<\/li>\n<li><strong>Fragola:<\/strong> semplice, dolce e senza tempo \ud83c\udf53<\/li>\n<li><strong>Pesca:<\/strong> morbida, morbida e fruttata \ud83c\udf51<\/li>\n<li><strong>Limone Lampone:<\/strong> piccante, aspro e perfettamente bilanciato \ud83c\udf4b\ud83c\udf47<\/li>\n<li><strong>Mela acida:<\/strong> croccante, aspra ed energizzante \ud83c\udf4f<\/li>\n<li><strong>Ananas Pesca Frutto della passione:<\/strong> Trio tropicale esotico \ud83c\udf4d\ud83c\udf51\ud83e\udd6d<\/li>\n<li><strong>Guaiava del frutto della passione del kiwi:<\/strong> mix tropicale vibrante \ud83e\udd5d\ud83c\udf48<\/li>\n<\/ul>\n<h3>Perfetto per vaporizzatori all&#8217;ingrosso e pesanti<\/h3>\n<p>I <strong>Fizzy Nova 20000 Puffs<\/strong> sono pensati per <strong>consumatori assidui, amanti dei sapori e negozi di vaporizzatori<\/strong> che desiderano un prodotto usa e getta affidabile e di lunga durata. Con <strong>design premium, display intelligente e opzioni di sapori audaci<\/strong>, \u00e8 un must per rivenditori e distributori all&#8217;ingrosso. \ud83d\udce6\ud83d\udd25<\/p>\n<h3>Domande frequenti<\/h3>\n<ul>\n<li><strong>Quanti tiri offre?<\/strong><br \/>\nFino a 20.000 puff per dispositivo, a seconda dello stile di utilizzo.<\/li>\n<li><strong>\u00c8 ricaricabile?<\/strong><br \/>\nS\u00ec, con una potente batteria ricaricabile di tipo C da 850 mAh.<\/li>\n<li><strong>Ha diverse modalit\u00e0?<\/strong><br \/>\nS\u00ec, modalit\u00e0 Eco per una maggiore durata e modalit\u00e0 Turbo per colpi pi\u00f9 forti.<\/li>\n<li><strong>Quali livelli di nicotina sono disponibili?<\/strong><br \/>\nScegli tra la concentrazione di nicotina al 2% o al 5%.<\/li>\n<li><strong>\u00c8 adatto per la vendita all&#8217;ingrosso?<\/strong><br \/>\nAssolutamente! La sua struttura premium e l&#8217;elevato numero di sbuffi lo rendono ideale per ordini all&#8217;ingrosso e vendite al dettaglio.<\/li>\n<\/ul>\n","protected":false},"excerpt":{"rendered":"<p>I <strong>Fizzy Nova 20000 Puffs<\/strong> \ud83d\udca8 offrono un&#8217;enorme capacit\u00e0 di boccata, sapori audaci e tecnologia intelligente, perfetti per distributori di vaporizzatori, grossisti e utenti abituali che cercano vaporizzatori usa e getta di alta qualit\u00e0.<\/p>\n","protected":false},"featured_media":1533,"comment_status":"open","ping_status":"closed","template":"","meta":[],"product_brand":[],"product_cat":[1821,516],"product_tag":[],"class_list":{"0":"post-43577","1":"product","2":"type-product","3":"status-publish","4":"has-post-thumbnail","6":"product_cat-frizzante","7":"product_cat-vape-usa-e-getta-da-20000-soffi","9":"first","10":"instock","11":"shipping-taxable","12":"purchasable","13":"product-type-variable","14":"has-default-attributes"},"jetpack_sharing_enabled":true,"tiered_pricing_type":"fixed","tiered_pricing_fixed_rules":{"200":6.5999999999999996447286321199499070644378662109375,"500":5.9000000000000003552713678800500929355621337890625},"tiered_pricing_product_settings":{"layout":"default","base_unit_name":{"singular":null,"plural":null},"default_variation":null},"tiered_pricing_minimum_quantity":100,"tiered_pricing_roles_data":[],"tiered_pricing_percentage_rules":[],"tiered_pricing_maximum_quantity":null,"tiered_pricing_quantity_step":"10","_links":{"self":[{"href":"https:\/\/ricovape.com\/it\/wp-json\/wp\/v2\/product\/43577","targetHints":{"allow":["GET"]}}],"collection":[{"href":"https:\/\/ricovape.com\/it\/wp-json\/wp\/v2\/product"}],"about":[{"href":"https:\/\/ricovape.com\/it\/wp-json\/wp\/v2\/types\/product"}],"replies":[{"embeddable":true,"href":"https:\/\/ricovape.com\/it\/wp-json\/wp\/v2\/comments?post=43577"}],"wp:featuredmedia":[{"embeddable":true,"href":"https:\/\/ricovape.com\/it\/wp-json\/wp\/v2\/media\/1533"}],"wp:attachment":[{"href":"https:\/\/ricovape.com\/it\/wp-json\/wp\/v2\/media?parent=43577"}],"wp:term":[{"taxonomy":"product_brand","embeddable":true,"href":"https:\/\/ricovape.com\/it\/wp-json\/wp\/v2\/product_brand?post=43577"},{"taxonomy":"product_cat","embeddable":true,"href":"https:\/\/ricovape.com\/it\/wp-json\/wp\/v2\/product_cat?post=43577"},{"taxonomy":"product_tag","embeddable":true,"href":"https:\/\/ricovape.com\/it\/wp-json\/wp\/v2\/product_tag?post=43577"}],"curies":[{"name":"wp","href":"https:\/\/api.w.org\/{rel}","templated":true}]}}