{"id":34100,"date":"2025-07-07T09:21:14","date_gmt":"2025-07-07T09:21:14","guid":{"rendered":"https:\/\/stage.jrfer.com\/product\/bang-blaze-4-in-1-60000-bigne-vaporizzatore-usa-e-getta-con-interruttore-multi-sapore-per-la-vendita-allingrosso\/"},"modified":"2026-04-07T13:05:37","modified_gmt":"2026-04-07T13:05:37","slug":"bang-blaze-4-in-1-60000","status":"publish","type":"product","link":"https:\/\/ricovape.com\/it\/prodotto\/bang-blaze-4-in-1-60000\/","title":{"rendered":"Bang Blaze 4 in 1 60000 bign\u00e8 | vaporizzatore usa e getta con interruttore multi-sapore per la vendita all&#8217;ingrosso"},"content":{"rendered":"<h2>Perch\u00e9 scegliere Bang Blaze 4 in 1 60000 puff?<\/h2>\n<ul>\n<li><strong>60.000 puff:<\/strong> una durata extra lunga significa meno sostituzioni e un valore migliore \ud83d\udd25<\/li>\n<li><strong>Cambio sapore 4 in 1:<\/strong> cambia istantaneamente quattro sapori unici in un unico dispositivo \ud83c\udf49\ud83c\udf52\ud83c\udf4a<\/li>\n<li><strong>E-liquid preriempito da 60 ml:<\/strong> serbatoio enorme per sessioni prolungate senza ricariche \ud83e\udd64<\/li>\n<li><strong>Display digitale intelligente:<\/strong> tracciamento della batteria e del liquido in tempo reale \ud83d\udcca<\/li>\n<li><strong>Batteria ricaricabile:<\/strong> la ricarica rapida Type-C da 650 mAh ti mantiene alimentato mentre sei in movimento \u26a1<\/li>\n<li><strong>Mesh Coil da 1,0\u03a9:<\/strong> vapore morbido, sapore audace e nuvole consistenti \ud83c\udf2c\ufe0f<\/li>\n<li><strong>Opzioni di nicotina:<\/strong> disponibili allo 0%, 2%, 3% o 5% per soddisfare tutte le esigenze \ud83d\udcaf<\/li>\n<li><strong>Adatto all&#8217;ingrosso:<\/strong> progettato per negozi, distributori e acquirenti all&#8217;ingrosso \ud83d\udce6<\/li>\n<\/ul>\n<h3>Specifiche<\/h3>\n<tr>\n<td><strong>Capacit\u00e0 di soffio:<\/strong><\/td>\n<td>Fino a 60.000 sbuffi<\/td>\n<\/tr>\n<tr>\n<td><strong>Capacit\u00e0 dell&#8217;e-liquid:<\/strong><\/td>\n<td>60 ml preriempiti<\/td>\n<\/tr>\n<tr>\n<td><strong>Batteria:<\/strong><\/td>\n<td>Ricaricabile da 650 mAh (ricarica rapida di tipo C)<\/td>\n<\/tr>\n<tr>\n<td><strong>Bobina:<\/strong><\/td>\n<td>Bobina a rete da 1,0 \u03a9<\/td>\n<\/tr>\n<tr>\n<td><strong>Punti di forza della nicotina:<\/strong><\/td>\n<td>0%, 2%, 3%, 5%<\/td>\n<\/tr>\n<tr>\n<td><strong>Visualizzazione:<\/strong><\/td>\n<td>Schermo digitale intelligente (livelli di olio e batteria)<\/td>\n<\/tr>\n<tr>\n<td><strong>Aromi per dispositivo:<\/strong><\/td>\n<td>4 gusti precaricati (cambia in qualsiasi momento)<\/td>\n<\/tr>\n<h3>Opzioni di sapore<\/h3>\n<p>Ogni dispositivo <strong>Bang Blaze 4-in-1<\/strong> \u00e8 dotato di <strong>quattro gusti diversi<\/strong> cos\u00ec non ti annoierai mai \ud83c\udf89. Ecco le gustose combinazioni:<\/p>\n<ul>\n<li><strong>Ghiaccio di anguria \/ Menta mirtillo \/ Ghiaccio Fuji \/ Romanticismo al lime:<\/strong> Fresco, fruttato e rinfrescante \ud83c\udf49\ud83e\uded0\ud83c\udf4b<\/li>\n<li><strong>Ghiaccio Di Anguria \/ Mirtillo Ciliegia \/ Ora legale \/ Ananas al mango acido:<\/strong> Dolcezza tropicale con un tocco aspro \ud83c\udfdd\ufe0f<\/li>\n<li><strong>Ghiaccio al mirtillo \/ Gelato alla pesca \/ Caramelle arcobaleno \/ Arancia amara al limone:<\/strong> Fruttato, dolce e piccante tutto in uno \ud83c\udf6c\ud83c\udf51\ud83c\udf4b<\/li>\n<li><strong>Ghiaccio Al Mirtillo \/ Anguria Mango Pesca \/ Bacio di passione \/ Melone Mela:<\/strong> Succose miscele esotiche \ud83c\udf4e\ud83e\udd6d\ud83c\udf49<\/li>\n<li><strong>Mirtillo Lampone \/ Frutti Di Bosco Misti \/ Ciliegia Della California \/ Mango Frutto Della Passione:<\/strong> Un&#8217;esplosione di frutti di bosco con colpi di scena tropicali \ud83e\uded0\ud83c\udf52\ud83e\udd6d<\/li>\n<li><strong>Mirtillo Lampone \/ Ghiaccio all&#8217;uva \/ Ghiaccio ai frutti di bosco \/ Melone Mango Aloee:<\/strong> Frutta fresca dalla morbidezza ghiacciata \u2744\ufe0f\ud83c\udf47<\/li>\n<li><strong>Bevanda energetica \/ Banana Fragola \/ Mango Pesca Albicocca \/ Kiwi Lime Del Frutto Della Passione:<\/strong> Energizzante e fruttato \u26a1\ud83c\udf4c\ud83e\udd5d<\/li>\n<li><strong>Bevanda energetica \/ Anguria Mirtillo \/ Lampone Mela Acida \/ Orsetto gommoso:<\/strong> Divertente, frizzante e simile a una caramella \ud83c\udf6c\ud83c\udf4f<\/li>\n<li><strong>Mango Alla Fragola \/ Gomma da masticare all&#8217;anguria \/ Mojito rosso \/ Amore66:<\/strong> miscele fruttate audaci con un tocco di menta \ud83c\udf53\ud83c\udf49<\/li>\n<li><strong>Mango Alla Fragola \/ Kiwi alla fragola \/ Uva Di Mele \/ Frutto del drago di anguria:<\/strong> Dolcezza esotica con vibrazioni rinfrescanti \ud83d\udc09\ud83c\udf47<\/li>\n<li><strong>Anguria Fragola \/ Ghiaccio Nero \/ Tredici Melone \/ Uva Di Mirtillo Rosso:<\/strong> Ricche miscele di frutta e freschezza ghiacciata \u2744\ufe0f\ud83c\udf47<\/li>\n<li><strong>Anguria fragola \/ Guava al frutto della passione kiwi \/ Ghiaccio al mango \/ Pesca acida all&#8217;anguria:<\/strong> Dolce, piccante e tropicale \ud83c\udf51\ud83e\udd6d\ud83e\udd5d<\/li>\n<\/ul>\n<h3>Perfetto per utenti assidui e acquirenti all&#8217;ingrosso<\/h3>\n<p>Il <strong>Bang Blaze 4-in-1 60000 Puffs<\/strong> \u00e8 l&#8217;ideale per <strong>cacciatori di sapori, vapers pesanti, negozi di vaporizzatori e distributori all&#8217;ingrosso<\/strong>. Grazie all&#8217;<strong>enorme capacit\u00e0 di erogazione, alla praticit\u00e0 di diversi gusti e alle funzionalit\u00e0 intelligenti<\/strong>, questo dispositivo offre valore e appeal per il cliente senza pari. \ud83d\udce6\ud83d\udd25<\/p>\n<h3>Domande frequenti<\/h3>\n<ul>\n<li><strong>Quanti gusti ci sono in un dispositivo?<\/strong><br \/>\nOgni dispositivo include 4 versioni precaricate che puoi cambiare in qualsiasi momento.<\/li>\n<li><strong>\u00c8 ricaricabile?<\/strong><br \/>\nS\u00ec, con batteria da 650 mAh e ricarica rapida Type-C.<\/li>\n<li><strong>Quanto dura?<\/strong><br \/>\nFino a 60.000 sbuffi, a seconda del tuo stile di svapo.<\/li>\n<li><strong>Quali concentrazioni di nicotina sono disponibili?<\/strong><br \/>\nScegli tra 0%, 2%, 3% o 5% in base alle tue preferenze.<\/li>\n<li><strong>Va bene per la vendita all&#8217;ingrosso?<\/strong><br \/>\nS\u00ec! Progettato pensando all&#8217;imballaggio sfuso e all&#8217;elevata domanda, \u00e8 perfetto per rivenditori e distributori.<\/li>\n<\/ul>\n","protected":false},"excerpt":{"rendered":"<p>I <strong>Bang Blaze 4-in-1 60000 Puff<\/strong> \ud83d\udca8 offrono <strong>un&#8217;enorme capacit\u00e0 di svapo, cambio di sapore 4 in 1 e un display intelligente<\/strong>, perfetto per negozi di vaporizzatori, distributori e utenti accaniti che cercano prestazioni di massa.<\/p>\n","protected":false},"featured_media":1582,"comment_status":"open","ping_status":"closed","template":"","meta":[],"product_brand":[],"product_cat":[364,696],"product_tag":[],"class_list":{"0":"post-34100","1":"product","2":"type-product","3":"status-publish","4":"has-post-thumbnail","6":"product_cat-bang","7":"product_cat-vape-usa-e-getta-da-60000-soffi","9":"first","10":"instock","11":"shipping-taxable","12":"purchasable","13":"product-type-variable","14":"has-default-attributes"},"jetpack_sharing_enabled":true,"tiered_pricing_type":"fixed","tiered_pricing_fixed_rules":{"30":8.7599999999999997868371792719699442386627197265625,"50":7.53000000000000024868995751603506505489349365234375,"100":6.79000000000000003552713678800500929355621337890625,"200":6.4199999999999999289457264239899814128875732421875,"400":5.86000000000000031974423109204508364200592041015625},"tiered_pricing_product_settings":{"layout":"default","base_unit_name":{"singular":null,"plural":null},"default_variation":null},"tiered_pricing_minimum_quantity":10,"tiered_pricing_roles_data":[],"tiered_pricing_percentage_rules":[],"tiered_pricing_maximum_quantity":null,"tiered_pricing_quantity_step":"10","_links":{"self":[{"href":"https:\/\/ricovape.com\/it\/wp-json\/wp\/v2\/product\/34100","targetHints":{"allow":["GET"]}}],"collection":[{"href":"https:\/\/ricovape.com\/it\/wp-json\/wp\/v2\/product"}],"about":[{"href":"https:\/\/ricovape.com\/it\/wp-json\/wp\/v2\/types\/product"}],"replies":[{"embeddable":true,"href":"https:\/\/ricovape.com\/it\/wp-json\/wp\/v2\/comments?post=34100"}],"wp:featuredmedia":[{"embeddable":true,"href":"https:\/\/ricovape.com\/it\/wp-json\/wp\/v2\/media\/1582"}],"wp:attachment":[{"href":"https:\/\/ricovape.com\/it\/wp-json\/wp\/v2\/media?parent=34100"}],"wp:term":[{"taxonomy":"product_brand","embeddable":true,"href":"https:\/\/ricovape.com\/it\/wp-json\/wp\/v2\/product_brand?post=34100"},{"taxonomy":"product_cat","embeddable":true,"href":"https:\/\/ricovape.com\/it\/wp-json\/wp\/v2\/product_cat?post=34100"},{"taxonomy":"product_tag","embeddable":true,"href":"https:\/\/ricovape.com\/it\/wp-json\/wp\/v2\/product_tag?post=34100"}],"curies":[{"name":"wp","href":"https:\/\/api.w.org\/{rel}","templated":true}]}}