{"id":29189,"date":"2026-03-12T04:24:30","date_gmt":"2026-03-12T04:24:30","guid":{"rendered":"https:\/\/stage.jrfer.com\/product\/barra-per-cervo-4-in-1-80k-commercio-allingrosso-di-vaporizzatori-usa-e-getta-sfusi-con-schermo-lcd-mega-da-48-ml\/"},"modified":"2026-04-07T10:44:50","modified_gmt":"2026-04-07T10:44:50","slug":"stag-bar-4-in-1-80k-quad-flavor-48ml-mega-lcd-screen-bulk-disposable-vape-wholesale","status":"publish","type":"product","link":"https:\/\/ricovape.com\/it\/prodotto\/stag-bar-4-in-1-80k-quad-flavor-48ml-mega-lcd-screen-bulk-disposable-vape-wholesale\/","title":{"rendered":"Barra per cervo 4 in 1 80K | commercio all&#8217;ingrosso di vaporizzatori usa e getta sfusi con schermo LCD mega da 48 ml"},"content":{"rendered":"<p>Il vaporizzatore monouso Stag Bar 4 in 1 a quattro gusti \u00e8 progettato per i vapers che desiderano un numero elevato di boccate, una variet\u00e0 di sapori premium e la massima praticit\u00e0 in un unico dispositivo. Con un massimo di 80.000 erogazioni, 4 serbatoi e indicatori LCD in tempo reale, \u00e8 la scelta perfetta sia per gli utenti di tutti i giorni che per gli acquirenti all&#8217;ingrosso.<\/p>\n<h2>Perch\u00e9 scegliere la barra di cervo 4 in 1 80000 bign\u00e8?<\/h2>\n<ul>\n<li>\ud83d\udca8 Enorme capacit\u00e0 di 80.000 puff per un uso estremamente lungo.<\/li>\n<li>\ud83c\udfa8 Sistema di aromi 4 in 1 con quattro serbatoi separati da 12 ml (48 ml in totale).<\/li>\n<li>\ud83d\udd0b Batteria ricaricabile da 1000 mAh con ricarica rapida di tipo C.<\/li>\n<li>\ud83d\udcfa Schermo LCD intelligente che mostra i livelli della batteria e del liquido elettronico.<\/li>\n<li>\ud83c\udf2c\ufe0f Flusso d&#8217;aria regolabile per stili di svapo MTL o DTL.<\/li>\n<li>\ud83d\udd25 Bobina a rete da 1,1 \u03a9 per un sapore audace e un vapore pi\u00f9 morbido.<\/li>\n<li>\ud83d\udce6 Spedizione rapida dal magazzino UE: ideale per i distributori.<\/li>\n<li>\ud83c\udf6d Disponibile in 10 selezioni premium di gusti misti.<\/li>\n<li>\ud83d\udc4c Manutenzione zero: nessuna ricarica, nessuna sostituzione della bobina, solo svapo.<\/li>\n<\/ul>\n<h3>Specifiche della Stag Bar 4 in 1 80000 bign\u00e8<\/h3>\n<p><tabella><br \/>\n<corpo><\/p>\n<tr>\n<td>Conteggio dei soffi<\/td>\n<td>80000 bign\u00e8<\/td>\n<\/tr>\n<tr>\n<td>Potenza di nicotina<\/td>\n<td>2%<\/td>\n<\/tr>\n<tr>\n<td>Capacit\u00e0 dell&#8217;e-liquid<\/td>\n<td>4 \u00d7 12 ml (48 ml in totale)<\/td>\n<\/tr>\n<tr>\n<td>Capacit\u00e0 della batteria<\/td>\n<td>Ricaricabile da 1000 mAh<\/td>\n<\/tr>\n<tr>\n<td>Tipo di bobina<\/td>\n<td>Bobina a rete<\/td>\n<\/tr>\n<tr>\n<td>Resistenza della bobina<\/td>\n<td>1,1\u03a9<\/td>\n<\/tr>\n<tr>\n<td>Porta di ricarica<\/td>\n<td>Digitare C<\/td>\n<\/tr>\n<tr>\n<td>Visualizza<\/td>\n<td>Batteria LCD e schermo E-Liquid<\/td>\n<\/tr>\n<tr>\n<td>Flusso d&#8217;aria<\/td>\n<td>Regolabile<\/td>\n<\/tr>\n<tr>\n<td>Sapori<\/td>\n<td>10 set di aromi disponibili<\/td>\n<\/tr>\n<p><\/tcorpo><br \/>\n<\/tabella><\/p>\n<h3>Set di gusti disponibili per Stag Bar Quad-gusto 80000 bign\u00e8<\/h3>\n<p><strong>1. Set di ghiaccio al mirtillo<\/strong>: ghiaccio al mirtillo\/frutti di bosco misti\/ghiaccio Blue Razz\/ghiaccio al lampone e mirtillo<\/p>\n<p><strong>2. Set di mix di anguria<\/strong>: ghiacciolo all&#8217;anguria\/anguria alla fragola\/gomma da masticare all&#8217;anguria\/ghiaccio al lampone e all&#8217;anguria<\/p>\n<p><strong>3. Set fusione fragole<\/strong>: gelato alla fragola\/kiwi alla fragola\/uva alla fragola\/ghiaccio alla fragola, lampone e ciliegia<\/p>\n<p><strong>4. Set Amanti della ciliegia<\/strong>: Cherry Ice \/ Blue Razz Cherry \/ Cherry Peach Lemonade \/ Cherry Cola<\/p>\n<p><strong>5. Mix di ghiaccio classico<\/strong>: gelato al mirtillo\/ghiaccio alla fragola\/ghiaccio all&#8217;anguria\/ghiaccio alla ciliegia<\/p>\n<p><strong>6. Set Fruit Paradise<\/strong>: fragola, lampone, ciliegia, gelato, triplo melone, ananas, banana, fragola, kiwi, frutto della passione, guava<\/p>\n<p><strong>7. Set Fusion tropicale<\/strong>: Blue Razz Fusion\/Ananas e cocco ghiacciato\/Rosa limonata\/Fragola e anguria Fusion<\/p>\n<p><strong>8. Set di mango esotico<\/strong>: pesca, mango, ananas, pesca succosa, limone e lime, triplo mango<\/p>\n<p><strong>9. Combo Mr Blue<\/strong> \u2014 Mr Blue \/ Mirtillo e lampone ghiacciato \/ Fragola, kiwi \/ Mirtillo, ciliegia e mirtillo rosso<\/p>\n<p><strong>10. Set energia e frutta<\/strong>: banana fragola\/uva fragola\/Red Bull\/doppia mela<\/p>\n<p><strong>Set misti bonus:<\/strong><\/p>\n<p>Limone Lime \/ Fragola Kiwi \/ Menta Ghiacciata \/ Dragon Fruit Banana Ciliegia<\/p>\n<p>Coco Loco \/ Ananas Banana Melone \/ Chupachups alla ciliegia \/ Banana alla ciliegia<\/p>\n<p>Sex on the Beach \/ Coco Loco \/ Dragon Fruit Banana Cherry \/ Lemon Lime<\/p>\n<p>Love 66 \/ Chupachups alla ciliegia \/ Gelato al lampone e all&#8217;anguria \/ Kiwi alla fragola<\/p>\n<p>Cola Ice \/ Red Bull \/ Sex on the Beach \/ Ananas Banana Melone<\/p>\n<h4>Stag Bar 4in1 80000 Puffs \u00e8 la scelta perfetta per i consumatori abituali, i cacciatori di sapori e i rivenditori che cercano uno svapo ad alte prestazioni e di lunga durata. Con 4 gusti in un unico dispositivo, una batteria potente e un monitoraggio LCD intelligente, offre praticit\u00e0 e valore imbattibili sia per l&#8217;uso personale che per quello all&#8217;ingrosso. \ud83d\udca5<\/h4>\n<p>\u00a0<\/p>\n<h3>Domande frequenti sulla Stag Bar quad gusto 80K<\/h3>\n<p><strong>D: Quanto dura la Stag Bar 4in1 80000 Puffs?<\/strong><br \/>\nR: Pu\u00f2 durare settimane o addirittura mesi a seconda dell&#8217;utilizzo grazie all&#8217;enorme capacit\u00e0 di sbuffata di 80.000.<\/p>\n<p><strong>D: Posso ricaricare il dispositivo?<\/strong><br \/>\nR: S\u00ec. Include una batteria ricaricabile da 1000 mAh con ricarica rapida di tipo C.<\/p>\n<p><strong>D: Lo schermo LCD mostra sia la batteria che l&#8217;e-liquid?<\/strong><br \/>\nR: S\u00ec, il display intelligente mostra il livello della batteria in tempo reale e lo stato del liquido di ciascun serbatoio.<\/p>\n<p><strong>D: Questo prodotto \u00e8 adatto alla vendita all&#8217;ingrosso?<\/strong><br \/>\nR: Assolutamente: viene spedito dal magazzino dell&#8217;UE, il che lo rende ideale per negozi di svapo, rivenditori e distribuzione.<\/p>\n<p><strong>D: Posso cambiare gusto in qualsiasi momento?<\/strong><br \/>\nR: S\u00ec, il sistema a 4 serbatoi consente il cambio di sapore istantaneo.<\/p>\n","protected":false},"excerpt":{"rendered":"<p>Il vaporizzatore monouso Stag Bar 4 in 1 a quattro gusti \u00e8 progettato per i vapers che desiderano un numero elevato di boccate, una variet\u00e0 di sapori premium e la massima praticit\u00e0 in un unico dispositivo. Con un massimo di 80.000 erogazioni, 4 serbatoi e indicatori LCD in tempo reale, \u00e8 la scelta perfetta sia [&hellip;]<\/p>\n","protected":false},"featured_media":6730,"comment_status":"open","ping_status":"closed","template":"","meta":[],"product_brand":[],"product_cat":[1958,764,696,1371,1443,1547,1603,1410],"product_tag":[2018,1977,1996,1959,2009],"class_list":{"0":"post-29189","1":"product","2":"type-product","3":"status-publish","4":"has-post-thumbnail","6":"product_cat-bar-del-cervo","7":"product_cat-vape-usa-e-getta-da-100k-sbuffi","8":"product_cat-vape-usa-e-getta-da-60000-soffi","9":"product_cat-vape-usa-e-getta-in-germania","10":"product_cat-vape-usa-e-getta-in-italia","11":"product_cat-vape-usa-e-getta-in-polonia","12":"product_cat-vape-usa-e-getta-in-spagna","13":"product_cat-vape-usa-e-getta-in-ungheria","14":"product_tag-barra-di-addio-al-celibato-80000-bigne","15":"product_tag-display-lcd-vape-all-ingrosso","16":"product_tag-vaporizzatore-a-sbuffo-da-80k-di-lunga-durata","17":"product_tag-vaporizzatore-usa-e-getta-4-in-1","18":"product_tag-vaporizzatore-usa-e-getta-ricaricabile-multi-sapore","20":"first","21":"instock","22":"shipping-taxable","23":"purchasable","24":"product-type-variable","25":"has-default-attributes"},"jetpack_sharing_enabled":true,"tiered_pricing_type":"fixed","tiered_pricing_fixed_rules":{"100":8.300000000000000710542735760100185871124267578125,"200":7.70000000000000017763568394002504646778106689453125,"500":7.4000000000000003552713678800500929355621337890625},"tiered_pricing_product_settings":{"layout":"default","base_unit_name":{"singular":null,"plural":null},"default_variation":null},"tiered_pricing_minimum_quantity":50,"tiered_pricing_roles_data":[],"tiered_pricing_percentage_rules":[],"tiered_pricing_maximum_quantity":null,"tiered_pricing_quantity_step":"10","_links":{"self":[{"href":"https:\/\/ricovape.com\/it\/wp-json\/wp\/v2\/product\/29189","targetHints":{"allow":["GET"]}}],"collection":[{"href":"https:\/\/ricovape.com\/it\/wp-json\/wp\/v2\/product"}],"about":[{"href":"https:\/\/ricovape.com\/it\/wp-json\/wp\/v2\/types\/product"}],"replies":[{"embeddable":true,"href":"https:\/\/ricovape.com\/it\/wp-json\/wp\/v2\/comments?post=29189"}],"wp:featuredmedia":[{"embeddable":true,"href":"https:\/\/ricovape.com\/it\/wp-json\/wp\/v2\/media\/6730"}],"wp:attachment":[{"href":"https:\/\/ricovape.com\/it\/wp-json\/wp\/v2\/media?parent=29189"}],"wp:term":[{"taxonomy":"product_brand","embeddable":true,"href":"https:\/\/ricovape.com\/it\/wp-json\/wp\/v2\/product_brand?post=29189"},{"taxonomy":"product_cat","embeddable":true,"href":"https:\/\/ricovape.com\/it\/wp-json\/wp\/v2\/product_cat?post=29189"},{"taxonomy":"product_tag","embeddable":true,"href":"https:\/\/ricovape.com\/it\/wp-json\/wp\/v2\/product_tag?post=29189"}],"curies":[{"name":"wp","href":"https:\/\/api.w.org\/{rel}","templated":true}]}}