{"id":28834,"date":"2025-09-11T12:58:17","date_gmt":"2025-09-11T12:58:17","guid":{"rendered":"https:\/\/stage.jrfer.com\/product\/bangbox-80k-3-in-1-80000-soffi-mega-vaporizzatore-usa-e-getta-triplo-sapore\/"},"modified":"2026-04-07T11:53:19","modified_gmt":"2026-04-07T11:53:19","slug":"bangbox-80k-3-in-1-80000-puffs-triple-flavor-bulk-disposable-vape","status":"publish","type":"product","link":"https:\/\/ricovape.com\/it\/prodotto\/bangbox-80k-3-in-1-80000-puffs-triple-flavor-bulk-disposable-vape\/","title":{"rendered":"BANGBOX 80K 3 in 1 80000 Soffi | mega vaporizzatore usa e getta triplo sapore"},"content":{"rendered":"<h2>Perch\u00e9 scegliere BANGBOX 80K?<\/h2>\n<ul>\n<li>\ud83d\udca8 <strong>Numero di erogazioni ultra elevato:<\/strong> fino a 80.000 erogazioni per dispositivo, ideato per una soddisfazione duratura.<\/li>\n<li>\ud83d\udd0b <strong>Batteria potente:<\/strong> batteria 17350 al cobalto puro da 850 mAh con scarica da 5 A per prestazioni costanti.<\/li>\n<li>\ud83c\udfaf <strong>Pod a triplo sapore:<\/strong> cambia sapore in qualsiasi momento con il sistema di pod 3 in 1: niente pi\u00f9 fatica da sapore!<\/li>\n<li>\ud83d\udcca <strong>Smart Display:<\/strong> indicatori del livello della batteria e del liquido elettronico per non rimanere mai senza inaspettatamente.<\/li>\n<li>\u26a1 <strong>Ricarica rapida:<\/strong> ricarica rapida di tipo C: dedica pi\u00f9 tempo a svapare, meno tempo ad aspettare.<\/li>\n<li>\ud83d\uded2 <strong>Pronto per la vendita all&#8217;ingrosso:<\/strong> perfetto per i negozi di vaporizzatori e gli acquirenti B2B che cercano opzioni all&#8217;ingrosso.<\/li>\n<\/ul>\n<h3>Specifiche<\/h3>\n<table border=\"1\" cellpadding=\"5\">\n<tr>\n<td><strong>Conteggio dei soffi<\/strong><\/td>\n<td>Fino a 80.000 sbuffi<\/td>\n<\/tr>\n<tr>\n<td><strong>Batteria<\/strong><\/td>\n<td>17350-850mAh cobalto puro, scarica 5A<\/td>\n<\/tr>\n<tr>\n<td><strong>Capacit\u00e0 dell&#8217;E-Liquid<\/strong><\/td>\n<td>60ml preriempito<\/td>\n<\/tr>\n<tr>\n<td><strong>Bobina<\/strong><\/td>\n<td>Bobina a tripla maglia da 0,8\u03a9<\/td>\n<\/tr>\n<tr>\n<td><strong>Sistema di sapori<\/strong><\/td>\n<td>Cialde dal triplo sapore 3 in 1<\/td>\n<\/tr>\n<tr>\n<td><strong>Indicatori<\/strong><\/td>\n<td>Visualizzazione del livello della batteria e del liquido elettronico<\/td>\n<\/tr>\n<tr>\n<td><strong>Ricarica<\/strong><\/td>\n<td>Ricarica rapida di tipo C<\/td>\n<\/tr>\n<tr>\n<td><strong>Potenza della nicotina<\/strong><\/td>\n<td>0%\/2%\/3%\/5%<\/td>\n<\/tr>\n<tr>\n<td><strong>Imballaggio<\/strong><\/td>\n<td>Pronto per la vendita all&#8217;ingrosso<\/td>\n<\/tr>\n<h3>Gusti disponibili \ud83c\udf6d<\/h3>\n<ul>\n<li>\ud83c\udf53\ud83c\udf4c Fragola Banana &amp; Lampone Anguria &amp; Amore 666<\/li>\n<li>\ud83e\udd6d\ud83c\udf51 Frutta tropicale, fragole, anguria, limone, pesca<\/li>\n<li>\ud83c\udf53\ud83e\udd64 Fragola Vaniglia Cola E Mela Acida Lampone E Limone Lime<\/li>\n<li>\ud83c\udf47\ud83c\udf53 Gelato acido al lampone e mango, uva doppia e fragole<\/li>\n<li>\ud83c\udf49\u2744\ufe0f Gelato all&#8217;anguria, gelato alla fragola e triplo melone<\/li>\n<li>\ud83e\udd64\ud83c\udf49 Soda al limone e cola, gomma all&#8217;anguria e ghiaccio Black Dragon<\/li>\n<li>\ud83c\udf53\ud83e\uded0 Ghiaccio ai tre frutti di bosco, mango, pesca e fragola, kiwi<\/li>\n<li>\ud83c\udf53\ud83c\udf4d Gelato alla fragola e fragole, anguria e ananas, mango, pesca<\/li>\n<li>\ud83e\udd65\ud83c\udf53 Ghiaccio all&#8217;ananas, cocco e fragola e ghiaccio Blue Razz<\/li>\n<li>\ud83c\udf4b\ud83e\udd6d Limone, lime e mango, pesca, anguria e gelato ai mirtilli<\/li>\n<li>\ud83c\udf49\u26a1 Ghiaccio all&#8217;anguria, Red Bull e kiwi alla fragola<\/li>\n<li>\ud83c\udf53\ud83e\udd6d Fragola, Kiwi, mango acido, ananas e fragola Red Bull<\/li>\n<\/ul>\n<h3>Perfetto per<\/h3>\n<p>Questo dispositivo \u00e8 ideale per i vaporizzatori pesanti, i cacciatori di sapori, i negozi di vaporizzatori e la distribuzione all&#8217;ingrosso. Gli acquirenti all&#8217;ingrosso possono godere di un facile stoccaggio e di clienti soddisfatti grazie all&#8217;enorme numero di boccate e ai sapori premium. \ud83c\udfea\ud83d\udce6<\/p>\n<h3>Domande frequenti \ud83e\udd14<\/h3>\n<p><strong>D: Quanto dura un BANGBOX 80K?<\/strong><br \/>\nR: Con un massimo di 80.000 erogazioni, pu\u00f2 durare settimane o addirittura mesi a seconda dell&#8217;utilizzo.<\/p>\n<p><strong>D: Posso ricaricarlo?<\/strong><br \/>\nR: S\u00ec! Viene fornito con ricarica rapida di tipo C, cos\u00ec puoi continuare a svapare senza lunghi tempi di inattivit\u00e0.<\/p>\n<p><strong>D: Esistono opzioni senza nicotina?<\/strong><br \/>\nR: Assolutamente: puoi scegliere tra una concentrazione di nicotina pari allo 0%, 2%, 3% o 5%.<\/p>\n<p><strong>D: Va bene per i negozi di vaporizzatori?<\/strong><br \/>\nR: S\u00ec, \u00e8 progettato per imballaggi pronti per la vendita all&#8217;ingrosso ed \u00e8 perfetto per i clienti B2B.<\/p>\n<p><strong>D: Come posso cambiare gusto?<\/strong><br \/>\nR: Basta scambiare le capsule a triplo sapore 3 in 1: niente disordine e niente ricariche.<\/p>\n<p>\ud83d\ude80 Preparati a rifornirti di uno dei <strong>vapori usa e getta con il numero di sbuffi pi\u00f9 elevato<\/strong> sul mercato. BANGBOX 80K offre una capacit\u00e0 enorme, una struttura premium e sapori incredibili: una scelta perfetta sia per i rivenditori che per gli amanti dello svapo!<\/p>\n","protected":false},"excerpt":{"rendered":"<p>\ud83d\udd25 Prova <strong>80.000 enormi boccate<\/strong> con tripli gusti in un unico dispositivo: perfetto per gli amanti dello svapo, i consumatori abituali e gli acquirenti all&#8217;ingrosso! \ud83d\ude80<\/p>\n","protected":false},"featured_media":5883,"comment_status":"open","ping_status":"closed","template":"","meta":[],"product_brand":[],"product_cat":[364,1924],"product_tag":[],"class_list":{"0":"post-28834","1":"product","2":"type-product","3":"status-publish","4":"has-post-thumbnail","6":"product_cat-bang","7":"product_cat-nuovo","9":"first","10":"instock","11":"shipping-taxable","12":"purchasable","13":"product-type-variable","14":"has-default-attributes"},"jetpack_sharing_enabled":true,"tiered_pricing_type":"fixed","tiered_pricing_fixed_rules":{"30":8.6400000000000005684341886080801486968994140625,"50":6.910000000000000142108547152020037174224853515625,"100":6.6699999999999999289457264239899814128875732421875,"200":6.04999999999999982236431605997495353221893310546875,"400":5.7400000000000002131628207280300557613372802734375},"tiered_pricing_product_settings":{"layout":"default","base_unit_name":{"singular":null,"plural":null},"default_variation":null},"tiered_pricing_minimum_quantity":10,"tiered_pricing_roles_data":[],"tiered_pricing_percentage_rules":[],"tiered_pricing_maximum_quantity":null,"tiered_pricing_quantity_step":"10","_links":{"self":[{"href":"https:\/\/ricovape.com\/it\/wp-json\/wp\/v2\/product\/28834","targetHints":{"allow":["GET"]}}],"collection":[{"href":"https:\/\/ricovape.com\/it\/wp-json\/wp\/v2\/product"}],"about":[{"href":"https:\/\/ricovape.com\/it\/wp-json\/wp\/v2\/types\/product"}],"replies":[{"embeddable":true,"href":"https:\/\/ricovape.com\/it\/wp-json\/wp\/v2\/comments?post=28834"}],"wp:featuredmedia":[{"embeddable":true,"href":"https:\/\/ricovape.com\/it\/wp-json\/wp\/v2\/media\/5883"}],"wp:attachment":[{"href":"https:\/\/ricovape.com\/it\/wp-json\/wp\/v2\/media?parent=28834"}],"wp:term":[{"taxonomy":"product_brand","embeddable":true,"href":"https:\/\/ricovape.com\/it\/wp-json\/wp\/v2\/product_brand?post=28834"},{"taxonomy":"product_cat","embeddable":true,"href":"https:\/\/ricovape.com\/it\/wp-json\/wp\/v2\/product_cat?post=28834"},{"taxonomy":"product_tag","embeddable":true,"href":"https:\/\/ricovape.com\/it\/wp-json\/wp\/v2\/product_tag?post=28834"}],"curies":[{"name":"wp","href":"https:\/\/api.w.org\/{rel}","templated":true}]}}