{"id":24827,"date":"2026-03-12T04:24:31","date_gmt":"2026-03-12T04:24:31","guid":{"rendered":"https:\/\/stage.jrfer.com\/product\/capo-bang-50k-sistema-a-doppio-pod-50000-sbuffi-40-ml-vaporizzatore-monouso-sfuso-ad-alta-capacita\/"},"modified":"2026-04-07T10:29:02","modified_gmt":"2026-04-07T10:29:02","slug":"bang-leader-50k-dual-pod-system-50000-puffs-40ml-high-capacity-bulk-disposable-vape","status":"publish","type":"product","link":"https:\/\/ricovape.com\/it\/prodotto\/bang-leader-50k-dual-pod-system-50000-puffs-40ml-high-capacity-bulk-disposable-vape\/","title":{"rendered":"Capo Bang 50K | sistema a doppio pod 50000 sbuffi, 40 ml, vaporizzatore monouso sfuso ad alta capacit\u00e0"},"content":{"rendered":"<p>\ud83c\udf1f <strong>Il vaporizzatore usa e getta Bang Leader 50000<\/strong> \u00e8 un dispositivo bestiale progettato per coloro che chiedono di pi\u00f9. A differenza dei prodotti usa e getta standard, questo kit \u00e8 dotato di un innovativo <strong>sistema Dual Pod<\/strong> che contiene l&#8217;incredibile <strong>40 ml di e-liquid (20 ml + 20 ml)<\/strong>. Che tu sia un negozio di vaporizzatori al dettaglio alla ricerca del nuovo prodotto pi\u00f9 interessante o un vaporizzatore stanco di rimanere senza carica, Bang Leader offre prestazioni senza pari.<\/p>\n<p>Con una robusta batteria ricaricabile da 650 mAh e opzioni di intensit\u00e0 di nicotina regolabili (dallo 0% al 5%), \u00e8 progettato per soddisfare ogni preferenza. Passa da un gusto all&#8217;altro, goditi enormi nuvole e sperimenta la comodit\u00e0 di un dispositivo che dura davvero. \ud83d\udd25<\/p>\n<h2>Perch\u00e9 scegliere Bang Leader 50000 soffi? \ud83c\udfc6<\/h2>\n<ul>\n<li><strong>\ud83e\udd2f Enorme capacit\u00e0 di 50.000 sbuffi:<\/strong> uno dei dispositivi pi\u00f9 duraturi sul mercato, che riduce la necessit\u00e0 di sostituzioni frequenti. Perfetto per i viaggi o l&#8217;uso a lungo termine.<\/li>\n<li><strong>\ud83d\udd04 Tecnologia innovativa Dual Pod:<\/strong> Perch\u00e9 accontentarsi di un serbatoio? Questo dispositivo viene fornito con due pod da 20 ml, per un totale di 40 ml di e-liquid premium. Questo garantisce sapore fresco dalla prima boccata alla cinquantamillesima.<\/li>\n<li><strong>\ud83d\udd0b Affidabile e ricaricabile:<\/strong> dotato di una batteria da 650 mAh e supporto di ricarica di tipo C (cavo non incluso), per assicurarti il potere di vaporizzare fino all&#8217;ultima goccia di e-liquid.<\/li>\n<li><strong>\ud83c\udf9a\ufe0f Intensit\u00e0 di nicotina personalizzata:<\/strong> disponibile in 0%, 2%, 3% e 5%. Che tu stia abbandonando la nicotina o cerchi una botta forte, abbiamo il livello giusto per te.<\/li>\n<li><strong>\ud83d\udcbc Ideale per prodotti all&#8217;ingrosso e all&#8217;ingrosso:<\/strong> un numero elevato di puff significa un valore pi\u00f9 elevato. Questo prodotto \u00e8 una scelta di alto livello per distributori e rivenditori che mirano ad aumentare i margini di profitto con un prodotto molto richiesto.<\/li>\n<\/ul>\n<h2>Specifiche Bang Leader 50K \ud83d\udcca<\/h2>\n<p>\n<\/p>\n<tr>\n<th>Funzionalit\u00e0<\/th>\n<th>Dettagli<\/th>\n<\/tr>\n<\/thead>\n<tr>\n<td><strong>Conteggio dei soffi<\/strong><\/td>\n<td>Fino a 50.000 sbuffi<\/td>\n<\/tr>\n<tr>\n<td><strong>Capacit\u00e0 dell&#8217;E-Liquid<\/strong><\/td>\n<td>40 ml totali (doppi pod da 20 ml)<\/td>\n<\/tr>\n<tr>\n<td><strong>Capacit\u00e0 della batteria<\/strong><\/td>\n<td>650 mAh (ricaricabile)<\/td>\n<\/tr>\n<tr>\n<td><strong>Potenza della nicotina<\/strong><\/td>\n<td>Opzioni 0%, 2%, 3%, 5%<\/td>\n<\/tr>\n<tr>\n<td><strong>Porta di ricarica<\/strong><\/td>\n<td>USB di tipo C<\/td>\n<\/tr>\n<tr>\n<td><strong>Tipo di bobina<\/strong><\/td>\n<td>Bobina a rete avanzata per un sapore puro<\/td>\n<\/tr>\n<tr>\n<td><strong>Flusso d&#8217;aria<\/strong><\/td>\n<td>Regolabile per MTL o RDL<\/td>\n<\/tr>\n<p>\n<\/p>\n<h2>Selezioni di sapori Bang Leader 50K \ud83c\udf47\ud83c\udf49<\/h2>\n<p>Il Bang Leader 50K non \u00e8 solo una questione di dimensioni; \u00e8 una questione di gusto! Ogni dispositivo offre un&#8217;entusiasmante esperienza a doppio sapore o miscele complesse. Ecco le combinazioni pi\u00f9 vendute:<\/p>\n<ul>\n<li><strong>\ud83c\udf53\ud83c\udf52 Fragola Lampone Ciliegia Ghiaccio e Ciliegia:<\/strong> un&#8217;esplosione di frutti di bosco con un finale ghiacciato, abbinato a un classico punch alla ciliegia dolce.<\/li>\n<li><strong>\ud83c\udf49\ud83d\udc02 Anguria Fragola e Anguria Redbull:<\/strong> i frutti estivi incontrano un tocco di bevanda energizzante.<\/li>\n<li><strong>\ud83c\udf47 Uva nera e uva verde:<\/strong> la battaglia finale tra le uve: dolcezza ricca e profonda contro freschezza frizzante e aspra.<\/li>\n<li><strong>\ud83c\udf4f\ud83e\udd5d Mela Pera e Kiwi Frutto della passione Guaiava:<\/strong> Un mix frizzante di frutteto da un lato e un paradiso tropicale dall&#8217;altro.<\/li>\n<li><strong>\ud83c\udf4d\ud83c\udf4b Limonata all&#8217;ananas acido e lime al limone Redbull:<\/strong> piccante, agrumato e perfetto per chi ama un tocco acido.<\/li>\n<li><strong>\ud83c\udf4c\ud83e\udd6d Ghiaccio alla banana e mango alla fragola:<\/strong> gelo cremoso alla banana abbinato a un morbido frullato di frutta tropicale.<\/li>\n<li><strong>\ud83e\uded0 Lampone acido e mirtillo ai mirtilli:<\/strong> una doppia dose di mirtilli con un tocco di lampone acido.<\/li>\n<li><strong>\ud83e\udd64\ud83c\udf4b Cherry Cola e Pink Lemonade:<\/strong> l&#8217;atmosfera frizzante del negozio di bibite con una rinfrescante caccia alla limonata.<\/li>\n<li><strong>\ud83c\udf79 Limonata al lampone e mirtillo e gelato alla ciliegia e lampone alla fragola:<\/strong> un mix complesso di frutti di bosco e agrumi per un palato sofisticato.<\/li>\n<li><strong>\ud83c\udf53\ud83e\udd5d Kiwi alla fragola e gelato alla fragola:<\/strong> il classico duo arricchito con una sensazione rinfrescante di fragola.<\/li>\n<li><strong>\ud83c\udf4d\ud83e\uddca Ananas Frutto della passione e ghiaccio all&#8217;ananas:<\/strong> Oro esotico puro, che offre sia note dolci di frutto della passione che un rinfrescante ananas ghiacciato.<\/li>\n<li><strong>\ud83c\udf78 Lime Raspberry Mojito e Cherry Raspberry Lime:<\/strong> una miscela ispirata ai cocktail che \u00e8 piccante, menta e dolce.<\/li>\n<li><strong>\ud83c\udfb2 Sapori casuali:<\/strong> Non riesci a decidere? Scegli questa opzione per una consegna veloce e una divertente sorpresa!<\/li>\n<\/ul>\n<h2>Per chi \u00e8 questo prodotto? \ud83c\udfaf<\/h2>\n<p>Il <strong>Bang Leader 50000 Puffs<\/strong> \u00e8 la soluzione definitiva per gli <strong>consumatori accaniti<\/strong> che sono stanchi che i loro vaporizzatori muoiano in due giorni. \u00c8 progettato per gli <strong>inseguitori di sapori<\/strong> che desiderano variet\u00e0 senza portare con s\u00e9 pi\u00f9 dispositivi.<\/p>\n<p><strong>Per acquirenti B2B e negozi di vaporizzatori:<\/strong> si tratta di un articolo di alto valore che vola via dagli scaffali. Il suo punto di forza unico (50k puff + Dual Pods) lo rende un facile upselling rispetto ai prodotti usa e getta standard. Fai subito scorta per la distribuzione all&#8217;ingrosso e offri ai tuoi clienti il \u200b\u200bmiglior rapporto qualit\u00e0-prezzo sul mercato! \ud83d\udce6\ud83d\ude9b<\/p>\n<h2>Domande frequenti (FAQ) \u2753<\/h2>\n<h3>1. Come funzionano i Dual Pod?<\/h3>\n<p>Il dispositivo contiene due serbatoi separati da 20 ml all&#8217;interno di un&#8217;unica unit\u00e0. Ci\u00f2 consente un&#8217;enorme capacit\u00e0 totale di 40 ml, garantendo che il dispositivo duri molto pi\u00f9 a lungo rispetto ai vaporizzatori standard a serbatoio singolo.<\/p>\n<h3>2. Il Bang Leader 50000 \u00e8 ricaricabile?<\/h3>\n<p>S\u00ec! Per supportare l&#8217;enorme numero di 50.000 sbuffi, il dispositivo \u00e8 dotato di una batteria da 650 mAh che pu\u00f2 essere ricaricata tramite una porta USB di tipo C (cavo solitamente venduto separatamente), cos\u00ec non sprechi mai una goccia di succo.<\/p>\n<h3>3. Qual \u00e8 la migliore concentrazione di nicotina per me?<\/h3>\n<p>Se stai cercando di abbandonare completamente la nicotina, scegli l&#8217;opzione <strong>0%<\/strong>. Per un effetto lieve, scegli il <strong>2%<\/strong>. I forti fumatori di solito preferiscono il <strong>5%<\/strong> per la massima soddisfazione.<\/p>\n<h3>4. Offrite prezzi all&#8217;ingrosso?<\/h3>\n<p>S\u00ec! Siamo specializzati in ordini all&#8217;ingrosso per negozi e distributori di vaporizzatori. Seleziona le opzioni in blocco o contatta il nostro team di vendita per prezzi competitivi su ordini di grandi dimensioni.<\/p>\n","protected":false},"excerpt":{"rendered":"<p>\ud83c\udf1f Il vaporizzatore usa e getta Bang Leader 50000 \u00e8 un dispositivo bestiale progettato per coloro che chiedono di pi\u00f9. A differenza dei prodotti usa e getta standard, questo kit \u00e8 dotato di un innovativo sistema Dual Pod che contiene l&#8217;incredibile 40 ml di e-liquid (20 ml + 20 ml). Che tu sia un negozio [&hellip;]<\/p>\n","protected":false},"featured_media":6791,"comment_status":"open","ping_status":"closed","template":"","meta":[],"product_brand":[],"product_cat":[364,621,696],"product_tag":[2134,2152,2143,2161,2170],"class_list":{"0":"post-24827","1":"product","2":"type-product","3":"status-publish","4":"has-post-thumbnail","6":"product_cat-bang","7":"product_cat-vape-usa-e-getta-da-40000-soffi","8":"product_cat-vape-usa-e-getta-da-60000-soffi","9":"product_tag-50000-sbuffi-vape","10":"product_tag-bang-vape","11":"product_tag-bangleader-50000","12":"product_tag-doppia-capsula-monouso","13":"product_tag-vape-ricaricabile","15":"first","16":"instock","17":"shipping-taxable","18":"purchasable","19":"product-type-variable","20":"has-default-attributes"},"jetpack_sharing_enabled":true,"tiered_pricing_type":"fixed","tiered_pricing_fixed_rules":{"30":8.5600000000000004973799150320701301097869873046875,"50":7,"100":6.480000000000000426325641456060111522674560546875,"200":6.089999999999999857891452847979962825775146484375,"400":5.5099999999999997868371792719699442386627197265625},"tiered_pricing_product_settings":{"layout":"default","base_unit_name":{"singular":null,"plural":null},"default_variation":null},"tiered_pricing_minimum_quantity":10,"tiered_pricing_roles_data":[],"tiered_pricing_percentage_rules":[],"tiered_pricing_maximum_quantity":null,"tiered_pricing_quantity_step":"10","_links":{"self":[{"href":"https:\/\/ricovape.com\/it\/wp-json\/wp\/v2\/product\/24827","targetHints":{"allow":["GET"]}}],"collection":[{"href":"https:\/\/ricovape.com\/it\/wp-json\/wp\/v2\/product"}],"about":[{"href":"https:\/\/ricovape.com\/it\/wp-json\/wp\/v2\/types\/product"}],"replies":[{"embeddable":true,"href":"https:\/\/ricovape.com\/it\/wp-json\/wp\/v2\/comments?post=24827"}],"wp:featuredmedia":[{"embeddable":true,"href":"https:\/\/ricovape.com\/it\/wp-json\/wp\/v2\/media\/6791"}],"wp:attachment":[{"href":"https:\/\/ricovape.com\/it\/wp-json\/wp\/v2\/media?parent=24827"}],"wp:term":[{"taxonomy":"product_brand","embeddable":true,"href":"https:\/\/ricovape.com\/it\/wp-json\/wp\/v2\/product_brand?post=24827"},{"taxonomy":"product_cat","embeddable":true,"href":"https:\/\/ricovape.com\/it\/wp-json\/wp\/v2\/product_cat?post=24827"},{"taxonomy":"product_tag","embeddable":true,"href":"https:\/\/ricovape.com\/it\/wp-json\/wp\/v2\/product_tag?post=24827"}],"curies":[{"name":"wp","href":"https:\/\/api.w.org\/{rel}","templated":true}]}}